{"id":23999,"date":"2020-01-15T15:13:23","date_gmt":"2020-01-15T14:13:23","guid":{"rendered":"https:\/\/www.vergnet-hydro.com\/vh\/autres-pompes-vergnet-hydro-copy\/"},"modified":"2021-12-09T11:31:56","modified_gmt":"2021-12-09T10:31:56","slug":"vh-alimentation-electrique-hydraulique-villageoise-afrique","status":"publish","type":"page","link":"https:\/\/www.vergnet-hydro.com\/vh\/vh-alimentation-electrique-hydraulique-villageoise-afrique\/","title":{"rendered":"Alimentation \u00e9lectrique pour l\u2019hydraulique villageoise en Afrique"},"content":{"rendered":"<div class=\"wpb-content-wrapper\"><p>[vc_row bg_type=&#8221;bg_color&#8221; bg_override=&#8221;full&#8221; bg_color_value=&#8221;#ffffff&#8221;][vc_column][vc_column_text css=&#8221;.vc_custom_1612177252620{margin-top: 36px !important;}&#8221; el_class=&#8221;imgspe&#8221;]<\/p>\n<p style=\"text-align: center;\"><a href=\"https:\/\/www.vergnet-hydro.com\/vh\/wp-content\/uploads\/2020\/01\/pictogramme-alimentation-electrique.png\"><img decoding=\"async\" src=\"https:\/\/www.vergnet-hydro.com\/vh\/wp-content\/uploads\/2020\/01\/pictogramme-alimentation-electrique-150x150.png\" alt=\"Alimentation \u00e9lectrique pour l'Afrique\" width=\"150\" height=\"150\" \/><\/a><\/p>\n<p>[\/vc_column_text][vc_custom_heading text=&#8221;Alimentation \u00e9lectrique pour l\u2019hydraulique villageoise en Afrique&#8221; font_container=&#8221;tag:h1|font_size:30|text_align:center|color:%23d08100&#8243; google_fonts=&#8221;font_family:Roboto%3A100%2C100italic%2C300%2C300italic%2Cregular%2Citalic%2C500%2C500italic%2C700%2C700italic%2C900%2C900italic|font_style:700%20bold%20regular%3A700%3Anormal&#8221; css=&#8221;.vc_custom_1639045539033{margin-top: 0px !important;margin-bottom: 30px !important;}&#8221;][\/vc_column][\/vc_row][vc_row css=&#8221;.vc_custom_1576584794238{border-bottom-width: 1px !important;border-bottom-color: #e0e0e0 !important;border-bottom-style: solid !important;}&#8221;][vc_column width=&#8221;1\/4&#8243;][vc_column_text el_class=&#8221;imgspe&#8221;]<\/p>\n<p style=\"text-align: center;\"><img decoding=\"async\" src=\"https:\/\/www.vergnet-hydro.com\/vh\/wp-content\/uploads\/2020\/02\/transformateur-electrique.jpg_350x350.jpg\" alt=\"\" width=\"111\" height=\"151\" \/><\/p>\n<p>[\/vc_column_text][\/vc_column][vc_column width=&#8221;3\/4&#8243;][vc_column_text]<\/p>\n<h2><strong>Raccordements au r\u00e9seau \u00e9lectrique\u00a0<\/strong><\/h2>\n<p>[\/vc_column_text][vc_column_text]<\/p>\n<ul>\n<li>Etude et fourniture de tous les \u00e9quipements n\u00e9cessaires au raccordement sur le r\u00e9seau \u00e9lectrique (transformateurs, branchements, r\u00e9seau BT&#8230; )<\/li>\n<li>Ex\u00e9cution des travaux avec nos partenaires dans le respect des r\u00e8gles et obligations de chaque pays (conformit\u00e9, s\u00e9curit\u00e9)<\/li>\n<\/ul>\n<p>[\/vc_column_text][\/vc_column][\/vc_row][vc_row css=&#8221;.vc_custom_1612177268027{margin-top: 20px !important;border-bottom-width: 1px !important;border-bottom-color: #e0e0e0 !important;border-bottom-style: solid !important;}&#8221;][vc_column width=&#8221;1\/4&#8243;][vc_column_text el_class=&#8221;imgspe&#8221;]<\/p>\n<p style=\"text-align: center;\"><img decoding=\"async\" src=\"https:\/\/www.vergnet-hydro.com\/vh\/wp-content\/uploads\/2020\/02\/panneau-solaire-275w-24v-poly-saronic.jpg\" alt=\"\" width=\"111\" height=\"111\" \/><\/p>\n<p>[\/vc_column_text][\/vc_column][vc_column width=&#8221;3\/4&#8243;][vc_column_text]<\/p>\n<h2><strong>Alimentations solaires<\/strong><\/h2>\n<p>[\/vc_column_text][vc_column_text]<\/p>\n<ul>\n<li>Dimensionnement et fourniture de tous types de g\u00e9n\u00e9rateurs photovolta\u00efques : modules, variateurs, batteries, c\u00e2bles et accessoires &#8230;<\/li>\n<li>Fournitures et installations des syst\u00e8mes y compris structures adapt\u00e9es \u00e0 tous types de contexte : prise en compte des contraintes d&#8217;emprise, nature de sol (solution sans g\u00e9nie civil) &#8230;<\/li>\n<li>Solarisation de tous syst\u00e8mes existants<\/li>\n<\/ul>\n<p>[\/vc_column_text][\/vc_column][\/vc_row][vc_row css=&#8221;.vc_custom_1612177281170{margin-top: 20px !important;border-bottom-width: 1px !important;border-bottom-color: #e0e0e0 !important;border-bottom-style: solid !important;}&#8221;][vc_column width=&#8221;1\/4&#8243;][vc_column_text el_class=&#8221;imgspe&#8221;]<\/p>\n<p style=\"text-align: center;\"><img decoding=\"async\" src=\"https:\/\/www.vergnet-hydro.com\/vh\/wp-content\/uploads\/2020\/02\/hyundai-groupe-electrogene-diesel-dhy9ksem-insonorise-monophase-P-85208-5610262_1-copie.jpg\" alt=\"\" width=\"111\" height=\"111\" \/><\/p>\n<p>[\/vc_column_text][\/vc_column][vc_column width=&#8221;3\/4&#8243;][vc_column_text]<\/p>\n<h2><strong>Groupes \u00e9lectrog\u00e8nes<\/strong><\/h2>\n<p>[\/vc_column_text][vc_column_text]<\/p>\n<ul>\n<li>Dimensionnement et fourniture de groupes \u00e9lectrog\u00e8nes de toutes puissances (jusqu&#8217;\u00e0 plusieurs centaines de kVA)<\/li>\n<li>Conception adapt\u00e9e selon les besoins : insonorisation, ch\u00e2ssis fixe ou mobile, refroidissement \u00e0 eau ou \u00e0 air, r\u00e9servoir int\u00e9gr\u00e9 ou d\u00e9port\u00e9 &#8230;<\/li>\n<\/ul>\n<p>[\/vc_column_text][\/vc_column][\/vc_row][vc_row css=&#8221;.vc_custom_1612177293702{margin-top: 20px !important;border-bottom-width: 1px !important;border-bottom-color: #e0e0e0 !important;border-bottom-style: solid !important;}&#8221;][vc_column width=&#8221;1\/4&#8243;][vc_column_text el_class=&#8221;imgspe&#8221;]<\/p>\n<p style=\"text-align: center;\"><img decoding=\"async\" src=\"https:\/\/www.vergnet-hydro.com\/vh\/wp-content\/uploads\/2020\/02\/Solar-pumping-inverter.jpg\" alt=\"\" width=\"113\" height=\"113\" \/><\/p>\n<p>[\/vc_column_text][\/vc_column][vc_column width=&#8221;3\/4&#8243;][vc_column_text]<\/p>\n<h2><strong>Onduleurs et armoires \u00e9lectriques<\/strong><\/h2>\n<p>[\/vc_column_text][vc_column_text]<\/p>\n<ul>\n<li>Dimensionnement, conception et r\u00e9alisation des installations \u00e9lectriques<\/li>\n<li>Fourniture et mise en service des syst\u00e8mes de tous types et toutes puissances<\/li>\n<li>Essai et qualification des syst\u00e8mes sur banc d&#8217;essai interne<\/li>\n<\/ul>\n<p>[\/vc_column_text][\/vc_column][\/vc_row][vc_row css=&#8221;.vc_custom_1612177301864{margin-top: 20px !important;border-bottom-width: 1px !important;border-bottom-color: #e0e0e0 !important;border-bottom-style: solid !important;}&#8221;][vc_column width=&#8221;1\/4&#8243;][vc_column_text el_class=&#8221;imgspe&#8221;]<\/p>\n<p style=\"text-align: center;\"><img decoding=\"async\" src=\"https:\/\/www.vergnet-hydro.com\/vh\/wp-content\/uploads\/2020\/02\/parc-de-36-kwh-batteries-opzv-24v.jpg\" alt=\"\" width=\"113\" height=\"113\" \/><\/p>\n<p>[\/vc_column_text][\/vc_column][vc_column width=&#8221;3\/4&#8243;][vc_column_text]<\/p>\n<h2><strong>Batteries<\/strong><\/h2>\n<p>[\/vc_column_text][vc_column_text]Fourniture et conseil pour la s\u00e9lection de batteries de tous types (au plomb, lithium, gel&#8230;), adapt\u00e9es sp\u00e9cifiquement \u00e0 tous besoins et usages (d\u00e9charge compl\u00e8te ou incompl\u00e8te, lente ou rapide&#8230;).[\/vc_column_text][\/vc_column][\/vc_row][vc_row css=&#8221;.vc_custom_1612177310662{margin-top: 20px !important;margin-bottom: 36px !important;border-bottom-width: 1px !important;border-bottom-color: #e0e0e0 !important;}&#8221;][vc_column width=&#8221;1\/4&#8243;][vc_column_text el_class=&#8221;imgspe&#8221;]<\/p>\n<p style=\"text-align: center;\"><img decoding=\"async\" src=\"https:\/\/www.vergnet-hydro.com\/vh\/wp-content\/uploads\/2020\/02\/Sans-titre-1-1.jpg\" alt=\"\" width=\"111\" height=\"111\" \/><\/p>\n<p>[\/vc_column_text][\/vc_column][vc_column width=&#8221;3\/4&#8243;][vc_column_text]<\/p>\n<h2><strong>Hybridations<\/strong><\/h2>\n<p>[\/vc_column_text][vc_column_text]Dimensionnement de tous syst\u00e8mes hybrides (solaire \/ groupe \u00e9lectrog\u00e8ne) pour optimisation des co\u00fbts d&#8217;exploitation et maintien de capacit\u00e9s de production, lissage de pics de consommation ou garantie de continuit\u00e9 de service.[\/vc_column_text][\/vc_column][\/vc_row]<\/p>\n<\/div>","protected":false},"excerpt":{"rendered":"<p>[vc_row bg_type=&#8221;bg_color&#8221; bg_override=&#8221;full&#8221; bg_color_value=&#8221;#ffffff&#8221;][vc_column][vc_column_text css=&#8221;.vc_custom_1612177252620{margin-top: 36px !important;}&#8221; el_class=&#8221;imgspe&#8221;] [\/vc_column_text][vc_custom_heading text=&#8221;Alimentation \u00e9lectrique pour l\u2019hydraulique villageoise en Afrique&#8221; font_container=&#8221;tag:h1|font_size:30|text_align:center|color:%23d08100&#8243; google_fonts=&#8221;font_family:Roboto%3A100%2C100italic%2C300%2C300italic%2Cregular%2Citalic%2C500%2C500italic%2C700%2C700italic%2C900%2C900italic|font_style:700%20bold%20regular%3A700%3Anormal&#8221; css=&#8221;.vc_custom_1639045539033{margin-top: 0px !important;margin-bottom: 30px !important;}&#8221;][\/vc_column][\/vc_row][vc_row css=&#8221;.vc_custom_1576584794238{border-bottom-width: 1px&#8230;<\/p>\n","protected":false},"author":5,"featured_media":0,"parent":0,"menu_order":0,"comment_status":"closed","ping_status":"closed","template":"","meta":{"_vp_format_video_url":"","_vp_image_focal_point":[],"footnotes":""},"class_list":["post-23999","page","type-page","status-publish","hentry"],"yoast_head":"<!-- This site is optimized with the Yoast SEO plugin v25.8 - https:\/\/yoast.com\/wordpress\/plugins\/seo\/ -->\n<title>Alimentation \u00e9lectrique pour l\u2019hydraulique en Afrique \u2013 VERGNET HYDRO<\/title>\n<meta name=\"description\" content=\"VERGNET HYDRO propose des solutions d\u2019alimentation \u00e9lectrique pour l\u2019hydraulique villageoise en Afrique : alimentations solaires,\u2026\" \/>\n<meta name=\"robots\" content=\"index, follow, max-snippet:-1, max-image-preview:large, max-video-preview:-1\" \/>\n<link rel=\"canonical\" href=\"https:\/\/www.vergnet-hydro.com\/vh\/vh-alimentation-electrique-hydraulique-villageoise-afrique\/\" \/>\n<meta property=\"og:locale\" content=\"fr_FR\" \/>\n<meta property=\"og:type\" content=\"article\" \/>\n<meta property=\"og:title\" content=\"Alimentation \u00e9lectrique pour l\u2019hydraulique en Afrique \u2013 VERGNET HYDRO\" \/>\n<meta property=\"og:description\" content=\"VERGNET HYDRO propose des solutions d\u2019alimentation \u00e9lectrique pour l\u2019hydraulique villageoise en Afrique : alimentations solaires,\u2026\" \/>\n<meta property=\"og:url\" content=\"https:\/\/www.vergnet-hydro.com\/vh\/vh-alimentation-electrique-hydraulique-villageoise-afrique\/\" \/>\n<meta property=\"og:site_name\" content=\"Vergnet Hydro\" \/>\n<meta property=\"article:modified_time\" content=\"2021-12-09T10:31:56+00:00\" \/>\n<meta property=\"og:image\" content=\"https:\/\/www.vergnet-hydro.com\/vh\/wp-content\/uploads\/2020\/01\/pictogramme-alimentation-electrique-150x150.png\" \/>\n<meta name=\"twitter:card\" content=\"summary_large_image\" \/>\n<meta name=\"twitter:label1\" content=\"Dur\u00e9e de lecture estim\u00e9e\" \/>\n\t<meta name=\"twitter:data1\" content=\"3 minutes\" \/>\n<script type=\"application\/ld+json\" class=\"yoast-schema-graph\">{\"@context\":\"https:\/\/schema.org\",\"@graph\":[{\"@type\":\"WebPage\",\"@id\":\"https:\/\/www.vergnet-hydro.com\/vh\/vh-alimentation-electrique-hydraulique-villageoise-afrique\/\",\"url\":\"https:\/\/www.vergnet-hydro.com\/vh\/vh-alimentation-electrique-hydraulique-villageoise-afrique\/\",\"name\":\"Alimentation \u00e9lectrique pour l\u2019hydraulique en Afrique \u2013 VERGNET HYDRO\",\"isPartOf\":{\"@id\":\"https:\/\/www.vergnet-hydro.com\/vh\/#website\"},\"primaryImageOfPage\":{\"@id\":\"https:\/\/www.vergnet-hydro.com\/vh\/vh-alimentation-electrique-hydraulique-villageoise-afrique\/#primaryimage\"},\"image\":{\"@id\":\"https:\/\/www.vergnet-hydro.com\/vh\/vh-alimentation-electrique-hydraulique-villageoise-afrique\/#primaryimage\"},\"thumbnailUrl\":\"https:\/\/www.vergnet-hydro.com\/vh\/wp-content\/uploads\/2020\/01\/pictogramme-alimentation-electrique-150x150.png\",\"datePublished\":\"2020-01-15T14:13:23+00:00\",\"dateModified\":\"2021-12-09T10:31:56+00:00\",\"description\":\"VERGNET HYDRO propose des solutions d\u2019alimentation \u00e9lectrique pour l\u2019hydraulique villageoise en Afrique : alimentations solaires,\u2026\",\"breadcrumb\":{\"@id\":\"https:\/\/www.vergnet-hydro.com\/vh\/vh-alimentation-electrique-hydraulique-villageoise-afrique\/#breadcrumb\"},\"inLanguage\":\"fr-FR\",\"potentialAction\":[{\"@type\":\"ReadAction\",\"target\":[\"https:\/\/www.vergnet-hydro.com\/vh\/vh-alimentation-electrique-hydraulique-villageoise-afrique\/\"]}]},{\"@type\":\"ImageObject\",\"inLanguage\":\"fr-FR\",\"@id\":\"https:\/\/www.vergnet-hydro.com\/vh\/vh-alimentation-electrique-hydraulique-villageoise-afrique\/#primaryimage\",\"url\":\"https:\/\/www.vergnet-hydro.com\/vh\/wp-content\/uploads\/2020\/01\/pictogramme-alimentation-electrique.png\",\"contentUrl\":\"https:\/\/www.vergnet-hydro.com\/vh\/wp-content\/uploads\/2020\/01\/pictogramme-alimentation-electrique.png\",\"width\":250,\"height\":250,\"caption\":\"Alimentation \u00e9lectrique pour l'Afrique\"},{\"@type\":\"BreadcrumbList\",\"@id\":\"https:\/\/www.vergnet-hydro.com\/vh\/vh-alimentation-electrique-hydraulique-villageoise-afrique\/#breadcrumb\",\"itemListElement\":[{\"@type\":\"ListItem\",\"position\":1,\"name\":\"Accueil\",\"item\":\"https:\/\/www.vergnet-hydro.com\/vh\/\"},{\"@type\":\"ListItem\",\"position\":2,\"name\":\"Alimentation \u00e9lectrique pour l\u2019hydraulique villageoise en Afrique\"}]},{\"@type\":\"WebSite\",\"@id\":\"https:\/\/www.vergnet-hydro.com\/vh\/#website\",\"url\":\"https:\/\/www.vergnet-hydro.com\/vh\/\",\"name\":\"Vergnet Hydro\",\"description\":\"\",\"potentialAction\":[{\"@type\":\"SearchAction\",\"target\":{\"@type\":\"EntryPoint\",\"urlTemplate\":\"https:\/\/www.vergnet-hydro.com\/vh\/?s={search_term_string}\"},\"query-input\":{\"@type\":\"PropertyValueSpecification\",\"valueRequired\":true,\"valueName\":\"search_term_string\"}}],\"inLanguage\":\"fr-FR\"}]}<\/script>\n<!-- \/ Yoast SEO plugin. -->","yoast_head_json":{"title":"Alimentation \u00e9lectrique pour l\u2019hydraulique en Afrique \u2013 VERGNET HYDRO","description":"VERGNET HYDRO propose des solutions d\u2019alimentation \u00e9lectrique pour l\u2019hydraulique villageoise en Afrique : alimentations solaires,\u2026","robots":{"index":"index","follow":"follow","max-snippet":"max-snippet:-1","max-image-preview":"max-image-preview:large","max-video-preview":"max-video-preview:-1"},"canonical":"https:\/\/www.vergnet-hydro.com\/vh\/vh-alimentation-electrique-hydraulique-villageoise-afrique\/","og_locale":"fr_FR","og_type":"article","og_title":"Alimentation \u00e9lectrique pour l\u2019hydraulique en Afrique \u2013 VERGNET HYDRO","og_description":"VERGNET HYDRO propose des solutions d\u2019alimentation \u00e9lectrique pour l\u2019hydraulique villageoise en Afrique : alimentations solaires,\u2026","og_url":"https:\/\/www.vergnet-hydro.com\/vh\/vh-alimentation-electrique-hydraulique-villageoise-afrique\/","og_site_name":"Vergnet Hydro","article_modified_time":"2021-12-09T10:31:56+00:00","og_image":[{"url":"https:\/\/www.vergnet-hydro.com\/vh\/wp-content\/uploads\/2020\/01\/pictogramme-alimentation-electrique-150x150.png","type":"","width":"","height":""}],"twitter_card":"summary_large_image","twitter_misc":{"Dur\u00e9e de lecture estim\u00e9e":"3 minutes"},"schema":{"@context":"https:\/\/schema.org","@graph":[{"@type":"WebPage","@id":"https:\/\/www.vergnet-hydro.com\/vh\/vh-alimentation-electrique-hydraulique-villageoise-afrique\/","url":"https:\/\/www.vergnet-hydro.com\/vh\/vh-alimentation-electrique-hydraulique-villageoise-afrique\/","name":"Alimentation \u00e9lectrique pour l\u2019hydraulique en Afrique \u2013 VERGNET HYDRO","isPartOf":{"@id":"https:\/\/www.vergnet-hydro.com\/vh\/#website"},"primaryImageOfPage":{"@id":"https:\/\/www.vergnet-hydro.com\/vh\/vh-alimentation-electrique-hydraulique-villageoise-afrique\/#primaryimage"},"image":{"@id":"https:\/\/www.vergnet-hydro.com\/vh\/vh-alimentation-electrique-hydraulique-villageoise-afrique\/#primaryimage"},"thumbnailUrl":"https:\/\/www.vergnet-hydro.com\/vh\/wp-content\/uploads\/2020\/01\/pictogramme-alimentation-electrique-150x150.png","datePublished":"2020-01-15T14:13:23+00:00","dateModified":"2021-12-09T10:31:56+00:00","description":"VERGNET HYDRO propose des solutions d\u2019alimentation \u00e9lectrique pour l\u2019hydraulique villageoise en Afrique : alimentations solaires,\u2026","breadcrumb":{"@id":"https:\/\/www.vergnet-hydro.com\/vh\/vh-alimentation-electrique-hydraulique-villageoise-afrique\/#breadcrumb"},"inLanguage":"fr-FR","potentialAction":[{"@type":"ReadAction","target":["https:\/\/www.vergnet-hydro.com\/vh\/vh-alimentation-electrique-hydraulique-villageoise-afrique\/"]}]},{"@type":"ImageObject","inLanguage":"fr-FR","@id":"https:\/\/www.vergnet-hydro.com\/vh\/vh-alimentation-electrique-hydraulique-villageoise-afrique\/#primaryimage","url":"https:\/\/www.vergnet-hydro.com\/vh\/wp-content\/uploads\/2020\/01\/pictogramme-alimentation-electrique.png","contentUrl":"https:\/\/www.vergnet-hydro.com\/vh\/wp-content\/uploads\/2020\/01\/pictogramme-alimentation-electrique.png","width":250,"height":250,"caption":"Alimentation \u00e9lectrique pour l'Afrique"},{"@type":"BreadcrumbList","@id":"https:\/\/www.vergnet-hydro.com\/vh\/vh-alimentation-electrique-hydraulique-villageoise-afrique\/#breadcrumb","itemListElement":[{"@type":"ListItem","position":1,"name":"Accueil","item":"https:\/\/www.vergnet-hydro.com\/vh\/"},{"@type":"ListItem","position":2,"name":"Alimentation \u00e9lectrique pour l\u2019hydraulique villageoise en Afrique"}]},{"@type":"WebSite","@id":"https:\/\/www.vergnet-hydro.com\/vh\/#website","url":"https:\/\/www.vergnet-hydro.com\/vh\/","name":"Vergnet Hydro","description":"","potentialAction":[{"@type":"SearchAction","target":{"@type":"EntryPoint","urlTemplate":"https:\/\/www.vergnet-hydro.com\/vh\/?s={search_term_string}"},"query-input":{"@type":"PropertyValueSpecification","valueRequired":true,"valueName":"search_term_string"}}],"inLanguage":"fr-FR"}]}},"_links":{"self":[{"href":"https:\/\/www.vergnet-hydro.com\/vh\/wp-json\/wp\/v2\/pages\/23999","targetHints":{"allow":["GET"]}}],"collection":[{"href":"https:\/\/www.vergnet-hydro.com\/vh\/wp-json\/wp\/v2\/pages"}],"about":[{"href":"https:\/\/www.vergnet-hydro.com\/vh\/wp-json\/wp\/v2\/types\/page"}],"author":[{"embeddable":true,"href":"https:\/\/www.vergnet-hydro.com\/vh\/wp-json\/wp\/v2\/users\/5"}],"replies":[{"embeddable":true,"href":"https:\/\/www.vergnet-hydro.com\/vh\/wp-json\/wp\/v2\/comments?post=23999"}],"version-history":[{"count":25,"href":"https:\/\/www.vergnet-hydro.com\/vh\/wp-json\/wp\/v2\/pages\/23999\/revisions"}],"predecessor-version":[{"id":25993,"href":"https:\/\/www.vergnet-hydro.com\/vh\/wp-json\/wp\/v2\/pages\/23999\/revisions\/25993"}],"wp:attachment":[{"href":"https:\/\/www.vergnet-hydro.com\/vh\/wp-json\/wp\/v2\/media?parent=23999"}],"curies":[{"name":"wp","href":"https:\/\/api.w.org\/{rel}","templated":true}]}}