{"id":23863,"date":"2020-01-14T16:00:15","date_gmt":"2020-01-14T15:00:15","guid":{"rendered":"https:\/\/www.vergnet-hydro.com\/vh\/autres-pompes-vergnet-hydro-copy\/"},"modified":"2023-05-10T13:12:08","modified_gmt":"2023-05-10T12:12:08","slug":"pompe-eau-manuelle-afrique","status":"publish","type":"page","link":"https:\/\/www.vergnet-hydro.com\/vh\/pompe-eau-manuelle-afrique\/","title":{"rendered":"Pompes \u00e0 eau manuelles ou Pompes \u00e0 Motricit\u00e9 Humaine (PMH) pour l\u2019Afrique"},"content":{"rendered":"<div class=\"wpb-content-wrapper\"><p>[vc_row bg_type=&#8221;bg_color&#8221; bg_override=&#8221;full&#8221; bg_color_value=&#8221;#ffffff&#8221;][vc_column][vc_column_text css=&#8221;.vc_custom_1612176642573{margin-top: 36px !important;}&#8221; el_class=&#8221;imgspe&#8221;]<\/p>\n<p style=\"text-align: center;\"><a href=\"https:\/\/www.vergnet-hydro.com\/vh\/wp-content\/uploads\/2020\/01\/pictogramme-pompe-motricite-humaine.png\"><img decoding=\"async\" src=\"https:\/\/www.vergnet-hydro.com\/vh\/wp-content\/uploads\/2020\/01\/pictogramme-pompe-motricite-humaine-150x150.png\" alt=\"Pompes \u00e0 motricit\u00e9 humaine\" width=\"150\" height=\"150\" \/><\/a><\/p>\n<p>[\/vc_column_text][vc_custom_heading text=&#8221;Pompes \u00e0 eau manuelles ou Pompes \u00e0 Motricit\u00e9 Humaine (PMH) pour l\u2019Afrique&#8221; font_container=&#8221;tag:h1|font_size:30|text_align:center|color:%23d08100&#8243; google_fonts=&#8221;font_family:Roboto%3A100%2C100italic%2C300%2C300italic%2Cregular%2Citalic%2C500%2C500italic%2C700%2C700italic%2C900%2C900italic|font_style:700%20bold%20regular%3A700%3Anormal&#8221; css=&#8221;.vc_custom_1639043750057{margin-top: 0px !important;margin-bottom: 30px !important;}&#8221;][\/vc_column][\/vc_row][vc_row][vc_column][vc_column_text]<strong>La technologie de nos Pompes \u00e0 Motricit\u00e9 Humaine (PMH) est fiable et \u00e9prouv\u00e9e depuis 1974. <\/strong><\/p>\n<p><strong>Des atouts techniques :<\/strong> La transmission hydraulique brevet\u00e9e par VERGNET HYDRO remplace la transmission \u00e0 tringles des pompes manuelles conventionnelles. Ce principe limite les efforts m\u00e9caniques et l\u2019usure des pi\u00e8ces mobiles. La dur\u00e9e de vie d\u2019une pompe VERGNET HYDRO est sup\u00e9rieure \u00e0 la dur\u00e9e de vie d\u2019une pompe \u00e0 tringles.<\/p>\n<p><strong>Des atouts \u00e9conomiques :<\/strong> Les pompes VERGNET HYDRO sont fabriqu\u00e9es en France et install\u00e9es par nos \u00e9quipes habilit\u00e9es qui elles-m\u00eames forment les personnes en charge de la maintenance locale. Ce processus garantit la fourniture de pompes manuelles fiables et de grande qualit\u00e9, pour un co\u00fbt faible sur la dur\u00e9e de vie du produit.<\/p>\n<p><strong>Des atouts ergonomiques :<\/strong> Conformes aux r\u00e9f\u00e9rentiels Village Level Operation and Maintenance (VLOM), nos pompes s\u2019installent tr\u00e8s facilement dans des puits et des forages. Une demi-heure suffit pour installer sans moyen de levage, une pompe \u00e0 40 m\u00e8tres de profondeur.[\/vc_column_text][\/vc_column][\/vc_row][vc_row css=&#8221;.vc_custom_1666159733300{margin-top: 30px !important;}&#8221;][vc_column][vc_column_text]<\/p>\n<h2 style=\"text-align: center;\"><strong>Les pompes \u00e0 eau, \u00e0 pied<\/strong><\/h2>\n<p>[\/vc_column_text][\/vc_column][\/vc_row][vc_row][vc_column width=&#8221;1\/3&#8243;][vc_column_text]<strong>D\u00e9signation du produit<\/strong>[\/vc_column_text][vc_column_text]<strong>Profondeur d\u2019installation<\/strong>[\/vc_column_text][vc_column_text]<strong>Produit<\/strong>[\/vc_column_text][vc_empty_space height=&#8221;93px&#8221;][vc_column_text]<strong>Descriptif<\/strong>[\/vc_column_text][\/vc_column][vc_column width=&#8221;1\/3&#8243;][vc_column_text]<\/p>\n<p style=\"text-align: center;\"><strong><span style=\"font-family: 'Georgia',serif; color: #ea672e; background: white;\">HPV60-2000<\/span><\/strong><\/p>\n<p>[\/vc_column_text][vc_column_text]<\/p>\n<p style=\"text-align: center;\">De 0 \u00e0 60 m<\/p>\n<p>[\/vc_column_text][vc_column_text]<\/p>\n<p style=\"text-align: center;\"><a href=\"https:\/\/www.vergnet-hydro.com\/wp-content\/uploads\/2018\/12\/HPV60-2000-2_BD.pdf\"><img decoding=\"async\" src=\"https:\/\/www.vergnet-hydro.com\/vh\/wp-content\/uploads\/2020\/01\/PMH-HPV60-2000-site-web.jpg\" alt=\"\" width=\"111\" height=\"111\" \/><\/a><\/p>\n<p>[\/vc_column_text][vc_column_text]<\/p>\n<p style=\"text-align: center;\">La r\u00e9f\u00e9rence de l\u2019hydraulique villageoise pour forages et puits de moyennes profondeurs.<\/p>\n<p>[\/vc_column_text][vc_btn title=&#8221;Fiche technique&#8221; color=&#8221;warning&#8221; size=&#8221;lg&#8221; align=&#8221;center&#8221; button_block=&#8221;true&#8221; link=&#8221;url:https%3A%2F%2Fwww.vergnet-hydro.com%2Fvh%2Fwp-content%2Fuploads%2F2020%2F11%2F1725E_HPV60-2000_BD-1.pdf|title:https%3A%2F%2Fwww.vergnet-hydro.com%2Fvh%2Fwp-content%2Fuploads%2F2020%2F11%2F1725E_HPV60-2000_BD-1.pdf&#8221;][vc_btn title=&#8221;Nomenclature et vue \u00e9clat\u00e9e&#8221; color=&#8221;warning&#8221; size=&#8221;lg&#8221; align=&#8221;center&#8221; button_block=&#8221;true&#8221; link=&#8221;url:https%3A%2F%2Fwww.vergnet-hydro.com%2Fvh%2Fwp-content%2Fuploads%2F2022%2F07%2F1726d.pdf|title:https%3A%2F%2Fwww.vergnet-hydro.com%2Fvh%2Fwp-content%2Fuploads%2F2022%2F07%2F1726d.pdf&#8221;][\/vc_column][vc_column width=&#8221;1\/3&#8243;][vc_column_text]<\/p>\n<p style=\"text-align: center;\"><strong><span style=\"font-family: 'Georgia',serif; color: #ea672e; background: white;\">HPV100<\/span><\/strong><\/p>\n<p>[\/vc_column_text][vc_column_text]<\/p>\n<p style=\"text-align: center;\">De 60 \u00e0 100 m<\/p>\n<p>[\/vc_column_text][vc_column_text]<\/p>\n<p style=\"text-align: center;\"><a href=\"https:\/\/www.vergnet-hydro.com\/vh\/wp-content\/uploads\/2018\/03\/HPV100_BD.pdf\"><img decoding=\"async\" src=\"https:\/\/www.vergnet-hydro.com\/vh\/wp-content\/uploads\/2020\/01\/PMH-HPV100-site-web.jpg\" alt=\"\" width=\"111\" height=\"111\" \/><\/a><\/p>\n<p>[\/vc_column_text][vc_column_text]<\/p>\n<p style=\"text-align: center;\">La pompe \u00e0 pied pour forages et puits de tr\u00e8s grandes profondeurs.<\/p>\n<p>[\/vc_column_text][vc_btn title=&#8221;Fiche technique&#8221; color=&#8221;warning&#8221; size=&#8221;lg&#8221; align=&#8221;center&#8221; button_block=&#8221;true&#8221; link=&#8221;url:https%3A%2F%2Fwww.vergnet-hydro.com%2Fvh%2Fwp-content%2Fuploads%2F2020%2F11%2F1733E_HPV100_BD.pdf|title:https%3A%2F%2Fwww.vergnet-hydro.com%2Fvh%2Fwp-content%2Fuploads%2F2020%2F11%2F1733E_HPV100_BD.pdf&#8221;][vc_btn title=&#8221;Nomenclature et vue \u00e9clat\u00e9e&#8221; color=&#8221;warning&#8221; size=&#8221;lg&#8221; align=&#8221;center&#8221; button_block=&#8221;true&#8221; link=&#8221;url:https%3A%2F%2Fwww.vergnet-hydro.com%2Fvh%2Fwp-content%2Fuploads%2F2022%2F07%2F1369c.pdf|title:https%3A%2F%2Fwww.vergnet-hydro.com%2Fvh%2Fwp-content%2Fuploads%2F2022%2F07%2F1369c.pdf&#8221;][\/vc_column][\/vc_row][vc_row css=&#8221;.vc_custom_1666159682386{margin-top: 30px !important;}&#8221;][vc_column][vc_column_text]<\/p>\n<h2 style=\"text-align: center;\"><strong>Les pompes \u00e0 eau, \u00e0 bras<\/strong><\/h2>\n<p>[\/vc_column_text][\/vc_column][\/vc_row][vc_row][vc_column width=&#8221;1\/3&#8243;][vc_column_text]<strong>D\u00e9signation du produit<\/strong>[\/vc_column_text][vc_column_text]<strong>Profondeur d\u2019installation<\/strong>[\/vc_column_text][vc_column_text]<strong>Produit<\/strong>[\/vc_column_text][vc_empty_space height=&#8221;93px&#8221;][vc_column_text]<strong>Descriptif<\/strong>[\/vc_column_text][\/vc_column][vc_column width=&#8221;1\/3&#8243;][vc_column_text]<\/p>\n<p style=\"text-align: center;\"><strong><span style=\"font-family: 'Georgia',serif; color: #ea672e; background: white;\">HPV30-2000<\/span><\/strong><\/p>\n<p>[\/vc_column_text][vc_column_text]<\/p>\n<p style=\"text-align: center;\">De 0 \u00e0 30 m<\/p>\n<p>[\/vc_column_text][vc_column_text]<\/p>\n<p style=\"text-align: center;\"><a href=\"https:\/\/www.vergnet-hydro.com\/wp-content\/uploads\/2018\/12\/HPV30-2000_BD.pdf\"><img decoding=\"async\" src=\"https:\/\/www.vergnet-hydro.com\/vh\/wp-content\/uploads\/2020\/01\/PMH-HPV30-2000-site-web.jpg\" alt=\"\" width=\"111\" height=\"111\" \/><\/a><\/p>\n<p>[\/vc_column_text][vc_column_text css=&#8221;.vc_custom_1666159627443{padding-right: 5px !important;padding-left: 5px !important;}&#8221;]<\/p>\n<p style=\"text-align: center;\">La pompe \u00e0 action directe, \u00e0 main, pour forages et puits de faibles profondeurs.<\/p>\n<p>[\/vc_column_text][vc_btn title=&#8221;Fiche technique&#8221; color=&#8221;warning&#8221; size=&#8221;lg&#8221; align=&#8221;center&#8221; button_block=&#8221;true&#8221; link=&#8221;url:https%3A%2F%2Fwww.vergnet-hydro.com%2Fvh%2Fwp-content%2Fuploads%2F2020%2F11%2F4317D_HPV30-2000_BD.pdf|title:https%3A%2F%2Fwww.vergnet-hydro.com%2Fvh%2Fwp-content%2Fuploads%2F2020%2F11%2F4317D_HPV30-2000_BD.pdf&#8221;][vc_btn title=&#8221;Nomenclature et vue \u00e9clat\u00e9e&#8221; color=&#8221;warning&#8221; size=&#8221;lg&#8221; align=&#8221;center&#8221; button_block=&#8221;true&#8221; link=&#8221;url:https%3A%2F%2Fwww.vergnet-hydro.com%2Fvh%2Fwp-content%2Fuploads%2F2022%2F07%2F4312d.pdf|title:https%3A%2F%2Fwww.vergnet-hydro.com%2Fvh%2Fwp-content%2Fuploads%2F2022%2F07%2F4312d.pdf&#8221;][\/vc_column][vc_column width=&#8221;1\/3&#8243;][vc_column_text]<\/p>\n<p style=\"text-align: center;\"><strong><span style=\"font-family: 'Georgia',serif; color: #ea672e; background: white;\">HYDRO INDIA 60<\/span><\/strong><\/p>\n<p>[\/vc_column_text][vc_column_text]<\/p>\n<p style=\"text-align: center;\">De 0 \u00e0 60 m<\/p>\n<p>[\/vc_column_text][vc_column_text]<\/p>\n<p style=\"text-align: center;\"><a href=\"https:\/\/www.vergnet-hydro.com\/vh\/wp-content\/uploads\/2018\/09\/HYDRO-INDIA_BD.pdf\"><img decoding=\"async\" src=\"https:\/\/www.vergnet-hydro.com\/vh\/wp-content\/uploads\/2020\/01\/PMH-HYDRO-INDIA-site-web.jpg\" alt=\"\" width=\"111\" height=\"111\" \/><\/a><\/p>\n<p>[\/vc_column_text][vc_column_text]<\/p>\n<p style=\"text-align: center;\">Les performances de la commande hydraulique alli\u00e9es au design des pompes INDIA.<\/p>\n<p>[\/vc_column_text][vc_btn title=&#8221;Fiche technique&#8221; color=&#8221;warning&#8221; size=&#8221;lg&#8221; align=&#8221;center&#8221; button_block=&#8221;true&#8221; link=&#8221;url:https%3A%2F%2Fwww.vergnet-hydro.com%2Fvh%2Fwp-content%2Fuploads%2F2020%2F11%2F1730E_HYDRO-INDIA_BD-1.pdf|title:https%3A%2F%2Fwww.vergnet-hydro.com%2Fvh%2Fwp-content%2Fuploads%2F2020%2F11%2F1730E_HYDRO-INDIA_BD-1.pdf&#8221;][vc_btn title=&#8221;Nomenclature et vue \u00e9clat\u00e9e&#8221; color=&#8221;warning&#8221; size=&#8221;lg&#8221; align=&#8221;center&#8221; button_block=&#8221;true&#8221; link=&#8221;url:https%3A%2F%2Fwww.vergnet-hydro.com%2Fvh%2Fwp-content%2Fuploads%2F2022%2F07%2F2400.pdf|title:https%3A%2F%2Fwww.vergnet-hydro.com%2Fvh%2Fwp-content%2Fuploads%2F2022%2F07%2F2400.pdf&#8221;][\/vc_column][\/vc_row][vc_row css=&#8221;.vc_custom_1666159658993{margin-top: 30px !important;}&#8221;][vc_column][vc_column_text]<\/p>\n<h2 style=\"text-align: center;\"><strong>Les accessoires<\/strong><\/h2>\n<p>[\/vc_column_text][\/vc_column][\/vc_row][vc_row][vc_column width=&#8221;1\/3&#8243;][vc_column_text]<strong>D\u00e9signation du produit<\/strong>[\/vc_column_text][vc_column_text]<strong>Produit<\/strong>[\/vc_column_text][vc_empty_space height=&#8221;92px&#8221;][vc_column_text]<strong>Descriptif<\/strong>[\/vc_column_text][\/vc_column][vc_column width=&#8221;1\/3&#8243;][vc_column_text]<\/p>\n<p style=\"text-align: center;\"><strong><span style=\"font-family: 'Georgia',serif; color: #ea672e; background: white;\">Mallette de l\u2019artisan r\u00e9parateur<\/span><\/strong><\/p>\n<p>[\/vc_column_text][vc_column_text]<\/p>\n<p style=\"text-align: center;\"><img decoding=\"async\" src=\"https:\/\/www.vergnet-hydro.com\/vh\/wp-content\/uploads\/2020\/01\/PMH-Mallette-Artisan-site-web.jpg\" alt=\"\" width=\"111\" height=\"111\" \/><\/p>\n<p>[\/vc_column_text][vc_column_text]<\/p>\n<p style=\"text-align: center;\">Un atelier complet dans une mallette personnalisable et pratique \u00e0 transporter (10 kg).<\/p>\n<p>[\/vc_column_text][\/vc_column][vc_column width=&#8221;1\/3&#8243;][\/vc_column][\/vc_row][vc_row css=&#8221;.vc_custom_1666159691128{margin-top: 30px !important;}&#8221;][vc_column][vc_column_text]<\/p>\n<h2 style=\"text-align: center;\"><strong>Les pi\u00e8ces d\u00e9tach\u00e9es (SAV)<\/strong><\/h2>\n<p><strong>VERGNET HYDRO dispose de 350 d\u00e9p\u00f4ts de pi\u00e8ces d\u00e9tach\u00e9es, r\u00e9partis dans 35 pays d\u2019Afrique Subsaharienne, et d\u2019un r\u00e9seau de plus de 3 500 artisans r\u00e9parateurs agr\u00e9\u00e9s.<\/strong><\/p>\n<p>Vous cherchez une ou plusieurs pi\u00e8ces d\u00e9tach\u00e9es pour votre pompe \u00e0 eau manuelle ? Faites appel \u00e0 notre Service Apr\u00e8s-Vente !<\/p>\n<ul>\n<li><strong>R\u00e9activit\u00e9 :<\/strong> Gr\u00e2ce \u00e0 un r\u00e9seau de plus de 30 partenaires locaux r\u00e9partis dans le monde, nos moyens logistiques et informatiques nous permettent de g\u00e9rer notre stock de pi\u00e8ces d\u00e9tach\u00e9es. Cet avantage garantit au mieux la disponibilit\u00e9 et la p\u00e9rennit\u00e9 de vos installations d\u2019approvisionnement en eau potable.<\/li>\n<li><strong>Comp\u00e9tence :<\/strong> Les 3 500 artisans r\u00e9parateurs du r\u00e9seau sont form\u00e9s par VERGNET HYDRO. Ils re\u00e7oivent tous une certification \u00e0 l\u2019issue de leur formation th\u00e9orique et pratique.<\/li>\n<\/ul>\n<p>Vous recherchez une pi\u00e8ce d\u00e9tach\u00e9e VERGNET HYDRO ? <a href=\"https:\/\/www.vergnet-hydro.com\/vh\/le-reseau-des-distributeurs-et-partenaires\/\"><u>Contactez votre revendeur local<\/u><\/a><\/p>\n<p>Nous commercialisons aussi des kits de pi\u00e8ces d\u00e9tach\u00e9es\u00a0:[\/vc_column_text][\/vc_column][\/vc_row][vc_row][vc_column width=&#8221;1\/5&#8243;][vc_column_text]<strong>D\u00e9signation du produit<\/strong>[\/vc_column_text][vc_column_text]<strong>Produit<\/strong>[\/vc_column_text][vc_empty_space height=&#8221;205px&#8221;][vc_column_text]<strong>Descriptif<\/strong>[\/vc_column_text][\/vc_column][vc_column width=&#8221;1\/5&#8243;][vc_column_text]<\/p>\n<p style=\"text-align: center;\"><strong><span style=\"font-family: 'Georgia',serif; color: #ea672e; background: white;\">Kit d\u2019usure HPV60-2000 et HPV30-2000<\/span><\/strong><\/p>\n<p>[\/vc_column_text][vc_column_text]<\/p>\n<p style=\"text-align: center;\"><img decoding=\"async\" src=\"https:\/\/www.vergnet-hydro.com\/vh\/wp-content\/uploads\/2020\/01\/Kit-dusure-HPV60-2000-et-HPV30-2000-1.jpg\" alt=\"\" width=\"111\" height=\"204\" \/><\/p>\n<p>[\/vc_column_text][vc_column_text]<\/p>\n<p style=\"text-align: center;\">Pour r\u00e9parer la partie \u00ab\u00a0commande\u00a0\u00bb (p\u00e9dale) du circuit d\u2019une pompe.<\/p>\n<p>[\/vc_column_text][\/vc_column][vc_column width=&#8221;1\/5&#8243;][vc_column_text]<\/p>\n<p style=\"text-align: center;\"><strong><span style=\"font-family: 'Georgia',serif; color: #ea672e; background: white;\">Kit d\u2019usure HYDRO INDIA simple<\/span><\/strong><\/p>\n<p>[\/vc_column_text][vc_column_text]<\/p>\n<p style=\"text-align: center;\"><img decoding=\"async\" src=\"https:\/\/www.vergnet-hydro.com\/vh\/wp-content\/uploads\/2020\/01\/Kit-dusure-HYDRO-INDIA-simple-1.jpg\" alt=\"\" width=\"111\" height=\"202\" \/><\/p>\n<p>[\/vc_column_text][vc_column_text]<\/p>\n<p style=\"text-align: center;\">Pour r\u00e9parer la partie \u00ab\u00a0commande\u00a0\u00bb (sous-ensemble piston) du circuit d\u2019une pompe.<\/p>\n<p>[\/vc_column_text][\/vc_column][vc_column width=&#8221;1\/5&#8243;][vc_column_text]<\/p>\n<p style=\"text-align: center;\"><strong><span style=\"font-family: 'Georgia',serif; color: #ea672e; background: white;\">Kit d\u2019usure HYDRO INDIA intensif<\/span><\/strong><\/p>\n<p>[\/vc_column_text][vc_column_text]<\/p>\n<p style=\"text-align: center;\"><img decoding=\"async\" src=\"https:\/\/www.vergnet-hydro.com\/vh\/wp-content\/uploads\/2020\/01\/Kit-dusure-HYDRO-INDIA-intensif-1.jpg\" alt=\"\" width=\"111\" height=\"199\" \/><\/p>\n<p>[\/vc_column_text][vc_column_text]<\/p>\n<p style=\"text-align: center;\">Pour r\u00e9parer la partie \u00ab\u00a0commande\u00a0\u00bb (sous-ensemble piston) du circuit ainsi que les roulements et la rotule d\u2019une pompe.<\/p>\n<p>[\/vc_column_text][\/vc_column][vc_column width=&#8221;1\/5&#8243;][vc_column_text]<\/p>\n<p style=\"text-align: center;\"><strong><span style=\"font-family: 'Georgia',serif; color: #ea672e; background: white;\">Kit de joints pour HPV60-2000 et HPV100<\/span><\/strong><\/p>\n<p>[\/vc_column_text][vc_column_text]<\/p>\n<p style=\"text-align: center;\"><img decoding=\"async\" src=\"https:\/\/www.vergnet-hydro.com\/vh\/wp-content\/uploads\/2020\/01\/Kit-de-joints-pour-HPV60-2000-et-HPV100-1.jpg\" alt=\"\" width=\"111\" height=\"142\" \/><\/p>\n<p>[\/vc_column_text][vc_empty_space height=&#8221;57px&#8221;][vc_column_text]<\/p>\n<p style=\"text-align: center;\">Pour remplacer les joints les plus sensibles.<\/p>\n<p>[\/vc_column_text][\/vc_column][\/vc_row]<\/p>\n<\/div>","protected":false},"excerpt":{"rendered":"<p>[vc_row bg_type=&#8221;bg_color&#8221; bg_override=&#8221;full&#8221; bg_color_value=&#8221;#ffffff&#8221;][vc_column][vc_column_text css=&#8221;.vc_custom_1612176642573{margin-top: 36px !important;}&#8221; el_class=&#8221;imgspe&#8221;] [\/vc_column_text][vc_custom_heading text=&#8221;Pompes \u00e0 eau manuelles ou Pompes \u00e0 Motricit\u00e9 Humaine (PMH) pour l\u2019Afrique&#8221; font_container=&#8221;tag:h1|font_size:30|text_align:center|color:%23d08100&#8243; google_fonts=&#8221;font_family:Roboto%3A100%2C100italic%2C300%2C300italic%2Cregular%2Citalic%2C500%2C500italic%2C700%2C700italic%2C900%2C900italic|font_style:700%20bold%20regular%3A700%3Anormal&#8221; css=&#8221;.vc_custom_1639043750057{margin-top: 0px&#8230;<\/p>\n","protected":false},"author":5,"featured_media":0,"parent":0,"menu_order":0,"comment_status":"closed","ping_status":"closed","template":"","meta":{"_vp_format_video_url":"","_vp_image_focal_point":[],"footnotes":""},"class_list":["post-23863","page","type-page","status-publish","hentry"],"yoast_head":"<!-- This site is optimized with the Yoast SEO plugin v25.8 - https:\/\/yoast.com\/wordpress\/plugins\/seo\/ -->\n<title>Pompes \u00e0 eau manuelles pour l\u2019Afrique \u2013 VERGNET HYDRO<\/title>\n<meta name=\"description\" content=\"VERGNET HYDRO con\u00e7oit, fabrique et installe des pompes \u00e0 eau manuelles ou Pompes \u00e0 Motricit\u00e9 Humaine (PMH) pour l\u2019Afrique\u2026\" \/>\n<meta name=\"robots\" content=\"index, follow, max-snippet:-1, max-image-preview:large, max-video-preview:-1\" \/>\n<link rel=\"canonical\" href=\"https:\/\/www.vergnet-hydro.com\/vh\/pompe-eau-manuelle-afrique\/\" \/>\n<meta property=\"og:locale\" content=\"fr_FR\" \/>\n<meta property=\"og:type\" content=\"article\" \/>\n<meta property=\"og:title\" content=\"Pompes \u00e0 eau manuelles pour l\u2019Afrique \u2013 VERGNET HYDRO\" \/>\n<meta property=\"og:description\" content=\"VERGNET HYDRO con\u00e7oit, fabrique et installe des pompes \u00e0 eau manuelles ou Pompes \u00e0 Motricit\u00e9 Humaine (PMH) pour l\u2019Afrique\u2026\" \/>\n<meta property=\"og:url\" content=\"https:\/\/www.vergnet-hydro.com\/vh\/pompe-eau-manuelle-afrique\/\" \/>\n<meta property=\"og:site_name\" content=\"Vergnet Hydro\" \/>\n<meta property=\"article:modified_time\" content=\"2023-05-10T12:12:08+00:00\" \/>\n<meta property=\"og:image\" content=\"https:\/\/www.vergnet-hydro.com\/vh\/wp-content\/uploads\/2020\/01\/pictogramme-pompe-motricite-humaine-150x150.png\" \/>\n<meta name=\"twitter:card\" content=\"summary_large_image\" \/>\n<meta name=\"twitter:label1\" content=\"Dur\u00e9e de lecture estim\u00e9e\" \/>\n\t<meta name=\"twitter:data1\" content=\"6 minutes\" \/>\n<script type=\"application\/ld+json\" class=\"yoast-schema-graph\">{\"@context\":\"https:\/\/schema.org\",\"@graph\":[{\"@type\":\"WebPage\",\"@id\":\"https:\/\/www.vergnet-hydro.com\/vh\/pompe-eau-manuelle-afrique\/\",\"url\":\"https:\/\/www.vergnet-hydro.com\/vh\/pompe-eau-manuelle-afrique\/\",\"name\":\"Pompes \u00e0 eau manuelles pour l\u2019Afrique \u2013 VERGNET HYDRO\",\"isPartOf\":{\"@id\":\"https:\/\/www.vergnet-hydro.com\/vh\/#website\"},\"primaryImageOfPage\":{\"@id\":\"https:\/\/www.vergnet-hydro.com\/vh\/pompe-eau-manuelle-afrique\/#primaryimage\"},\"image\":{\"@id\":\"https:\/\/www.vergnet-hydro.com\/vh\/pompe-eau-manuelle-afrique\/#primaryimage\"},\"thumbnailUrl\":\"https:\/\/www.vergnet-hydro.com\/vh\/wp-content\/uploads\/2020\/01\/pictogramme-pompe-motricite-humaine-150x150.png\",\"datePublished\":\"2020-01-14T15:00:15+00:00\",\"dateModified\":\"2023-05-10T12:12:08+00:00\",\"description\":\"VERGNET HYDRO con\u00e7oit, fabrique et installe des pompes \u00e0 eau manuelles ou Pompes \u00e0 Motricit\u00e9 Humaine (PMH) pour l\u2019Afrique\u2026\",\"breadcrumb\":{\"@id\":\"https:\/\/www.vergnet-hydro.com\/vh\/pompe-eau-manuelle-afrique\/#breadcrumb\"},\"inLanguage\":\"fr-FR\",\"potentialAction\":[{\"@type\":\"ReadAction\",\"target\":[\"https:\/\/www.vergnet-hydro.com\/vh\/pompe-eau-manuelle-afrique\/\"]}]},{\"@type\":\"ImageObject\",\"inLanguage\":\"fr-FR\",\"@id\":\"https:\/\/www.vergnet-hydro.com\/vh\/pompe-eau-manuelle-afrique\/#primaryimage\",\"url\":\"https:\/\/www.vergnet-hydro.com\/vh\/wp-content\/uploads\/2020\/01\/pictogramme-pompe-motricite-humaine.png\",\"contentUrl\":\"https:\/\/www.vergnet-hydro.com\/vh\/wp-content\/uploads\/2020\/01\/pictogramme-pompe-motricite-humaine.png\",\"width\":250,\"height\":250,\"caption\":\"Pompes \u00e0 motricit\u00e9 humaine\"},{\"@type\":\"BreadcrumbList\",\"@id\":\"https:\/\/www.vergnet-hydro.com\/vh\/pompe-eau-manuelle-afrique\/#breadcrumb\",\"itemListElement\":[{\"@type\":\"ListItem\",\"position\":1,\"name\":\"Accueil\",\"item\":\"https:\/\/www.vergnet-hydro.com\/vh\/\"},{\"@type\":\"ListItem\",\"position\":2,\"name\":\"Pompes \u00e0 eau manuelles ou Pompes \u00e0 Motricit\u00e9 Humaine (PMH) pour l\u2019Afrique\"}]},{\"@type\":\"WebSite\",\"@id\":\"https:\/\/www.vergnet-hydro.com\/vh\/#website\",\"url\":\"https:\/\/www.vergnet-hydro.com\/vh\/\",\"name\":\"Vergnet Hydro\",\"description\":\"\",\"potentialAction\":[{\"@type\":\"SearchAction\",\"target\":{\"@type\":\"EntryPoint\",\"urlTemplate\":\"https:\/\/www.vergnet-hydro.com\/vh\/?s={search_term_string}\"},\"query-input\":{\"@type\":\"PropertyValueSpecification\",\"valueRequired\":true,\"valueName\":\"search_term_string\"}}],\"inLanguage\":\"fr-FR\"}]}<\/script>\n<!-- \/ Yoast SEO plugin. -->","yoast_head_json":{"title":"Pompes \u00e0 eau manuelles pour l\u2019Afrique \u2013 VERGNET HYDRO","description":"VERGNET HYDRO con\u00e7oit, fabrique et installe des pompes \u00e0 eau manuelles ou Pompes \u00e0 Motricit\u00e9 Humaine (PMH) pour l\u2019Afrique\u2026","robots":{"index":"index","follow":"follow","max-snippet":"max-snippet:-1","max-image-preview":"max-image-preview:large","max-video-preview":"max-video-preview:-1"},"canonical":"https:\/\/www.vergnet-hydro.com\/vh\/pompe-eau-manuelle-afrique\/","og_locale":"fr_FR","og_type":"article","og_title":"Pompes \u00e0 eau manuelles pour l\u2019Afrique \u2013 VERGNET HYDRO","og_description":"VERGNET HYDRO con\u00e7oit, fabrique et installe des pompes \u00e0 eau manuelles ou Pompes \u00e0 Motricit\u00e9 Humaine (PMH) pour l\u2019Afrique\u2026","og_url":"https:\/\/www.vergnet-hydro.com\/vh\/pompe-eau-manuelle-afrique\/","og_site_name":"Vergnet Hydro","article_modified_time":"2023-05-10T12:12:08+00:00","og_image":[{"url":"https:\/\/www.vergnet-hydro.com\/vh\/wp-content\/uploads\/2020\/01\/pictogramme-pompe-motricite-humaine-150x150.png","type":"","width":"","height":""}],"twitter_card":"summary_large_image","twitter_misc":{"Dur\u00e9e de lecture estim\u00e9e":"6 minutes"},"schema":{"@context":"https:\/\/schema.org","@graph":[{"@type":"WebPage","@id":"https:\/\/www.vergnet-hydro.com\/vh\/pompe-eau-manuelle-afrique\/","url":"https:\/\/www.vergnet-hydro.com\/vh\/pompe-eau-manuelle-afrique\/","name":"Pompes \u00e0 eau manuelles pour l\u2019Afrique \u2013 VERGNET HYDRO","isPartOf":{"@id":"https:\/\/www.vergnet-hydro.com\/vh\/#website"},"primaryImageOfPage":{"@id":"https:\/\/www.vergnet-hydro.com\/vh\/pompe-eau-manuelle-afrique\/#primaryimage"},"image":{"@id":"https:\/\/www.vergnet-hydro.com\/vh\/pompe-eau-manuelle-afrique\/#primaryimage"},"thumbnailUrl":"https:\/\/www.vergnet-hydro.com\/vh\/wp-content\/uploads\/2020\/01\/pictogramme-pompe-motricite-humaine-150x150.png","datePublished":"2020-01-14T15:00:15+00:00","dateModified":"2023-05-10T12:12:08+00:00","description":"VERGNET HYDRO con\u00e7oit, fabrique et installe des pompes \u00e0 eau manuelles ou Pompes \u00e0 Motricit\u00e9 Humaine (PMH) pour l\u2019Afrique\u2026","breadcrumb":{"@id":"https:\/\/www.vergnet-hydro.com\/vh\/pompe-eau-manuelle-afrique\/#breadcrumb"},"inLanguage":"fr-FR","potentialAction":[{"@type":"ReadAction","target":["https:\/\/www.vergnet-hydro.com\/vh\/pompe-eau-manuelle-afrique\/"]}]},{"@type":"ImageObject","inLanguage":"fr-FR","@id":"https:\/\/www.vergnet-hydro.com\/vh\/pompe-eau-manuelle-afrique\/#primaryimage","url":"https:\/\/www.vergnet-hydro.com\/vh\/wp-content\/uploads\/2020\/01\/pictogramme-pompe-motricite-humaine.png","contentUrl":"https:\/\/www.vergnet-hydro.com\/vh\/wp-content\/uploads\/2020\/01\/pictogramme-pompe-motricite-humaine.png","width":250,"height":250,"caption":"Pompes \u00e0 motricit\u00e9 humaine"},{"@type":"BreadcrumbList","@id":"https:\/\/www.vergnet-hydro.com\/vh\/pompe-eau-manuelle-afrique\/#breadcrumb","itemListElement":[{"@type":"ListItem","position":1,"name":"Accueil","item":"https:\/\/www.vergnet-hydro.com\/vh\/"},{"@type":"ListItem","position":2,"name":"Pompes \u00e0 eau manuelles ou Pompes \u00e0 Motricit\u00e9 Humaine (PMH) pour l\u2019Afrique"}]},{"@type":"WebSite","@id":"https:\/\/www.vergnet-hydro.com\/vh\/#website","url":"https:\/\/www.vergnet-hydro.com\/vh\/","name":"Vergnet Hydro","description":"","potentialAction":[{"@type":"SearchAction","target":{"@type":"EntryPoint","urlTemplate":"https:\/\/www.vergnet-hydro.com\/vh\/?s={search_term_string}"},"query-input":{"@type":"PropertyValueSpecification","valueRequired":true,"valueName":"search_term_string"}}],"inLanguage":"fr-FR"}]}},"_links":{"self":[{"href":"https:\/\/www.vergnet-hydro.com\/vh\/wp-json\/wp\/v2\/pages\/23863","targetHints":{"allow":["GET"]}}],"collection":[{"href":"https:\/\/www.vergnet-hydro.com\/vh\/wp-json\/wp\/v2\/pages"}],"about":[{"href":"https:\/\/www.vergnet-hydro.com\/vh\/wp-json\/wp\/v2\/types\/page"}],"author":[{"embeddable":true,"href":"https:\/\/www.vergnet-hydro.com\/vh\/wp-json\/wp\/v2\/users\/5"}],"replies":[{"embeddable":true,"href":"https:\/\/www.vergnet-hydro.com\/vh\/wp-json\/wp\/v2\/comments?post=23863"}],"version-history":[{"count":69,"href":"https:\/\/www.vergnet-hydro.com\/vh\/wp-json\/wp\/v2\/pages\/23863\/revisions"}],"predecessor-version":[{"id":26740,"href":"https:\/\/www.vergnet-hydro.com\/vh\/wp-json\/wp\/v2\/pages\/23863\/revisions\/26740"}],"wp:attachment":[{"href":"https:\/\/www.vergnet-hydro.com\/vh\/wp-json\/wp\/v2\/media?parent=23863"}],"curies":[{"name":"wp","href":"https:\/\/api.w.org\/{rel}","templated":true}]}}