{"id":23834,"date":"2020-01-14T14:37:29","date_gmt":"2020-01-14T13:37:29","guid":{"rendered":"https:\/\/www.vergnet-hydro.com\/vh\/autres-pompes-vergnet-hydro-copy\/"},"modified":"2021-12-09T12:27:43","modified_gmt":"2021-12-09T11:27:43","slug":"accessoire-hydraulique-villageoise-afrique","status":"publish","type":"page","link":"https:\/\/www.vergnet-hydro.com\/vh\/accessoire-hydraulique-villageoise-afrique\/","title":{"rendered":"Accessoires de l\u2019hydraulique villageoise en Afrique"},"content":{"rendered":"<div class=\"wpb-content-wrapper\"><p>[vc_row bg_type=&#8221;bg_color&#8221; bg_override=&#8221;full&#8221; bg_color_value=&#8221;#ffffff&#8221;][vc_column][vc_column_text css=&#8221;.vc_custom_1612179550111{margin-top: 36px !important;}&#8221; el_class=&#8221;imgspe&#8221;]<\/p>\n<p style=\"text-align: center;\"><a href=\"https:\/\/www.vergnet-hydro.com\/vh\/wp-content\/uploads\/2020\/01\/pictogramme-autre-fourniture.png\"><img decoding=\"async\" src=\"https:\/\/www.vergnet-hydro.com\/vh\/wp-content\/uploads\/2020\/01\/pictogramme-autre-fourniture-150x150.png\" alt=\"\" width=\"150\" height=\"150\" \/><\/a><\/p>\n<p>[\/vc_column_text][vc_custom_heading text=&#8221;Autres accessoires&#8221; font_container=&#8221;tag:h1|font_size:30|text_align:center|color:%23d08100&#8243; google_fonts=&#8221;font_family:Roboto%3A100%2C100italic%2C300%2C300italic%2Cregular%2Citalic%2C500%2C500italic%2C700%2C700italic%2C900%2C900italic|font_style:700%20bold%20regular%3A700%3Anormal&#8221; css=&#8221;.vc_custom_1579010481309{margin-top: 0px !important;margin-bottom: 30px !important;}&#8221;][\/vc_column][\/vc_row][vc_row css=&#8221;.vc_custom_1576584794238{border-bottom-width: 1px !important;border-bottom-color: #e0e0e0 !important;border-bottom-style: solid !important;}&#8221;][vc_column width=&#8221;1\/4&#8243;][vc_column_text el_class=&#8221;imgspe&#8221;]<\/p>\n<p style=\"text-align: center;\"><img decoding=\"async\" src=\"https:\/\/www.vergnet-hydro.com\/vh\/wp-content\/uploads\/2020\/01\/Autres-accessoires-Captage-des-eaux-de-surface-site-web.jpg\" alt=\"\" width=\"111\" height=\"111\" \/><\/p>\n<p>[\/vc_column_text][\/vc_column][vc_column width=&#8221;3\/4&#8243;][vc_column_text]<\/p>\n<h2><b>Captage des eaux de surface<\/b><\/h2>\n<p>[\/vc_column_text][vc_column_text]<\/p>\n<ul>\n<li>Accessoires pour captage<\/li>\n<li>Syst\u00e8me de flottaison<\/li>\n<li>Cr\u00e9pine avec clapet anti retour<\/li>\n<li>Accessoires pour beach well<\/li>\n<\/ul>\n<p>[\/vc_column_text][\/vc_column][\/vc_row][vc_row css=&#8221;.vc_custom_1612179558895{margin-top: 20px !important;border-bottom-width: 1px !important;border-bottom-color: #e0e0e0 !important;border-bottom-style: solid !important;}&#8221;][vc_column width=&#8221;1\/4&#8243;][vc_column_text el_class=&#8221;imgspe&#8221;]<\/p>\n<p style=\"text-align: center;\"><img decoding=\"async\" src=\"https:\/\/www.vergnet-hydro.com\/vh\/wp-content\/uploads\/2020\/01\/Autres-accessoires-Forage-Dyka-site-web.jpg\" alt=\"\" width=\"111\" height=\"111\" \/><\/p>\n<p>[\/vc_column_text][\/vc_column][vc_column width=&#8221;3\/4&#8243;][vc_column_text]<\/p>\n<h2><b>Forage pour l&#8217;eau potable<\/b><\/h2>\n<p>[\/vc_column_text][vc_column_text]<\/p>\n<ul>\n<li>Fourniture de tube de forage tout diam\u00e8tre<\/li>\n<li>Plein ou cr\u00e9pin\u00e9 tous mat\u00e9riaux<\/li>\n<li>Bouchon de fond et de t\u00eate<\/li>\n<li>T\u00eate de forage compl\u00e8te<\/li>\n<li>Manifold<\/li>\n<li>Sonde de niveau sonore et lumineuse<\/li>\n<\/ul>\n<p>[\/vc_column_text][\/vc_column][\/vc_row][vc_row css=&#8221;.vc_custom_1612179571242{margin-top: 20px !important;border-bottom-width: 1px !important;border-bottom-color: #e0e0e0 !important;border-bottom-style: solid !important;}&#8221;][vc_column width=&#8221;1\/4&#8243;][vc_column_text el_class=&#8221;imgspe&#8221;]<\/p>\n<p style=\"text-align: center;\"><img decoding=\"async\" src=\"https:\/\/www.vergnet-hydro.com\/vh\/wp-content\/uploads\/2020\/01\/Autres-accessoires-Exhaure-Paparelli-site-web.jpg\" alt=\"\" width=\"111\" height=\"111\" \/><\/p>\n<p>[\/vc_column_text][\/vc_column][vc_column width=&#8221;3\/4&#8243;][vc_column_text]<\/p>\n<h2><b>Exhaure <\/b><b>pour l&#8217;eau potable<\/b><\/h2>\n<p>[\/vc_column_text][vc_column_text]<\/p>\n<ul>\n<li>Tuyau d\u2019exhaure souple ou rigide en acier<\/li>\n<li>Tuyau d&#8217;exhaure en inox manchonn\u00e9 ou avec raccord rapide<\/li>\n<li>Centreurs<\/li>\n<li>Dispositif de vidange<\/li>\n<li>Enrouleurs<\/li>\n<li>Electrode<\/li>\n<li>Palan<\/li>\n<\/ul>\n<p>[\/vc_column_text][\/vc_column][\/vc_row][vc_row css=&#8221;.vc_custom_1612179579544{margin-top: 20px !important;border-bottom-width: 1px !important;border-bottom-color: #e0e0e0 !important;border-bottom-style: solid !important;}&#8221;][vc_column width=&#8221;1\/4&#8243;][vc_column_text el_class=&#8221;imgspe&#8221;]<\/p>\n<p style=\"text-align: center;\"><img decoding=\"async\" src=\"https:\/\/www.vergnet-hydro.com\/vh\/wp-content\/uploads\/2020\/02\/cle-a-griffe-special-gros-diametres-P-15-11798_1.jpg\" alt=\"\" width=\"111\" height=\"111\" \/><\/p>\n<p>[\/vc_column_text][\/vc_column][vc_column width=&#8221;3\/4&#8243;][vc_column_text]<\/p>\n<h2><b>Outillage <\/b><b>pour l&#8217;eau potable<\/b><\/h2>\n<p>[\/vc_column_text][vc_column_text]<\/p>\n<ul>\n<li>Caisse \u00e0 outil plombier<\/li>\n<li>Outillage de pose r\u00e9seau<\/li>\n<li>Fili\u00e8re<\/li>\n<li>Taraudeuse<\/li>\n<li>Cl\u00e9 \u00e0 griffe<\/li>\n<li>Machine \u00e0 souder bout \u00e0 bout<\/li>\n<li>Machine \u00e0 souder \u00e9lectro fusion<\/li>\n<li>Poste \u00e0 souder<\/li>\n<li>Groupe \u00e9lectrog\u00e8ne de chantier<\/li>\n<li>Machine \u00e0 percer pour installation collier de prise en charge<\/li>\n<li>D\u00e9tecteur de r\u00e9seau<\/li>\n<li>D\u00e9tecteur de fuite<\/li>\n<li>Instrument de topographie<\/li>\n<\/ul>\n<p>[\/vc_column_text][\/vc_column][\/vc_row][vc_row css=&#8221;.vc_custom_1612179587171{margin-top: 20px !important;border-bottom-width: 1px !important;border-bottom-color: #e0e0e0 !important;border-bottom-style: solid !important;}&#8221;][vc_column width=&#8221;1\/4&#8243;][vc_column_text el_class=&#8221;imgspe&#8221;]<\/p>\n<p style=\"text-align: center;\"><img decoding=\"async\" src=\"https:\/\/www.vergnet-hydro.com\/vh\/wp-content\/uploads\/2020\/02\/sonde-niveau-portable-mesure-eau-forage-puits.jpg\" alt=\"\" width=\"112\" height=\"112\" \/><\/p>\n<p>[\/vc_column_text][\/vc_column][vc_column width=&#8221;3\/4&#8243;][vc_column_text]<\/p>\n<h2><b>Aide \u00e0 la Gestion <\/b><b>de l&#8217;eau potable<\/b><\/h2>\n<p>[\/vc_column_text][vc_column_text]<\/p>\n<ul>\n<li>Sonde d\u2019enregistrement de niveau de la nappe<\/li>\n<li>Pi\u00e9zom\u00e8tre<\/li>\n<li>Kit d\u2019analyse d\u2019eau<\/li>\n<li>T\u00e9l\u00e9gestion<\/li>\n<li>Cam\u00e9ra de diagnostic pour forage<\/li>\n<\/ul>\n<p>[\/vc_column_text][\/vc_column][\/vc_row][vc_row css=&#8221;.vc_custom_1612179594323{margin-top: 20px !important;border-bottom-width: 1px !important;border-bottom-color: #e0e0e0 !important;border-bottom-style: solid !important;}&#8221;][vc_column width=&#8221;1\/4&#8243;][vc_column_text el_class=&#8221;imgspe&#8221;]<\/p>\n<p style=\"text-align: center;\"><img decoding=\"async\" src=\"https:\/\/www.vergnet-hydro.com\/vh\/wp-content\/uploads\/2020\/02\/cl_de_fontainier.jpg\" alt=\"\" width=\"111\" height=\"111\" \/><\/p>\n<p>[\/vc_column_text][\/vc_column][vc_column width=&#8221;3\/4&#8243;][vc_column_text]<\/p>\n<h2><b>R\u00e9seaux d&#8217;eau potable<\/b><\/h2>\n<p>[\/vc_column_text][vc_column_text]Accessoires fonte, PVC, acier galvanis\u00e9, inox de tout diam\u00e8tre :<\/p>\n<ul>\n<li>Collier de prise en charge<\/li>\n<li>Coude<\/li>\n<li>C\u00f4ne<\/li>\n<li>Ventouse<\/li>\n<li>Vidange<\/li>\n<li>T\u00e9<\/li>\n<li>Manchette<\/li>\n<li>Tuyau \u00e0 bride<\/li>\n<li>Tuyau \u00e0 emboitement<\/li>\n<li>Manom\u00e8tre<\/li>\n<li>Pressostat<\/li>\n<li>Poire de niveau<\/li>\n<li>Robinet flotteur<\/li>\n<li>Clapet anti retour<\/li>\n<li>Filtre \u00e0 tamis<\/li>\n<li>Filtre \u00e0 sable<\/li>\n<li>Tube allonge<\/li>\n<li>Tabernacle<\/li>\n<li>T\u00eate de bouche \u00e0 cl\u00e9<\/li>\n<li>Cl\u00e9 de fontainier<\/li>\n<li>Robinet inviolable<\/li>\n<li>Robinet verrouillable<\/li>\n<\/ul>\n<p>[\/vc_column_text][\/vc_column][\/vc_row][vc_row css=&#8221;.vc_custom_1612179601719{margin-top: 20px !important;margin-bottom: 36px !important;border-bottom-width: 1px !important;border-bottom-color: #e0e0e0 !important;}&#8221;][vc_column width=&#8221;1\/4&#8243;][vc_column_text el_class=&#8221;imgspe&#8221;]<\/p>\n<p style=\"text-align: center;\"><img decoding=\"async\" src=\"https:\/\/www.vergnet-hydro.com\/vh\/wp-content\/uploads\/2020\/02\/panneau-solaire-275w-24v-poly-saronic.jpg\" alt=\"\" width=\"111\" height=\"111\" \/><\/p>\n<p>[\/vc_column_text][\/vc_column][vc_column width=&#8221;3\/4&#8243;][vc_column_text]<\/p>\n<h2><b>Solaire pour l&#8217;eau potable<\/b><\/h2>\n<p>[\/vc_column_text][vc_column_text]<\/p>\n<ul>\n<li>Lampadaire<\/li>\n<li>Kit de recharge solaire<\/li>\n<li>Kit d\u2019injection de chlore<\/li>\n<li>Kit de fabrication de chlore \u00e0 partir de sel<\/li>\n<li>Kit d\u2019\u00e9clairage de b\u00e2timent<\/li>\n<li>Kit lampe nomade<\/li>\n<li>Borne fontaine avec pr\u00e9paiement<\/li>\n<li>Solarim\u00e8tre<\/li>\n<li>Multim\u00e8tre<\/li>\n<li>Pince amp\u00e9rom\u00e9trique<\/li>\n<li>Pince \u00e0 d\u00e9nuder<\/li>\n<li>Pince \u00e0 sertir<\/li>\n<li>Equipement de protection \u00e9lectrique<\/li>\n<\/ul>\n<p>[\/vc_column_text][\/vc_column][\/vc_row]<\/p>\n<\/div>","protected":false},"excerpt":{"rendered":"<p>[vc_row bg_type=&#8221;bg_color&#8221; bg_override=&#8221;full&#8221; bg_color_value=&#8221;#ffffff&#8221;][vc_column][vc_column_text css=&#8221;.vc_custom_1612179550111{margin-top: 36px !important;}&#8221; el_class=&#8221;imgspe&#8221;] [\/vc_column_text][vc_custom_heading text=&#8221;Autres accessoires&#8221; font_container=&#8221;tag:h1|font_size:30|text_align:center|color:%23d08100&#8243; google_fonts=&#8221;font_family:Roboto%3A100%2C100italic%2C300%2C300italic%2Cregular%2Citalic%2C500%2C500italic%2C700%2C700italic%2C900%2C900italic|font_style:700%20bold%20regular%3A700%3Anormal&#8221; css=&#8221;.vc_custom_1579010481309{margin-top: 0px !important;margin-bottom: 30px !important;}&#8221;][\/vc_column][\/vc_row][vc_row css=&#8221;.vc_custom_1576584794238{border-bottom-width: 1px !important;border-bottom-color: #e0e0e0 !important;border-bottom-style: solid !important;}&#8221;][vc_column&#8230;<\/p>\n","protected":false},"author":5,"featured_media":0,"parent":0,"menu_order":0,"comment_status":"closed","ping_status":"closed","template":"","meta":{"_vp_format_video_url":"","_vp_image_focal_point":[],"footnotes":""},"class_list":["post-23834","page","type-page","status-publish","hentry"],"yoast_head":"<!-- This site is optimized with the Yoast SEO plugin v25.8 - https:\/\/yoast.com\/wordpress\/plugins\/seo\/ -->\n<title>Accessoires de l\u2019hydraulique villageoise en Afrique \u2013 VERGNET HYDRO<\/title>\n<meta name=\"description\" content=\"VERGNET HYDRO propose des accessoires pour l\u2019hydraulique villageoise en Afrique : outillage, forage, aide \u00e0 la gestion\u2026\" \/>\n<meta name=\"robots\" content=\"index, follow, max-snippet:-1, max-image-preview:large, max-video-preview:-1\" \/>\n<link rel=\"canonical\" href=\"https:\/\/www.vergnet-hydro.com\/vh\/accessoire-hydraulique-villageoise-afrique\/\" \/>\n<meta property=\"og:locale\" content=\"fr_FR\" \/>\n<meta property=\"og:type\" content=\"article\" \/>\n<meta property=\"og:title\" content=\"Accessoires de l\u2019hydraulique villageoise en Afrique \u2013 VERGNET HYDRO\" \/>\n<meta property=\"og:description\" content=\"VERGNET HYDRO propose des accessoires pour l\u2019hydraulique villageoise en Afrique : outillage, forage, aide \u00e0 la gestion\u2026\" \/>\n<meta property=\"og:url\" content=\"https:\/\/www.vergnet-hydro.com\/vh\/accessoire-hydraulique-villageoise-afrique\/\" \/>\n<meta property=\"og:site_name\" content=\"Vergnet Hydro\" \/>\n<meta property=\"article:modified_time\" content=\"2021-12-09T11:27:43+00:00\" \/>\n<meta property=\"og:image\" content=\"https:\/\/www.vergnet-hydro.com\/vh\/wp-content\/uploads\/2020\/01\/pictogramme-autre-fourniture-150x150.png\" \/>\n<meta name=\"twitter:card\" content=\"summary_large_image\" \/>\n<meta name=\"twitter:label1\" content=\"Dur\u00e9e de lecture estim\u00e9e\" \/>\n\t<meta name=\"twitter:data1\" content=\"4 minutes\" \/>\n<script type=\"application\/ld+json\" class=\"yoast-schema-graph\">{\"@context\":\"https:\/\/schema.org\",\"@graph\":[{\"@type\":\"WebPage\",\"@id\":\"https:\/\/www.vergnet-hydro.com\/vh\/accessoire-hydraulique-villageoise-afrique\/\",\"url\":\"https:\/\/www.vergnet-hydro.com\/vh\/accessoire-hydraulique-villageoise-afrique\/\",\"name\":\"Accessoires de l\u2019hydraulique villageoise en Afrique \u2013 VERGNET HYDRO\",\"isPartOf\":{\"@id\":\"https:\/\/www.vergnet-hydro.com\/vh\/#website\"},\"primaryImageOfPage\":{\"@id\":\"https:\/\/www.vergnet-hydro.com\/vh\/accessoire-hydraulique-villageoise-afrique\/#primaryimage\"},\"image\":{\"@id\":\"https:\/\/www.vergnet-hydro.com\/vh\/accessoire-hydraulique-villageoise-afrique\/#primaryimage\"},\"thumbnailUrl\":\"https:\/\/www.vergnet-hydro.com\/vh\/wp-content\/uploads\/2020\/01\/pictogramme-autre-fourniture-150x150.png\",\"datePublished\":\"2020-01-14T13:37:29+00:00\",\"dateModified\":\"2021-12-09T11:27:43+00:00\",\"description\":\"VERGNET HYDRO propose des accessoires pour l\u2019hydraulique villageoise en Afrique : outillage, forage, aide \u00e0 la gestion\u2026\",\"breadcrumb\":{\"@id\":\"https:\/\/www.vergnet-hydro.com\/vh\/accessoire-hydraulique-villageoise-afrique\/#breadcrumb\"},\"inLanguage\":\"fr-FR\",\"potentialAction\":[{\"@type\":\"ReadAction\",\"target\":[\"https:\/\/www.vergnet-hydro.com\/vh\/accessoire-hydraulique-villageoise-afrique\/\"]}]},{\"@type\":\"ImageObject\",\"inLanguage\":\"fr-FR\",\"@id\":\"https:\/\/www.vergnet-hydro.com\/vh\/accessoire-hydraulique-villageoise-afrique\/#primaryimage\",\"url\":\"https:\/\/www.vergnet-hydro.com\/vh\/wp-content\/uploads\/2020\/01\/pictogramme-autre-fourniture.png\",\"contentUrl\":\"https:\/\/www.vergnet-hydro.com\/vh\/wp-content\/uploads\/2020\/01\/pictogramme-autre-fourniture.png\",\"width\":250,\"height\":250},{\"@type\":\"BreadcrumbList\",\"@id\":\"https:\/\/www.vergnet-hydro.com\/vh\/accessoire-hydraulique-villageoise-afrique\/#breadcrumb\",\"itemListElement\":[{\"@type\":\"ListItem\",\"position\":1,\"name\":\"Accueil\",\"item\":\"https:\/\/www.vergnet-hydro.com\/vh\/\"},{\"@type\":\"ListItem\",\"position\":2,\"name\":\"Accessoires de l\u2019hydraulique villageoise en Afrique\"}]},{\"@type\":\"WebSite\",\"@id\":\"https:\/\/www.vergnet-hydro.com\/vh\/#website\",\"url\":\"https:\/\/www.vergnet-hydro.com\/vh\/\",\"name\":\"Vergnet Hydro\",\"description\":\"\",\"potentialAction\":[{\"@type\":\"SearchAction\",\"target\":{\"@type\":\"EntryPoint\",\"urlTemplate\":\"https:\/\/www.vergnet-hydro.com\/vh\/?s={search_term_string}\"},\"query-input\":{\"@type\":\"PropertyValueSpecification\",\"valueRequired\":true,\"valueName\":\"search_term_string\"}}],\"inLanguage\":\"fr-FR\"}]}<\/script>\n<!-- \/ Yoast SEO plugin. -->","yoast_head_json":{"title":"Accessoires de l\u2019hydraulique villageoise en Afrique \u2013 VERGNET HYDRO","description":"VERGNET HYDRO propose des accessoires pour l\u2019hydraulique villageoise en Afrique : outillage, forage, aide \u00e0 la gestion\u2026","robots":{"index":"index","follow":"follow","max-snippet":"max-snippet:-1","max-image-preview":"max-image-preview:large","max-video-preview":"max-video-preview:-1"},"canonical":"https:\/\/www.vergnet-hydro.com\/vh\/accessoire-hydraulique-villageoise-afrique\/","og_locale":"fr_FR","og_type":"article","og_title":"Accessoires de l\u2019hydraulique villageoise en Afrique \u2013 VERGNET HYDRO","og_description":"VERGNET HYDRO propose des accessoires pour l\u2019hydraulique villageoise en Afrique : outillage, forage, aide \u00e0 la gestion\u2026","og_url":"https:\/\/www.vergnet-hydro.com\/vh\/accessoire-hydraulique-villageoise-afrique\/","og_site_name":"Vergnet Hydro","article_modified_time":"2021-12-09T11:27:43+00:00","og_image":[{"url":"https:\/\/www.vergnet-hydro.com\/vh\/wp-content\/uploads\/2020\/01\/pictogramme-autre-fourniture-150x150.png","type":"","width":"","height":""}],"twitter_card":"summary_large_image","twitter_misc":{"Dur\u00e9e de lecture estim\u00e9e":"4 minutes"},"schema":{"@context":"https:\/\/schema.org","@graph":[{"@type":"WebPage","@id":"https:\/\/www.vergnet-hydro.com\/vh\/accessoire-hydraulique-villageoise-afrique\/","url":"https:\/\/www.vergnet-hydro.com\/vh\/accessoire-hydraulique-villageoise-afrique\/","name":"Accessoires de l\u2019hydraulique villageoise en Afrique \u2013 VERGNET HYDRO","isPartOf":{"@id":"https:\/\/www.vergnet-hydro.com\/vh\/#website"},"primaryImageOfPage":{"@id":"https:\/\/www.vergnet-hydro.com\/vh\/accessoire-hydraulique-villageoise-afrique\/#primaryimage"},"image":{"@id":"https:\/\/www.vergnet-hydro.com\/vh\/accessoire-hydraulique-villageoise-afrique\/#primaryimage"},"thumbnailUrl":"https:\/\/www.vergnet-hydro.com\/vh\/wp-content\/uploads\/2020\/01\/pictogramme-autre-fourniture-150x150.png","datePublished":"2020-01-14T13:37:29+00:00","dateModified":"2021-12-09T11:27:43+00:00","description":"VERGNET HYDRO propose des accessoires pour l\u2019hydraulique villageoise en Afrique : outillage, forage, aide \u00e0 la gestion\u2026","breadcrumb":{"@id":"https:\/\/www.vergnet-hydro.com\/vh\/accessoire-hydraulique-villageoise-afrique\/#breadcrumb"},"inLanguage":"fr-FR","potentialAction":[{"@type":"ReadAction","target":["https:\/\/www.vergnet-hydro.com\/vh\/accessoire-hydraulique-villageoise-afrique\/"]}]},{"@type":"ImageObject","inLanguage":"fr-FR","@id":"https:\/\/www.vergnet-hydro.com\/vh\/accessoire-hydraulique-villageoise-afrique\/#primaryimage","url":"https:\/\/www.vergnet-hydro.com\/vh\/wp-content\/uploads\/2020\/01\/pictogramme-autre-fourniture.png","contentUrl":"https:\/\/www.vergnet-hydro.com\/vh\/wp-content\/uploads\/2020\/01\/pictogramme-autre-fourniture.png","width":250,"height":250},{"@type":"BreadcrumbList","@id":"https:\/\/www.vergnet-hydro.com\/vh\/accessoire-hydraulique-villageoise-afrique\/#breadcrumb","itemListElement":[{"@type":"ListItem","position":1,"name":"Accueil","item":"https:\/\/www.vergnet-hydro.com\/vh\/"},{"@type":"ListItem","position":2,"name":"Accessoires de l\u2019hydraulique villageoise en Afrique"}]},{"@type":"WebSite","@id":"https:\/\/www.vergnet-hydro.com\/vh\/#website","url":"https:\/\/www.vergnet-hydro.com\/vh\/","name":"Vergnet Hydro","description":"","potentialAction":[{"@type":"SearchAction","target":{"@type":"EntryPoint","urlTemplate":"https:\/\/www.vergnet-hydro.com\/vh\/?s={search_term_string}"},"query-input":{"@type":"PropertyValueSpecification","valueRequired":true,"valueName":"search_term_string"}}],"inLanguage":"fr-FR"}]}},"_links":{"self":[{"href":"https:\/\/www.vergnet-hydro.com\/vh\/wp-json\/wp\/v2\/pages\/23834","targetHints":{"allow":["GET"]}}],"collection":[{"href":"https:\/\/www.vergnet-hydro.com\/vh\/wp-json\/wp\/v2\/pages"}],"about":[{"href":"https:\/\/www.vergnet-hydro.com\/vh\/wp-json\/wp\/v2\/types\/page"}],"author":[{"embeddable":true,"href":"https:\/\/www.vergnet-hydro.com\/vh\/wp-json\/wp\/v2\/users\/5"}],"replies":[{"embeddable":true,"href":"https:\/\/www.vergnet-hydro.com\/vh\/wp-json\/wp\/v2\/comments?post=23834"}],"version-history":[{"count":19,"href":"https:\/\/www.vergnet-hydro.com\/vh\/wp-json\/wp\/v2\/pages\/23834\/revisions"}],"predecessor-version":[{"id":26006,"href":"https:\/\/www.vergnet-hydro.com\/vh\/wp-json\/wp\/v2\/pages\/23834\/revisions\/26006"}],"wp:attachment":[{"href":"https:\/\/www.vergnet-hydro.com\/vh\/wp-json\/wp\/v2\/media?parent=23834"}],"curies":[{"name":"wp","href":"https:\/\/api.w.org\/{rel}","templated":true}]}}