{"id":23828,"date":"2020-01-14T14:14:16","date_gmt":"2020-01-14T13:14:16","guid":{"rendered":"https:\/\/www.vergnet-hydro.com\/vh\/autres-pompes-vergnet-hydro-copy\/"},"modified":"2025-05-13T09:52:25","modified_gmt":"2025-05-13T08:52:25","slug":"distribution-eau-potable-afrique","status":"publish","type":"page","link":"https:\/\/www.vergnet-hydro.com\/vh\/distribution-eau-potable-afrique\/","title":{"rendered":"Distribution de l\u2019eau potable en Afrique"},"content":{"rendered":"<div class=\"wpb-content-wrapper\"><p>[vc_row bg_type=&#8221;bg_color&#8221; bg_override=&#8221;full&#8221; bg_color_value=&#8221;#ffffff&#8221;][vc_column][vc_column_text css=&#8221;.vc_custom_1612177692194{margin-top: 36px !important;}&#8221; el_class=&#8221;imgspe&#8221;]<\/p>\n<p style=\"text-align: center;\"><a href=\"https:\/\/www.vergnet-hydro.com\/vh\/wp-content\/uploads\/2020\/01\/pictogramme-distribution-eau.png\"><img decoding=\"async\" src=\"https:\/\/www.vergnet-hydro.com\/vh\/wp-content\/uploads\/2020\/01\/pictogramme-distribution-eau-150x150.png\" alt=\"Distribution de l'eau en Afrique\" width=\"150\" height=\"150\" \/><\/a><\/p>\n<p>[\/vc_column_text][vc_custom_heading text=&#8221;Distribution de l\u2019eau potable en Afrique&#8221; font_container=&#8221;tag:h1|font_size:30|text_align:center|color:%23d08100&#8243; google_fonts=&#8221;font_family:Roboto%3A100%2C100italic%2C300%2C300italic%2Cregular%2Citalic%2C500%2C500italic%2C700%2C700italic%2C900%2C900italic|font_style:700%20bold%20regular%3A700%3Anormal&#8221; css=&#8221;.vc_custom_1639047510745{margin-top: 0px !important;margin-bottom: 30px !important;}&#8221;][\/vc_column][\/vc_row][vc_row css=&#8221;.vc_custom_1576584794238{border-bottom-width: 1px !important;border-bottom-color: #e0e0e0 !important;border-bottom-style: solid !important;}&#8221;][vc_column width=&#8221;1\/4&#8243;][vc_column_text el_class=&#8221;imgspe&#8221;]<\/p>\n<p style=\"text-align: center;\"><img decoding=\"async\" src=\"https:\/\/www.vergnet-hydro.com\/vh\/wp-content\/uploads\/2020\/02\/Tube-PE100-BB-POLYBLEU-1.jpg\" alt=\"\" width=\"111\" height=\"111\" \/><\/p>\n<p>[\/vc_column_text][\/vc_column][vc_column width=&#8221;3\/4&#8243;][vc_column_text]<\/p>\n<h2><b>Canalisations et raccords d&#8217;eau potable<\/b><\/h2>\n<p>[\/vc_column_text][vc_column_text]<\/p>\n<ul>\n<li>Canalisations tous mat\u00e9riaux\u00a0: PVC, PEHD, fonte, acier galvanis\u00e9 ou inoxydable pour tous les diam\u00e8tres et toutes pressions nominales<\/li>\n<li>Raccordement selon les mat\u00e9riaux (embo\u00eetement, collage, soudure, brides)<\/li>\n<li>Accessoires ou machines pour raccordement (tirfor, machine \u00e9lectro-soudure, fili\u00e8res etc.)<\/li>\n<li>Installation r\u00e9alis\u00e9e par nos partenaires locaux<\/li>\n<\/ul>\n<p>[\/vc_column_text][\/vc_column][\/vc_row][vc_row css=&#8221;.vc_custom_1612177701159{margin-top: 20px !important;border-bottom-width: 1px !important;border-bottom-color: #e0e0e0 !important;border-bottom-style: solid !important;}&#8221;][vc_column width=&#8221;1\/4&#8243;][vc_column_text el_class=&#8221;imgspe&#8221;]<\/p>\n<p style=\"text-align: center;\"><img decoding=\"async\" src=\"https:\/\/www.vergnet-hydro.com\/vh\/wp-content\/uploads\/2020\/02\/AST222457-XL.jpg\" alt=\"\" width=\"111\" height=\"111\" \/><\/p>\n<p>[\/vc_column_text][\/vc_column][vc_column width=&#8221;3\/4&#8243;][vc_column_text]<\/p>\n<h2><b>Accessoires de raccordement <\/b><b>d&#8217;eau potable<\/b><\/h2>\n<p>[\/vc_column_text][vc_column_text]<\/p>\n<ul>\n<li>Adaptateurs \u00e0 brides, BE, BU<\/li>\n<li>Manchons<\/li>\n<li>Toutes pi\u00e8ces \u00e0 brides ou embo\u00eetement\u00a0: croix, t\u00e9s, c\u00f4nes, coudes etc\u2026<\/li>\n<li>Joints et boulonnerie<\/li>\n<\/ul>\n<p>[\/vc_column_text][\/vc_column][\/vc_row][vc_row css=&#8221;.vc_custom_1612177709023{margin-top: 20px !important;border-bottom-width: 1px !important;border-bottom-color: #e0e0e0 !important;border-bottom-style: solid !important;}&#8221;][vc_column width=&#8221;1\/4&#8243;][vc_column_text el_class=&#8221;imgspe&#8221;]<\/p>\n<p style=\"text-align: center;\"><img decoding=\"async\" src=\"https:\/\/www.vergnet-hydro.com\/vh\/wp-content\/uploads\/2020\/02\/bayard-by-talis-sectionnement-infinity.png\" alt=\"\" width=\"111\" height=\"111\" \/><\/p>\n<p>[\/vc_column_text][\/vc_column][vc_column width=&#8221;3\/4&#8243;][vc_column_text]<\/p>\n<h2><b>Accessoires de sectionnement\u00a0<\/b><b>d&#8217;eau potable<\/b><\/h2>\n<p>[\/vc_column_text][vc_column_text]<\/p>\n<ul>\n<li>Robinets vannes tous types et tous mat\u00e9riaux\u00a0: opercule, boisseau, papillon, etc<\/li>\n<li>Accessoires de robinets (volants, etc.)<\/li>\n<\/ul>\n<p>[\/vc_column_text][\/vc_column][\/vc_row][vc_row css=&#8221;.vc_custom_1612177716041{margin-top: 20px !important;border-bottom-width: 1px !important;border-bottom-color: #e0e0e0 !important;border-bottom-style: solid !important;}&#8221;][vc_column width=&#8221;1\/4&#8243;][vc_column_text el_class=&#8221;imgspe&#8221;]<\/p>\n<p style=\"text-align: center;\"><img decoding=\"async\" src=\"https:\/\/www.vergnet-hydro.com\/vh\/wp-content\/uploads\/2020\/02\/BAYARD-Hydrostab-aval-Serie-K1-10.jpg\" alt=\"\" width=\"111\" height=\"111\" \/><\/p>\n<p>[\/vc_column_text][\/vc_column][vc_column width=&#8221;3\/4&#8243;][vc_column_text]<\/p>\n<h2><b>Accessoires de r\u00e9gulation de la distribution <\/b><b>d&#8217;eau potable<\/b><\/h2>\n<p>[\/vc_column_text][vc_column_text]<\/p>\n<ul>\n<li>Vannes motoris\u00e9es<\/li>\n<li>R\u00e9gulation de pression et de d\u00e9bit<\/li>\n<li>Vannes de r\u00e9glage<\/li>\n<\/ul>\n<p>[\/vc_column_text][\/vc_column][\/vc_row][vc_row css=&#8221;.vc_custom_1612177723466{margin-top: 20px !important;border-bottom-width: 1px !important;border-bottom-color: #e0e0e0 !important;border-bottom-style: solid !important;}&#8221;][vc_column width=&#8221;1\/4&#8243;][vc_column_text el_class=&#8221;imgspe&#8221;]<\/p>\n<p style=\"text-align: center;\"><img decoding=\"async\" src=\"https:\/\/www.vergnet-hydro.com\/vh\/wp-content\/uploads\/2020\/02\/704ddb8c9b741d3e2c668e95f9d94908.jpg\" alt=\"\" width=\"111\" height=\"111\" \/><\/p>\n<p>[\/vc_column_text][\/vc_column][vc_column width=&#8221;3\/4&#8243;][vc_column_text]<\/p>\n<h2><b>Accessoires de protection du r\u00e9seau des r\u00e9seaux d\u2019eau potable<\/b><\/h2>\n<p>[\/vc_column_text][vc_column_text]<\/p>\n<ul>\n<li>Ventouses simples et triples effets<\/li>\n<li>Vidanges<\/li>\n<li>Grillages avertisseur pour eau potable<\/li>\n<li>Protections anti-b\u00e9lier<\/li>\n<li>Filtres<\/li>\n<li>Clapets anti-retours<\/li>\n<li>Dispositifs de protection \u00e9lectrique (parafoudres, paratonnerres)<\/li>\n<\/ul>\n<p>[\/vc_column_text][\/vc_column][\/vc_row][vc_row css=&#8221;.vc_custom_1612177731871{margin-top: 20px !important;border-bottom-width: 1px !important;border-bottom-color: #e0e0e0 !important;border-bottom-style: solid !important;}&#8221;][vc_column width=&#8221;1\/4&#8243;][vc_column_text el_class=&#8221;imgspe&#8221;]<\/p>\n<p style=\"text-align: center;\"><img decoding=\"async\" src=\"https:\/\/www.vergnet-hydro.com\/vh\/wp-content\/uploads\/2020\/01\/Distribution-Accessoires-de-branchement-FML-site-web.jpg\" alt=\"\" width=\"111\" height=\"111\" \/><\/p>\n<p>[\/vc_column_text][\/vc_column][vc_column width=&#8221;3\/4&#8243;][vc_column_text]<\/p>\n<h2><b>Accessoires de branchement d&#8217;eau potable<\/b><\/h2>\n<p>[\/vc_column_text][vc_column_text]<\/p>\n<ul>\n<li>Colliers et robinets de prise en charge, petits et gros bossages, adapt\u00e9s \u00e0 tout type de conduite<\/li>\n<li>Syst\u00e8me complet de man\u0153uvre\u00a0: tabernacles, tubes allonges, t\u00eates de bouches \u00e0 cl\u00e9, cl\u00e9s \u00e0 b\u00e9quille<\/li>\n<li>Branchements et accessoires sp\u00e9ciaux\u00a0: esses de r\u00e9glages, poteaux incendies<\/li>\n<\/ul>\n<p>[\/vc_column_text][\/vc_column][\/vc_row][vc_row css=&#8221;.vc_custom_1612177739272{margin-top: 20px !important;margin-bottom: 36px !important;border-bottom-width: 1px !important;border-bottom-color: #e0e0e0 !important;border-bottom-style: solid !important;}&#8221;][vc_column width=&#8221;1\/4&#8243;][vc_column_text el_class=&#8221;imgspe&#8221;]<\/p>\n<p style=\"text-align: center;\"><img decoding=\"async\" src=\"https:\/\/www.vergnet-hydro.com\/vh\/wp-content\/uploads\/2020\/01\/Distribution-Bornes-fontaines-site-web.jpg\" alt=\"\" width=\"111\" height=\"111\" \/><\/p>\n<p>[\/vc_column_text][\/vc_column][vc_column width=&#8221;3\/4&#8243;][vc_column_text]<\/p>\n<h2><strong>Bornes-fontaines d&#8217;eau potable en Afrique<\/strong><\/h2>\n<p>[\/vc_column_text][vc_column_text]R\u00e9alisation de borne fontaine compl\u00e8te, y compris des \u00e9quipements hydrauliques.<br \/>\nLe dimensionnement et le type des bornes-fontaines est conforme aux normes et usages en vigueur dans le pays d\u2019intervention.[\/vc_column_text][\/vc_column][\/vc_row][vc_row css=&#8221;.vc_custom_1612177746508{margin-top: 20px !important;margin-bottom: 36px !important;border-bottom-width: 1px !important;border-bottom-color: #e0e0e0 !important;border-bottom-style: solid !important;}&#8221;][vc_column width=&#8221;1\/4&#8243;][vc_column_text el_class=&#8221;imgspe&#8221;]<img decoding=\"async\" class=\"wp-image-26497 aligncenter\" src=\"https:\/\/www.vergnet-hydro.com\/vh\/wp-content\/uploads\/2022\/07\/BFA-V2-500x864.png\" alt=\"\" width=\"122\" height=\"211\" srcset=\"https:\/\/www.vergnet-hydro.com\/vh\/wp-content\/uploads\/2022\/07\/BFA-V2-500x864.png 500w, https:\/\/www.vergnet-hydro.com\/vh\/wp-content\/uploads\/2022\/07\/BFA-V2-174x300.png 174w, https:\/\/www.vergnet-hydro.com\/vh\/wp-content\/uploads\/2022\/07\/BFA-V2.png 550w\" sizes=\"(max-width: 122px) 100vw, 122px\" \/>[\/vc_column_text][\/vc_column][vc_column width=&#8221;3\/4&#8243;][vc_column_text]<\/p>\n<h2><b>Borne-Fontaine Automatique (BFA) d&#8217;eau potable<\/b><\/h2>\n<p>[\/vc_column_text][vc_column_text]15 ans d\u2019exp\u00e9rience en Afrique. Un automate autonome assure la gestion en continu du point d\u2019eau communautaire. La solution de gestion de l\u2019eau potable cashless, 24h\/24, 7j\/7 et 100% s\u00e9curis\u00e9e pour les zones p\u00e9riurbaines et rurales africaines.[\/vc_column_text][vc_btn title=&#8221;Fiche technique&#8221; style=&#8221;custom&#8221; custom_background=&#8221;#e38a00&#8243; custom_text=&#8221;#ffffff&#8221; link=&#8221;url:https%3A%2F%2Fwww.vergnet-hydro.com%2Fvh%2Fwp-content%2Fuploads%2F2025%2F05%2FBFA_052025.pdf&#8221;][\/vc_column][\/vc_row][vc_row css=&#8221;.vc_custom_1612177746508{margin-top: 20px !important;margin-bottom: 36px !important;border-bottom-width: 1px !important;border-bottom-color: #e0e0e0 !important;border-bottom-style: solid !important;}&#8221;][vc_column width=&#8221;1\/4&#8243;][vc_column_text el_class=&#8221;imgspe&#8221;]<img decoding=\"async\" class=\"wp-image-26716 aligncenter\" src=\"https:\/\/www.vergnet-hydro.com\/vh\/wp-content\/uploads\/2023\/04\/kitbfasolidworksfacade-140x300.png\" alt=\"\" width=\"99\" height=\"211\" srcset=\"https:\/\/www.vergnet-hydro.com\/vh\/wp-content\/uploads\/2023\/04\/kitbfasolidworksfacade-140x300.png 140w, https:\/\/www.vergnet-hydro.com\/vh\/wp-content\/uploads\/2023\/04\/kitbfasolidworksfacade.png 387w\" sizes=\"(max-width: 99px) 100vw, 99px\" \/>[\/vc_column_text][\/vc_column][vc_column width=&#8221;3\/4&#8243;][vc_column_text]<\/p>\n<h2><b>Kit de Borne-Fontaine Automatique int\u00e9grable (kit BFA)<\/b><\/h2>\n<p>[\/vc_column_text][vc_column_text]15 ans d\u2019exp\u00e9rience en Afrique. Un automate autonome assure la gestion en continu du point d\u2019eau communautaire. La solution de gestion de l\u2019eau potable cashless, 24h\/24, 7j\/7 et 100% s\u00e9curis\u00e9e pour les zones p\u00e9riurbaines et rurales africaines.[\/vc_column_text][vc_btn title=&#8221;Fiche technique&#8221; style=&#8221;custom&#8221; custom_background=&#8221;#e38a00&#8243; custom_text=&#8221;#ffffff&#8221; link=&#8221;url:https%3A%2F%2Fwww.vergnet-hydro.com%2Fvh%2F70102a_kit_bfa_bd-2&#8243;][\/vc_column][\/vc_row]<\/p>\n<\/div>","protected":false},"excerpt":{"rendered":"<p>[vc_row bg_type=&#8221;bg_color&#8221; bg_override=&#8221;full&#8221; bg_color_value=&#8221;#ffffff&#8221;][vc_column][vc_column_text css=&#8221;.vc_custom_1612177692194{margin-top: 36px !important;}&#8221; el_class=&#8221;imgspe&#8221;] [\/vc_column_text][vc_custom_heading text=&#8221;Distribution de l\u2019eau potable en Afrique&#8221; font_container=&#8221;tag:h1|font_size:30|text_align:center|color:%23d08100&#8243; google_fonts=&#8221;font_family:Roboto%3A100%2C100italic%2C300%2C300italic%2Cregular%2Citalic%2C500%2C500italic%2C700%2C700italic%2C900%2C900italic|font_style:700%20bold%20regular%3A700%3Anormal&#8221; css=&#8221;.vc_custom_1639047510745{margin-top: 0px !important;margin-bottom: 30px !important;}&#8221;][\/vc_column][\/vc_row][vc_row css=&#8221;.vc_custom_1576584794238{border-bottom-width: 1px !important;border-bottom-color:&#8230;<\/p>\n","protected":false},"author":5,"featured_media":0,"parent":0,"menu_order":0,"comment_status":"closed","ping_status":"closed","template":"","meta":{"_vp_format_video_url":"","_vp_image_focal_point":[],"footnotes":""},"class_list":["post-23828","page","type-page","status-publish","hentry"],"yoast_head":"<!-- This site is optimized with the Yoast SEO plugin v25.8 - https:\/\/yoast.com\/wordpress\/plugins\/seo\/ -->\n<title>Distribution de l\u2019eau potable en Afrique \u2013 VERGNET HYDRO<\/title>\n<meta name=\"description\" content=\"VERGNET HYDRO propose des solutions de distribution de l\u2019eau potable pour l\u2019Afrique : canalisations, accessoires de raccordement,\u2026\" \/>\n<meta name=\"robots\" content=\"index, follow, max-snippet:-1, max-image-preview:large, max-video-preview:-1\" \/>\n<link rel=\"canonical\" href=\"https:\/\/www.vergnet-hydro.com\/vh\/distribution-eau-potable-afrique\/\" \/>\n<meta property=\"og:locale\" content=\"fr_FR\" \/>\n<meta property=\"og:type\" content=\"article\" \/>\n<meta property=\"og:title\" content=\"Distribution de l\u2019eau potable en Afrique \u2013 VERGNET HYDRO\" \/>\n<meta property=\"og:description\" content=\"VERGNET HYDRO propose des solutions de distribution de l\u2019eau potable pour l\u2019Afrique : canalisations, accessoires de raccordement,\u2026\" \/>\n<meta property=\"og:url\" content=\"https:\/\/www.vergnet-hydro.com\/vh\/distribution-eau-potable-afrique\/\" \/>\n<meta property=\"og:site_name\" content=\"Vergnet Hydro\" \/>\n<meta property=\"article:modified_time\" content=\"2025-05-13T08:52:25+00:00\" \/>\n<meta property=\"og:image\" content=\"https:\/\/www.vergnet-hydro.com\/vh\/wp-content\/uploads\/2020\/01\/pictogramme-distribution-eau-150x150.png\" \/>\n<meta name=\"twitter:card\" content=\"summary_large_image\" \/>\n<meta name=\"twitter:label1\" content=\"Dur\u00e9e de lecture estim\u00e9e\" \/>\n\t<meta name=\"twitter:data1\" content=\"5 minutes\" \/>\n<script type=\"application\/ld+json\" class=\"yoast-schema-graph\">{\"@context\":\"https:\/\/schema.org\",\"@graph\":[{\"@type\":\"WebPage\",\"@id\":\"https:\/\/www.vergnet-hydro.com\/vh\/distribution-eau-potable-afrique\/\",\"url\":\"https:\/\/www.vergnet-hydro.com\/vh\/distribution-eau-potable-afrique\/\",\"name\":\"Distribution de l\u2019eau potable en Afrique \u2013 VERGNET HYDRO\",\"isPartOf\":{\"@id\":\"https:\/\/www.vergnet-hydro.com\/vh\/#website\"},\"primaryImageOfPage\":{\"@id\":\"https:\/\/www.vergnet-hydro.com\/vh\/distribution-eau-potable-afrique\/#primaryimage\"},\"image\":{\"@id\":\"https:\/\/www.vergnet-hydro.com\/vh\/distribution-eau-potable-afrique\/#primaryimage\"},\"thumbnailUrl\":\"https:\/\/www.vergnet-hydro.com\/vh\/wp-content\/uploads\/2020\/01\/pictogramme-distribution-eau-150x150.png\",\"datePublished\":\"2020-01-14T13:14:16+00:00\",\"dateModified\":\"2025-05-13T08:52:25+00:00\",\"description\":\"VERGNET HYDRO propose des solutions de distribution de l\u2019eau potable pour l\u2019Afrique : canalisations, accessoires de raccordement,\u2026\",\"breadcrumb\":{\"@id\":\"https:\/\/www.vergnet-hydro.com\/vh\/distribution-eau-potable-afrique\/#breadcrumb\"},\"inLanguage\":\"fr-FR\",\"potentialAction\":[{\"@type\":\"ReadAction\",\"target\":[\"https:\/\/www.vergnet-hydro.com\/vh\/distribution-eau-potable-afrique\/\"]}]},{\"@type\":\"ImageObject\",\"inLanguage\":\"fr-FR\",\"@id\":\"https:\/\/www.vergnet-hydro.com\/vh\/distribution-eau-potable-afrique\/#primaryimage\",\"url\":\"https:\/\/www.vergnet-hydro.com\/vh\/wp-content\/uploads\/2020\/01\/pictogramme-distribution-eau.png\",\"contentUrl\":\"https:\/\/www.vergnet-hydro.com\/vh\/wp-content\/uploads\/2020\/01\/pictogramme-distribution-eau.png\",\"width\":250,\"height\":250,\"caption\":\"Distribution de l'eau en Afrique\"},{\"@type\":\"BreadcrumbList\",\"@id\":\"https:\/\/www.vergnet-hydro.com\/vh\/distribution-eau-potable-afrique\/#breadcrumb\",\"itemListElement\":[{\"@type\":\"ListItem\",\"position\":1,\"name\":\"Accueil\",\"item\":\"https:\/\/www.vergnet-hydro.com\/vh\/\"},{\"@type\":\"ListItem\",\"position\":2,\"name\":\"Distribution de l\u2019eau potable en Afrique\"}]},{\"@type\":\"WebSite\",\"@id\":\"https:\/\/www.vergnet-hydro.com\/vh\/#website\",\"url\":\"https:\/\/www.vergnet-hydro.com\/vh\/\",\"name\":\"Vergnet Hydro\",\"description\":\"\",\"potentialAction\":[{\"@type\":\"SearchAction\",\"target\":{\"@type\":\"EntryPoint\",\"urlTemplate\":\"https:\/\/www.vergnet-hydro.com\/vh\/?s={search_term_string}\"},\"query-input\":{\"@type\":\"PropertyValueSpecification\",\"valueRequired\":true,\"valueName\":\"search_term_string\"}}],\"inLanguage\":\"fr-FR\"}]}<\/script>\n<!-- \/ Yoast SEO plugin. -->","yoast_head_json":{"title":"Distribution de l\u2019eau potable en Afrique \u2013 VERGNET HYDRO","description":"VERGNET HYDRO propose des solutions de distribution de l\u2019eau potable pour l\u2019Afrique : canalisations, accessoires de raccordement,\u2026","robots":{"index":"index","follow":"follow","max-snippet":"max-snippet:-1","max-image-preview":"max-image-preview:large","max-video-preview":"max-video-preview:-1"},"canonical":"https:\/\/www.vergnet-hydro.com\/vh\/distribution-eau-potable-afrique\/","og_locale":"fr_FR","og_type":"article","og_title":"Distribution de l\u2019eau potable en Afrique \u2013 VERGNET HYDRO","og_description":"VERGNET HYDRO propose des solutions de distribution de l\u2019eau potable pour l\u2019Afrique : canalisations, accessoires de raccordement,\u2026","og_url":"https:\/\/www.vergnet-hydro.com\/vh\/distribution-eau-potable-afrique\/","og_site_name":"Vergnet Hydro","article_modified_time":"2025-05-13T08:52:25+00:00","og_image":[{"url":"https:\/\/www.vergnet-hydro.com\/vh\/wp-content\/uploads\/2020\/01\/pictogramme-distribution-eau-150x150.png","type":"","width":"","height":""}],"twitter_card":"summary_large_image","twitter_misc":{"Dur\u00e9e de lecture estim\u00e9e":"5 minutes"},"schema":{"@context":"https:\/\/schema.org","@graph":[{"@type":"WebPage","@id":"https:\/\/www.vergnet-hydro.com\/vh\/distribution-eau-potable-afrique\/","url":"https:\/\/www.vergnet-hydro.com\/vh\/distribution-eau-potable-afrique\/","name":"Distribution de l\u2019eau potable en Afrique \u2013 VERGNET HYDRO","isPartOf":{"@id":"https:\/\/www.vergnet-hydro.com\/vh\/#website"},"primaryImageOfPage":{"@id":"https:\/\/www.vergnet-hydro.com\/vh\/distribution-eau-potable-afrique\/#primaryimage"},"image":{"@id":"https:\/\/www.vergnet-hydro.com\/vh\/distribution-eau-potable-afrique\/#primaryimage"},"thumbnailUrl":"https:\/\/www.vergnet-hydro.com\/vh\/wp-content\/uploads\/2020\/01\/pictogramme-distribution-eau-150x150.png","datePublished":"2020-01-14T13:14:16+00:00","dateModified":"2025-05-13T08:52:25+00:00","description":"VERGNET HYDRO propose des solutions de distribution de l\u2019eau potable pour l\u2019Afrique : canalisations, accessoires de raccordement,\u2026","breadcrumb":{"@id":"https:\/\/www.vergnet-hydro.com\/vh\/distribution-eau-potable-afrique\/#breadcrumb"},"inLanguage":"fr-FR","potentialAction":[{"@type":"ReadAction","target":["https:\/\/www.vergnet-hydro.com\/vh\/distribution-eau-potable-afrique\/"]}]},{"@type":"ImageObject","inLanguage":"fr-FR","@id":"https:\/\/www.vergnet-hydro.com\/vh\/distribution-eau-potable-afrique\/#primaryimage","url":"https:\/\/www.vergnet-hydro.com\/vh\/wp-content\/uploads\/2020\/01\/pictogramme-distribution-eau.png","contentUrl":"https:\/\/www.vergnet-hydro.com\/vh\/wp-content\/uploads\/2020\/01\/pictogramme-distribution-eau.png","width":250,"height":250,"caption":"Distribution de l'eau en Afrique"},{"@type":"BreadcrumbList","@id":"https:\/\/www.vergnet-hydro.com\/vh\/distribution-eau-potable-afrique\/#breadcrumb","itemListElement":[{"@type":"ListItem","position":1,"name":"Accueil","item":"https:\/\/www.vergnet-hydro.com\/vh\/"},{"@type":"ListItem","position":2,"name":"Distribution de l\u2019eau potable en Afrique"}]},{"@type":"WebSite","@id":"https:\/\/www.vergnet-hydro.com\/vh\/#website","url":"https:\/\/www.vergnet-hydro.com\/vh\/","name":"Vergnet Hydro","description":"","potentialAction":[{"@type":"SearchAction","target":{"@type":"EntryPoint","urlTemplate":"https:\/\/www.vergnet-hydro.com\/vh\/?s={search_term_string}"},"query-input":{"@type":"PropertyValueSpecification","valueRequired":true,"valueName":"search_term_string"}}],"inLanguage":"fr-FR"}]}},"_links":{"self":[{"href":"https:\/\/www.vergnet-hydro.com\/vh\/wp-json\/wp\/v2\/pages\/23828","targetHints":{"allow":["GET"]}}],"collection":[{"href":"https:\/\/www.vergnet-hydro.com\/vh\/wp-json\/wp\/v2\/pages"}],"about":[{"href":"https:\/\/www.vergnet-hydro.com\/vh\/wp-json\/wp\/v2\/types\/page"}],"author":[{"embeddable":true,"href":"https:\/\/www.vergnet-hydro.com\/vh\/wp-json\/wp\/v2\/users\/5"}],"replies":[{"embeddable":true,"href":"https:\/\/www.vergnet-hydro.com\/vh\/wp-json\/wp\/v2\/comments?post=23828"}],"version-history":[{"count":33,"href":"https:\/\/www.vergnet-hydro.com\/vh\/wp-json\/wp\/v2\/pages\/23828\/revisions"}],"predecessor-version":[{"id":26941,"href":"https:\/\/www.vergnet-hydro.com\/vh\/wp-json\/wp\/v2\/pages\/23828\/revisions\/26941"}],"wp:attachment":[{"href":"https:\/\/www.vergnet-hydro.com\/vh\/wp-json\/wp\/v2\/media?parent=23828"}],"curies":[{"name":"wp","href":"https:\/\/api.w.org\/{rel}","templated":true}]}}