{"id":23823,"date":"2020-01-14T13:58:21","date_gmt":"2020-01-14T12:58:21","guid":{"rendered":"https:\/\/www.vergnet-hydro.com\/vh\/autres-pompes-vergnet-hydro-copy\/"},"modified":"2023-04-03T10:29:55","modified_gmt":"2023-04-03T09:29:55","slug":"potabilisation-eau-afrique","status":"publish","type":"page","link":"https:\/\/www.vergnet-hydro.com\/vh\/potabilisation-eau-afrique\/","title":{"rendered":"Potabilisation de l\u2019eau pour l\u2019Afrique"},"content":{"rendered":"<div class=\"wpb-content-wrapper\"><p>[vc_row bg_type=&#8221;bg_color&#8221; bg_override=&#8221;full&#8221; bg_color_value=&#8221;#ffffff&#8221;][vc_column][vc_column_text css=&#8221;.vc_custom_1612177514712{margin-top: 36px !important;}&#8221; el_class=&#8221;imgspe&#8221;]<\/p>\n<p style=\"text-align: center;\"><a href=\"https:\/\/www.vergnet-hydro.com\/vh\/wp-content\/uploads\/2020\/01\/pictogramme-potabilisation-eau.png\"><img decoding=\"async\" src=\"https:\/\/www.vergnet-hydro.com\/vh\/wp-content\/uploads\/2020\/01\/pictogramme-potabilisation-eau-150x150.png\" alt=\"potabilisation de l'eau\" width=\"150\" height=\"150\" \/><\/a><\/p>\n<p>[\/vc_column_text][vc_custom_heading text=&#8221;Potabilisation de l\u2019eau pour l\u2019Afrique&#8221; font_container=&#8221;tag:h1|font_size:30|text_align:center|color:%23d08100&#8243; google_fonts=&#8221;font_family:Roboto%3A100%2C100italic%2C300%2C300italic%2Cregular%2Citalic%2C500%2C500italic%2C700%2C700italic%2C900%2C900italic|font_style:700%20bold%20regular%3A700%3Anormal&#8221; css=&#8221;.vc_custom_1639047241276{margin-top: 0px !important;margin-bottom: 30px !important;}&#8221;][\/vc_column][\/vc_row][vc_row css=&#8221;.vc_custom_1576584794238{border-bottom-width: 1px !important;border-bottom-color: #e0e0e0 !important;border-bottom-style: solid !important;}&#8221;][vc_column width=&#8221;1\/4&#8243;][vc_column_text el_class=&#8221;imgspe&#8221;]<\/p>\n<p style=\"text-align: center;\"><img decoding=\"async\" src=\"https:\/\/www.vergnet-hydro.com\/vh\/wp-content\/uploads\/2020\/01\/Potabilisation-Arsenic-Sanel-Plastimarne-site-web.jpg\" alt=\"\" width=\"111\" height=\"111\" \/><\/p>\n<p>[\/vc_column_text][\/vc_column][vc_column width=&#8221;3\/4&#8243;][vc_column_text]<\/p>\n<h2><strong>Traitement de l\u2019arsenic dans l&#8217;eau<\/strong><\/h2>\n<p>[\/vc_column_text][vc_column_text]<\/p>\n<ul>\n<li>Proc\u00e9d\u00e9 de traitement par r\u00e9g\u00e9n\u00e9ration des filtres effectu\u00e9e par un r\u00e9trolavage manuel ou adapt\u00e9e au contexte sah\u00e9lien : technologie robuste avec co\u00fbt \u00e9nerg\u00e9tique faible<\/li>\n<li>Syst\u00e8me installable sur des pompes \u00e0 motricit\u00e9 humaine refoulantes<\/li>\n<li>Station de traitement pour les petits r\u00e9seaux d\u2019adduction d&#8217;eau potable en milieu rural<\/li>\n<li>Capacit\u00e9 de traitement de 1 \u00e0 plusieurs dizaines de m3\/h<\/li>\n<\/ul>\n<p>[\/vc_column_text][vc_btn title=&#8221;Fiche technique&#8221; color=&#8221;warning&#8221; link=&#8221;url:https%3A%2F%2Fwww.vergnet-hydro.com%2Fvh%2F4321b_solutions_de_potabilisation_bd&#8221;][\/vc_column][\/vc_row][vc_row css=&#8221;.vc_custom_1612177524505{margin-top: 20px !important;border-bottom-width: 1px !important;border-bottom-color: #e0e0e0 !important;border-bottom-style: solid !important;}&#8221;][vc_column width=&#8221;1\/4&#8243;][vc_column_text el_class=&#8221;imgspe&#8221;]<\/p>\n<p style=\"text-align: center;\"><img decoding=\"async\" src=\"https:\/\/www.vergnet-hydro.com\/vh\/wp-content\/uploads\/2020\/01\/Potabilisation-Dessalement-site-web.jpg\" alt=\"\" width=\"111\" height=\"111\" \/><\/p>\n<p>[\/vc_column_text][\/vc_column][vc_column width=&#8221;3\/4&#8243;][vc_column_text]<\/p>\n<h2><strong>Dessalement <\/strong><strong>de l&#8217;eau <\/strong><strong>par osmose inverse<\/strong><\/h2>\n<p>[\/vc_column_text][vc_column_text]<\/p>\n<ul>\n<li>Syst\u00e8mes pour les eaux saum\u00e2tres<\/li>\n<li>Solutions personnalis\u00e9es de 10 m3\/j \u00e0 500 m3\/j<\/li>\n<li>Solutions containeris\u00e9es pour les zones isol\u00e9es et t\u00e9l\u00e9gestion<\/li>\n<li>Sources d\u2019\u00e9nergie : sur r\u00e9seau \u00e9lectrique, au fil du soleil (sans batterie) ou hybridation avec groupe \u00e9lectrog\u00e8ne<\/li>\n<\/ul>\n<p>[\/vc_column_text][vc_btn title=&#8221;Fiche technique&#8221; color=&#8221;warning&#8221; link=&#8221;url:https%3A%2F%2Fwww.vergnet-hydro.com%2Fvh%2F4321b_solutions_de_potabilisation_bd&#8221;][\/vc_column][\/vc_row][vc_row css=&#8221;.vc_custom_1612177532466{margin-top: 20px !important;border-bottom-width: 1px !important;border-bottom-color: #e0e0e0 !important;border-bottom-style: solid !important;}&#8221;][vc_column width=&#8221;1\/4&#8243;][vc_column_text el_class=&#8221;imgspe&#8221;]<\/p>\n<p style=\"text-align: center;\"><img decoding=\"async\" src=\"https:\/\/www.vergnet-hydro.com\/vh\/wp-content\/uploads\/2020\/01\/Potabilisation-Chloration-site-web.jpg\" alt=\"\" width=\"111\" height=\"111\" \/><\/p>\n<p>[\/vc_column_text][\/vc_column][vc_column width=&#8221;3\/4&#8243;][vc_column_text]<\/p>\n<h2><strong>Chloration de l&#8217;eau<\/strong><\/h2>\n<p>[\/vc_column_text][vc_column_text]<\/p>\n<ul>\n<li>Fabrication de chlore par \u00e9lectrolyse de sel<\/li>\n<li>Dosage et injection m\u00e9canique ou \u00e9lectrique<\/li>\n<li>Sources d\u2019\u00e9nergies : autonome, solaire, r\u00e9seau ou groupe \u00e9lectrog\u00e8ne<\/li>\n<li>Contr\u00f4le de la teneur en chlore<\/li>\n<\/ul>\n<p>[\/vc_column_text][vc_btn title=&#8221;Fiche technique&#8221; color=&#8221;warning&#8221; link=&#8221;url:https%3A%2F%2Fwww.vergnet-hydro.com%2Fvh%2F4321b_solutions_de_potabilisation_bd&#8221;][\/vc_column][\/vc_row][vc_row css=&#8221;.vc_custom_1612177540895{margin-top: 20px !important;border-bottom-width: 1px !important;border-bottom-color: #e0e0e0 !important;border-bottom-style: solid !important;}&#8221;][vc_column width=&#8221;1\/4&#8243;][vc_column_text el_class=&#8221;imgspe&#8221;]<\/p>\n<p style=\"text-align: center;\"><img decoding=\"async\" src=\"https:\/\/www.vergnet-hydro.com\/vh\/wp-content\/uploads\/2020\/01\/Potabilisation-Arsenic-Sanel-Plastimarne-site-web.jpg\" alt=\"\" width=\"111\" height=\"111\" \/><\/p>\n<p>[\/vc_column_text][\/vc_column][vc_column width=&#8221;3\/4&#8243;][vc_column_text]<\/p>\n<h2><strong>D\u00e9ferrisation de l&#8217;eau<\/strong><\/h2>\n<p>[\/vc_column_text][vc_column_text]<\/p>\n<ul>\n<li>Syst\u00e8me de d\u00e9ferrisation par oxydation\/pr\u00e9cipitation (ruissellement en cascade ou bullage) coupl\u00e9 \u00e0 un filtre \u00e0 sable et, si n\u00e9cessaire, \u00e0 un filtre au dioxyde de mangan\u00e8se pour une efficacit\u00e9 accrue<\/li>\n<li>La r\u00e9g\u00e9n\u00e9ration des filtres s\u2019effectue par un r\u00e9trolavage manuel ou automatique selon l\u2019\u00e9nergie disponible<\/li>\n<li>Capacit\u00e9 de traitement de 1 \u00e0 plusieurs dizaines de m3\/h<\/li>\n<\/ul>\n<p>[\/vc_column_text][vc_btn title=&#8221;Fiche technique&#8221; color=&#8221;warning&#8221; link=&#8221;url:https%3A%2F%2Fwww.vergnet-hydro.com%2Fvh%2F4321b_solutions_de_potabilisation_bd&#8221;][\/vc_column][\/vc_row][vc_row css=&#8221;.vc_custom_1612177548387{margin-top: 20px !important;border-bottom-width: 1px !important;border-bottom-color: #e0e0e0 !important;}&#8221;][vc_column width=&#8221;1\/4&#8243;][vc_column_text el_class=&#8221;imgspe&#8221;]<\/p>\n<p style=\"text-align: center;\"><img decoding=\"async\" src=\"https:\/\/www.vergnet-hydro.com\/vh\/wp-content\/uploads\/2020\/01\/Potabilisation-Traitement-des-eaux-de-surface-site-web.jpg\" alt=\"\" width=\"111\" height=\"111\" \/><\/p>\n<p>[\/vc_column_text][\/vc_column][vc_column width=&#8221;3\/4&#8243;][vc_column_text]<\/p>\n<h2><strong>Traitement des eaux de surface<\/strong><\/h2>\n<p>[\/vc_column_text][vc_column_text]<\/p>\n<ul>\n<li>Conjugaison des techniques de traitement par coagulation, floculation, d\u00e9sinfection par eau de javel, puis filtrations sur sable et charbon actif<\/li>\n<li>Autonomie (gravitaire), robustesse (acier inoxydable) et simplicit\u00e9 de maintenance<\/li>\n<\/ul>\n<p>[\/vc_column_text][vc_btn title=&#8221;Fiche technique&#8221; color=&#8221;warning&#8221; link=&#8221;url:https%3A%2F%2Fwww.vergnet-hydro.com%2Fvh%2F4321b_solutions_de_potabilisation_bd&#8221;][\/vc_column][\/vc_row]<\/p>\n<\/div>","protected":false},"excerpt":{"rendered":"<p>[vc_row bg_type=&#8221;bg_color&#8221; bg_override=&#8221;full&#8221; bg_color_value=&#8221;#ffffff&#8221;][vc_column][vc_column_text css=&#8221;.vc_custom_1612177514712{margin-top: 36px !important;}&#8221; el_class=&#8221;imgspe&#8221;] [\/vc_column_text][vc_custom_heading text=&#8221;Potabilisation de l\u2019eau pour l\u2019Afrique&#8221; font_container=&#8221;tag:h1|font_size:30|text_align:center|color:%23d08100&#8243; google_fonts=&#8221;font_family:Roboto%3A100%2C100italic%2C300%2C300italic%2Cregular%2Citalic%2C500%2C500italic%2C700%2C700italic%2C900%2C900italic|font_style:700%20bold%20regular%3A700%3Anormal&#8221; css=&#8221;.vc_custom_1639047241276{margin-top: 0px !important;margin-bottom: 30px !important;}&#8221;][\/vc_column][\/vc_row][vc_row css=&#8221;.vc_custom_1576584794238{border-bottom-width: 1px !important;border-bottom-color: #e0e0e0&#8230;<\/p>\n","protected":false},"author":5,"featured_media":0,"parent":0,"menu_order":0,"comment_status":"closed","ping_status":"closed","template":"","meta":{"_vp_format_video_url":"","_vp_image_focal_point":[],"footnotes":""},"class_list":["post-23823","page","type-page","status-publish","hentry"],"yoast_head":"<!-- This site is optimized with the Yoast SEO plugin v25.8 - https:\/\/yoast.com\/wordpress\/plugins\/seo\/ -->\n<title>Potabilisation de l\u2019eau pour l\u2019Afrique \u2013 VERGNET HYDRO<\/title>\n<meta name=\"description\" content=\"VERGNET HYDRO propose des solutions de potabilisation de l\u2019eau pour l\u2019Afrique : chloration, traitement de l\u2019arsenic, d\u00e9ferrisation\u2026\" \/>\n<meta name=\"robots\" content=\"index, follow, max-snippet:-1, max-image-preview:large, max-video-preview:-1\" \/>\n<link rel=\"canonical\" href=\"https:\/\/www.vergnet-hydro.com\/vh\/potabilisation-eau-afrique\/\" \/>\n<meta property=\"og:locale\" content=\"fr_FR\" \/>\n<meta property=\"og:type\" content=\"article\" \/>\n<meta property=\"og:title\" content=\"Potabilisation de l\u2019eau pour l\u2019Afrique \u2013 VERGNET HYDRO\" \/>\n<meta property=\"og:description\" content=\"VERGNET HYDRO propose des solutions de potabilisation de l\u2019eau pour l\u2019Afrique : chloration, traitement de l\u2019arsenic, d\u00e9ferrisation\u2026\" \/>\n<meta property=\"og:url\" content=\"https:\/\/www.vergnet-hydro.com\/vh\/potabilisation-eau-afrique\/\" \/>\n<meta property=\"og:site_name\" content=\"Vergnet Hydro\" \/>\n<meta property=\"article:modified_time\" content=\"2023-04-03T09:29:55+00:00\" \/>\n<meta property=\"og:image\" content=\"https:\/\/www.vergnet-hydro.com\/vh\/wp-content\/uploads\/2020\/01\/pictogramme-potabilisation-eau-150x150.png\" \/>\n<meta name=\"twitter:card\" content=\"summary_large_image\" \/>\n<meta name=\"twitter:label1\" content=\"Dur\u00e9e de lecture estim\u00e9e\" \/>\n\t<meta name=\"twitter:data1\" content=\"3 minutes\" \/>\n<script type=\"application\/ld+json\" class=\"yoast-schema-graph\">{\"@context\":\"https:\/\/schema.org\",\"@graph\":[{\"@type\":\"WebPage\",\"@id\":\"https:\/\/www.vergnet-hydro.com\/vh\/potabilisation-eau-afrique\/\",\"url\":\"https:\/\/www.vergnet-hydro.com\/vh\/potabilisation-eau-afrique\/\",\"name\":\"Potabilisation de l\u2019eau pour l\u2019Afrique \u2013 VERGNET HYDRO\",\"isPartOf\":{\"@id\":\"https:\/\/www.vergnet-hydro.com\/vh\/#website\"},\"primaryImageOfPage\":{\"@id\":\"https:\/\/www.vergnet-hydro.com\/vh\/potabilisation-eau-afrique\/#primaryimage\"},\"image\":{\"@id\":\"https:\/\/www.vergnet-hydro.com\/vh\/potabilisation-eau-afrique\/#primaryimage\"},\"thumbnailUrl\":\"https:\/\/www.vergnet-hydro.com\/vh\/wp-content\/uploads\/2020\/01\/pictogramme-potabilisation-eau-150x150.png\",\"datePublished\":\"2020-01-14T12:58:21+00:00\",\"dateModified\":\"2023-04-03T09:29:55+00:00\",\"description\":\"VERGNET HYDRO propose des solutions de potabilisation de l\u2019eau pour l\u2019Afrique : chloration, traitement de l\u2019arsenic, d\u00e9ferrisation\u2026\",\"breadcrumb\":{\"@id\":\"https:\/\/www.vergnet-hydro.com\/vh\/potabilisation-eau-afrique\/#breadcrumb\"},\"inLanguage\":\"fr-FR\",\"potentialAction\":[{\"@type\":\"ReadAction\",\"target\":[\"https:\/\/www.vergnet-hydro.com\/vh\/potabilisation-eau-afrique\/\"]}]},{\"@type\":\"ImageObject\",\"inLanguage\":\"fr-FR\",\"@id\":\"https:\/\/www.vergnet-hydro.com\/vh\/potabilisation-eau-afrique\/#primaryimage\",\"url\":\"https:\/\/www.vergnet-hydro.com\/vh\/wp-content\/uploads\/2020\/01\/pictogramme-potabilisation-eau.png\",\"contentUrl\":\"https:\/\/www.vergnet-hydro.com\/vh\/wp-content\/uploads\/2020\/01\/pictogramme-potabilisation-eau.png\",\"width\":250,\"height\":250,\"caption\":\"potabilisation de l'eau\"},{\"@type\":\"BreadcrumbList\",\"@id\":\"https:\/\/www.vergnet-hydro.com\/vh\/potabilisation-eau-afrique\/#breadcrumb\",\"itemListElement\":[{\"@type\":\"ListItem\",\"position\":1,\"name\":\"Accueil\",\"item\":\"https:\/\/www.vergnet-hydro.com\/vh\/\"},{\"@type\":\"ListItem\",\"position\":2,\"name\":\"Potabilisation de l\u2019eau pour l\u2019Afrique\"}]},{\"@type\":\"WebSite\",\"@id\":\"https:\/\/www.vergnet-hydro.com\/vh\/#website\",\"url\":\"https:\/\/www.vergnet-hydro.com\/vh\/\",\"name\":\"Vergnet Hydro\",\"description\":\"\",\"potentialAction\":[{\"@type\":\"SearchAction\",\"target\":{\"@type\":\"EntryPoint\",\"urlTemplate\":\"https:\/\/www.vergnet-hydro.com\/vh\/?s={search_term_string}\"},\"query-input\":{\"@type\":\"PropertyValueSpecification\",\"valueRequired\":true,\"valueName\":\"search_term_string\"}}],\"inLanguage\":\"fr-FR\"}]}<\/script>\n<!-- \/ Yoast SEO plugin. -->","yoast_head_json":{"title":"Potabilisation de l\u2019eau pour l\u2019Afrique \u2013 VERGNET HYDRO","description":"VERGNET HYDRO propose des solutions de potabilisation de l\u2019eau pour l\u2019Afrique : chloration, traitement de l\u2019arsenic, d\u00e9ferrisation\u2026","robots":{"index":"index","follow":"follow","max-snippet":"max-snippet:-1","max-image-preview":"max-image-preview:large","max-video-preview":"max-video-preview:-1"},"canonical":"https:\/\/www.vergnet-hydro.com\/vh\/potabilisation-eau-afrique\/","og_locale":"fr_FR","og_type":"article","og_title":"Potabilisation de l\u2019eau pour l\u2019Afrique \u2013 VERGNET HYDRO","og_description":"VERGNET HYDRO propose des solutions de potabilisation de l\u2019eau pour l\u2019Afrique : chloration, traitement de l\u2019arsenic, d\u00e9ferrisation\u2026","og_url":"https:\/\/www.vergnet-hydro.com\/vh\/potabilisation-eau-afrique\/","og_site_name":"Vergnet Hydro","article_modified_time":"2023-04-03T09:29:55+00:00","og_image":[{"url":"https:\/\/www.vergnet-hydro.com\/vh\/wp-content\/uploads\/2020\/01\/pictogramme-potabilisation-eau-150x150.png","type":"","width":"","height":""}],"twitter_card":"summary_large_image","twitter_misc":{"Dur\u00e9e de lecture estim\u00e9e":"3 minutes"},"schema":{"@context":"https:\/\/schema.org","@graph":[{"@type":"WebPage","@id":"https:\/\/www.vergnet-hydro.com\/vh\/potabilisation-eau-afrique\/","url":"https:\/\/www.vergnet-hydro.com\/vh\/potabilisation-eau-afrique\/","name":"Potabilisation de l\u2019eau pour l\u2019Afrique \u2013 VERGNET HYDRO","isPartOf":{"@id":"https:\/\/www.vergnet-hydro.com\/vh\/#website"},"primaryImageOfPage":{"@id":"https:\/\/www.vergnet-hydro.com\/vh\/potabilisation-eau-afrique\/#primaryimage"},"image":{"@id":"https:\/\/www.vergnet-hydro.com\/vh\/potabilisation-eau-afrique\/#primaryimage"},"thumbnailUrl":"https:\/\/www.vergnet-hydro.com\/vh\/wp-content\/uploads\/2020\/01\/pictogramme-potabilisation-eau-150x150.png","datePublished":"2020-01-14T12:58:21+00:00","dateModified":"2023-04-03T09:29:55+00:00","description":"VERGNET HYDRO propose des solutions de potabilisation de l\u2019eau pour l\u2019Afrique : chloration, traitement de l\u2019arsenic, d\u00e9ferrisation\u2026","breadcrumb":{"@id":"https:\/\/www.vergnet-hydro.com\/vh\/potabilisation-eau-afrique\/#breadcrumb"},"inLanguage":"fr-FR","potentialAction":[{"@type":"ReadAction","target":["https:\/\/www.vergnet-hydro.com\/vh\/potabilisation-eau-afrique\/"]}]},{"@type":"ImageObject","inLanguage":"fr-FR","@id":"https:\/\/www.vergnet-hydro.com\/vh\/potabilisation-eau-afrique\/#primaryimage","url":"https:\/\/www.vergnet-hydro.com\/vh\/wp-content\/uploads\/2020\/01\/pictogramme-potabilisation-eau.png","contentUrl":"https:\/\/www.vergnet-hydro.com\/vh\/wp-content\/uploads\/2020\/01\/pictogramme-potabilisation-eau.png","width":250,"height":250,"caption":"potabilisation de l'eau"},{"@type":"BreadcrumbList","@id":"https:\/\/www.vergnet-hydro.com\/vh\/potabilisation-eau-afrique\/#breadcrumb","itemListElement":[{"@type":"ListItem","position":1,"name":"Accueil","item":"https:\/\/www.vergnet-hydro.com\/vh\/"},{"@type":"ListItem","position":2,"name":"Potabilisation de l\u2019eau pour l\u2019Afrique"}]},{"@type":"WebSite","@id":"https:\/\/www.vergnet-hydro.com\/vh\/#website","url":"https:\/\/www.vergnet-hydro.com\/vh\/","name":"Vergnet Hydro","description":"","potentialAction":[{"@type":"SearchAction","target":{"@type":"EntryPoint","urlTemplate":"https:\/\/www.vergnet-hydro.com\/vh\/?s={search_term_string}"},"query-input":{"@type":"PropertyValueSpecification","valueRequired":true,"valueName":"search_term_string"}}],"inLanguage":"fr-FR"}]}},"_links":{"self":[{"href":"https:\/\/www.vergnet-hydro.com\/vh\/wp-json\/wp\/v2\/pages\/23823","targetHints":{"allow":["GET"]}}],"collection":[{"href":"https:\/\/www.vergnet-hydro.com\/vh\/wp-json\/wp\/v2\/pages"}],"about":[{"href":"https:\/\/www.vergnet-hydro.com\/vh\/wp-json\/wp\/v2\/types\/page"}],"author":[{"embeddable":true,"href":"https:\/\/www.vergnet-hydro.com\/vh\/wp-json\/wp\/v2\/users\/5"}],"replies":[{"embeddable":true,"href":"https:\/\/www.vergnet-hydro.com\/vh\/wp-json\/wp\/v2\/comments?post=23823"}],"version-history":[{"count":23,"href":"https:\/\/www.vergnet-hydro.com\/vh\/wp-json\/wp\/v2\/pages\/23823\/revisions"}],"predecessor-version":[{"id":26715,"href":"https:\/\/www.vergnet-hydro.com\/vh\/wp-json\/wp\/v2\/pages\/23823\/revisions\/26715"}],"wp:attachment":[{"href":"https:\/\/www.vergnet-hydro.com\/vh\/wp-json\/wp\/v2\/media?parent=23823"}],"curies":[{"name":"wp","href":"https:\/\/api.w.org\/{rel}","templated":true}]}}