{"id":23815,"date":"2020-01-14T12:28:21","date_gmt":"2020-01-14T11:28:21","guid":{"rendered":"https:\/\/www.vergnet-hydro.com\/vh\/autres-pompes-vergnet-hydro-copy\/"},"modified":"2021-12-09T11:49:24","modified_gmt":"2021-12-09T10:49:24","slug":"reservoir-eau-potable-afrique","status":"publish","type":"page","link":"https:\/\/www.vergnet-hydro.com\/vh\/reservoir-eau-potable-afrique\/","title":{"rendered":"R\u00e9servoirs d\u2019eau potable pour l\u2019Afrique"},"content":{"rendered":"<div class=\"wpb-content-wrapper\"><p>[vc_row bg_type=&#8221;bg_color&#8221; bg_override=&#8221;full&#8221; bg_color_value=&#8221;#ffffff&#8221;][vc_column][vc_column_text css=&#8221;.vc_custom_1612177396001{margin-top: 36px !important;}&#8221; el_class=&#8221;imgspe&#8221;]<\/p>\n<p style=\"text-align: center;\"><a href=\"https:\/\/www.vergnet-hydro.com\/vh\/wp-content\/uploads\/2020\/01\/pictogramme-stockage-eau.png\"><img decoding=\"async\" src=\"https:\/\/www.vergnet-hydro.com\/vh\/wp-content\/uploads\/2020\/01\/pictogramme-stockage-eau-150x150.png\" alt=\"stockage de l'eau\" width=\"150\" height=\"150\" \/><\/a><\/p>\n<p>[\/vc_column_text][vc_custom_heading text=&#8221;R\u00e9servoirs d\u2019eau potable pour l\u2019Afrique&#8221; font_container=&#8221;tag:h1|font_size:30|text_align:center|color:%23d08100&#8243; google_fonts=&#8221;font_family:Roboto%3A100%2C100italic%2C300%2C300italic%2Cregular%2Citalic%2C500%2C500italic%2C700%2C700italic%2C900%2C900italic|font_style:700%20bold%20regular%3A700%3Anormal&#8221; css=&#8221;.vc_custom_1639046456714{margin-top: 0px !important;margin-bottom: 30px !important;}&#8221;][\/vc_column][\/vc_row][vc_row css=&#8221;.vc_custom_1576584794238{border-bottom-width: 1px !important;border-bottom-color: #e0e0e0 !important;border-bottom-style: solid !important;}&#8221;][vc_column width=&#8221;1\/4&#8243;][vc_column_text el_class=&#8221;imgspe&#8221;]<\/p>\n<p style=\"text-align: center;\"><img decoding=\"async\" src=\"https:\/\/www.vergnet-hydro.com\/vh\/wp-content\/uploads\/2020\/03\/Stockage-Reservoir-sur-remblais-site-web.jpg\" alt=\"\" width=\"111\" height=\"111\" \/><\/p>\n<p>[\/vc_column_text][\/vc_column][vc_column width=&#8221;3\/4&#8243;][vc_column_text]<\/p>\n<h2><strong>R\u00e9servoir d\u2019eau potable sur remblai (RSR)<\/strong><\/h2>\n<p>[\/vc_column_text][vc_column_text]R\u00e9servoir d&#8217;eau potable modulaire de 10 \u00e0 110 m3 et de 0m \u00e0 6m.<\/p>\n<p>Constitu\u00e9 de t\u00f4le en acier galvanis\u00e9, optimis\u00e9 pour le transport en milieu rural, n\u00e9cessite peu de b\u00e9ton, temps de montage r\u00e9duit. Le silo se remplit de sable local pour cr\u00e9er la hauteur suffisante.<\/p>\n<p>L\u2019eau est contenue dans un liner de qualit\u00e9 alimentaire.[\/vc_column_text][vc_btn title=&#8221;Fiche technique&#8221; style=&#8221;custom&#8221; custom_background=&#8221;#e38a00&#8243; custom_text=&#8221;#ffffff&#8221; link=&#8221;url:https%3A%2F%2Fwww.vergnet-hydro.com%2Fvh%2F50100b_rsr_bd&#8221;][\/vc_column][\/vc_row][vc_row css=&#8221;.vc_custom_1612177404049{margin-top: 20px !important;border-bottom-width: 1px !important;border-bottom-color: #e0e0e0 !important;border-bottom-style: solid !important;}&#8221;][vc_column width=&#8221;1\/4&#8243;][vc_column_text el_class=&#8221;imgspe&#8221;]<\/p>\n<p style=\"text-align: center;\"><img decoding=\"async\" src=\"https:\/\/www.vergnet-hydro.com\/vh\/wp-content\/uploads\/2020\/03\/Stockage-Reservoir-au-sol-site-web.jpg\" alt=\"\" width=\"111\" height=\"111\" \/><\/p>\n<p>[\/vc_column_text][\/vc_column][vc_column width=&#8221;3\/4&#8243;][vc_column_text]<\/p>\n<h2><strong>R\u00e9servoir d\u2019eau potable au sol (RSR)<\/strong><\/h2>\n<p>[\/vc_column_text][vc_column_text]Notre r\u00e9servoir modulaire d&#8217;eau potable peut \u00eatre install\u00e9 sans remblais pour devenir une b\u00e2che de reprise ou un stockage au sol.[\/vc_column_text][vc_btn title=&#8221;Fiche technique&#8221; style=&#8221;custom&#8221; custom_background=&#8221;#e38a00&#8243; custom_text=&#8221;#ffffff&#8221; link=&#8221;url:https%3A%2F%2Fwww.vergnet-hydro.com%2Fvh%2F50100b_rsr_bd&#8221;][\/vc_column][\/vc_row][vc_row css=&#8221;.vc_custom_1612177414001{margin-top: 20px !important;border-bottom-width: 1px !important;border-bottom-color: #e0e0e0 !important;border-bottom-style: solid !important;}&#8221;][vc_column width=&#8221;1\/4&#8243;][vc_column_text el_class=&#8221;imgspe&#8221;]<\/p>\n<p style=\"text-align: center;\"><img decoding=\"async\" src=\"https:\/\/www.vergnet-hydro.com\/vh\/wp-content\/uploads\/2020\/03\/Stockage-Reservoir-au-sol-site-web.jpg\" alt=\"\" width=\"111\" height=\"111\" \/><\/p>\n<p>[\/vc_column_text][\/vc_column][vc_column width=&#8221;3\/4&#8243;][vc_column_text]<\/p>\n<h2><b>Gamme urgence de r\u00e9servoirs d\u2019eau potable<\/b><\/h2>\n<p>[\/vc_column_text][vc_column_text]R\u00e9servoir d&#8217;eau potable de type Oxfam adapt\u00e9 au contexte d\u2019urgence. Village de r\u00e9fugi\u00e9s, camp provisoire.[\/vc_column_text][\/vc_column][\/vc_row][vc_row css=&#8221;.vc_custom_1612177420440{margin-top: 20px !important;border-bottom-width: 1px !important;border-bottom-color: #e0e0e0 !important;border-bottom-style: solid !important;}&#8221;][vc_column width=&#8221;1\/4&#8243;][vc_column_text el_class=&#8221;imgspe&#8221;]<\/p>\n<p style=\"text-align: center;\"><img decoding=\"async\" src=\"https:\/\/www.vergnet-hydro.com\/vh\/wp-content\/uploads\/2020\/03\/Stockage-Reservoir-sur-plateforme-site-web.jpg\" alt=\"\" width=\"111\" height=\"111\" \/><\/p>\n<p>[\/vc_column_text][\/vc_column][vc_column width=&#8221;3\/4&#8243;][vc_column_text]<\/p>\n<h2><b>R\u00e9servoir d\u2019eau potable sur plateforme (RSR)<\/b><\/h2>\n<p>[\/vc_column_text][vc_column_text]Installation de notre r\u00e9servoir d&#8217;eau potable sur une structure m\u00e9tallique locale. Montage simple et rapide.[\/vc_column_text][vc_btn title=&#8221;Fiche technique&#8221; style=&#8221;custom&#8221; custom_background=&#8221;#e38a00&#8243; custom_text=&#8221;#ffffff&#8221; link=&#8221;url:https%3A%2F%2Fwww.vergnet-hydro.com%2Fvh%2F50100b_rsr_bd&#8221;][\/vc_column][\/vc_row][vc_row css=&#8221;.vc_custom_1612177427499{margin-top: 20px !important;border-bottom-width: 1px !important;border-bottom-color: #e0e0e0 !important;border-bottom-style: solid !important;}&#8221;][vc_column width=&#8221;1\/4&#8243;][vc_column_text el_class=&#8221;imgspe&#8221;]<\/p>\n<p style=\"text-align: center;\"><img decoding=\"async\" src=\"https:\/\/www.vergnet-hydro.com\/vh\/wp-content\/uploads\/2020\/03\/Stockage-Reservoir-souple-Bache-Bourgoin-site-web.jpg\" alt=\"\" width=\"111\" height=\"111\" \/><\/p>\n<p>[\/vc_column_text][\/vc_column][vc_column width=&#8221;3\/4&#8243;][vc_column_text]<\/p>\n<h2><b>R\u00e9servoir souple d\u2019eau potable<\/b><\/h2>\n<p>[\/vc_column_text][vc_column_text]B\u00e2che souple pour le stockage de l&#8217;eau potable.[\/vc_column_text][\/vc_column][\/vc_row][vc_row css=&#8221;.vc_custom_1612177434137{margin-top: 20px !important;border-bottom-width: 1px !important;border-bottom-color: #e0e0e0 !important;border-bottom-style: solid !important;}&#8221;][vc_column width=&#8221;1\/4&#8243;][vc_column_text el_class=&#8221;imgspe&#8221;]<\/p>\n<p style=\"text-align: center;\"><img decoding=\"async\" src=\"https:\/\/www.vergnet-hydro.com\/vh\/wp-content\/uploads\/2020\/03\/Stockage-Reservoir-beton-site-web.jpg\" alt=\"\" width=\"111\" height=\"111\" \/><\/p>\n<p>[\/vc_column_text][\/vc_column][vc_column width=&#8221;3\/4&#8243;][vc_column_text]<\/p>\n<h2><b>R\u00e9servoir d\u2019eau potable en b\u00e9ton<\/b><\/h2>\n<p>[\/vc_column_text][vc_column_text]Avec nos entreprises partenaires, nous pouvons vous proposer nos services pour la r\u00e9alisation et l\u2019\u00e9quipement de vos r\u00e9servoirs d&#8217;eau potable en b\u00e9ton arm\u00e9.[\/vc_column_text][\/vc_column][\/vc_row][vc_row css=&#8221;.vc_custom_1612177439926{margin-top: 20px !important;margin-bottom: 36px !important;border-bottom-width: 1px !important;border-bottom-color: #e0e0e0 !important;border-bottom-style: solid !important;}&#8221;][vc_column width=&#8221;1\/4&#8243;][vc_column_text el_class=&#8221;imgspe&#8221;]<\/p>\n<p style=\"text-align: center;\"><img decoding=\"async\" src=\"https:\/\/www.vergnet-hydro.com\/vh\/wp-content\/uploads\/2020\/03\/Stockage-Reservoir-en-plaques-Hylands-site-web.jpg\" alt=\"\" width=\"111\" height=\"111\" \/><\/p>\n<p>[\/vc_column_text][\/vc_column][vc_column width=&#8221;3\/4&#8243;][vc_column_text]<\/p>\n<h2><b>R\u00e9servoir d\u2019eau potable modulaire<\/b><\/h2>\n<p>[\/vc_column_text][vc_column_text]R\u00e9servoir d&#8217;eau potable en plaques d\u2019acier galvanis\u00e9, PRV ou Inox.[\/vc_column_text][\/vc_column][\/vc_row][vc_row css=&#8221;.vc_custom_1612177446957{margin-top: 20px !important;margin-bottom: 36px !important;border-bottom-width: 1px !important;border-bottom-color: #e0e0e0 !important;}&#8221;][vc_column width=&#8221;1\/4&#8243;][vc_column_text el_class=&#8221;imgspe&#8221;]<\/p>\n<p style=\"text-align: center;\"><img decoding=\"async\" src=\"https:\/\/www.vergnet-hydro.com\/vh\/wp-content\/uploads\/2020\/02\/Bayard-robinet-a-flotteur-J2-10-jpg-300Wx300H.jpg\" alt=\"\" width=\"111\" height=\"111\" \/><\/p>\n<p>[\/vc_column_text][\/vc_column][vc_column width=&#8221;3\/4&#8243;][vc_column_text]<\/p>\n<h2><b>Accessoires<\/b><\/h2>\n<p>[\/vc_column_text][vc_column_text]Fournitures de tous les accessoires de r\u00e9servoirs d&#8217;eau potable : indicateur de niveau visuel, enregistreur de niveau, poire de niveau, robinet flotteur, paratonnerre, \u2026[\/vc_column_text][\/vc_column][\/vc_row]<\/p>\n<\/div>","protected":false},"excerpt":{"rendered":"<p>[vc_row bg_type=&#8221;bg_color&#8221; bg_override=&#8221;full&#8221; bg_color_value=&#8221;#ffffff&#8221;][vc_column][vc_column_text css=&#8221;.vc_custom_1612177396001{margin-top: 36px !important;}&#8221; el_class=&#8221;imgspe&#8221;] [\/vc_column_text][vc_custom_heading text=&#8221;R\u00e9servoirs d\u2019eau potable pour l\u2019Afrique&#8221; font_container=&#8221;tag:h1|font_size:30|text_align:center|color:%23d08100&#8243; google_fonts=&#8221;font_family:Roboto%3A100%2C100italic%2C300%2C300italic%2Cregular%2Citalic%2C500%2C500italic%2C700%2C700italic%2C900%2C900italic|font_style:700%20bold%20regular%3A700%3Anormal&#8221; css=&#8221;.vc_custom_1639046456714{margin-top: 0px !important;margin-bottom: 30px !important;}&#8221;][\/vc_column][\/vc_row][vc_row css=&#8221;.vc_custom_1576584794238{border-bottom-width: 1px !important;border-bottom-color: #e0e0e0&#8230;<\/p>\n","protected":false},"author":5,"featured_media":0,"parent":0,"menu_order":0,"comment_status":"closed","ping_status":"closed","template":"","meta":{"_vp_format_video_url":"","_vp_image_focal_point":[],"footnotes":""},"class_list":["post-23815","page","type-page","status-publish","hentry"],"yoast_head":"<!-- This site is optimized with the Yoast SEO plugin v25.8 - https:\/\/yoast.com\/wordpress\/plugins\/seo\/ -->\n<title>R\u00e9servoirs d\u2019eau potable pour l\u2019Afrique \u2013 VERGNET HYDRO<\/title>\n<meta name=\"description\" content=\"VERGNET HYDRO propose des r\u00e9servoirs d\u2019eau potable pour l\u2019Afrique : r\u00e9servoir au sol, r\u00e9servoir sur plateforme, r\u00e9servoir souple, r\u00e9servoir\u2026\" \/>\n<meta name=\"robots\" content=\"index, follow, max-snippet:-1, max-image-preview:large, max-video-preview:-1\" \/>\n<link rel=\"canonical\" href=\"https:\/\/www.vergnet-hydro.com\/vh\/reservoir-eau-potable-afrique\/\" \/>\n<meta property=\"og:locale\" content=\"fr_FR\" \/>\n<meta property=\"og:type\" content=\"article\" \/>\n<meta property=\"og:title\" content=\"R\u00e9servoirs d\u2019eau potable pour l\u2019Afrique \u2013 VERGNET HYDRO\" \/>\n<meta property=\"og:description\" content=\"VERGNET HYDRO propose des r\u00e9servoirs d\u2019eau potable pour l\u2019Afrique : r\u00e9servoir au sol, r\u00e9servoir sur plateforme, r\u00e9servoir souple, r\u00e9servoir\u2026\" \/>\n<meta property=\"og:url\" content=\"https:\/\/www.vergnet-hydro.com\/vh\/reservoir-eau-potable-afrique\/\" \/>\n<meta property=\"og:site_name\" content=\"Vergnet Hydro\" \/>\n<meta property=\"article:modified_time\" content=\"2021-12-09T10:49:24+00:00\" \/>\n<meta property=\"og:image\" content=\"https:\/\/www.vergnet-hydro.com\/vh\/wp-content\/uploads\/2020\/01\/pictogramme-stockage-eau-150x150.png\" \/>\n<meta name=\"twitter:card\" content=\"summary_large_image\" \/>\n<meta name=\"twitter:label1\" content=\"Dur\u00e9e de lecture estim\u00e9e\" \/>\n\t<meta name=\"twitter:data1\" content=\"4 minutes\" \/>\n<script type=\"application\/ld+json\" class=\"yoast-schema-graph\">{\"@context\":\"https:\/\/schema.org\",\"@graph\":[{\"@type\":\"WebPage\",\"@id\":\"https:\/\/www.vergnet-hydro.com\/vh\/reservoir-eau-potable-afrique\/\",\"url\":\"https:\/\/www.vergnet-hydro.com\/vh\/reservoir-eau-potable-afrique\/\",\"name\":\"R\u00e9servoirs d\u2019eau potable pour l\u2019Afrique \u2013 VERGNET HYDRO\",\"isPartOf\":{\"@id\":\"https:\/\/www.vergnet-hydro.com\/vh\/#website\"},\"primaryImageOfPage\":{\"@id\":\"https:\/\/www.vergnet-hydro.com\/vh\/reservoir-eau-potable-afrique\/#primaryimage\"},\"image\":{\"@id\":\"https:\/\/www.vergnet-hydro.com\/vh\/reservoir-eau-potable-afrique\/#primaryimage\"},\"thumbnailUrl\":\"https:\/\/www.vergnet-hydro.com\/vh\/wp-content\/uploads\/2020\/01\/pictogramme-stockage-eau-150x150.png\",\"datePublished\":\"2020-01-14T11:28:21+00:00\",\"dateModified\":\"2021-12-09T10:49:24+00:00\",\"description\":\"VERGNET HYDRO propose des r\u00e9servoirs d\u2019eau potable pour l\u2019Afrique : r\u00e9servoir au sol, r\u00e9servoir sur plateforme, r\u00e9servoir souple, r\u00e9servoir\u2026\",\"breadcrumb\":{\"@id\":\"https:\/\/www.vergnet-hydro.com\/vh\/reservoir-eau-potable-afrique\/#breadcrumb\"},\"inLanguage\":\"fr-FR\",\"potentialAction\":[{\"@type\":\"ReadAction\",\"target\":[\"https:\/\/www.vergnet-hydro.com\/vh\/reservoir-eau-potable-afrique\/\"]}]},{\"@type\":\"ImageObject\",\"inLanguage\":\"fr-FR\",\"@id\":\"https:\/\/www.vergnet-hydro.com\/vh\/reservoir-eau-potable-afrique\/#primaryimage\",\"url\":\"https:\/\/www.vergnet-hydro.com\/vh\/wp-content\/uploads\/2020\/01\/pictogramme-stockage-eau.png\",\"contentUrl\":\"https:\/\/www.vergnet-hydro.com\/vh\/wp-content\/uploads\/2020\/01\/pictogramme-stockage-eau.png\",\"width\":250,\"height\":250,\"caption\":\"stockage de l'eau\"},{\"@type\":\"BreadcrumbList\",\"@id\":\"https:\/\/www.vergnet-hydro.com\/vh\/reservoir-eau-potable-afrique\/#breadcrumb\",\"itemListElement\":[{\"@type\":\"ListItem\",\"position\":1,\"name\":\"Accueil\",\"item\":\"https:\/\/www.vergnet-hydro.com\/vh\/\"},{\"@type\":\"ListItem\",\"position\":2,\"name\":\"R\u00e9servoirs d\u2019eau potable pour l\u2019Afrique\"}]},{\"@type\":\"WebSite\",\"@id\":\"https:\/\/www.vergnet-hydro.com\/vh\/#website\",\"url\":\"https:\/\/www.vergnet-hydro.com\/vh\/\",\"name\":\"Vergnet Hydro\",\"description\":\"\",\"potentialAction\":[{\"@type\":\"SearchAction\",\"target\":{\"@type\":\"EntryPoint\",\"urlTemplate\":\"https:\/\/www.vergnet-hydro.com\/vh\/?s={search_term_string}\"},\"query-input\":{\"@type\":\"PropertyValueSpecification\",\"valueRequired\":true,\"valueName\":\"search_term_string\"}}],\"inLanguage\":\"fr-FR\"}]}<\/script>\n<!-- \/ Yoast SEO plugin. -->","yoast_head_json":{"title":"R\u00e9servoirs d\u2019eau potable pour l\u2019Afrique \u2013 VERGNET HYDRO","description":"VERGNET HYDRO propose des r\u00e9servoirs d\u2019eau potable pour l\u2019Afrique : r\u00e9servoir au sol, r\u00e9servoir sur plateforme, r\u00e9servoir souple, r\u00e9servoir\u2026","robots":{"index":"index","follow":"follow","max-snippet":"max-snippet:-1","max-image-preview":"max-image-preview:large","max-video-preview":"max-video-preview:-1"},"canonical":"https:\/\/www.vergnet-hydro.com\/vh\/reservoir-eau-potable-afrique\/","og_locale":"fr_FR","og_type":"article","og_title":"R\u00e9servoirs d\u2019eau potable pour l\u2019Afrique \u2013 VERGNET HYDRO","og_description":"VERGNET HYDRO propose des r\u00e9servoirs d\u2019eau potable pour l\u2019Afrique : r\u00e9servoir au sol, r\u00e9servoir sur plateforme, r\u00e9servoir souple, r\u00e9servoir\u2026","og_url":"https:\/\/www.vergnet-hydro.com\/vh\/reservoir-eau-potable-afrique\/","og_site_name":"Vergnet Hydro","article_modified_time":"2021-12-09T10:49:24+00:00","og_image":[{"url":"https:\/\/www.vergnet-hydro.com\/vh\/wp-content\/uploads\/2020\/01\/pictogramme-stockage-eau-150x150.png","type":"","width":"","height":""}],"twitter_card":"summary_large_image","twitter_misc":{"Dur\u00e9e de lecture estim\u00e9e":"4 minutes"},"schema":{"@context":"https:\/\/schema.org","@graph":[{"@type":"WebPage","@id":"https:\/\/www.vergnet-hydro.com\/vh\/reservoir-eau-potable-afrique\/","url":"https:\/\/www.vergnet-hydro.com\/vh\/reservoir-eau-potable-afrique\/","name":"R\u00e9servoirs d\u2019eau potable pour l\u2019Afrique \u2013 VERGNET HYDRO","isPartOf":{"@id":"https:\/\/www.vergnet-hydro.com\/vh\/#website"},"primaryImageOfPage":{"@id":"https:\/\/www.vergnet-hydro.com\/vh\/reservoir-eau-potable-afrique\/#primaryimage"},"image":{"@id":"https:\/\/www.vergnet-hydro.com\/vh\/reservoir-eau-potable-afrique\/#primaryimage"},"thumbnailUrl":"https:\/\/www.vergnet-hydro.com\/vh\/wp-content\/uploads\/2020\/01\/pictogramme-stockage-eau-150x150.png","datePublished":"2020-01-14T11:28:21+00:00","dateModified":"2021-12-09T10:49:24+00:00","description":"VERGNET HYDRO propose des r\u00e9servoirs d\u2019eau potable pour l\u2019Afrique : r\u00e9servoir au sol, r\u00e9servoir sur plateforme, r\u00e9servoir souple, r\u00e9servoir\u2026","breadcrumb":{"@id":"https:\/\/www.vergnet-hydro.com\/vh\/reservoir-eau-potable-afrique\/#breadcrumb"},"inLanguage":"fr-FR","potentialAction":[{"@type":"ReadAction","target":["https:\/\/www.vergnet-hydro.com\/vh\/reservoir-eau-potable-afrique\/"]}]},{"@type":"ImageObject","inLanguage":"fr-FR","@id":"https:\/\/www.vergnet-hydro.com\/vh\/reservoir-eau-potable-afrique\/#primaryimage","url":"https:\/\/www.vergnet-hydro.com\/vh\/wp-content\/uploads\/2020\/01\/pictogramme-stockage-eau.png","contentUrl":"https:\/\/www.vergnet-hydro.com\/vh\/wp-content\/uploads\/2020\/01\/pictogramme-stockage-eau.png","width":250,"height":250,"caption":"stockage de l'eau"},{"@type":"BreadcrumbList","@id":"https:\/\/www.vergnet-hydro.com\/vh\/reservoir-eau-potable-afrique\/#breadcrumb","itemListElement":[{"@type":"ListItem","position":1,"name":"Accueil","item":"https:\/\/www.vergnet-hydro.com\/vh\/"},{"@type":"ListItem","position":2,"name":"R\u00e9servoirs d\u2019eau potable pour l\u2019Afrique"}]},{"@type":"WebSite","@id":"https:\/\/www.vergnet-hydro.com\/vh\/#website","url":"https:\/\/www.vergnet-hydro.com\/vh\/","name":"Vergnet Hydro","description":"","potentialAction":[{"@type":"SearchAction","target":{"@type":"EntryPoint","urlTemplate":"https:\/\/www.vergnet-hydro.com\/vh\/?s={search_term_string}"},"query-input":{"@type":"PropertyValueSpecification","valueRequired":true,"valueName":"search_term_string"}}],"inLanguage":"fr-FR"}]}},"_links":{"self":[{"href":"https:\/\/www.vergnet-hydro.com\/vh\/wp-json\/wp\/v2\/pages\/23815","targetHints":{"allow":["GET"]}}],"collection":[{"href":"https:\/\/www.vergnet-hydro.com\/vh\/wp-json\/wp\/v2\/pages"}],"about":[{"href":"https:\/\/www.vergnet-hydro.com\/vh\/wp-json\/wp\/v2\/types\/page"}],"author":[{"embeddable":true,"href":"https:\/\/www.vergnet-hydro.com\/vh\/wp-json\/wp\/v2\/users\/5"}],"replies":[{"embeddable":true,"href":"https:\/\/www.vergnet-hydro.com\/vh\/wp-json\/wp\/v2\/comments?post=23815"}],"version-history":[{"count":35,"href":"https:\/\/www.vergnet-hydro.com\/vh\/wp-json\/wp\/v2\/pages\/23815\/revisions"}],"predecessor-version":[{"id":25998,"href":"https:\/\/www.vergnet-hydro.com\/vh\/wp-json\/wp\/v2\/pages\/23815\/revisions\/25998"}],"wp:attachment":[{"href":"https:\/\/www.vergnet-hydro.com\/vh\/wp-json\/wp\/v2\/media?parent=23815"}],"curies":[{"name":"wp","href":"https:\/\/api.w.org\/{rel}","templated":true}]}}