{"id":23571,"date":"2019-12-16T10:23:32","date_gmt":"2019-12-16T09:23:32","guid":{"rendered":"https:\/\/www.vergnet-hydro.com\/vh\/vameurs-vergnet-hydro-copy\/"},"modified":"2021-12-09T14:29:49","modified_gmt":"2021-12-09T13:29:49","slug":"services-eau-potable","status":"publish","type":"page","link":"https:\/\/www.vergnet-hydro.com\/vh\/services-eau-potable\/","title":{"rendered":"Nos services pour le secteur de l\u2019eau potable en Afrique"},"content":{"rendered":"<div class=\"wpb-content-wrapper\"><p>[vc_row bg_type=&#8221;image&#8221; bg_override=&#8221;full&#8221; css=&#8221;.vc_custom_1582796921651{margin-top: -50px !important;padding-top: 150px !important;padding-bottom: 150px !important;background-image: url(https:\/\/www.vergnet-hydro.com\/vh\/wp-content\/uploads\/2019\/12\/centrale-achat-vergnet.jpg?id=23579) !important;background-position: center !important;background-repeat: no-repeat !important;background-size: cover !important;}&#8221;][vc_column][\/vc_column][\/vc_row][vc_row][vc_column][vc_custom_heading text=&#8221;Nos services pour chacune des \u00e9tapes de vos projets d\u2019alimentation en eau potable en Afrique&#8221; font_container=&#8221;tag:h1|font_size:30|text_align:left|color:%23d08100&#8243; google_fonts=&#8221;font_family:Roboto%3A100%2C100italic%2C300%2C300italic%2Cregular%2Citalic%2C500%2C500italic%2C700%2C700italic%2C900%2C900italic|font_style:700%20bold%20regular%3A700%3Anormal&#8221; css=&#8221;.vc_custom_1639056285736{margin-top: 36px !important;margin-bottom: 30px !important;}&#8221;][vc_column_text]<\/p>\n<h2>Des solutions de qualit\u00e9, de la fourniture standard aux syst\u00e8mes sur-mesure (supply chain, achat, logistique, bureau d\u2019\u00e9tudes et partenaires locaux), pour chacune des \u00e9tapes de vos projets d\u2019alimentation en eau potable en Afrique : captage, pompage, stockage, traitement, distribution, comptage, gestion et SAV.<\/h2>\n<p>[\/vc_column_text][vc_column_text]<\/p>\n<h2>Supply chain pour l&#8217;eau potable<\/h2>\n<h3>Centrale d&#8217;achat pour l&#8217;eau potable<\/h3>\n<ul>\n<li>Un service achat et approvisionnement sp\u00e9cialis\u00e9 dans les fournitures techniques pour l\u2019adduction\u00a0 d\u2019eau potable et en lien avec une large vari\u00e9t\u00e9 de fournisseurs.<\/li>\n<li>Une gestion anticip\u00e9e des stocks garantissant une forte r\u00e9activit\u00e9.<\/li>\n<li>Un Syst\u00e8me de Management de la Qualit\u00e9 ISO 9001-2015 incluant le contr\u00f4le de conformit\u00e9 (mesures et tests) et, pour les assemblages, de compatibilit\u00e9 (certification ISO 14001-2015 en cours).<\/li>\n<\/ul>\n<h3>Capacit\u00e9s industrielles et logistiques pour l&#8217;eau potable<img decoding=\"async\" class=\"alignright wp-image-25693 size-medium\" src=\"https:\/\/www.vergnet-hydro.com\/vh\/wp-content\/uploads\/2021\/03\/20200129-Fabrice-JEAN-charge-container-pour-le-Tchad-300x225.jpg\" alt=\"\" width=\"300\" height=\"225\" srcset=\"https:\/\/www.vergnet-hydro.com\/vh\/wp-content\/uploads\/2021\/03\/20200129-Fabrice-JEAN-charge-container-pour-le-Tchad-300x225.jpg 300w, https:\/\/www.vergnet-hydro.com\/vh\/wp-content\/uploads\/2021\/03\/20200129-Fabrice-JEAN-charge-container-pour-le-Tchad-1024x768.jpg 1024w, https:\/\/www.vergnet-hydro.com\/vh\/wp-content\/uploads\/2021\/03\/20200129-Fabrice-JEAN-charge-container-pour-le-Tchad-768x576.jpg 768w, https:\/\/www.vergnet-hydro.com\/vh\/wp-content\/uploads\/2021\/03\/20200129-Fabrice-JEAN-charge-container-pour-le-Tchad-500x375.jpg 500w, https:\/\/www.vergnet-hydro.com\/vh\/wp-content\/uploads\/2021\/03\/20200129-Fabrice-JEAN-charge-container-pour-le-Tchad-800x600.jpg 800w, https:\/\/www.vergnet-hydro.com\/vh\/wp-content\/uploads\/2021\/03\/20200129-Fabrice-JEAN-charge-container-pour-le-Tchad-1280x960.jpg 1280w, https:\/\/www.vergnet-hydro.com\/vh\/wp-content\/uploads\/2021\/03\/20200129-Fabrice-JEAN-charge-container-pour-le-Tchad-1920x1440.jpg 1920w, https:\/\/www.vergnet-hydro.com\/vh\/wp-content\/uploads\/2021\/03\/20200129-Fabrice-JEAN-charge-container-pour-le-Tchad-1536x1152.jpg 1536w, https:\/\/www.vergnet-hydro.com\/vh\/wp-content\/uploads\/2021\/03\/20200129-Fabrice-JEAN-charge-container-pour-le-Tchad-2048x1536.jpg 2048w\" sizes=\"(max-width: 300px) 100vw, 300px\" \/><\/h3>\n<ul>\n<li>40 ans d\u2019exp\u00e9rience dans le conditionnement (colisage et emballage) et l\u2019exp\u00e9dition d\u2019une gamme de pr\u00e8s de 3 000 \u00e9quipements dans 35 pays d\u2019Afrique Subsaharienne.<\/li>\n<li>Un service logistique d\u00e9di\u00e9 \u00e0 la recherche du meilleur rapport prix\/d\u00e9lai.<\/li>\n<li>Une infrastructure et des \u00e9quipements d\u2019exp\u00e9dition : quai de chargement, potence, etc.<\/li>\n<li>Un entrep\u00f4t industriel de 1 500 m2.<\/li>\n<\/ul>\n<p>[\/vc_column_text][vc_column_text]<\/p>\n<h2>Bureau d&#8217;\u00e9tudes sp\u00e9cialiste de l&#8217;eau potable<\/h2>\n<ul>\n<li>Une \u00e9quipe d\u2019ing\u00e9nieurs pluridisciplinaire.<\/li>\n<li>Des outils de conception 3D, de calculs par \u00e9l\u00e9ments finis, de dimensionnement solaire et de r\u00e9seaux hydrauliques.<\/li>\n<li>Un centre d\u2019essais int\u00e9gr\u00e9 \u00e0 l\u2019usine : bancs de tests solaire et hydraulique, forage conventionnel et forage borgne\u00a0pour les travaux de R&amp;D, etc.<\/li>\n<\/ul>\n<h2>Relation client pour l&#8217;eau potable<img decoding=\"async\" class=\"size-medium wp-image-23586 alignright\" src=\"https:\/\/www.vergnet-hydro.com\/vh\/wp-content\/uploads\/2019\/12\/relation-client-300x200.jpg\" alt=\"\" width=\"300\" height=\"200\" srcset=\"https:\/\/www.vergnet-hydro.com\/vh\/wp-content\/uploads\/2019\/12\/relation-client-300x200.jpg 300w, https:\/\/www.vergnet-hydro.com\/vh\/wp-content\/uploads\/2019\/12\/relation-client.jpg 500w\" sizes=\"(max-width: 300px) 100vw, 300px\" \/><\/h2>\n<ul>\n<li>Un interlocuteur d\u00e9di\u00e9 qui vous accompagne tout au long de la vie du projet (d\u00e9finition du besoin, design, installation, mise en service, notices, plans, formation \u00e0 l\u2019usine ou sur site, assistance SAV).<\/li>\n<li>Un r\u00e9seau de partenaires pour vous \u00e9pauler localement.<\/li>\n<\/ul>\n<p>[\/vc_column_text][\/vc_column][\/vc_row]<\/p>\n<\/div>","protected":false},"excerpt":{"rendered":"<p>[vc_row bg_type=&#8221;image&#8221; bg_override=&#8221;full&#8221; css=&#8221;.vc_custom_1582796921651{margin-top: -50px !important;padding-top: 150px !important;padding-bottom: 150px !important;background-image: url(https:\/\/www.vergnet-hydro.com\/vh\/wp-content\/uploads\/2019\/12\/centrale-achat-vergnet.jpg?id=23579) !important;background-position: center !important;background-repeat: no-repeat !important;background-size: cover !important;}&#8221;][vc_column][\/vc_column][\/vc_row][vc_row][vc_column][vc_custom_heading text=&#8221;Nos services pour chacune des \u00e9tapes de&#8230;<\/p>\n","protected":false},"author":5,"featured_media":0,"parent":0,"menu_order":0,"comment_status":"closed","ping_status":"closed","template":"","meta":{"_vp_format_video_url":"","_vp_image_focal_point":[],"footnotes":""},"class_list":["post-23571","page","type-page","status-publish","hentry"],"yoast_head":"<!-- This site is optimized with the Yoast SEO plugin v25.8 - https:\/\/yoast.com\/wordpress\/plugins\/seo\/ -->\n<title>Nos services pour le secteur de l\u2019eau potable (VERGNET HYDRO)<\/title>\n<meta name=\"description\" content=\"VERGNET HYDRO propose des solutions de qualit\u00e9, de la fourniture standard aux syst\u00e8mes sur-mesure (supply chain, achat, logistique\u2026\" \/>\n<meta name=\"robots\" content=\"index, follow, max-snippet:-1, max-image-preview:large, max-video-preview:-1\" \/>\n<link rel=\"canonical\" href=\"https:\/\/www.vergnet-hydro.com\/vh\/services-eau-potable\/\" \/>\n<meta property=\"og:locale\" content=\"fr_FR\" \/>\n<meta property=\"og:type\" content=\"article\" \/>\n<meta property=\"og:title\" content=\"Nos services pour le secteur de l\u2019eau potable (VERGNET HYDRO)\" \/>\n<meta property=\"og:description\" content=\"VERGNET HYDRO propose des solutions de qualit\u00e9, de la fourniture standard aux syst\u00e8mes sur-mesure (supply chain, achat, logistique\u2026\" \/>\n<meta property=\"og:url\" content=\"https:\/\/www.vergnet-hydro.com\/vh\/services-eau-potable\/\" \/>\n<meta property=\"og:site_name\" content=\"Vergnet Hydro\" \/>\n<meta property=\"article:modified_time\" content=\"2021-12-09T13:29:49+00:00\" \/>\n<meta property=\"og:image\" content=\"https:\/\/www.vergnet-hydro.com\/vh\/wp-content\/uploads\/2021\/03\/20200129-Fabrice-JEAN-charge-container-pour-le-Tchad-300x225.jpg\" \/>\n<meta name=\"twitter:card\" content=\"summary_large_image\" \/>\n<meta name=\"twitter:label1\" content=\"Dur\u00e9e de lecture estim\u00e9e\" \/>\n\t<meta name=\"twitter:data1\" content=\"2 minutes\" \/>\n<script type=\"application\/ld+json\" class=\"yoast-schema-graph\">{\"@context\":\"https:\/\/schema.org\",\"@graph\":[{\"@type\":\"WebPage\",\"@id\":\"https:\/\/www.vergnet-hydro.com\/vh\/services-eau-potable\/\",\"url\":\"https:\/\/www.vergnet-hydro.com\/vh\/services-eau-potable\/\",\"name\":\"Nos services pour le secteur de l\u2019eau potable (VERGNET HYDRO)\",\"isPartOf\":{\"@id\":\"https:\/\/www.vergnet-hydro.com\/vh\/#website\"},\"primaryImageOfPage\":{\"@id\":\"https:\/\/www.vergnet-hydro.com\/vh\/services-eau-potable\/#primaryimage\"},\"image\":{\"@id\":\"https:\/\/www.vergnet-hydro.com\/vh\/services-eau-potable\/#primaryimage\"},\"thumbnailUrl\":\"https:\/\/www.vergnet-hydro.com\/vh\/wp-content\/uploads\/2021\/03\/20200129-Fabrice-JEAN-charge-container-pour-le-Tchad-300x225.jpg\",\"datePublished\":\"2019-12-16T09:23:32+00:00\",\"dateModified\":\"2021-12-09T13:29:49+00:00\",\"description\":\"VERGNET HYDRO propose des solutions de qualit\u00e9, de la fourniture standard aux syst\u00e8mes sur-mesure (supply chain, achat, logistique\u2026\",\"breadcrumb\":{\"@id\":\"https:\/\/www.vergnet-hydro.com\/vh\/services-eau-potable\/#breadcrumb\"},\"inLanguage\":\"fr-FR\",\"potentialAction\":[{\"@type\":\"ReadAction\",\"target\":[\"https:\/\/www.vergnet-hydro.com\/vh\/services-eau-potable\/\"]}]},{\"@type\":\"ImageObject\",\"inLanguage\":\"fr-FR\",\"@id\":\"https:\/\/www.vergnet-hydro.com\/vh\/services-eau-potable\/#primaryimage\",\"url\":\"https:\/\/www.vergnet-hydro.com\/vh\/wp-content\/uploads\/2021\/03\/20200129-Fabrice-JEAN-charge-container-pour-le-Tchad-300x225.jpg\",\"contentUrl\":\"https:\/\/www.vergnet-hydro.com\/vh\/wp-content\/uploads\/2021\/03\/20200129-Fabrice-JEAN-charge-container-pour-le-Tchad-300x225.jpg\"},{\"@type\":\"BreadcrumbList\",\"@id\":\"https:\/\/www.vergnet-hydro.com\/vh\/services-eau-potable\/#breadcrumb\",\"itemListElement\":[{\"@type\":\"ListItem\",\"position\":1,\"name\":\"Accueil\",\"item\":\"https:\/\/www.vergnet-hydro.com\/vh\/\"},{\"@type\":\"ListItem\",\"position\":2,\"name\":\"Nos services pour le secteur de l\u2019eau potable en Afrique\"}]},{\"@type\":\"WebSite\",\"@id\":\"https:\/\/www.vergnet-hydro.com\/vh\/#website\",\"url\":\"https:\/\/www.vergnet-hydro.com\/vh\/\",\"name\":\"Vergnet Hydro\",\"description\":\"\",\"potentialAction\":[{\"@type\":\"SearchAction\",\"target\":{\"@type\":\"EntryPoint\",\"urlTemplate\":\"https:\/\/www.vergnet-hydro.com\/vh\/?s={search_term_string}\"},\"query-input\":{\"@type\":\"PropertyValueSpecification\",\"valueRequired\":true,\"valueName\":\"search_term_string\"}}],\"inLanguage\":\"fr-FR\"}]}<\/script>\n<!-- \/ Yoast SEO plugin. -->","yoast_head_json":{"title":"Nos services pour le secteur de l\u2019eau potable (VERGNET HYDRO)","description":"VERGNET HYDRO propose des solutions de qualit\u00e9, de la fourniture standard aux syst\u00e8mes sur-mesure (supply chain, achat, logistique\u2026","robots":{"index":"index","follow":"follow","max-snippet":"max-snippet:-1","max-image-preview":"max-image-preview:large","max-video-preview":"max-video-preview:-1"},"canonical":"https:\/\/www.vergnet-hydro.com\/vh\/services-eau-potable\/","og_locale":"fr_FR","og_type":"article","og_title":"Nos services pour le secteur de l\u2019eau potable (VERGNET HYDRO)","og_description":"VERGNET HYDRO propose des solutions de qualit\u00e9, de la fourniture standard aux syst\u00e8mes sur-mesure (supply chain, achat, logistique\u2026","og_url":"https:\/\/www.vergnet-hydro.com\/vh\/services-eau-potable\/","og_site_name":"Vergnet Hydro","article_modified_time":"2021-12-09T13:29:49+00:00","og_image":[{"url":"https:\/\/www.vergnet-hydro.com\/vh\/wp-content\/uploads\/2021\/03\/20200129-Fabrice-JEAN-charge-container-pour-le-Tchad-300x225.jpg","type":"","width":"","height":""}],"twitter_card":"summary_large_image","twitter_misc":{"Dur\u00e9e de lecture estim\u00e9e":"2 minutes"},"schema":{"@context":"https:\/\/schema.org","@graph":[{"@type":"WebPage","@id":"https:\/\/www.vergnet-hydro.com\/vh\/services-eau-potable\/","url":"https:\/\/www.vergnet-hydro.com\/vh\/services-eau-potable\/","name":"Nos services pour le secteur de l\u2019eau potable (VERGNET HYDRO)","isPartOf":{"@id":"https:\/\/www.vergnet-hydro.com\/vh\/#website"},"primaryImageOfPage":{"@id":"https:\/\/www.vergnet-hydro.com\/vh\/services-eau-potable\/#primaryimage"},"image":{"@id":"https:\/\/www.vergnet-hydro.com\/vh\/services-eau-potable\/#primaryimage"},"thumbnailUrl":"https:\/\/www.vergnet-hydro.com\/vh\/wp-content\/uploads\/2021\/03\/20200129-Fabrice-JEAN-charge-container-pour-le-Tchad-300x225.jpg","datePublished":"2019-12-16T09:23:32+00:00","dateModified":"2021-12-09T13:29:49+00:00","description":"VERGNET HYDRO propose des solutions de qualit\u00e9, de la fourniture standard aux syst\u00e8mes sur-mesure (supply chain, achat, logistique\u2026","breadcrumb":{"@id":"https:\/\/www.vergnet-hydro.com\/vh\/services-eau-potable\/#breadcrumb"},"inLanguage":"fr-FR","potentialAction":[{"@type":"ReadAction","target":["https:\/\/www.vergnet-hydro.com\/vh\/services-eau-potable\/"]}]},{"@type":"ImageObject","inLanguage":"fr-FR","@id":"https:\/\/www.vergnet-hydro.com\/vh\/services-eau-potable\/#primaryimage","url":"https:\/\/www.vergnet-hydro.com\/vh\/wp-content\/uploads\/2021\/03\/20200129-Fabrice-JEAN-charge-container-pour-le-Tchad-300x225.jpg","contentUrl":"https:\/\/www.vergnet-hydro.com\/vh\/wp-content\/uploads\/2021\/03\/20200129-Fabrice-JEAN-charge-container-pour-le-Tchad-300x225.jpg"},{"@type":"BreadcrumbList","@id":"https:\/\/www.vergnet-hydro.com\/vh\/services-eau-potable\/#breadcrumb","itemListElement":[{"@type":"ListItem","position":1,"name":"Accueil","item":"https:\/\/www.vergnet-hydro.com\/vh\/"},{"@type":"ListItem","position":2,"name":"Nos services pour le secteur de l\u2019eau potable en Afrique"}]},{"@type":"WebSite","@id":"https:\/\/www.vergnet-hydro.com\/vh\/#website","url":"https:\/\/www.vergnet-hydro.com\/vh\/","name":"Vergnet Hydro","description":"","potentialAction":[{"@type":"SearchAction","target":{"@type":"EntryPoint","urlTemplate":"https:\/\/www.vergnet-hydro.com\/vh\/?s={search_term_string}"},"query-input":{"@type":"PropertyValueSpecification","valueRequired":true,"valueName":"search_term_string"}}],"inLanguage":"fr-FR"}]}},"_links":{"self":[{"href":"https:\/\/www.vergnet-hydro.com\/vh\/wp-json\/wp\/v2\/pages\/23571","targetHints":{"allow":["GET"]}}],"collection":[{"href":"https:\/\/www.vergnet-hydro.com\/vh\/wp-json\/wp\/v2\/pages"}],"about":[{"href":"https:\/\/www.vergnet-hydro.com\/vh\/wp-json\/wp\/v2\/types\/page"}],"author":[{"embeddable":true,"href":"https:\/\/www.vergnet-hydro.com\/vh\/wp-json\/wp\/v2\/users\/5"}],"replies":[{"embeddable":true,"href":"https:\/\/www.vergnet-hydro.com\/vh\/wp-json\/wp\/v2\/comments?post=23571"}],"version-history":[{"count":22,"href":"https:\/\/www.vergnet-hydro.com\/vh\/wp-json\/wp\/v2\/pages\/23571\/revisions"}],"predecessor-version":[{"id":26016,"href":"https:\/\/www.vergnet-hydro.com\/vh\/wp-json\/wp\/v2\/pages\/23571\/revisions\/26016"}],"wp:attachment":[{"href":"https:\/\/www.vergnet-hydro.com\/vh\/wp-json\/wp\/v2\/media?parent=23571"}],"curies":[{"name":"wp","href":"https:\/\/api.w.org\/{rel}","templated":true}]}}