{"id":23564,"date":"2019-12-16T10:01:31","date_gmt":"2019-12-16T09:01:31","guid":{"rendered":"https:\/\/www.vergnet-hydro.com\/vh\/clients-vergnet-hydro-copy\/"},"modified":"2025-06-10T14:15:54","modified_gmt":"2025-06-10T13:15:54","slug":"rapport-annuel-odial-solutions","status":"publish","type":"page","link":"https:\/\/www.vergnet-hydro.com\/vh\/rapport-annuel-odial-solutions\/","title":{"rendered":"Rapport annuel du groupe ODIAL SOLUTIONS"},"content":{"rendered":"<div class=\"wpb-content-wrapper\"><p>[vc_row][vc_column][vc_custom_heading text=&#8221;Renforcer notre impact, durablement&#8221; font_container=&#8221;tag:h1|font_size:30|text_align:left|color:%23d08100&#8243; google_fonts=&#8221;font_family:Roboto%3A100%2C100italic%2C300%2C300italic%2Cregular%2Citalic%2C500%2C500italic%2C700%2C700italic%2C900%2C900italic|font_style:700%20bold%20regular%3A700%3Anormal&#8221; css=&#8221;.vc_custom_1749560873310{padding-bottom: 20px !important;}&#8221;][vc_column_text]<\/p>\n<h1 class=\"entry-title\">Rappo<a href=\"https:\/\/www.vergnet-hydro.com\/vh\/wp-content\/uploads\/2025\/06\/Couverture_Rapport-Annuel-2025-1.jpg\"><img decoding=\"async\" class=\" wp-image-26957 alignleft\" src=\"https:\/\/www.vergnet-hydro.com\/vh\/wp-content\/uploads\/2025\/06\/Couverture_Rapport-Annuel-2025-1-211x300.jpg\" alt=\"\" width=\"180\" height=\"256\" srcset=\"https:\/\/www.vergnet-hydro.com\/vh\/wp-content\/uploads\/2025\/06\/Couverture_Rapport-Annuel-2025-1-211x300.jpg 211w, https:\/\/www.vergnet-hydro.com\/vh\/wp-content\/uploads\/2025\/06\/Couverture_Rapport-Annuel-2025-1-720x1024.jpg 720w, https:\/\/www.vergnet-hydro.com\/vh\/wp-content\/uploads\/2025\/06\/Couverture_Rapport-Annuel-2025-1-768x1093.jpg 768w, https:\/\/www.vergnet-hydro.com\/vh\/wp-content\/uploads\/2025\/06\/Couverture_Rapport-Annuel-2025-1-500x711.jpg 500w, https:\/\/www.vergnet-hydro.com\/vh\/wp-content\/uploads\/2025\/06\/Couverture_Rapport-Annuel-2025-1-800x1138.jpg 800w, https:\/\/www.vergnet-hydro.com\/vh\/wp-content\/uploads\/2025\/06\/Couverture_Rapport-Annuel-2025-1.jpg 833w\" sizes=\"(max-width: 180px) 100vw, 180px\" \/><\/a>rt annuel Odial Solutions sur l&#8217;ann\u00e9e 2024<\/h1>\n<div class=\"content-article entry-content\">\n<p>Face aux bouleversements mondiaux et \u00e0 la pression croissante sur les ressources, Odial Solutions poursuit, avec conviction, sa mission \u00a0: garantir un acc\u00e8s durable \u00e0 l\u2019eau potable pour tous, en particulier dans les zones rurales d\u2019Afrique subsaharienne.<\/p>\n<p>Le rapport annuel illustre, \u00e0 travers des chiffres, des projets et des t\u00e9moignages, l\u2019engagement quotidien des \u00e9quipes du Groupe et de ses filiales pour transformer cette ambition en actions concr\u00e8tes.<\/p>\n<p>En 2024, plus de 1,5 million de personnes ont b\u00e9n\u00e9fici\u00e9 de nouveaux services d\u2019eau potable gr\u00e2ce \u00e0 nos actions.<\/p>\n<p><span data-teams=\"true\">R\u00e9habilitation de points d\u2019eau, pose de pompes \u00e0 motricit\u00e9 humaines sur des forages, construction de r\u00e9seaux d\u2019adduction d\u2019eau potable, installation d\u2019\u00e9quipements novateurs en mati\u00e8re de distribution de l\u2019eau : <\/span>nos r\u00e9alisations t\u00e9moignent d\u2019une capacit\u00e9 croissante \u00e0 d\u00e9ployer des solutions robustes, innovantes et adapt\u00e9es aux r\u00e9alit\u00e9s du terrain<\/p>\n<p>Au-del\u00e0 des chiffres, ce rapport met en lumi\u00e8re une \u00e9volution strat\u00e9gique du Groupe, d\u00e9sormais structur\u00e9 autour d\u2019un mod\u00e8le int\u00e9gr\u00e9 : ing\u00e9nierie de projet, construction et \u00e9quipement, service et gestion. Il refl\u00e8te aussi une mont\u00e9e en puissance des filiales locales, une politique RH tourn\u00e9e vers la formation et la qualit\u00e9 de vie au travail, et une contribution active aux Objectifs de D\u00e9veloppement Durable (ODD) d\u00e9finis par les Nations Unies.<\/p>\n<p>\u00c0 d\u00e9couvrir dans le rapport :<\/p>\n<ul>\n<li>Les temps forts et projets embl\u00e9matiques de l\u2019ann\u00e9e 2024<\/li>\n<li>L\u2019action des filiales UDUMA, SAHER, OMILAYE et VERGNET HYDRO sur le terrain<\/li>\n<li>Nos engagements environnementaux et en faveur d\u2019une gouvernance responsable<\/li>\n<\/ul>\n<h3><a href=\"https:\/\/www.vergnet-hydro.com\/vh\/wp-content\/uploads\/2025\/06\/RA-VERGNET-2025.pdf\">T\u00e9l\u00e9charger le rapport annuel<\/a><\/h3>\n<\/div>\n<p>[\/vc_column_text][\/vc_column][\/vc_row]<\/p>\n<\/div>","protected":false},"excerpt":{"rendered":"<p>[vc_row][vc_column][vc_custom_heading text=&#8221;Renforcer notre impact, durablement&#8221; font_container=&#8221;tag:h1|font_size:30|text_align:left|color:%23d08100&#8243; google_fonts=&#8221;font_family:Roboto%3A100%2C100italic%2C300%2C300italic%2Cregular%2Citalic%2C500%2C500italic%2C700%2C700italic%2C900%2C900italic|font_style:700%20bold%20regular%3A700%3Anormal&#8221; css=&#8221;.vc_custom_1749560873310{padding-bottom: 20px !important;}&#8221;][vc_column_text] Rapport annuel Odial Solutions sur l&#8217;ann\u00e9e 2024 Face aux bouleversements mondiaux et \u00e0 la pression&#8230;<\/p>\n","protected":false},"author":5,"featured_media":0,"parent":0,"menu_order":0,"comment_status":"closed","ping_status":"closed","template":"","meta":{"_vp_format_video_url":"","_vp_image_focal_point":[],"footnotes":""},"class_list":["post-23564","page","type-page","status-publish","hentry"],"yoast_head":"<!-- This site is optimized with the Yoast SEO plugin v25.8 - https:\/\/yoast.com\/wordpress\/plugins\/seo\/ -->\n<title>Notre rapport annuel (ODIAL SOLUTIONS)<\/title>\n<meta name=\"description\" content=\"Pand\u00e9mies, conflits arm\u00e9s, inflation\u2026 Ce qui ne tue pas rend plus fort ! L\u2019arme de la r\u00e9silience dans un contexte turbulent...\" \/>\n<meta name=\"robots\" content=\"index, follow, max-snippet:-1, max-image-preview:large, max-video-preview:-1\" \/>\n<link rel=\"canonical\" href=\"https:\/\/www.vergnet-hydro.com\/vh\/rapport-annuel-odial-solutions\/\" \/>\n<meta property=\"og:locale\" content=\"fr_FR\" \/>\n<meta property=\"og:type\" content=\"article\" \/>\n<meta property=\"og:title\" content=\"Notre rapport annuel (ODIAL SOLUTIONS)\" \/>\n<meta property=\"og:description\" content=\"Pand\u00e9mies, conflits arm\u00e9s, inflation\u2026 Ce qui ne tue pas rend plus fort ! L\u2019arme de la r\u00e9silience dans un contexte turbulent...\" \/>\n<meta property=\"og:url\" content=\"https:\/\/www.vergnet-hydro.com\/vh\/rapport-annuel-odial-solutions\/\" \/>\n<meta property=\"og:site_name\" content=\"Vergnet Hydro\" \/>\n<meta property=\"article:modified_time\" content=\"2025-06-10T13:15:54+00:00\" \/>\n<meta property=\"og:image\" content=\"https:\/\/www.vergnet-hydro.com\/vh\/wp-content\/uploads\/2025\/06\/Couverture_Rapport-Annuel-2025-1-211x300.jpg\" \/>\n<meta name=\"twitter:card\" content=\"summary_large_image\" \/>\n<meta name=\"twitter:label1\" content=\"Dur\u00e9e de lecture estim\u00e9e\" \/>\n\t<meta name=\"twitter:data1\" content=\"2 minutes\" \/>\n<script type=\"application\/ld+json\" class=\"yoast-schema-graph\">{\"@context\":\"https:\/\/schema.org\",\"@graph\":[{\"@type\":\"WebPage\",\"@id\":\"https:\/\/www.vergnet-hydro.com\/vh\/rapport-annuel-odial-solutions\/\",\"url\":\"https:\/\/www.vergnet-hydro.com\/vh\/rapport-annuel-odial-solutions\/\",\"name\":\"Notre rapport annuel (ODIAL SOLUTIONS)\",\"isPartOf\":{\"@id\":\"https:\/\/www.vergnet-hydro.com\/vh\/#website\"},\"primaryImageOfPage\":{\"@id\":\"https:\/\/www.vergnet-hydro.com\/vh\/rapport-annuel-odial-solutions\/#primaryimage\"},\"image\":{\"@id\":\"https:\/\/www.vergnet-hydro.com\/vh\/rapport-annuel-odial-solutions\/#primaryimage\"},\"thumbnailUrl\":\"https:\/\/www.vergnet-hydro.com\/vh\/wp-content\/uploads\/2025\/06\/Couverture_Rapport-Annuel-2025-1-211x300.jpg\",\"datePublished\":\"2019-12-16T09:01:31+00:00\",\"dateModified\":\"2025-06-10T13:15:54+00:00\",\"description\":\"Pand\u00e9mies, conflits arm\u00e9s, inflation\u2026 Ce qui ne tue pas rend plus fort ! L\u2019arme de la r\u00e9silience dans un contexte turbulent...\",\"breadcrumb\":{\"@id\":\"https:\/\/www.vergnet-hydro.com\/vh\/rapport-annuel-odial-solutions\/#breadcrumb\"},\"inLanguage\":\"fr-FR\",\"potentialAction\":[{\"@type\":\"ReadAction\",\"target\":[\"https:\/\/www.vergnet-hydro.com\/vh\/rapport-annuel-odial-solutions\/\"]}]},{\"@type\":\"ImageObject\",\"inLanguage\":\"fr-FR\",\"@id\":\"https:\/\/www.vergnet-hydro.com\/vh\/rapport-annuel-odial-solutions\/#primaryimage\",\"url\":\"https:\/\/www.vergnet-hydro.com\/vh\/wp-content\/uploads\/2025\/06\/Couverture_Rapport-Annuel-2025-1.jpg\",\"contentUrl\":\"https:\/\/www.vergnet-hydro.com\/vh\/wp-content\/uploads\/2025\/06\/Couverture_Rapport-Annuel-2025-1.jpg\",\"width\":833,\"height\":1185},{\"@type\":\"BreadcrumbList\",\"@id\":\"https:\/\/www.vergnet-hydro.com\/vh\/rapport-annuel-odial-solutions\/#breadcrumb\",\"itemListElement\":[{\"@type\":\"ListItem\",\"position\":1,\"name\":\"Accueil\",\"item\":\"https:\/\/www.vergnet-hydro.com\/vh\/\"},{\"@type\":\"ListItem\",\"position\":2,\"name\":\"Rapport annuel du groupe ODIAL SOLUTIONS\"}]},{\"@type\":\"WebSite\",\"@id\":\"https:\/\/www.vergnet-hydro.com\/vh\/#website\",\"url\":\"https:\/\/www.vergnet-hydro.com\/vh\/\",\"name\":\"Vergnet Hydro\",\"description\":\"\",\"potentialAction\":[{\"@type\":\"SearchAction\",\"target\":{\"@type\":\"EntryPoint\",\"urlTemplate\":\"https:\/\/www.vergnet-hydro.com\/vh\/?s={search_term_string}\"},\"query-input\":{\"@type\":\"PropertyValueSpecification\",\"valueRequired\":true,\"valueName\":\"search_term_string\"}}],\"inLanguage\":\"fr-FR\"}]}<\/script>\n<!-- \/ Yoast SEO plugin. -->","yoast_head_json":{"title":"Notre rapport annuel (ODIAL SOLUTIONS)","description":"Pand\u00e9mies, conflits arm\u00e9s, inflation\u2026 Ce qui ne tue pas rend plus fort ! L\u2019arme de la r\u00e9silience dans un contexte turbulent...","robots":{"index":"index","follow":"follow","max-snippet":"max-snippet:-1","max-image-preview":"max-image-preview:large","max-video-preview":"max-video-preview:-1"},"canonical":"https:\/\/www.vergnet-hydro.com\/vh\/rapport-annuel-odial-solutions\/","og_locale":"fr_FR","og_type":"article","og_title":"Notre rapport annuel (ODIAL SOLUTIONS)","og_description":"Pand\u00e9mies, conflits arm\u00e9s, inflation\u2026 Ce qui ne tue pas rend plus fort ! L\u2019arme de la r\u00e9silience dans un contexte turbulent...","og_url":"https:\/\/www.vergnet-hydro.com\/vh\/rapport-annuel-odial-solutions\/","og_site_name":"Vergnet Hydro","article_modified_time":"2025-06-10T13:15:54+00:00","og_image":[{"url":"https:\/\/www.vergnet-hydro.com\/vh\/wp-content\/uploads\/2025\/06\/Couverture_Rapport-Annuel-2025-1-211x300.jpg","type":"","width":"","height":""}],"twitter_card":"summary_large_image","twitter_misc":{"Dur\u00e9e de lecture estim\u00e9e":"2 minutes"},"schema":{"@context":"https:\/\/schema.org","@graph":[{"@type":"WebPage","@id":"https:\/\/www.vergnet-hydro.com\/vh\/rapport-annuel-odial-solutions\/","url":"https:\/\/www.vergnet-hydro.com\/vh\/rapport-annuel-odial-solutions\/","name":"Notre rapport annuel (ODIAL SOLUTIONS)","isPartOf":{"@id":"https:\/\/www.vergnet-hydro.com\/vh\/#website"},"primaryImageOfPage":{"@id":"https:\/\/www.vergnet-hydro.com\/vh\/rapport-annuel-odial-solutions\/#primaryimage"},"image":{"@id":"https:\/\/www.vergnet-hydro.com\/vh\/rapport-annuel-odial-solutions\/#primaryimage"},"thumbnailUrl":"https:\/\/www.vergnet-hydro.com\/vh\/wp-content\/uploads\/2025\/06\/Couverture_Rapport-Annuel-2025-1-211x300.jpg","datePublished":"2019-12-16T09:01:31+00:00","dateModified":"2025-06-10T13:15:54+00:00","description":"Pand\u00e9mies, conflits arm\u00e9s, inflation\u2026 Ce qui ne tue pas rend plus fort ! L\u2019arme de la r\u00e9silience dans un contexte turbulent...","breadcrumb":{"@id":"https:\/\/www.vergnet-hydro.com\/vh\/rapport-annuel-odial-solutions\/#breadcrumb"},"inLanguage":"fr-FR","potentialAction":[{"@type":"ReadAction","target":["https:\/\/www.vergnet-hydro.com\/vh\/rapport-annuel-odial-solutions\/"]}]},{"@type":"ImageObject","inLanguage":"fr-FR","@id":"https:\/\/www.vergnet-hydro.com\/vh\/rapport-annuel-odial-solutions\/#primaryimage","url":"https:\/\/www.vergnet-hydro.com\/vh\/wp-content\/uploads\/2025\/06\/Couverture_Rapport-Annuel-2025-1.jpg","contentUrl":"https:\/\/www.vergnet-hydro.com\/vh\/wp-content\/uploads\/2025\/06\/Couverture_Rapport-Annuel-2025-1.jpg","width":833,"height":1185},{"@type":"BreadcrumbList","@id":"https:\/\/www.vergnet-hydro.com\/vh\/rapport-annuel-odial-solutions\/#breadcrumb","itemListElement":[{"@type":"ListItem","position":1,"name":"Accueil","item":"https:\/\/www.vergnet-hydro.com\/vh\/"},{"@type":"ListItem","position":2,"name":"Rapport annuel du groupe ODIAL SOLUTIONS"}]},{"@type":"WebSite","@id":"https:\/\/www.vergnet-hydro.com\/vh\/#website","url":"https:\/\/www.vergnet-hydro.com\/vh\/","name":"Vergnet Hydro","description":"","potentialAction":[{"@type":"SearchAction","target":{"@type":"EntryPoint","urlTemplate":"https:\/\/www.vergnet-hydro.com\/vh\/?s={search_term_string}"},"query-input":{"@type":"PropertyValueSpecification","valueRequired":true,"valueName":"search_term_string"}}],"inLanguage":"fr-FR"}]}},"_links":{"self":[{"href":"https:\/\/www.vergnet-hydro.com\/vh\/wp-json\/wp\/v2\/pages\/23564","targetHints":{"allow":["GET"]}}],"collection":[{"href":"https:\/\/www.vergnet-hydro.com\/vh\/wp-json\/wp\/v2\/pages"}],"about":[{"href":"https:\/\/www.vergnet-hydro.com\/vh\/wp-json\/wp\/v2\/types\/page"}],"author":[{"embeddable":true,"href":"https:\/\/www.vergnet-hydro.com\/vh\/wp-json\/wp\/v2\/users\/5"}],"replies":[{"embeddable":true,"href":"https:\/\/www.vergnet-hydro.com\/vh\/wp-json\/wp\/v2\/comments?post=23564"}],"version-history":[{"count":27,"href":"https:\/\/www.vergnet-hydro.com\/vh\/wp-json\/wp\/v2\/pages\/23564\/revisions"}],"predecessor-version":[{"id":26964,"href":"https:\/\/www.vergnet-hydro.com\/vh\/wp-json\/wp\/v2\/pages\/23564\/revisions\/26964"}],"wp:attachment":[{"href":"https:\/\/www.vergnet-hydro.com\/vh\/wp-json\/wp\/v2\/media?parent=23564"}],"curies":[{"name":"wp","href":"https:\/\/api.w.org\/{rel}","templated":true}]}}