{"id":23550,"date":"2019-12-16T09:28:12","date_gmt":"2019-12-16T08:28:12","guid":{"rendered":"https:\/\/www.vergnet-hydro.com\/vh\/le-groupe-odial-solutions-copy\/"},"modified":"2024-04-12T13:31:14","modified_gmt":"2024-04-12T12:31:14","slug":"valeurs-vergnet-hydro-eau-potable-afrique","status":"publish","type":"page","link":"https:\/\/www.vergnet-hydro.com\/vh\/valeurs-vergnet-hydro-eau-potable-afrique\/","title":{"rendered":"Nos valeurs au service de l\u2019eau potable en Afrique"},"content":{"rendered":"<div class=\"wpb-content-wrapper\"><p>[vc_row bg_type=&#8221;bg_color&#8221; bg_override=&#8221;full&#8221; css=&#8221;.vc_custom_1572430459820{margin-top: 36px !important;}&#8221; bg_color_value=&#8221;#ffffff&#8221;][vc_column width=&#8221;3\/4&#8243;][vc_custom_heading text=&#8221;Notre raison d\u2019\u00eatre: L\u2019Afrique, source de nos engagements pour la plan\u00e8te !&#8221; font_container=&#8221;tag:h1|font_size:30|text_align:left|color:%23d08100&#8243; google_fonts=&#8221;font_family:Roboto%3A100%2C100italic%2C300%2C300italic%2Cregular%2Citalic%2C500%2C500italic%2C700%2C700italic%2C900%2C900italic|font_style:700%20bold%20regular%3A700%3Anormal&#8221; css=&#8221;.vc_custom_1602518891716{margin-top: 36px !important;margin-bottom: 30px !important;}&#8221;][vc_column_text]<\/p>\n<h2>ODIAL SOLUTIONS contribue depuis plus de 50 ans \u00e0 l\u2019application d\u2019un droit fondamental, celui de l\u2019acc\u00e8s aux services de base<span class=\"discussion-id-fe31922c-36da-4d53-80d7-4f623ce023f3 notion-enable-hover\" data-token-index=\"1\">, <\/span>en particulier celui de l\u2019acc\u00e8s \u00e0 l\u2019eau potable, en proposant des solutions p\u00e9rennes, fiables et accessibles dans les zones difficiles ou isol\u00e9es d\u2019Afrique sub-saharienne. Nous fournissons \u00e0 ces populations les outils n\u00e9cessaires pour am\u00e9liorer leur quotidien et leur sant\u00e9, leur donner davantage de dignit\u00e9, et leur offrir le socle pour qu\u2019elles se d\u00e9veloppent et b\u00e2tissent leur avenir.<\/h2>\n<h2>Le groupe ODIAL SOLUTIONS a rejoint le PACTE MONDIAL des NATIONS UNIES le 28 janvier 2010.<\/h2>\n<p style=\"text-align: left;\">Ce <a href=\"https:\/\/www.globalcompact-france.org\">PACTE MONDIAL<\/a> r\u00e9unit entreprises, organisations \u00e0 but non lucratif, agences des Nations Unies autour de <a href=\"https:\/\/www.globalcompact-france.org\/p-28-les-10-principes\" target=\"_blank\" rel=\"noopener noreferrer\">10 principes universellement reconnus<\/a>. \u00ab\u00a0Ces principes fournissent un cadre d&#8217;engagement volontaire pour les organisations qui souhaitent faire progresser leur d\u00e9marche de responsabilit\u00e9 soci\u00e9tale.\u00a0\u00bb<\/p>\n<p>Nous renouvelons chaque ann\u00e9e notre engagement dans le PACTE MONDIAL en publiant une nouvelle <a href=\"https:\/\/www.unglobalcompact.org\/what-is-gc\/participants\/11019#cop\">Communication sur le Progr\u00e8s<\/a>. Nous avons par ailleurs ratifi\u00e9 une <a href=\"https:\/\/www.vergnet-hydro.com\/vh\/wp-content\/uploads\/2021\/07\/20210505-VERGNET-HYDRO-Politique-QE_RSE.pdf\">Politique QE-RSE<\/a> en mai 2021.<\/p>\n<p>Les <strong>engagements RSE du groupe ODIAL SOLUTIONS<\/strong> s\u2019articulent de la sorte\u00a0:[\/vc_column_text][vc_column_text]<\/p>\n<h2>Innover pour rendre attractives les zones rurales africaines<\/h2>\n<p>Le c\u0153ur de m\u00e9tier du groupe ODIAL SOLUTIONS consiste \u00e0 <strong>favoriser l\u2019acc\u00e8s des habitants des zones rurales de l\u2019Afrique Subsaharienne aux services de premi\u00e8re n\u00e9cessit\u00e9, \u00e0 l\u2019eau potable en particulier.<\/strong> Les prestations de ses entreprises sont des r\u00e9ponses \u00e0 l\u2019<strong>article 25 de la D\u00e9claration Universelle des Droits de l\u2019Homme<\/strong> (\u00ab\u00a0Toute personne a droit \u00e0 un niveau de vie suffisant pour assurer sa sant\u00e9, son bien-\u00eatre et ceux de sa famille, notamment pour l\u2019alimentation\u2026\u00a0\u00bb) et \u00e0 la reconnaissance de l\u2019acc\u00e8s \u00e0 l\u2019eau potable comme un <strong>droit fondamental<\/strong> par l\u2019ONU en 2010. Et, par leurs <strong>innovations techniques et sociales<\/strong>, les entreprises du groupe <strong>l\u00e8vent les verrous \u00e9conomiques et politiques<\/strong> qui freinent historiquement l&#8217;acc\u00e8s \u00e0 des services durables en Afrique Subsaharienne.<\/p>\n<h3><img decoding=\"async\" class=\"wp-image-23024 size-medium alignright\" src=\"https:\/\/www.vergnet-hydro.com\/vh\/wp-content\/uploads\/2019\/05\/today-uduma-210x300.jpg\" alt=\"\" width=\"210\" height=\"300\" srcset=\"https:\/\/www.vergnet-hydro.com\/vh\/wp-content\/uploads\/2019\/05\/today-uduma-210x300.jpg 210w, https:\/\/www.vergnet-hydro.com\/vh\/wp-content\/uploads\/2019\/05\/today-uduma.jpg 600w\" sizes=\"(max-width: 210px) 100vw, 210px\" \/><\/h3>\n<p><strong>EXEMPLES D\u2019ACTIONS MISES EN \u0152UVRE\u00a0:<\/strong><\/p>\n<ul>\n<li>Engager une d\u00e9marche d&#8217;\u00e9valuation de l&#8217;impact soci\u00e9tal des activit\u00e9s de ODIAL SOLUTIONS<\/li>\n<li>Anticiper les besoins de demain<\/li>\n<li>Sensibiliser nos partenaires en Afrique \u00e0 la RSE<\/li>\n<\/ul>\n<p><strong>DOCUMENT DE REFERENCE\u00a0:<br \/>\n<\/strong><br \/>\n<a href=\"https:\/\/www.vergnet-hydro.com\/vh\/20200128-odial-solutions-notre-vision-nos-ambitions\">Charte \u00ab\u00a0Notre vision, nos ambitions\u00a0\u00bb<\/a><\/p>\n<h2>Mobiliser les salari\u00e9s autour de notre projet<\/h2>\n<p>ODIAL SOLUTIONS est une Soci\u00e9t\u00e9 par Actions Simplifi\u00e9e de droit fran\u00e7ais. <strong>Respectueux du droit fran\u00e7ais<\/strong>, le <strong>groupe satisfait les exigences des normes internationales du travail<\/strong>\u00a0: droits des salari\u00e9s d\u00e9fendus par un repr\u00e9sentant du personnel, pas de travail forc\u00e9, pas de travail r\u00e9alis\u00e9 par des enfants, etc. Ne se cantonnant pas \u00e0 ces normes internationales, <strong>ODIAL SOLUTIONS se fait fort de garantir \u00e0 ses \u00e9quipes de hauts niveaux de bien-\u00eatre et de convivialit\u00e9, de s\u2019appuyer sur des partenaires partageant ses valeurs.<\/strong><\/p>\n<div class=\"page\" title=\"Page 2\">\n<div class=\"section\">\n<div class=\"section\">\n<div class=\"layoutArea\">\n<div class=\"column\">\n<p><strong>Les 6 the\u0300mes RSE prioritaires de la nouvelle strate\u0301gie du groupe :\u00a0<\/strong><\/p>\n<\/div>\n<\/div>\n<\/div>\n<div class=\"section\">\n<div class=\"layoutArea\">\n<div class=\"column\">\n<ul>\n<li>Equipements durables et qualite\u0301\/cou\u0302ts,<\/li>\n<li>Nouveaux mode\u0300les et services de proximite\u0301,<\/li>\n<li>Partage de la valeur cre\u0301e\u0301e,<\/li>\n<li>De\u0301veloppement professionnel et personnel,<\/li>\n<li>Qualite\u0301 de vie au travail,<\/li>\n<li>Protection\/se\u0301curite\u0301.<\/li>\n<\/ul>\n<\/div>\n<\/div>\n<\/div>\n<\/div>\n<\/div>\n<p><strong>EXEMPLES D\u2019ACTIONS MISES EN \u0152UVRE\u00a0:<\/strong><\/p>\n<ul>\n<li>Favoriser l&#8217;organisation d&#8217;\u00e9v\u00e8nements conviviaux et f\u00e9d\u00e9rateurs<\/li>\n<li>Promouvoir les d\u00e9placements \u00e0 v\u00e9lo<\/li>\n<li>Favoriser les mini formations internes pour faire monter en comp\u00e9tences sur certains sujets sp\u00e9cifiques et favoriser les \u00e9changes transversaux entre services<\/li>\n<\/ul>\n<p><strong>DOCUMENTS DE REFERENCE :<\/strong><\/p>\n<ul>\n<li><a href=\"https:\/\/www.vergnet-hydro.com\/vh\/politique-promotion-diversite\">Politique de promotion de la diversit\u00e9 et de lutte contre les discriminations<\/a><\/li>\n<li>Charte \u00ab\u00a0D\u00e9connexion\u00a0\u00bb (interne \u00e0 l\u2019entreprise)<\/li>\n<li>Charte \u00ab\u00a0T\u00e9l\u00e9travail\u00a0\u00bb (interne \u00e0 l\u2019entreprise)<\/li>\n<\/ul>\n<h2><img decoding=\"async\" class=\"size-medium wp-image-23699 alignleft\" src=\"https:\/\/www.vergnet-hydro.com\/vh\/wp-content\/uploads\/2019\/12\/IMG_1802-300x225.jpg\" alt=\"\" width=\"300\" height=\"225\" srcset=\"https:\/\/www.vergnet-hydro.com\/vh\/wp-content\/uploads\/2019\/12\/IMG_1802-300x225.jpg 300w, https:\/\/www.vergnet-hydro.com\/vh\/wp-content\/uploads\/2019\/12\/IMG_1802-1024x768.jpg 1024w, https:\/\/www.vergnet-hydro.com\/vh\/wp-content\/uploads\/2019\/12\/IMG_1802-768x576.jpg 768w, https:\/\/www.vergnet-hydro.com\/vh\/wp-content\/uploads\/2019\/12\/IMG_1802-1536x1152.jpg 1536w, https:\/\/www.vergnet-hydro.com\/vh\/wp-content\/uploads\/2019\/12\/IMG_1802-2048x1536.jpg 2048w\" sizes=\"(max-width: 300px) 100vw, 300px\" \/>R\u00e9duire l\u2019impact environnemental de nos activit\u00e9s<\/h2>\n<p>ODIAL\u00a0SOLUTIONS, par ses activit\u00e9s industrielles et commerciales, propose des solutions pour <strong>renforcer la r\u00e9silience des populations au changement climatique,<\/strong> l\u00e0 o\u00f9 il est particuli\u00e8rement d\u00e9vastateur, en Afrique Subsaharienne. Par ailleurs, l\u2019entreprise conjugue une <strong>culture de la r\u00e9utilisation et de la chasse aux gaspillages \u00e0 un authentique engagement \u00e9cologique.<\/strong><\/p>\n<p><strong>EXEMPLES D\u2019ACTIONS MISES EN \u0152UVRE :<\/strong><\/p>\n<ul>\n<li>Faire une analyse globale sur l&#8217;impact environnemental de l&#8217;offre<\/li>\n<li>Mettre en place un suivi de tous les d\u00e9placements des employ\u00e9s en vue d&#8217;une optimisation<\/li>\n<li>Formaliser une d\u00e9marche de d\u00e9mat\u00e9rialisation d&#8217;une partie de la documentation<\/li>\n<\/ul>\n<p><strong>DOCUMENTS DE REFERENCE :<\/strong><\/p>\n<p><a href=\"https:\/\/www.vergnet-hydro.com\/vh\/wp-content\/uploads\/2021\/10\/20210505-VERGNET-HYDRO-Politique-environnementale.pdf\">Politique Environnementale<\/a><\/p>\n<h2>Promouvoir la bonne gouvernance<\/h2>\n<p>Non seulement le groupe ODIAL SOLUTIONS doit en permanence (puisque l\u2019essentiel de ses affaires passe par des <strong>appels d\u2019offres publics internationaux) r\u00e9pondre aux exigences de transparence des bailleurs de fonds internationaux, <\/strong>mais, il est aussi un acteur de la lutte contre la corruption. Le <strong>mod\u00e8le \u00ab\u00a0UDUMA\u00a0\u00bb est en effet une r\u00e9ponse efficace aux fraudes et au client\u00e9lisme dans la gestion de l\u2019eau en Afrique Subsaharienne.<\/strong><\/p>\n<p><strong>EXEMPLES D\u2019ACTIONS MISES EN \u0152UVRE :<\/strong><\/p>\n<ul>\n<li>R\u00e9diger une charte de bonne gouvernance<\/li>\n<li>Poursuivre le d\u00e9veloppement des outils de gestion des services permettant aux clients\/usagers d&#8217;avoir un service am\u00e9lior\u00e9 et plus transparent<\/li>\n<li>Formaliser une charte d&#8217;achats responsables<\/li>\n<\/ul>\n<p><strong>DOCUMENT DE REFERENCE\u00a0:<\/strong><\/p>\n<p><a href=\"https:\/\/www.vergnet-hydro.com\/vh\/odialsolutions_politique_anti_corruption_010119\">Politique \u00ab\u00a0Anti-corruption\u00a0\u00bb<\/a>[\/vc_column_text][\/vc_column][vc_column width=&#8221;1\/4&#8243;][vc_empty_space height=&#8221;36px&#8221;][vc_column_text][vc_row bg_type=\"no_bg\"][vc_column][vc_btn title=\"Nos actualit\u00e9s\" style=\"custom\" custom_background=\"#31689b\" custom_text=\"#ffffff\" size=\"lg\" align=\"right\" i_icon_fontawesome=\"fas fa-newspaper\" css_animation=\"appear\" button_block=\"true\" add_icon=\"true\" link=\"url:https%3A%2F%2Fwww.vergnet-hydro.com%2Fvh%2Factualite-vergnet-hydro%2F|||\"][\/vc_column][\/vc_row][\/vc_column_text][vc_column_text]<p>[vc_row bg_type=\"no_bg\"][vc_column][vc_btn title=\"Nous contacter\" style=\"custom\" custom_background=\"#31689b\" custom_text=\"#ffffff\" size=\"lg\" align=\"right\" i_icon_fontawesome=\"far fa-envelope\" css_animation=\"appear\" button_block=\"true\" add_icon=\"true\" link=\"url:https%3A%2F%2Fwww.vergnet-hydro.com%2Fvh%2Fvergnet-hydro-contact%2F|||\"][\/vc_column][\/vc_row]<\/p>\r\n[\/vc_column_text][\/vc_column][\/vc_row]<\/p>\n<\/div>","protected":false},"excerpt":{"rendered":"<p>[vc_row bg_type=&#8221;bg_color&#8221; bg_override=&#8221;full&#8221; css=&#8221;.vc_custom_1572430459820{margin-top: 36px !important;}&#8221; bg_color_value=&#8221;#ffffff&#8221;][vc_column width=&#8221;3\/4&#8243;][vc_custom_heading text=&#8221;Notre raison d\u2019\u00eatre: L\u2019Afrique, source de nos engagements pour la plan\u00e8te !&#8221; font_container=&#8221;tag:h1|font_size:30|text_align:left|color:%23d08100&#8243; google_fonts=&#8221;font_family:Roboto%3A100%2C100italic%2C300%2C300italic%2Cregular%2Citalic%2C500%2C500italic%2C700%2C700italic%2C900%2C900italic|font_style:700%20bold%20regular%3A700%3Anormal&#8221; css=&#8221;.vc_custom_1602518891716{margin-top: 36px !important;margin-bottom:&#8230;<\/p>\n","protected":false},"author":5,"featured_media":0,"parent":0,"menu_order":0,"comment_status":"closed","ping_status":"closed","template":"","meta":{"_vp_format_video_url":"","_vp_image_focal_point":[],"footnotes":""},"class_list":["post-23550","page","type-page","status-publish","hentry"],"yoast_head":"<!-- This site is optimized with the Yoast SEO plugin v25.8 - https:\/\/yoast.com\/wordpress\/plugins\/seo\/ -->\n<title>Nos valeurs au service de l\u2019eau potable en Afrique (VERGNET HYDRO)<\/title>\n<meta name=\"description\" content=\"Les engagements RSE du groupe ODIAL SOLUTIONS s\u2019articulent autour de ces 4 grandes th\u00e9matiques : (1) Innover pour rendre attractives...\" \/>\n<meta name=\"robots\" content=\"index, follow, max-snippet:-1, max-image-preview:large, max-video-preview:-1\" \/>\n<link rel=\"canonical\" href=\"https:\/\/www.vergnet-hydro.com\/vh\/valeurs-vergnet-hydro-eau-potable-afrique\/\" \/>\n<meta property=\"og:locale\" content=\"fr_FR\" \/>\n<meta property=\"og:type\" content=\"article\" \/>\n<meta property=\"og:title\" content=\"Nos valeurs au service de l\u2019eau potable en Afrique (VERGNET HYDRO)\" \/>\n<meta property=\"og:description\" content=\"Les engagements RSE du groupe ODIAL SOLUTIONS s\u2019articulent autour de ces 4 grandes th\u00e9matiques : (1) Innover pour rendre attractives...\" \/>\n<meta property=\"og:url\" content=\"https:\/\/www.vergnet-hydro.com\/vh\/valeurs-vergnet-hydro-eau-potable-afrique\/\" \/>\n<meta property=\"og:site_name\" content=\"Vergnet Hydro\" \/>\n<meta property=\"article:modified_time\" content=\"2024-04-12T12:31:14+00:00\" \/>\n<meta property=\"og:image\" content=\"https:\/\/www.vergnet-hydro.com\/vh\/wp-content\/uploads\/2019\/05\/today-uduma-210x300.jpg\" \/>\n<meta name=\"twitter:card\" content=\"summary_large_image\" \/>\n<meta name=\"twitter:label1\" content=\"Dur\u00e9e de lecture estim\u00e9e\" \/>\n\t<meta name=\"twitter:data1\" content=\"5 minutes\" \/>\n<script type=\"application\/ld+json\" class=\"yoast-schema-graph\">{\"@context\":\"https:\/\/schema.org\",\"@graph\":[{\"@type\":\"WebPage\",\"@id\":\"https:\/\/www.vergnet-hydro.com\/vh\/valeurs-vergnet-hydro-eau-potable-afrique\/\",\"url\":\"https:\/\/www.vergnet-hydro.com\/vh\/valeurs-vergnet-hydro-eau-potable-afrique\/\",\"name\":\"Nos valeurs au service de l\u2019eau potable en Afrique (VERGNET HYDRO)\",\"isPartOf\":{\"@id\":\"https:\/\/www.vergnet-hydro.com\/vh\/#website\"},\"primaryImageOfPage\":{\"@id\":\"https:\/\/www.vergnet-hydro.com\/vh\/valeurs-vergnet-hydro-eau-potable-afrique\/#primaryimage\"},\"image\":{\"@id\":\"https:\/\/www.vergnet-hydro.com\/vh\/valeurs-vergnet-hydro-eau-potable-afrique\/#primaryimage\"},\"thumbnailUrl\":\"https:\/\/www.vergnet-hydro.com\/vh\/wp-content\/uploads\/2019\/05\/today-uduma-210x300.jpg\",\"datePublished\":\"2019-12-16T08:28:12+00:00\",\"dateModified\":\"2024-04-12T12:31:14+00:00\",\"description\":\"Les engagements RSE du groupe ODIAL SOLUTIONS s\u2019articulent autour de ces 4 grandes th\u00e9matiques : (1) Innover pour rendre attractives...\",\"breadcrumb\":{\"@id\":\"https:\/\/www.vergnet-hydro.com\/vh\/valeurs-vergnet-hydro-eau-potable-afrique\/#breadcrumb\"},\"inLanguage\":\"fr-FR\",\"potentialAction\":[{\"@type\":\"ReadAction\",\"target\":[\"https:\/\/www.vergnet-hydro.com\/vh\/valeurs-vergnet-hydro-eau-potable-afrique\/\"]}]},{\"@type\":\"ImageObject\",\"inLanguage\":\"fr-FR\",\"@id\":\"https:\/\/www.vergnet-hydro.com\/vh\/valeurs-vergnet-hydro-eau-potable-afrique\/#primaryimage\",\"url\":\"https:\/\/www.vergnet-hydro.com\/vh\/wp-content\/uploads\/2019\/05\/today-uduma.jpg\",\"contentUrl\":\"https:\/\/www.vergnet-hydro.com\/vh\/wp-content\/uploads\/2019\/05\/today-uduma.jpg\",\"width\":600,\"height\":859},{\"@type\":\"BreadcrumbList\",\"@id\":\"https:\/\/www.vergnet-hydro.com\/vh\/valeurs-vergnet-hydro-eau-potable-afrique\/#breadcrumb\",\"itemListElement\":[{\"@type\":\"ListItem\",\"position\":1,\"name\":\"Accueil\",\"item\":\"https:\/\/www.vergnet-hydro.com\/vh\/\"},{\"@type\":\"ListItem\",\"position\":2,\"name\":\"Nos valeurs au service de l\u2019eau potable en Afrique\"}]},{\"@type\":\"WebSite\",\"@id\":\"https:\/\/www.vergnet-hydro.com\/vh\/#website\",\"url\":\"https:\/\/www.vergnet-hydro.com\/vh\/\",\"name\":\"Vergnet Hydro\",\"description\":\"\",\"potentialAction\":[{\"@type\":\"SearchAction\",\"target\":{\"@type\":\"EntryPoint\",\"urlTemplate\":\"https:\/\/www.vergnet-hydro.com\/vh\/?s={search_term_string}\"},\"query-input\":{\"@type\":\"PropertyValueSpecification\",\"valueRequired\":true,\"valueName\":\"search_term_string\"}}],\"inLanguage\":\"fr-FR\"}]}<\/script>\n<!-- \/ Yoast SEO plugin. -->","yoast_head_json":{"title":"Nos valeurs au service de l\u2019eau potable en Afrique (VERGNET HYDRO)","description":"Les engagements RSE du groupe ODIAL SOLUTIONS s\u2019articulent autour de ces 4 grandes th\u00e9matiques : (1) Innover pour rendre attractives...","robots":{"index":"index","follow":"follow","max-snippet":"max-snippet:-1","max-image-preview":"max-image-preview:large","max-video-preview":"max-video-preview:-1"},"canonical":"https:\/\/www.vergnet-hydro.com\/vh\/valeurs-vergnet-hydro-eau-potable-afrique\/","og_locale":"fr_FR","og_type":"article","og_title":"Nos valeurs au service de l\u2019eau potable en Afrique (VERGNET HYDRO)","og_description":"Les engagements RSE du groupe ODIAL SOLUTIONS s\u2019articulent autour de ces 4 grandes th\u00e9matiques : (1) Innover pour rendre attractives...","og_url":"https:\/\/www.vergnet-hydro.com\/vh\/valeurs-vergnet-hydro-eau-potable-afrique\/","og_site_name":"Vergnet Hydro","article_modified_time":"2024-04-12T12:31:14+00:00","og_image":[{"url":"https:\/\/www.vergnet-hydro.com\/vh\/wp-content\/uploads\/2019\/05\/today-uduma-210x300.jpg","type":"","width":"","height":""}],"twitter_card":"summary_large_image","twitter_misc":{"Dur\u00e9e de lecture estim\u00e9e":"5 minutes"},"schema":{"@context":"https:\/\/schema.org","@graph":[{"@type":"WebPage","@id":"https:\/\/www.vergnet-hydro.com\/vh\/valeurs-vergnet-hydro-eau-potable-afrique\/","url":"https:\/\/www.vergnet-hydro.com\/vh\/valeurs-vergnet-hydro-eau-potable-afrique\/","name":"Nos valeurs au service de l\u2019eau potable en Afrique (VERGNET HYDRO)","isPartOf":{"@id":"https:\/\/www.vergnet-hydro.com\/vh\/#website"},"primaryImageOfPage":{"@id":"https:\/\/www.vergnet-hydro.com\/vh\/valeurs-vergnet-hydro-eau-potable-afrique\/#primaryimage"},"image":{"@id":"https:\/\/www.vergnet-hydro.com\/vh\/valeurs-vergnet-hydro-eau-potable-afrique\/#primaryimage"},"thumbnailUrl":"https:\/\/www.vergnet-hydro.com\/vh\/wp-content\/uploads\/2019\/05\/today-uduma-210x300.jpg","datePublished":"2019-12-16T08:28:12+00:00","dateModified":"2024-04-12T12:31:14+00:00","description":"Les engagements RSE du groupe ODIAL SOLUTIONS s\u2019articulent autour de ces 4 grandes th\u00e9matiques : (1) Innover pour rendre attractives...","breadcrumb":{"@id":"https:\/\/www.vergnet-hydro.com\/vh\/valeurs-vergnet-hydro-eau-potable-afrique\/#breadcrumb"},"inLanguage":"fr-FR","potentialAction":[{"@type":"ReadAction","target":["https:\/\/www.vergnet-hydro.com\/vh\/valeurs-vergnet-hydro-eau-potable-afrique\/"]}]},{"@type":"ImageObject","inLanguage":"fr-FR","@id":"https:\/\/www.vergnet-hydro.com\/vh\/valeurs-vergnet-hydro-eau-potable-afrique\/#primaryimage","url":"https:\/\/www.vergnet-hydro.com\/vh\/wp-content\/uploads\/2019\/05\/today-uduma.jpg","contentUrl":"https:\/\/www.vergnet-hydro.com\/vh\/wp-content\/uploads\/2019\/05\/today-uduma.jpg","width":600,"height":859},{"@type":"BreadcrumbList","@id":"https:\/\/www.vergnet-hydro.com\/vh\/valeurs-vergnet-hydro-eau-potable-afrique\/#breadcrumb","itemListElement":[{"@type":"ListItem","position":1,"name":"Accueil","item":"https:\/\/www.vergnet-hydro.com\/vh\/"},{"@type":"ListItem","position":2,"name":"Nos valeurs au service de l\u2019eau potable en Afrique"}]},{"@type":"WebSite","@id":"https:\/\/www.vergnet-hydro.com\/vh\/#website","url":"https:\/\/www.vergnet-hydro.com\/vh\/","name":"Vergnet Hydro","description":"","potentialAction":[{"@type":"SearchAction","target":{"@type":"EntryPoint","urlTemplate":"https:\/\/www.vergnet-hydro.com\/vh\/?s={search_term_string}"},"query-input":{"@type":"PropertyValueSpecification","valueRequired":true,"valueName":"search_term_string"}}],"inLanguage":"fr-FR"}]}},"_links":{"self":[{"href":"https:\/\/www.vergnet-hydro.com\/vh\/wp-json\/wp\/v2\/pages\/23550","targetHints":{"allow":["GET"]}}],"collection":[{"href":"https:\/\/www.vergnet-hydro.com\/vh\/wp-json\/wp\/v2\/pages"}],"about":[{"href":"https:\/\/www.vergnet-hydro.com\/vh\/wp-json\/wp\/v2\/types\/page"}],"author":[{"embeddable":true,"href":"https:\/\/www.vergnet-hydro.com\/vh\/wp-json\/wp\/v2\/users\/5"}],"replies":[{"embeddable":true,"href":"https:\/\/www.vergnet-hydro.com\/vh\/wp-json\/wp\/v2\/comments?post=23550"}],"version-history":[{"count":38,"href":"https:\/\/www.vergnet-hydro.com\/vh\/wp-json\/wp\/v2\/pages\/23550\/revisions"}],"predecessor-version":[{"id":26889,"href":"https:\/\/www.vergnet-hydro.com\/vh\/wp-json\/wp\/v2\/pages\/23550\/revisions\/26889"}],"wp:attachment":[{"href":"https:\/\/www.vergnet-hydro.com\/vh\/wp-json\/wp\/v2\/media?parent=23550"}],"curies":[{"name":"wp","href":"https:\/\/api.w.org\/{rel}","templated":true}]}}