{"id":23392,"date":"2019-10-30T07:05:36","date_gmt":"2019-10-30T06:05:36","guid":{"rendered":"https:\/\/www.vergnet-hydro.com\/vh\/abonnement-newsletter-odial-copy\/"},"modified":"2021-12-09T16:11:51","modified_gmt":"2021-12-09T15:11:51","slug":"distributeurs-vergnet-hydro","status":"publish","type":"page","link":"https:\/\/www.vergnet-hydro.com\/vh\/distributeurs-vergnet-hydro\/","title":{"rendered":"Le r\u00e9seau des distributeurs"},"content":{"rendered":"<div class=\"wpb-content-wrapper\"><p>[vc_row bg_type=&#8221;bg_color&#8221; bg_override=&#8221;full&#8221; css=&#8221;.vc_custom_1572427581782{margin-top: 36px !important;}&#8221;][vc_column][vc_custom_heading text=&#8221;Notre r\u00e9seau de distributeurs&#8221; font_container=&#8221;tag:h1|font_size:30px|text_align:left|color:%23d08100&#8243; google_fonts=&#8221;font_family:Roboto%3A100%2C100italic%2C300%2C300italic%2Cregular%2Citalic%2C500%2C500italic%2C700%2C700italic%2C900%2C900italic|font_style:700%20bold%20regular%3A700%3Anormal&#8221;][vc_column_text]<\/p>\n<h2><strong>Pour faciliter l&#8217;acc\u00e8s \u00e0 l&#8217;eau potable en Afrique, VERGNET HYDRO s&#8217;appuie sur un r\u00e9seau de 35 distributeurs locaux de ses \u00e9quipements hydrauliques.<\/strong><\/h2>\n<p>[\/vc_column_text][vc_column_text css=&#8221;.vc_custom_1631805027971{margin-top: 36px !important;}&#8221;]<iframe src=\"https:\/\/www.google.com\/maps\/d\/u\/2\/embed?mid=11TVR8-OJHi7LjXrgyCq3x-2pG5aRM5xN\" width=\"100%\" height=\"800\"><\/iframe>[\/vc_column_text][\/vc_column][\/vc_row][vc_row][vc_column][vc_column_text]<\/p>\n<p>[\/vc_column_text][\/vc_column][\/vc_row]<\/p>\n<\/div>","protected":false},"excerpt":{"rendered":"<p>[vc_row bg_type=&#8221;bg_color&#8221; bg_override=&#8221;full&#8221; css=&#8221;.vc_custom_1572427581782{margin-top: 36px !important;}&#8221;][vc_column][vc_custom_heading text=&#8221;Notre r\u00e9seau de distributeurs&#8221; font_container=&#8221;tag:h1|font_size:30px|text_align:left|color:%23d08100&#8243; google_fonts=&#8221;font_family:Roboto%3A100%2C100italic%2C300%2C300italic%2Cregular%2Citalic%2C500%2C500italic%2C700%2C700italic%2C900%2C900italic|font_style:700%20bold%20regular%3A700%3Anormal&#8221;][vc_column_text] Pour faciliter l&#8217;acc\u00e8s \u00e0 l&#8217;eau potable en Afrique, VERGNET HYDRO s&#8217;appuie sur un&#8230;<\/p>\n","protected":false},"author":6,"featured_media":0,"parent":0,"menu_order":0,"comment_status":"closed","ping_status":"closed","template":"","meta":{"_vp_format_video_url":"","_vp_image_focal_point":[],"footnotes":""},"class_list":["post-23392","page","type-page","status-publish","hentry"],"yoast_head":"<!-- This site is optimized with the Yoast SEO plugin v25.8 - https:\/\/yoast.com\/wordpress\/plugins\/seo\/ -->\n<title>Les distributeurs de nos \u00e9quipements hydrauliques (VERGNET HYDRO)<\/title>\n<meta name=\"description\" content=\"Pour faciliter l&#039;acc\u00e8s \u00e0 l&#039;eau potable en Afrique, VERGNET HYDRO s&#039;appuie sur un r\u00e9seau de 35 distributeurs locaux de ses \u00e9quipements\u2026\" \/>\n<meta name=\"robots\" content=\"index, follow, max-snippet:-1, max-image-preview:large, max-video-preview:-1\" \/>\n<link rel=\"canonical\" href=\"https:\/\/www.vergnet-hydro.com\/vh\/distributeurs-vergnet-hydro\/\" \/>\n<meta property=\"og:locale\" content=\"fr_FR\" \/>\n<meta property=\"og:type\" content=\"article\" \/>\n<meta property=\"og:title\" content=\"Les distributeurs de nos \u00e9quipements hydrauliques (VERGNET HYDRO)\" \/>\n<meta property=\"og:description\" content=\"Pour faciliter l&#039;acc\u00e8s \u00e0 l&#039;eau potable en Afrique, VERGNET HYDRO s&#039;appuie sur un r\u00e9seau de 35 distributeurs locaux de ses \u00e9quipements\u2026\" \/>\n<meta property=\"og:url\" content=\"https:\/\/www.vergnet-hydro.com\/vh\/distributeurs-vergnet-hydro\/\" \/>\n<meta property=\"og:site_name\" content=\"Vergnet Hydro\" \/>\n<meta property=\"article:modified_time\" content=\"2021-12-09T15:11:51+00:00\" \/>\n<meta name=\"twitter:card\" content=\"summary_large_image\" \/>\n<meta name=\"twitter:label1\" content=\"Dur\u00e9e de lecture estim\u00e9e\" \/>\n\t<meta name=\"twitter:data1\" content=\"1 minute\" \/>\n<script type=\"application\/ld+json\" class=\"yoast-schema-graph\">{\"@context\":\"https:\/\/schema.org\",\"@graph\":[{\"@type\":\"WebPage\",\"@id\":\"https:\/\/www.vergnet-hydro.com\/vh\/distributeurs-vergnet-hydro\/\",\"url\":\"https:\/\/www.vergnet-hydro.com\/vh\/distributeurs-vergnet-hydro\/\",\"name\":\"Les distributeurs de nos \u00e9quipements hydrauliques (VERGNET HYDRO)\",\"isPartOf\":{\"@id\":\"https:\/\/www.vergnet-hydro.com\/vh\/#website\"},\"datePublished\":\"2019-10-30T06:05:36+00:00\",\"dateModified\":\"2021-12-09T15:11:51+00:00\",\"description\":\"Pour faciliter l'acc\u00e8s \u00e0 l'eau potable en Afrique, VERGNET HYDRO s'appuie sur un r\u00e9seau de 35 distributeurs locaux de ses \u00e9quipements\u2026\",\"breadcrumb\":{\"@id\":\"https:\/\/www.vergnet-hydro.com\/vh\/distributeurs-vergnet-hydro\/#breadcrumb\"},\"inLanguage\":\"fr-FR\",\"potentialAction\":[{\"@type\":\"ReadAction\",\"target\":[\"https:\/\/www.vergnet-hydro.com\/vh\/distributeurs-vergnet-hydro\/\"]}]},{\"@type\":\"BreadcrumbList\",\"@id\":\"https:\/\/www.vergnet-hydro.com\/vh\/distributeurs-vergnet-hydro\/#breadcrumb\",\"itemListElement\":[{\"@type\":\"ListItem\",\"position\":1,\"name\":\"Accueil\",\"item\":\"https:\/\/www.vergnet-hydro.com\/vh\/\"},{\"@type\":\"ListItem\",\"position\":2,\"name\":\"Le r\u00e9seau des distributeurs\"}]},{\"@type\":\"WebSite\",\"@id\":\"https:\/\/www.vergnet-hydro.com\/vh\/#website\",\"url\":\"https:\/\/www.vergnet-hydro.com\/vh\/\",\"name\":\"Vergnet Hydro\",\"description\":\"\",\"potentialAction\":[{\"@type\":\"SearchAction\",\"target\":{\"@type\":\"EntryPoint\",\"urlTemplate\":\"https:\/\/www.vergnet-hydro.com\/vh\/?s={search_term_string}\"},\"query-input\":{\"@type\":\"PropertyValueSpecification\",\"valueRequired\":true,\"valueName\":\"search_term_string\"}}],\"inLanguage\":\"fr-FR\"}]}<\/script>\n<!-- \/ Yoast SEO plugin. -->","yoast_head_json":{"title":"Les distributeurs de nos \u00e9quipements hydrauliques (VERGNET HYDRO)","description":"Pour faciliter l'acc\u00e8s \u00e0 l'eau potable en Afrique, VERGNET HYDRO s'appuie sur un r\u00e9seau de 35 distributeurs locaux de ses \u00e9quipements\u2026","robots":{"index":"index","follow":"follow","max-snippet":"max-snippet:-1","max-image-preview":"max-image-preview:large","max-video-preview":"max-video-preview:-1"},"canonical":"https:\/\/www.vergnet-hydro.com\/vh\/distributeurs-vergnet-hydro\/","og_locale":"fr_FR","og_type":"article","og_title":"Les distributeurs de nos \u00e9quipements hydrauliques (VERGNET HYDRO)","og_description":"Pour faciliter l'acc\u00e8s \u00e0 l'eau potable en Afrique, VERGNET HYDRO s'appuie sur un r\u00e9seau de 35 distributeurs locaux de ses \u00e9quipements\u2026","og_url":"https:\/\/www.vergnet-hydro.com\/vh\/distributeurs-vergnet-hydro\/","og_site_name":"Vergnet Hydro","article_modified_time":"2021-12-09T15:11:51+00:00","twitter_card":"summary_large_image","twitter_misc":{"Dur\u00e9e de lecture estim\u00e9e":"1 minute"},"schema":{"@context":"https:\/\/schema.org","@graph":[{"@type":"WebPage","@id":"https:\/\/www.vergnet-hydro.com\/vh\/distributeurs-vergnet-hydro\/","url":"https:\/\/www.vergnet-hydro.com\/vh\/distributeurs-vergnet-hydro\/","name":"Les distributeurs de nos \u00e9quipements hydrauliques (VERGNET HYDRO)","isPartOf":{"@id":"https:\/\/www.vergnet-hydro.com\/vh\/#website"},"datePublished":"2019-10-30T06:05:36+00:00","dateModified":"2021-12-09T15:11:51+00:00","description":"Pour faciliter l'acc\u00e8s \u00e0 l'eau potable en Afrique, VERGNET HYDRO s'appuie sur un r\u00e9seau de 35 distributeurs locaux de ses \u00e9quipements\u2026","breadcrumb":{"@id":"https:\/\/www.vergnet-hydro.com\/vh\/distributeurs-vergnet-hydro\/#breadcrumb"},"inLanguage":"fr-FR","potentialAction":[{"@type":"ReadAction","target":["https:\/\/www.vergnet-hydro.com\/vh\/distributeurs-vergnet-hydro\/"]}]},{"@type":"BreadcrumbList","@id":"https:\/\/www.vergnet-hydro.com\/vh\/distributeurs-vergnet-hydro\/#breadcrumb","itemListElement":[{"@type":"ListItem","position":1,"name":"Accueil","item":"https:\/\/www.vergnet-hydro.com\/vh\/"},{"@type":"ListItem","position":2,"name":"Le r\u00e9seau des distributeurs"}]},{"@type":"WebSite","@id":"https:\/\/www.vergnet-hydro.com\/vh\/#website","url":"https:\/\/www.vergnet-hydro.com\/vh\/","name":"Vergnet Hydro","description":"","potentialAction":[{"@type":"SearchAction","target":{"@type":"EntryPoint","urlTemplate":"https:\/\/www.vergnet-hydro.com\/vh\/?s={search_term_string}"},"query-input":{"@type":"PropertyValueSpecification","valueRequired":true,"valueName":"search_term_string"}}],"inLanguage":"fr-FR"}]}},"_links":{"self":[{"href":"https:\/\/www.vergnet-hydro.com\/vh\/wp-json\/wp\/v2\/pages\/23392","targetHints":{"allow":["GET"]}}],"collection":[{"href":"https:\/\/www.vergnet-hydro.com\/vh\/wp-json\/wp\/v2\/pages"}],"about":[{"href":"https:\/\/www.vergnet-hydro.com\/vh\/wp-json\/wp\/v2\/types\/page"}],"author":[{"embeddable":true,"href":"https:\/\/www.vergnet-hydro.com\/vh\/wp-json\/wp\/v2\/users\/6"}],"replies":[{"embeddable":true,"href":"https:\/\/www.vergnet-hydro.com\/vh\/wp-json\/wp\/v2\/comments?post=23392"}],"version-history":[{"count":13,"href":"https:\/\/www.vergnet-hydro.com\/vh\/wp-json\/wp\/v2\/pages\/23392\/revisions"}],"predecessor-version":[{"id":26034,"href":"https:\/\/www.vergnet-hydro.com\/vh\/wp-json\/wp\/v2\/pages\/23392\/revisions\/26034"}],"wp:attachment":[{"href":"https:\/\/www.vergnet-hydro.com\/vh\/wp-json\/wp\/v2\/media?parent=23392"}],"curies":[{"name":"wp","href":"https:\/\/api.w.org\/{rel}","templated":true}]}}