{"id":23343,"date":"2019-10-17T16:05:03","date_gmt":"2019-10-17T15:05:03","guid":{"rendered":"https:\/\/www.vergnet-hydro.com\/vh\/?page_id=23343"},"modified":"2020-03-12T15:24:35","modified_gmt":"2020-03-12T14:24:35","slug":"abonnement-newsletter-odial","status":"publish","type":"page","link":"https:\/\/www.vergnet-hydro.com\/vh\/abonnement-newsletter-odial\/","title":{"rendered":"Abonnement newsletter Odial Info"},"content":{"rendered":"<div class=\"wpb-content-wrapper\"><p>[vc_row bg_type=&#8221;bg_color&#8221; bg_override=&#8221;full&#8221; css=&#8221;.vc_custom_1571324998230{margin-top: 36px !important;}&#8221;][vc_column width=&#8221;3\/4&#8243;][vc_custom_heading text=&#8221;Abonnez-vous \u00e0 notre newsletter mensuelle<br \/>\nODIAL&#8217;Info en fran\u00e7ais&#8221; font_container=&#8221;tag:h1|font_size:30px|text_align:left|color:%23d08100&#8243; google_fonts=&#8221;font_family:Roboto%3A100%2C100italic%2C300%2C300italic%2Cregular%2Citalic%2C500%2C500italic%2C700%2C700italic%2C900%2C900italic|font_style:700%20bold%20regular%3A700%3Anormal&#8221;][vc_column_text]<strong>Vous pouvez vous d\u00e9sabonner \u00e0 tout moment<\/strong> de notre newsletter en cliquant sur le lien d\u00e9di\u00e9 au pied de chacune des parutions. Notre utilisation de vos donn\u00e9es personnelles est d\u00e9crite dans <a href=\"https:\/\/www.vergnet-hydro.com\/vh\/politique-de-confidentialite\/\">notre Politique de confidentialit\u00e9<\/a>.<\/p>\n<p>L\u2019outil de gestion de nos newsletters est fourni par la <strong>soci\u00e9t\u00e9 <a href=\"https:\/\/mailchimp.com\/\" target=\"_blank\" rel=\"noopener noreferrer\">MAILCHIMP<\/a><\/strong>. En cliquant sur le lien \u00ab Je m\u2019abonne \u00bb ci-dessous, vous acceptez que votre Pr\u00e9nom, votre Nom et votre Courriel soient transmis \u00e0 MAILCHIMP de sorte que vous receviez la newsletter ODIAL\u2019Info.<\/p>\n<p>Conform\u00e9ment au R\u00e8glement G\u00e9n\u00e9ral sur la Protection des Donn\u00e9es (RGPD), apr\u00e8s avoir cliqu\u00e9 sur \u00ab Je m\u2019abonne \u00bb :<\/p>\n<ul>\n<li>vous recevez un courriel vous demandant de confirmer votre demande d\u2019abonnement, en cliquant sur un lien (clic),<\/li>\n<li>ce lien ouvre une page web vous demandant de confirmer que vous n\u2019\u00eates pas un robot (une coche + un clic).<\/li>\n<\/ul>\n<p>Voici la <a href=\"https:\/\/mailchimp.com\/legal\/\" target=\"_blank\" rel=\"noopener noreferrer\"><strong>Politique de Confidentialit\u00e9 de MAILCHIMP<\/strong><\/a>.<\/p>\n<p>* <em>Mentions obligatoires<\/em>[\/vc_column_text][vc_column_text]<script>(function() {\n\twindow.mc4wp = window.mc4wp || {\n\t\tlisteners: [],\n\t\tforms: {\n\t\t\ton: function(evt, cb) {\n\t\t\t\twindow.mc4wp.listeners.push(\n\t\t\t\t\t{\n\t\t\t\t\t\tevent   : evt,\n\t\t\t\t\t\tcallback: cb\n\t\t\t\t\t}\n\t\t\t\t);\n\t\t\t}\n\t\t}\n\t}\n})();\n<\/script><!-- Mailchimp for WordPress v4.10.6 - https:\/\/wordpress.org\/plugins\/mailchimp-for-wp\/ --><form id=\"mc4wp-form-1\" class=\"mc4wp-form mc4wp-form-23381 mc4wp-form-basic\" method=\"post\" data-id=\"23381\" data-name=\"Abonnement newsletter Fran\u00e7aise\" ><div class=\"mc4wp-form-fields\"><p>\r\n    <label>Quelle version voulez-vous recevoir \/ Which version do you want to receive ?<\/label>\r\n    <label>\r\n        <input name=\"_mc4wp_lists[]\" type=\"checkbox\" value=\"6e8e31cf63\"> <span>ODIAL'Info in English<\/span>\r\n    <\/label>\r\n    <label>\r\n        <input name=\"_mc4wp_lists[]\" type=\"checkbox\" value=\"b9b36b1744\"> <span>ODIAL'Info en Fran\u00e7ais<\/span>\r\n    <\/label>\r\n<\/p>\r\n<p>\r\n    <label>Pr\u00e9nom \/ First name*<\/label>\r\n    <input type=\"text\" name=\"FNAME\" required=\"\">\r\n<\/p>\r\n<p>\r\n    <label>Nom \/ Name*<\/label>\r\n    <input type=\"text\" name=\"LNAME\" required=\"\">\r\n<\/p>\r\n<p>\r\n\t<label>Courriel \/ Email* \r\n\t\t<input type=\"email\" name=\"EMAIL\" required \/>\r\n<\/label>\r\n<\/p>\r\n\r\n<p>\r\n\t<input type=\"submit\" value=\"JE M'ABONNE \/ I SUBSCRIBE\" \/>\r\n<\/p><\/div><label style=\"display: none !important;\">Laissez ce champ vide si vous \u00eates humain\u00a0: <input type=\"text\" name=\"_mc4wp_honeypot\" value=\"\" tabindex=\"-1\" autocomplete=\"off\" \/><\/label><input type=\"hidden\" name=\"_mc4wp_timestamp\" value=\"1776166975\" \/><input type=\"hidden\" name=\"_mc4wp_form_id\" value=\"23381\" \/><input type=\"hidden\" name=\"_mc4wp_form_element_id\" value=\"mc4wp-form-1\" \/><div class=\"mc4wp-response\"><\/div><\/form><!-- \/ Mailchimp for WordPress Plugin -->[\/vc_column_text][\/vc_column][vc_column width=&#8221;1\/4&#8243;][vc_widget_sidebar sidebar_id=&#8221;SIDEBAR FORM-BUTLOCAL-BUTACTU&#8221;][\/vc_column][\/vc_row][vc_row][vc_column][vc_column_text]<\/p>\n<p>[\/vc_column_text][\/vc_column][\/vc_row]<\/p>\n<\/div>","protected":false},"excerpt":{"rendered":"<p>[vc_row bg_type=&#8221;bg_color&#8221; bg_override=&#8221;full&#8221; css=&#8221;.vc_custom_1571324998230{margin-top: 36px !important;}&#8221;][vc_column width=&#8221;3\/4&#8243;][vc_custom_heading text=&#8221;Abonnez-vous \u00e0 notre newsletter mensuelle ODIAL&#8217;Info en fran\u00e7ais&#8221; font_container=&#8221;tag:h1|font_size:30px|text_align:left|color:%23d08100&#8243; google_fonts=&#8221;font_family:Roboto%3A100%2C100italic%2C300%2C300italic%2Cregular%2Citalic%2C500%2C500italic%2C700%2C700italic%2C900%2C900italic|font_style:700%20bold%20regular%3A700%3Anormal&#8221;][vc_column_text]Vous pouvez vous d\u00e9sabonner \u00e0 tout moment de notre&#8230;<\/p>\n","protected":false},"author":6,"featured_media":0,"parent":0,"menu_order":0,"comment_status":"closed","ping_status":"closed","template":"","meta":{"_vp_format_video_url":"","_vp_image_focal_point":[],"footnotes":""},"class_list":["post-23343","page","type-page","status-publish","hentry"],"yoast_head":"<!-- This site is optimized with the Yoast SEO plugin v25.8 - https:\/\/yoast.com\/wordpress\/plugins\/seo\/ -->\n<title>Abonnez-vous \u00e0 notre Newsletter Odial&#039;Info - Vergnet Hydro<\/title>\n<meta name=\"robots\" content=\"index, follow, max-snippet:-1, max-image-preview:large, max-video-preview:-1\" \/>\n<link rel=\"canonical\" href=\"https:\/\/www.vergnet-hydro.com\/vh\/abonnement-newsletter-odial\/\" \/>\n<meta property=\"og:locale\" content=\"fr_FR\" \/>\n<meta property=\"og:type\" content=\"article\" \/>\n<meta property=\"og:title\" content=\"Abonnez-vous \u00e0 notre Newsletter Odial&#039;Info - Vergnet Hydro\" \/>\n<meta property=\"og:description\" content=\"[vc_row bg_type=&#8221;bg_color&#8221; bg_override=&#8221;full&#8221; css=&#8221;.vc_custom_1571324998230{margin-top: 36px !important;}&#8221;][vc_column width=&#8221;3\/4&#8243;][vc_custom_heading text=&#8221;Abonnez-vous \u00e0 notre newsletter mensuelle ODIAL&#8217;Info en fran\u00e7ais&#8221; font_container=&#8221;tag:h1|font_size:30px|text_align:left|color:%23d08100&#8243; google_fonts=&#8221;font_family:Roboto%3A100%2C100italic%2C300%2C300italic%2Cregular%2Citalic%2C500%2C500italic%2C700%2C700italic%2C900%2C900italic|font_style:700%20bold%20regular%3A700%3Anormal&#8221;][vc_column_text]Vous pouvez vous d\u00e9sabonner \u00e0 tout moment de notre...\" \/>\n<meta property=\"og:url\" content=\"https:\/\/www.vergnet-hydro.com\/vh\/abonnement-newsletter-odial\/\" \/>\n<meta property=\"og:site_name\" content=\"Vergnet Hydro\" \/>\n<meta property=\"article:modified_time\" content=\"2020-03-12T14:24:35+00:00\" \/>\n<meta name=\"twitter:card\" content=\"summary_large_image\" \/>\n<meta name=\"twitter:label1\" content=\"Dur\u00e9e de lecture estim\u00e9e\" \/>\n\t<meta name=\"twitter:data1\" content=\"1 minute\" \/>\n<script type=\"application\/ld+json\" class=\"yoast-schema-graph\">{\"@context\":\"https:\/\/schema.org\",\"@graph\":[{\"@type\":\"WebPage\",\"@id\":\"https:\/\/www.vergnet-hydro.com\/vh\/abonnement-newsletter-odial\/\",\"url\":\"https:\/\/www.vergnet-hydro.com\/vh\/abonnement-newsletter-odial\/\",\"name\":\"Abonnez-vous \u00e0 notre Newsletter Odial'Info - Vergnet Hydro\",\"isPartOf\":{\"@id\":\"https:\/\/www.vergnet-hydro.com\/vh\/#website\"},\"datePublished\":\"2019-10-17T15:05:03+00:00\",\"dateModified\":\"2020-03-12T14:24:35+00:00\",\"breadcrumb\":{\"@id\":\"https:\/\/www.vergnet-hydro.com\/vh\/abonnement-newsletter-odial\/#breadcrumb\"},\"inLanguage\":\"fr-FR\",\"potentialAction\":[{\"@type\":\"ReadAction\",\"target\":[\"https:\/\/www.vergnet-hydro.com\/vh\/abonnement-newsletter-odial\/\"]}]},{\"@type\":\"BreadcrumbList\",\"@id\":\"https:\/\/www.vergnet-hydro.com\/vh\/abonnement-newsletter-odial\/#breadcrumb\",\"itemListElement\":[{\"@type\":\"ListItem\",\"position\":1,\"name\":\"Accueil\",\"item\":\"https:\/\/www.vergnet-hydro.com\/vh\/\"},{\"@type\":\"ListItem\",\"position\":2,\"name\":\"Abonnement newsletter Odial Info\"}]},{\"@type\":\"WebSite\",\"@id\":\"https:\/\/www.vergnet-hydro.com\/vh\/#website\",\"url\":\"https:\/\/www.vergnet-hydro.com\/vh\/\",\"name\":\"Vergnet Hydro\",\"description\":\"\",\"potentialAction\":[{\"@type\":\"SearchAction\",\"target\":{\"@type\":\"EntryPoint\",\"urlTemplate\":\"https:\/\/www.vergnet-hydro.com\/vh\/?s={search_term_string}\"},\"query-input\":{\"@type\":\"PropertyValueSpecification\",\"valueRequired\":true,\"valueName\":\"search_term_string\"}}],\"inLanguage\":\"fr-FR\"}]}<\/script>\n<!-- \/ Yoast SEO plugin. -->","yoast_head_json":{"title":"Abonnez-vous \u00e0 notre Newsletter Odial'Info - Vergnet Hydro","robots":{"index":"index","follow":"follow","max-snippet":"max-snippet:-1","max-image-preview":"max-image-preview:large","max-video-preview":"max-video-preview:-1"},"canonical":"https:\/\/www.vergnet-hydro.com\/vh\/abonnement-newsletter-odial\/","og_locale":"fr_FR","og_type":"article","og_title":"Abonnez-vous \u00e0 notre Newsletter Odial'Info - Vergnet Hydro","og_description":"[vc_row bg_type=&#8221;bg_color&#8221; bg_override=&#8221;full&#8221; css=&#8221;.vc_custom_1571324998230{margin-top: 36px !important;}&#8221;][vc_column width=&#8221;3\/4&#8243;][vc_custom_heading text=&#8221;Abonnez-vous \u00e0 notre newsletter mensuelle ODIAL&#8217;Info en fran\u00e7ais&#8221; font_container=&#8221;tag:h1|font_size:30px|text_align:left|color:%23d08100&#8243; google_fonts=&#8221;font_family:Roboto%3A100%2C100italic%2C300%2C300italic%2Cregular%2Citalic%2C500%2C500italic%2C700%2C700italic%2C900%2C900italic|font_style:700%20bold%20regular%3A700%3Anormal&#8221;][vc_column_text]Vous pouvez vous d\u00e9sabonner \u00e0 tout moment de notre...","og_url":"https:\/\/www.vergnet-hydro.com\/vh\/abonnement-newsletter-odial\/","og_site_name":"Vergnet Hydro","article_modified_time":"2020-03-12T14:24:35+00:00","twitter_card":"summary_large_image","twitter_misc":{"Dur\u00e9e de lecture estim\u00e9e":"1 minute"},"schema":{"@context":"https:\/\/schema.org","@graph":[{"@type":"WebPage","@id":"https:\/\/www.vergnet-hydro.com\/vh\/abonnement-newsletter-odial\/","url":"https:\/\/www.vergnet-hydro.com\/vh\/abonnement-newsletter-odial\/","name":"Abonnez-vous \u00e0 notre Newsletter Odial'Info - Vergnet Hydro","isPartOf":{"@id":"https:\/\/www.vergnet-hydro.com\/vh\/#website"},"datePublished":"2019-10-17T15:05:03+00:00","dateModified":"2020-03-12T14:24:35+00:00","breadcrumb":{"@id":"https:\/\/www.vergnet-hydro.com\/vh\/abonnement-newsletter-odial\/#breadcrumb"},"inLanguage":"fr-FR","potentialAction":[{"@type":"ReadAction","target":["https:\/\/www.vergnet-hydro.com\/vh\/abonnement-newsletter-odial\/"]}]},{"@type":"BreadcrumbList","@id":"https:\/\/www.vergnet-hydro.com\/vh\/abonnement-newsletter-odial\/#breadcrumb","itemListElement":[{"@type":"ListItem","position":1,"name":"Accueil","item":"https:\/\/www.vergnet-hydro.com\/vh\/"},{"@type":"ListItem","position":2,"name":"Abonnement newsletter Odial Info"}]},{"@type":"WebSite","@id":"https:\/\/www.vergnet-hydro.com\/vh\/#website","url":"https:\/\/www.vergnet-hydro.com\/vh\/","name":"Vergnet Hydro","description":"","potentialAction":[{"@type":"SearchAction","target":{"@type":"EntryPoint","urlTemplate":"https:\/\/www.vergnet-hydro.com\/vh\/?s={search_term_string}"},"query-input":{"@type":"PropertyValueSpecification","valueRequired":true,"valueName":"search_term_string"}}],"inLanguage":"fr-FR"}]}},"_links":{"self":[{"href":"https:\/\/www.vergnet-hydro.com\/vh\/wp-json\/wp\/v2\/pages\/23343","targetHints":{"allow":["GET"]}}],"collection":[{"href":"https:\/\/www.vergnet-hydro.com\/vh\/wp-json\/wp\/v2\/pages"}],"about":[{"href":"https:\/\/www.vergnet-hydro.com\/vh\/wp-json\/wp\/v2\/types\/page"}],"author":[{"embeddable":true,"href":"https:\/\/www.vergnet-hydro.com\/vh\/wp-json\/wp\/v2\/users\/6"}],"replies":[{"embeddable":true,"href":"https:\/\/www.vergnet-hydro.com\/vh\/wp-json\/wp\/v2\/comments?post=23343"}],"version-history":[{"count":33,"href":"https:\/\/www.vergnet-hydro.com\/vh\/wp-json\/wp\/v2\/pages\/23343\/revisions"}],"predecessor-version":[{"id":24506,"href":"https:\/\/www.vergnet-hydro.com\/vh\/wp-json\/wp\/v2\/pages\/23343\/revisions\/24506"}],"wp:attachment":[{"href":"https:\/\/www.vergnet-hydro.com\/vh\/wp-json\/wp\/v2\/media?parent=23343"}],"curies":[{"name":"wp","href":"https:\/\/api.w.org\/{rel}","templated":true}]}}