{"id":23294,"date":"2019-10-14T15:44:26","date_gmt":"2019-10-14T14:44:26","guid":{"rendered":"https:\/\/www.vergnet-hydro.com\/vh\/vergnet-hydro-est-la-reference-francaise-des-pompes-a-eau-manuelles-et-de-ladduction-deau-potable-en-milieu-rural-copy\/"},"modified":"2022-10-19T07:00:31","modified_gmt":"2022-10-19T06:00:31","slug":"emploi-vergnet-hydro","status":"publish","type":"page","link":"https:\/\/www.vergnet-hydro.com\/vh\/emploi-vergnet-hydro\/","title":{"rendered":"VERGNET HYDRO recrute ses futurs talents pour un acc\u00e8s \u00e0 l&#8217;eau potable"},"content":{"rendered":"<div class=\"wpb-content-wrapper\"><p>[vc_row bg_type=&#8221;bg_color&#8221; bg_override=&#8221;full&#8221; bg_color_value=&#8221;#ffffff&#8221; css=&#8221;.vc_custom_1571144946327{margin-top: 36px !important;}&#8221;][vc_column width=&#8221;3\/4&#8243;][vc_custom_heading text=&#8221;VERGNET HYDRO recrute ses futurs talents pour un acc\u00e8s \u00e0 l&#8217;eau potable en Afrique&#8221; font_container=&#8221;tag:h1|font_size:30|text_align:left|color:%23d08100&#8243; google_fonts=&#8221;font_family:Roboto%3A100%2C100italic%2C300%2C300italic%2Cregular%2Citalic%2C500%2C500italic%2C700%2C700italic%2C900%2C900italic|font_style:700%20bold%20regular%3A700%3Anormal&#8221; css=&#8221;.vc_custom_1639061462948{margin-bottom: 30px !important;}&#8221;][vc_column_text]<\/p>\n<h2><strong>VERGNET HYDRO est en permanence \u00e0 la recherche de talents. Les offres de nos postes vacants sont toutes en ligne. Nous sommes cependant toujours attentifs aux candidatures spontan\u00e9es.<\/strong><\/h2>\n<p>[\/vc_column_text][vc_masonry_grid post_type=&#8221;post&#8221; max_items=&#8221;8&#8243; element_width=&#8221;6&#8243; grid_id=&#8221;vc_gid:1666158901189-274a8ec9-f008-8&#8243; taxonomies=&#8221;101, 205&#8243;][vc_separator][vc_row_inner][vc_column_inner width=&#8221;1\/2&#8243;][vc_custom_heading text=&#8221;Candidature spontan\u00e9e&#8221; font_container=&#8221;tag:h2|font_size:27px|text_align:left|color:%236599cc&#8221; google_fonts=&#8221;font_family:Roboto%3A100%2C100italic%2C300%2C300italic%2Cregular%2Citalic%2C500%2C500italic%2C700%2C700italic%2C900%2C900italic|font_style:500%20bold%20italic%3A500%3Aitalic&#8221;][vc_column_text]<div class=\"wpforms-container wpforms-container-full\" id=\"wpforms-23312\"><form id=\"wpforms-form-23312\" class=\"wpforms-validate wpforms-form\" data-formid=\"23312\" method=\"post\" enctype=\"multipart\/form-data\" action=\"\/vh\/wp-json\/wp\/v2\/pages\/23294?wpforms_form_id=23312\" data-token=\"af4b0fea46e572b8887ff94891df0e22\" data-token-time=\"1776193055\"><noscript class=\"wpforms-error-noscript\">Veuillez activer JavaScript dans votre navigateur pour remplir ce formulaire.<\/noscript><div class=\"wpforms-field-container\"><div id=\"wpforms-23312-field_0-container\" class=\"wpforms-field wpforms-field-name\" data-field-id=\"0\"><label class=\"wpforms-field-label\">Nom <span class=\"wpforms-required-label\">*<\/span><\/label><div class=\"wpforms-field-row wpforms-field-large\"><div class=\"wpforms-field-row-block wpforms-first wpforms-one-half\"><input type=\"text\" id=\"wpforms-23312-field_0\" class=\"wpforms-field-name-first wpforms-field-required\" name=\"wpforms[fields][0][first]\" required><label for=\"wpforms-23312-field_0\" class=\"wpforms-field-sublabel after\">Pr\u00e9nom<\/label><\/div><div class=\"wpforms-field-row-block wpforms-one-half\"><input type=\"text\" id=\"wpforms-23312-field_0-last\" class=\"wpforms-field-name-last wpforms-field-required\" name=\"wpforms[fields][0][last]\" required><label for=\"wpforms-23312-field_0-last\" class=\"wpforms-field-sublabel after\">Nom<\/label><\/div><\/div><\/div><div id=\"wpforms-23312-field_3-container\" class=\"wpforms-field wpforms-field-phone\" data-field-id=\"3\"><label class=\"wpforms-field-label\" for=\"wpforms-23312-field_3\">T\u00e9l\u00e9phone <span class=\"wpforms-required-label\">*<\/span><\/label><input type=\"tel\" id=\"wpforms-23312-field_3\" class=\"wpforms-field-large wpforms-field-required\" data-rule-int-phone-field=\"true\" name=\"wpforms[fields][3]\" aria-label=\"T\u00e9l\u00e9phone\" required><\/div><div id=\"wpforms-23312-field_1-container\" class=\"wpforms-field wpforms-field-email\" data-field-id=\"1\"><label class=\"wpforms-field-label\" for=\"wpforms-23312-field_1\">Courriel <span class=\"wpforms-required-label\">*<\/span><\/label><input type=\"email\" id=\"wpforms-23312-field_1\" class=\"wpforms-field-large wpforms-field-required\" name=\"wpforms[fields][1]\" spellcheck=\"false\" required><\/div><div id=\"wpforms-23312-field_4-container\" class=\"wpforms-field wpforms-field-select wpforms-field-select-style-classic\" data-field-id=\"4\"><label class=\"wpforms-field-label\" for=\"wpforms-23312-field_4\">S\u00e9lectionnez dans les postes propos\u00e9s...<\/label><select id=\"wpforms-23312-field_4\" class=\"wpforms-field-large\" name=\"wpforms[fields][4]\"><option value=\"Ing\u00e9nieur\u2022e d&#039;\u00e9tudes hydraulique et solaire\" >Ing\u00e9nieur\u2022e d&#039;\u00e9tudes hydraulique et solaire<\/option><option value=\"Charg\u00e9\u2022e d\u2019Appels d\u2019Offres \/ Bid Manager\" >Charg\u00e9\u2022e d\u2019Appels d\u2019Offres \/ Bid Manager<\/option><\/select><\/div><div id=\"wpforms-23312-field_5-container\" class=\"wpforms-field wpforms-field-text\" data-field-id=\"5\"><label class=\"wpforms-field-label\" for=\"wpforms-23312-field_5\">... Ou candidatez pour un autre poste<\/label><input type=\"text\" id=\"wpforms-23312-field_5\" class=\"wpforms-field-large\" name=\"wpforms[fields][5]\" ><\/div><div id=\"wpforms-23312-field_6-container\" class=\"wpforms-field wpforms-field-file-upload\" data-field-id=\"6\"><label class=\"wpforms-field-label\" for=\"wpforms-23312-field_6\">CV (.pdf, .doc, .docx, .jpg) <span class=\"wpforms-required-label\">*<\/span><\/label><input type=\"file\" id=\"wpforms-23312-field_6\" class=\"wpforms-field-required\" data-rule-extension=\"pdf,jpg,doc,docx\" data-rule-maxsize=\"2097152\" name=\"wpforms_23312_6\" accept=\".pdf,.jpg,.doc,.docx\" required><div class=\"wpforms-field-description\">2 Mo maximum<\/div><\/div><div id=\"wpforms-23312-field_8-container\" class=\"wpforms-field wpforms-field-file-upload\" data-field-id=\"8\"><label class=\"wpforms-field-label\" for=\"wpforms-23312-field_8\">Lettre de motivation (.pdf, .doc, .docx, .jpg) <span class=\"wpforms-required-label\">*<\/span><\/label><input type=\"file\" id=\"wpforms-23312-field_8\" class=\"wpforms-field-required\" data-rule-extension=\"pdf,jpg,doc,docx\" data-rule-maxsize=\"2097152\" name=\"wpforms_23312_8\" accept=\".pdf,.jpg,.doc,.docx\" required><div class=\"wpforms-field-description\">2 Mo maximum<\/div><\/div><div id=\"wpforms-23312-field_2-container\" class=\"wpforms-field wpforms-field-textarea\" data-field-id=\"2\"><label class=\"wpforms-field-label\" for=\"wpforms-23312-field_2\">Commentaire <span class=\"wpforms-required-label\">*<\/span><\/label><textarea id=\"wpforms-23312-field_2\" class=\"wpforms-field-medium wpforms-field-required\" name=\"wpforms[fields][2]\" required><\/textarea><\/div><div id=\"wpforms-23312-field_7-container\" class=\"wpforms-field wpforms-field-checkbox\" data-field-id=\"7\"><label class=\"wpforms-field-label\">Cases \u00e0 cocher <span class=\"wpforms-required-label\">*<\/span><\/label><ul id=\"wpforms-23312-field_7\" class=\"wpforms-field-required\"><li class=\"choice-1 depth-1\"><input type=\"checkbox\" id=\"wpforms-23312-field_7_1\" name=\"wpforms[fields][7][]\" value=\"J&#039;ai bien compris les termes du texte sur les donn\u00e9es personnelles et j&#039;autorise Vergnet Hydro \u00e0 utiliser mes donn\u00e9es. Cocher la case ci-dessus avant de cliquer sur envoyer\" required ><label class=\"wpforms-field-label-inline\" for=\"wpforms-23312-field_7_1\">J'ai bien compris les termes du texte sur les donn\u00e9es personnelles et j'autorise Vergnet Hydro \u00e0 utiliser mes donn\u00e9es. Cocher la case ci-dessus avant de cliquer sur envoyer<\/label><\/li><\/ul><\/div><\/div><!-- .wpforms-field-container --><div class=\"wpforms-field wpforms-field-hp\"><label for=\"wpforms-23312-field-hp\" class=\"wpforms-field-label\">Website<\/label><input type=\"text\" name=\"wpforms[hp]\" id=\"wpforms-23312-field-hp\" class=\"wpforms-field-medium\"><\/div><div class=\"wpforms-submit-container\" ><input type=\"hidden\" name=\"wpforms[id]\" value=\"23312\"><input type=\"hidden\" name=\"page_title\" value=\"\"><input type=\"hidden\" name=\"page_url\" value=\"https:\/\/www.vergnet-hydro.com\/vh\/wp-json\/wp\/v2\/pages\/23294\"><input type=\"hidden\" name=\"url_referer\" value=\"\"><button type=\"submit\" name=\"wpforms[submit]\" id=\"wpforms-submit-23312\" class=\"wpforms-submit\" data-alt-text=\"Sending...\" data-submit-text=\"Envoyer\" aria-live=\"assertive\" value=\"wpforms-submit\">Envoyer<\/button><\/div><\/form><\/div>  <!-- .wpforms-container -->[\/vc_column_text][\/vc_column_inner][vc_column_inner width=&#8221;1\/2&#8243; css=&#8221;.vc_custom_1571144566197{margin-top: 70px !important;}&#8221;][vc_column_text]<strong>Donn\u00e9es personnelles \u2022 Avertissement<\/strong><\/p>\n<p>Les informations recueillies sur ce formulaire sont enregistr\u00e9es dans un fichier informatis\u00e9 par Vergnet Hydro pour la gestion des offres de candidature. Elles sont conserv\u00e9es pendant 1 an et sont destin\u00e9es \u00e0 r\u00e9pondre \u00e0 vos sollicitations.<br \/>\nConform\u00e9ment \u00e0 la loi \u00ab informatique et libert\u00e9s \u00bb, vous pouvez exercer votre droit d\u2019acc\u00e8s aux donn\u00e9es vous concernant et les faire rectifier en contactant :<br \/>\n<a href=\"mailto:eau@vergnet-hydro.fr\">eau@vergnet-hydro.fr<\/a><\/p>\n<p>Nous vous informons de l\u2019existence de la liste d\u2019opposition au d\u00e9marchage t\u00e9l\u00e9phonique \u00abBloctel\u00bb, sur laquelle vous pouvez vous inscrire ici : https:\/\/conso.bloctel.fr\/[\/vc_column_text][\/vc_column_inner][\/vc_row_inner][\/vc_column][vc_column width=&#8221;1\/4&#8243; css=&#8221;.vc_custom_1571146520150{margin-top: 120px !important;}&#8221;][vc_video popup=&#8221;no&#8221; link=&#8221;https:\/\/youtu.be\/eno7mC1MudY&#8221;][vc_video popup=&#8221;no&#8221; link=&#8221;https:\/\/youtu.be\/dlH6hat0gTg&#8221; css=&#8221;.vc_custom_1666159129648{padding-bottom: 36px !important;}&#8221;][vc_column_text css=&#8221;.vc_custom_1666159059460{margin-top: 0px !important;}&#8221;][vc_row bg_type=\"no_bg\"][vc_column][vc_btn title=\"Nos actualit\u00e9s\" style=\"custom\" custom_background=\"#31689b\" custom_text=\"#ffffff\" size=\"lg\" align=\"right\" i_icon_fontawesome=\"fas fa-newspaper\" css_animation=\"appear\" button_block=\"true\" add_icon=\"true\" link=\"url:https%3A%2F%2Fwww.vergnet-hydro.com%2Fvh%2Factualite-vergnet-hydro%2F|||\"][\/vc_column][\/vc_row][\/vc_column_text][vc_column_text]<p>[vc_row bg_type=\"no_bg\"][vc_column][vc_btn title=\"Nous contacter\" style=\"custom\" custom_background=\"#31689b\" custom_text=\"#ffffff\" size=\"lg\" align=\"right\" i_icon_fontawesome=\"far fa-envelope\" css_animation=\"appear\" button_block=\"true\" add_icon=\"true\" link=\"url:https%3A%2F%2Fwww.vergnet-hydro.com%2Fvh%2Fvergnet-hydro-contact%2F|||\"][\/vc_column][\/vc_row]<\/p>\r\n[\/vc_column_text][\/vc_column][\/vc_row]<\/p>\n<\/div>","protected":false},"excerpt":{"rendered":"<p>[vc_row bg_type=&#8221;bg_color&#8221; bg_override=&#8221;full&#8221; bg_color_value=&#8221;#ffffff&#8221; css=&#8221;.vc_custom_1571144946327{margin-top: 36px !important;}&#8221;][vc_column width=&#8221;3\/4&#8243;][vc_custom_heading text=&#8221;VERGNET HYDRO recrute ses futurs talents pour un acc\u00e8s \u00e0 l&#8217;eau potable en Afrique&#8221; font_container=&#8221;tag:h1|font_size:30|text_align:left|color:%23d08100&#8243; google_fonts=&#8221;font_family:Roboto%3A100%2C100italic%2C300%2C300italic%2Cregular%2Citalic%2C500%2C500italic%2C700%2C700italic%2C900%2C900italic|font_style:700%20bold%20regular%3A700%3Anormal&#8221; css=&#8221;.vc_custom_1639061462948{margin-bottom:&#8230;<\/p>\n","protected":false},"author":5,"featured_media":0,"parent":0,"menu_order":0,"comment_status":"closed","ping_status":"closed","template":"","meta":{"_vp_format_video_url":"","_vp_image_focal_point":[],"footnotes":""},"class_list":["post-23294","page","type-page","status-publish","hentry"],"yoast_head":"<!-- This site is optimized with the Yoast SEO plugin v25.8 - https:\/\/yoast.com\/wordpress\/plugins\/seo\/ -->\n<title>VERGNET HYDRO recrute ses futurs talents pour un acc\u00e8s \u00e0 l&#039;eau potable<\/title>\n<meta name=\"description\" content=\"VERGNET HYDRO est en permanence \u00e0 la recherche de talents. Les offres de nos postes vacants sont toutes en ligne. Nous sommes cependant\u2026\" \/>\n<meta name=\"robots\" content=\"index, follow, max-snippet:-1, max-image-preview:large, max-video-preview:-1\" \/>\n<link rel=\"canonical\" href=\"https:\/\/www.vergnet-hydro.com\/vh\/emploi-vergnet-hydro\/\" \/>\n<meta property=\"og:locale\" content=\"fr_FR\" \/>\n<meta property=\"og:type\" content=\"article\" \/>\n<meta property=\"og:title\" content=\"VERGNET HYDRO recrute ses futurs talents pour un acc\u00e8s \u00e0 l&#039;eau potable\" \/>\n<meta property=\"og:description\" content=\"VERGNET HYDRO est en permanence \u00e0 la recherche de talents. Les offres de nos postes vacants sont toutes en ligne. Nous sommes cependant\u2026\" \/>\n<meta property=\"og:url\" content=\"https:\/\/www.vergnet-hydro.com\/vh\/emploi-vergnet-hydro\/\" \/>\n<meta property=\"og:site_name\" content=\"Vergnet Hydro\" \/>\n<meta property=\"article:modified_time\" content=\"2022-10-19T06:00:31+00:00\" \/>\n<meta name=\"twitter:card\" content=\"summary_large_image\" \/>\n<meta name=\"twitter:label1\" content=\"Dur\u00e9e de lecture estim\u00e9e\" \/>\n\t<meta name=\"twitter:data1\" content=\"1 minute\" \/>\n<script type=\"application\/ld+json\" class=\"yoast-schema-graph\">{\"@context\":\"https:\/\/schema.org\",\"@graph\":[{\"@type\":\"WebPage\",\"@id\":\"https:\/\/www.vergnet-hydro.com\/vh\/emploi-vergnet-hydro\/\",\"url\":\"https:\/\/www.vergnet-hydro.com\/vh\/emploi-vergnet-hydro\/\",\"name\":\"VERGNET HYDRO recrute ses futurs talents pour un acc\u00e8s \u00e0 l'eau potable\",\"isPartOf\":{\"@id\":\"https:\/\/www.vergnet-hydro.com\/vh\/#website\"},\"datePublished\":\"2019-10-14T14:44:26+00:00\",\"dateModified\":\"2022-10-19T06:00:31+00:00\",\"description\":\"VERGNET HYDRO est en permanence \u00e0 la recherche de talents. Les offres de nos postes vacants sont toutes en ligne. Nous sommes cependant\u2026\",\"breadcrumb\":{\"@id\":\"https:\/\/www.vergnet-hydro.com\/vh\/emploi-vergnet-hydro\/#breadcrumb\"},\"inLanguage\":\"fr-FR\",\"potentialAction\":[{\"@type\":\"ReadAction\",\"target\":[\"https:\/\/www.vergnet-hydro.com\/vh\/emploi-vergnet-hydro\/\"]}]},{\"@type\":\"BreadcrumbList\",\"@id\":\"https:\/\/www.vergnet-hydro.com\/vh\/emploi-vergnet-hydro\/#breadcrumb\",\"itemListElement\":[{\"@type\":\"ListItem\",\"position\":1,\"name\":\"Accueil\",\"item\":\"https:\/\/www.vergnet-hydro.com\/vh\/\"},{\"@type\":\"ListItem\",\"position\":2,\"name\":\"VERGNET HYDRO recrute ses futurs talents pour un acc\u00e8s \u00e0 l&rsquo;eau potable\"}]},{\"@type\":\"WebSite\",\"@id\":\"https:\/\/www.vergnet-hydro.com\/vh\/#website\",\"url\":\"https:\/\/www.vergnet-hydro.com\/vh\/\",\"name\":\"Vergnet Hydro\",\"description\":\"\",\"potentialAction\":[{\"@type\":\"SearchAction\",\"target\":{\"@type\":\"EntryPoint\",\"urlTemplate\":\"https:\/\/www.vergnet-hydro.com\/vh\/?s={search_term_string}\"},\"query-input\":{\"@type\":\"PropertyValueSpecification\",\"valueRequired\":true,\"valueName\":\"search_term_string\"}}],\"inLanguage\":\"fr-FR\"}]}<\/script>\n<!-- \/ Yoast SEO plugin. -->","yoast_head_json":{"title":"VERGNET HYDRO recrute ses futurs talents pour un acc\u00e8s \u00e0 l'eau potable","description":"VERGNET HYDRO est en permanence \u00e0 la recherche de talents. Les offres de nos postes vacants sont toutes en ligne. Nous sommes cependant\u2026","robots":{"index":"index","follow":"follow","max-snippet":"max-snippet:-1","max-image-preview":"max-image-preview:large","max-video-preview":"max-video-preview:-1"},"canonical":"https:\/\/www.vergnet-hydro.com\/vh\/emploi-vergnet-hydro\/","og_locale":"fr_FR","og_type":"article","og_title":"VERGNET HYDRO recrute ses futurs talents pour un acc\u00e8s \u00e0 l'eau potable","og_description":"VERGNET HYDRO est en permanence \u00e0 la recherche de talents. Les offres de nos postes vacants sont toutes en ligne. Nous sommes cependant\u2026","og_url":"https:\/\/www.vergnet-hydro.com\/vh\/emploi-vergnet-hydro\/","og_site_name":"Vergnet Hydro","article_modified_time":"2022-10-19T06:00:31+00:00","twitter_card":"summary_large_image","twitter_misc":{"Dur\u00e9e de lecture estim\u00e9e":"1 minute"},"schema":{"@context":"https:\/\/schema.org","@graph":[{"@type":"WebPage","@id":"https:\/\/www.vergnet-hydro.com\/vh\/emploi-vergnet-hydro\/","url":"https:\/\/www.vergnet-hydro.com\/vh\/emploi-vergnet-hydro\/","name":"VERGNET HYDRO recrute ses futurs talents pour un acc\u00e8s \u00e0 l'eau potable","isPartOf":{"@id":"https:\/\/www.vergnet-hydro.com\/vh\/#website"},"datePublished":"2019-10-14T14:44:26+00:00","dateModified":"2022-10-19T06:00:31+00:00","description":"VERGNET HYDRO est en permanence \u00e0 la recherche de talents. Les offres de nos postes vacants sont toutes en ligne. Nous sommes cependant\u2026","breadcrumb":{"@id":"https:\/\/www.vergnet-hydro.com\/vh\/emploi-vergnet-hydro\/#breadcrumb"},"inLanguage":"fr-FR","potentialAction":[{"@type":"ReadAction","target":["https:\/\/www.vergnet-hydro.com\/vh\/emploi-vergnet-hydro\/"]}]},{"@type":"BreadcrumbList","@id":"https:\/\/www.vergnet-hydro.com\/vh\/emploi-vergnet-hydro\/#breadcrumb","itemListElement":[{"@type":"ListItem","position":1,"name":"Accueil","item":"https:\/\/www.vergnet-hydro.com\/vh\/"},{"@type":"ListItem","position":2,"name":"VERGNET HYDRO recrute ses futurs talents pour un acc\u00e8s \u00e0 l&rsquo;eau potable"}]},{"@type":"WebSite","@id":"https:\/\/www.vergnet-hydro.com\/vh\/#website","url":"https:\/\/www.vergnet-hydro.com\/vh\/","name":"Vergnet Hydro","description":"","potentialAction":[{"@type":"SearchAction","target":{"@type":"EntryPoint","urlTemplate":"https:\/\/www.vergnet-hydro.com\/vh\/?s={search_term_string}"},"query-input":{"@type":"PropertyValueSpecification","valueRequired":true,"valueName":"search_term_string"}}],"inLanguage":"fr-FR"}]}},"_links":{"self":[{"href":"https:\/\/www.vergnet-hydro.com\/vh\/wp-json\/wp\/v2\/pages\/23294","targetHints":{"allow":["GET"]}}],"collection":[{"href":"https:\/\/www.vergnet-hydro.com\/vh\/wp-json\/wp\/v2\/pages"}],"about":[{"href":"https:\/\/www.vergnet-hydro.com\/vh\/wp-json\/wp\/v2\/types\/page"}],"author":[{"embeddable":true,"href":"https:\/\/www.vergnet-hydro.com\/vh\/wp-json\/wp\/v2\/users\/5"}],"replies":[{"embeddable":true,"href":"https:\/\/www.vergnet-hydro.com\/vh\/wp-json\/wp\/v2\/comments?post=23294"}],"version-history":[{"count":21,"href":"https:\/\/www.vergnet-hydro.com\/vh\/wp-json\/wp\/v2\/pages\/23294\/revisions"}],"predecessor-version":[{"id":23303,"href":"https:\/\/www.vergnet-hydro.com\/vh\/wp-json\/wp\/v2\/pages\/23294\/revisions\/23303"}],"wp:attachment":[{"href":"https:\/\/www.vergnet-hydro.com\/vh\/wp-json\/wp\/v2\/media?parent=23294"}],"curies":[{"name":"wp","href":"https:\/\/api.w.org\/{rel}","templated":true}]}}