{"id":23244,"date":"2019-10-11T06:25:23","date_gmt":"2019-10-11T05:25:23","guid":{"rendered":"https:\/\/www.vergnet-hydro.com\/vh\/vergnet-hydro-contact-copy\/"},"modified":"2023-04-03T10:26:11","modified_gmt":"2023-04-03T09:26:11","slug":"pompe-eau-electrique-afrique","status":"publish","type":"page","link":"https:\/\/www.vergnet-hydro.com\/vh\/pompe-eau-electrique-afrique\/","title":{"rendered":"Pompes \u00e0 eau \u00e9lectriques pour l\u2019Afrique"},"content":{"rendered":"<div class=\"wpb-content-wrapper\"><p>[vc_row bg_type=&#8221;bg_color&#8221; bg_override=&#8221;full&#8221; bg_color_value=&#8221;#ffffff&#8221;][vc_column][vc_column_text css=&#8221;.vc_custom_1612177069085{margin-top: 36px !important;}&#8221; el_class=&#8221;imgspe&#8221;]<\/p>\n<p style=\"text-align: center;\"><a href=\"https:\/\/www.vergnet-hydro.com\/vh\/wp-content\/uploads\/2019\/10\/pictogramme-autres-pompes-1.png\"><img decoding=\"async\" src=\"https:\/\/www.vergnet-hydro.com\/vh\/wp-content\/uploads\/2019\/10\/pictogramme-autres-pompes-1-150x150.png\" alt=\"\" width=\"150\" height=\"150\" \/><\/a><\/p>\n<p>[\/vc_column_text][vc_custom_heading text=&#8221;Pompes \u00e0 eau \u00e9lectriques pour l\u2019Afrique&#8221; font_container=&#8221;tag:h1|font_size:30|text_align:center|color:%23d08100&#8243; google_fonts=&#8221;font_family:Roboto%3A100%2C100italic%2C300%2C300italic%2Cregular%2Citalic%2C500%2C500italic%2C700%2C700italic%2C900%2C900italic|font_style:700%20bold%20regular%3A700%3Anormal&#8221; css=&#8221;.vc_custom_1639044373250{margin-top: 0px !important;margin-bottom: 30px !important;}&#8221;][\/vc_column][\/vc_row][vc_row css=&#8221;.vc_custom_1576584794238{border-bottom-width: 1px !important;border-bottom-color: #e0e0e0 !important;border-bottom-style: solid !important;}&#8221;][vc_column width=&#8221;1\/4&#8243;][vc_column_text el_class=&#8221;imgspe&#8221;]<\/p>\n<p style=\"text-align: center;\"><img decoding=\"async\" src=\"https:\/\/www.vergnet-hydro.com\/vh\/wp-content\/uploads\/2020\/01\/Autres-pompes-Pompes-solaires-Lorentz-site-web.jpg\" alt=\"\" width=\"111\" height=\"111\" \/><\/p>\n<p>[\/vc_column_text][\/vc_column][vc_column width=&#8221;3\/4&#8243;][vc_column_text]<\/p>\n<h2><strong>Pompes \u00e0 eau solaires<\/strong><\/h2>\n<p>[\/vc_column_text][vc_column_text]Pompes solaires pour des projets de 1 \u00e0 plusieurs centaines de m3\/j, de 0 \u00e0 300 m\u00e8tres de Hauteur Manom\u00e9trique Totale (HMT) et de quelques centaines de Wc \u00e0 plusieurs dizaines de kWc.[\/vc_column_text][vc_btn title=&#8221;Fiche technique&#8221; style=&#8221;custom&#8221; custom_background=&#8221;#e38a00&#8243; custom_text=&#8221;#ffffff&#8221; link=&#8221;url:https%3A%2F%2Fwww.vergnet-hydro.com%2Fvh%2F4319b_solutions_de_pompage_solaire_bd&#8221;][\/vc_column][\/vc_row][vc_row css=&#8221;.vc_custom_1612177118538{margin-top: 20px !important;border-bottom-width: 1px !important;border-bottom-color: #e0e0e0 !important;border-bottom-style: solid !important;}&#8221;][vc_column width=&#8221;1\/4&#8243;][vc_column_text el_class=&#8221;imgspe&#8221;]<\/p>\n<p style=\"text-align: center;\"><img decoding=\"async\" src=\"https:\/\/www.vergnet-hydro.com\/vh\/wp-content\/uploads\/2020\/01\/Autres-pompes-Motopompes-Rpower-site-web.jpg\" alt=\"\" width=\"111\" height=\"111\" \/><\/p>\n<p>[\/vc_column_text][\/vc_column][vc_column width=&#8221;3\/4&#8243;][vc_column_text]<\/p>\n<h2><strong>Motopompes \u00e0 eau<\/strong><\/h2>\n<p>[\/vc_column_text][vc_column_text]Motopompes diesel de 5 \u00e0 50 m3\/h pour pompage d\u2019eaux de surface (puits, rivi\u00e8res, lacs\u2026), avec ou sans accessoire : tuyauterie d\u2019aspiration et de refoulement, cr\u00e9pines inox, raccords rapides de type \u00ab Guillemin \u00bb, kit d\u2019outils d\u2019installation et O&amp;M, pi\u00e8ces d\u00e9tach\u00e9es pour 2 000 heures incluant filtres divers, joints, injecteur.<br \/>\nHauteur maximum d\u2019aspiration : 5 m\u00e8tres.[\/vc_column_text][\/vc_column][\/vc_row][vc_row css=&#8221;.vc_custom_1612177136058{margin-top: 20px !important;border-bottom-width: 1px !important;border-bottom-color: #e0e0e0 !important;border-bottom-style: solid !important;}&#8221;][vc_column width=&#8221;1\/4&#8243;][vc_column_text el_class=&#8221;imgspe&#8221;]<\/p>\n<p style=\"text-align: center;\"><img decoding=\"async\" src=\"https:\/\/www.vergnet-hydro.com\/vh\/wp-content\/uploads\/2020\/03\/Autres-pompes-Electropompes-immergees-Grundfos-site-web.jpg\" alt=\"\" width=\"111\" height=\"111\" \/><\/p>\n<p>[\/vc_column_text][\/vc_column][vc_column width=&#8221;3\/4&#8243;][vc_column_text]<\/p>\n<h2><strong>Electropompes \u00e0 eau immerg\u00e9es<\/strong><\/h2>\n<p>[\/vc_column_text][vc_column_text]Electropompes immerg\u00e9es de 3 \u00e0 12 pouces (tous d\u00e9bits\/hauteurs jusqu\u2019\u00e0 200 m3\/heure et 250 mCE) pour le pompage d\u2019eaux souterraines \u00e0 fin d\u2019alimentation en eau potable, d\u2019irrigation ou d\u2019applications industrielles. Partenariat avec les principaux industriels (GRUNDFOS, LORENTZ, KSB\u2026). S\u00e9lection des produits les plus fiables, aux meilleurs rendements et r\u00e9sistants \u00e0 la corrosion.[\/vc_column_text][\/vc_column][\/vc_row][vc_row css=&#8221;.vc_custom_1612177142445{margin-top: 20px !important;border-bottom-width: 1px !important;border-bottom-color: #e0e0e0 !important;border-bottom-style: solid !important;}&#8221;][vc_column width=&#8221;1\/4&#8243;][vc_column_text el_class=&#8221;imgspe&#8221;]<\/p>\n<p style=\"text-align: center;\"><img decoding=\"async\" src=\"https:\/\/www.vergnet-hydro.com\/vh\/wp-content\/uploads\/2020\/01\/Autres-pompes-Autres-pompes-Grundfos-site-web.jpg\" alt=\"\" width=\"111\" height=\"111\" \/><\/p>\n<p>[\/vc_column_text][\/vc_column][vc_column width=&#8221;3\/4&#8243;][vc_column_text]<\/p>\n<h2><strong>Autres pompes \u00e0 eau<\/strong><\/h2>\n<p>[\/vc_column_text][vc_column_text]Pompes multicellulaires horizontales pour compresseurs, pompes multicellulaires verticales pour pompage standard, groupes de surpression, ou applications industrielles (liquides \u00e0 haute pression, haute temp\u00e9rature\u2026).[\/vc_column_text][\/vc_column][\/vc_row][vc_row css=&#8221;.vc_custom_1612177150079{margin-top: 20px !important;border-bottom-width: 1px !important;border-bottom-color: #e0e0e0 !important;border-bottom-style: solid !important;}&#8221;][vc_column width=&#8221;1\/4&#8243;][vc_column_text el_class=&#8221;imgspe&#8221;]<\/p>\n<p style=\"text-align: center;\"><img decoding=\"async\" src=\"https:\/\/www.vergnet-hydro.com\/vh\/wp-content\/uploads\/2020\/03\/Autres-pompes-Tetes-de-forage-et-manifold-site-web.jpg\" alt=\"\" width=\"111\" height=\"111\" \/><\/p>\n<p>[\/vc_column_text][\/vc_column][vc_column width=&#8221;3\/4&#8243;][vc_column_text]<\/p>\n<h2><strong>T\u00eates de forage et manifolds<\/strong><\/h2>\n<p>[\/vc_column_text][vc_column_text]Conception et r\u00e9alisation de t\u00eates de forage et manifolds sur-mesure. Tous diam\u00e8tres et mat\u00e9riaux. Int\u00e9gration de tous vos \u00e9quipements : vannes d\u2019arr\u00eat, ventouses, clapets anti-retour, compteurs, prises d\u2019eau, capteurs, filtres\u2026[\/vc_column_text][\/vc_column][\/vc_row][vc_row css=&#8221;.vc_custom_1612177157053{margin-top: 20px !important;border-bottom-width: 1px !important;border-bottom-color: #e0e0e0 !important;border-bottom-style: solid !important;}&#8221;][vc_column width=&#8221;1\/4&#8243;][vc_column_text el_class=&#8221;imgspe&#8221;]<\/p>\n<p style=\"text-align: center;\"><img decoding=\"async\" src=\"https:\/\/www.vergnet-hydro.com\/vh\/wp-content\/uploads\/2020\/03\/Autres-pompes-Protection-et-regulation-des-reseaux-site-web.jpg\" alt=\"\" width=\"111\" height=\"111\" \/><\/p>\n<p>[\/vc_column_text][\/vc_column][vc_column width=&#8221;3\/4&#8243;][vc_column_text]<\/p>\n<h2><strong>Protection et r\u00e9gulation des r\u00e9seaux d&#8217;eau<\/strong><\/h2>\n<p>[\/vc_column_text][vc_column_text]Dimensionnement et installation d\u2019accessoires de protection et de r\u00e9gulation de vos r\u00e9seaux : soupapes de surpression, ballons anti-b\u00e9lier, chemin\u00e9es d\u2019\u00e9quilibre, vannes et accessoires de r\u00e9gulation, filtres\u2026[\/vc_column_text][\/vc_column][\/vc_row][vc_row css=&#8221;.vc_custom_1612177164584{margin-top: 20px !important;margin-bottom: 36px !important;border-bottom-width: 1px !important;border-bottom-color: #e0e0e0 !important;}&#8221;][vc_column width=&#8221;1\/4&#8243;][vc_column_text el_class=&#8221;imgspe&#8221;]<\/p>\n<p style=\"text-align: center;\"><img decoding=\"async\" src=\"https:\/\/www.vergnet-hydro.com\/vh\/wp-content\/uploads\/2020\/01\/Autres-pompes-Compteurs-Maddalena-site-web.jpg\" alt=\"\" width=\"111\" height=\"111\" \/><\/p>\n<p>[\/vc_column_text][\/vc_column][vc_column width=&#8221;3\/4&#8243;][vc_column_text]<\/p>\n<h2><strong>Compteurs d&#8217;eau<\/strong><\/h2>\n<p>[\/vc_column_text][vc_column_text]Compteurs d\u2019eaux industrielles et domestiques. Tous mat\u00e9riaux, classes et technologies : compteurs volum\u00e9triques, compteurs \u00e0 jet unique, \u00e0 jets multiples, \u00e0 h\u00e9lices radiales ou axiales (type \u00ab Woltmann \u00bb)\u2026 Possibilit\u00e9 d\u2019int\u00e9gration de dispositifs de t\u00e9l\u00e9rel\u00e8ve (compteurs intelligents). Tous types de raccordements (brides, filtages\u2026) et accessoires (robinets avant et apr\u00e8s compteurs, bagues antifraudes\u2026).[\/vc_column_text][vc_btn title=&#8221;Fiche technique&#8221; color=&#8221;warning&#8221; link=&#8221;url:https%3A%2F%2Fwww.vergnet-hydro.com%2Fvh%2Fwp-content%2Fuploads%2F2020%2F02%2FCOMPTEUR-sur-pompe_BD.pdf|||&#8221;][\/vc_column][\/vc_row]<\/p>\n<\/div>","protected":false},"excerpt":{"rendered":"<p>[vc_row bg_type=&#8221;bg_color&#8221; bg_override=&#8221;full&#8221; bg_color_value=&#8221;#ffffff&#8221;][vc_column][vc_column_text css=&#8221;.vc_custom_1612177069085{margin-top: 36px !important;}&#8221; el_class=&#8221;imgspe&#8221;] [\/vc_column_text][vc_custom_heading text=&#8221;Pompes \u00e0 eau \u00e9lectriques pour l\u2019Afrique&#8221; font_container=&#8221;tag:h1|font_size:30|text_align:center|color:%23d08100&#8243; google_fonts=&#8221;font_family:Roboto%3A100%2C100italic%2C300%2C300italic%2Cregular%2Citalic%2C500%2C500italic%2C700%2C700italic%2C900%2C900italic|font_style:700%20bold%20regular%3A700%3Anormal&#8221; css=&#8221;.vc_custom_1639044373250{margin-top: 0px !important;margin-bottom: 30px !important;}&#8221;][\/vc_column][\/vc_row][vc_row css=&#8221;.vc_custom_1576584794238{border-bottom-width: 1px !important;border-bottom-color:&#8230;<\/p>\n","protected":false},"author":5,"featured_media":0,"parent":0,"menu_order":0,"comment_status":"closed","ping_status":"closed","template":"","meta":{"_vp_format_video_url":"","_vp_image_focal_point":[],"footnotes":""},"class_list":["post-23244","page","type-page","status-publish","hentry"],"yoast_head":"<!-- This site is optimized with the Yoast SEO plugin v25.8 - https:\/\/yoast.com\/wordpress\/plugins\/seo\/ -->\n<title>Pompes \u00e0 eau \u00e9lectriques pour l\u2019Afrique (VERGNET HYDRO)<\/title>\n<meta name=\"description\" content=\"VERGNET HYDRO propose des pompes \u00e0 eau \u00e9lectriques pour l\u2019Afrique : pompes solaires, motopompes, \u00e9lectropompes immerg\u00e9es, t\u00eates de forage,\u2026\" \/>\n<meta name=\"robots\" content=\"index, follow, max-snippet:-1, max-image-preview:large, max-video-preview:-1\" \/>\n<link rel=\"canonical\" href=\"https:\/\/www.vergnet-hydro.com\/vh\/pompe-eau-electrique-afrique\/\" \/>\n<meta property=\"og:locale\" content=\"fr_FR\" \/>\n<meta property=\"og:type\" content=\"article\" \/>\n<meta property=\"og:title\" content=\"Pompes \u00e0 eau \u00e9lectriques pour l\u2019Afrique (VERGNET HYDRO)\" \/>\n<meta property=\"og:description\" content=\"VERGNET HYDRO propose des pompes \u00e0 eau \u00e9lectriques pour l\u2019Afrique : pompes solaires, motopompes, \u00e9lectropompes immerg\u00e9es, t\u00eates de forage,\u2026\" \/>\n<meta property=\"og:url\" content=\"https:\/\/www.vergnet-hydro.com\/vh\/pompe-eau-electrique-afrique\/\" \/>\n<meta property=\"og:site_name\" content=\"Vergnet Hydro\" \/>\n<meta property=\"article:modified_time\" content=\"2023-04-03T09:26:11+00:00\" \/>\n<meta property=\"og:image\" content=\"https:\/\/www.vergnet-hydro.com\/vh\/wp-content\/uploads\/2019\/10\/pictogramme-autres-pompes-1-150x150.png\" \/>\n<meta name=\"twitter:card\" content=\"summary_large_image\" \/>\n<meta name=\"twitter:label1\" content=\"Dur\u00e9e de lecture estim\u00e9e\" \/>\n\t<meta name=\"twitter:data1\" content=\"4 minutes\" \/>\n<script type=\"application\/ld+json\" class=\"yoast-schema-graph\">{\"@context\":\"https:\/\/schema.org\",\"@graph\":[{\"@type\":\"WebPage\",\"@id\":\"https:\/\/www.vergnet-hydro.com\/vh\/pompe-eau-electrique-afrique\/\",\"url\":\"https:\/\/www.vergnet-hydro.com\/vh\/pompe-eau-electrique-afrique\/\",\"name\":\"Pompes \u00e0 eau \u00e9lectriques pour l\u2019Afrique (VERGNET HYDRO)\",\"isPartOf\":{\"@id\":\"https:\/\/www.vergnet-hydro.com\/vh\/#website\"},\"primaryImageOfPage\":{\"@id\":\"https:\/\/www.vergnet-hydro.com\/vh\/pompe-eau-electrique-afrique\/#primaryimage\"},\"image\":{\"@id\":\"https:\/\/www.vergnet-hydro.com\/vh\/pompe-eau-electrique-afrique\/#primaryimage\"},\"thumbnailUrl\":\"https:\/\/www.vergnet-hydro.com\/vh\/wp-content\/uploads\/2019\/10\/pictogramme-autres-pompes-1-150x150.png\",\"datePublished\":\"2019-10-11T05:25:23+00:00\",\"dateModified\":\"2023-04-03T09:26:11+00:00\",\"description\":\"VERGNET HYDRO propose des pompes \u00e0 eau \u00e9lectriques pour l\u2019Afrique : pompes solaires, motopompes, \u00e9lectropompes immerg\u00e9es, t\u00eates de forage,\u2026\",\"breadcrumb\":{\"@id\":\"https:\/\/www.vergnet-hydro.com\/vh\/pompe-eau-electrique-afrique\/#breadcrumb\"},\"inLanguage\":\"fr-FR\",\"potentialAction\":[{\"@type\":\"ReadAction\",\"target\":[\"https:\/\/www.vergnet-hydro.com\/vh\/pompe-eau-electrique-afrique\/\"]}]},{\"@type\":\"ImageObject\",\"inLanguage\":\"fr-FR\",\"@id\":\"https:\/\/www.vergnet-hydro.com\/vh\/pompe-eau-electrique-afrique\/#primaryimage\",\"url\":\"https:\/\/www.vergnet-hydro.com\/vh\/wp-content\/uploads\/2019\/10\/pictogramme-autres-pompes-1.png\",\"contentUrl\":\"https:\/\/www.vergnet-hydro.com\/vh\/wp-content\/uploads\/2019\/10\/pictogramme-autres-pompes-1.png\",\"width\":250,\"height\":250},{\"@type\":\"BreadcrumbList\",\"@id\":\"https:\/\/www.vergnet-hydro.com\/vh\/pompe-eau-electrique-afrique\/#breadcrumb\",\"itemListElement\":[{\"@type\":\"ListItem\",\"position\":1,\"name\":\"Accueil\",\"item\":\"https:\/\/www.vergnet-hydro.com\/vh\/\"},{\"@type\":\"ListItem\",\"position\":2,\"name\":\"Pompes \u00e0 eau \u00e9lectriques pour l\u2019Afrique\"}]},{\"@type\":\"WebSite\",\"@id\":\"https:\/\/www.vergnet-hydro.com\/vh\/#website\",\"url\":\"https:\/\/www.vergnet-hydro.com\/vh\/\",\"name\":\"Vergnet Hydro\",\"description\":\"\",\"potentialAction\":[{\"@type\":\"SearchAction\",\"target\":{\"@type\":\"EntryPoint\",\"urlTemplate\":\"https:\/\/www.vergnet-hydro.com\/vh\/?s={search_term_string}\"},\"query-input\":{\"@type\":\"PropertyValueSpecification\",\"valueRequired\":true,\"valueName\":\"search_term_string\"}}],\"inLanguage\":\"fr-FR\"}]}<\/script>\n<!-- \/ Yoast SEO plugin. -->","yoast_head_json":{"title":"Pompes \u00e0 eau \u00e9lectriques pour l\u2019Afrique (VERGNET HYDRO)","description":"VERGNET HYDRO propose des pompes \u00e0 eau \u00e9lectriques pour l\u2019Afrique : pompes solaires, motopompes, \u00e9lectropompes immerg\u00e9es, t\u00eates de forage,\u2026","robots":{"index":"index","follow":"follow","max-snippet":"max-snippet:-1","max-image-preview":"max-image-preview:large","max-video-preview":"max-video-preview:-1"},"canonical":"https:\/\/www.vergnet-hydro.com\/vh\/pompe-eau-electrique-afrique\/","og_locale":"fr_FR","og_type":"article","og_title":"Pompes \u00e0 eau \u00e9lectriques pour l\u2019Afrique (VERGNET HYDRO)","og_description":"VERGNET HYDRO propose des pompes \u00e0 eau \u00e9lectriques pour l\u2019Afrique : pompes solaires, motopompes, \u00e9lectropompes immerg\u00e9es, t\u00eates de forage,\u2026","og_url":"https:\/\/www.vergnet-hydro.com\/vh\/pompe-eau-electrique-afrique\/","og_site_name":"Vergnet Hydro","article_modified_time":"2023-04-03T09:26:11+00:00","og_image":[{"url":"https:\/\/www.vergnet-hydro.com\/vh\/wp-content\/uploads\/2019\/10\/pictogramme-autres-pompes-1-150x150.png","type":"","width":"","height":""}],"twitter_card":"summary_large_image","twitter_misc":{"Dur\u00e9e de lecture estim\u00e9e":"4 minutes"},"schema":{"@context":"https:\/\/schema.org","@graph":[{"@type":"WebPage","@id":"https:\/\/www.vergnet-hydro.com\/vh\/pompe-eau-electrique-afrique\/","url":"https:\/\/www.vergnet-hydro.com\/vh\/pompe-eau-electrique-afrique\/","name":"Pompes \u00e0 eau \u00e9lectriques pour l\u2019Afrique (VERGNET HYDRO)","isPartOf":{"@id":"https:\/\/www.vergnet-hydro.com\/vh\/#website"},"primaryImageOfPage":{"@id":"https:\/\/www.vergnet-hydro.com\/vh\/pompe-eau-electrique-afrique\/#primaryimage"},"image":{"@id":"https:\/\/www.vergnet-hydro.com\/vh\/pompe-eau-electrique-afrique\/#primaryimage"},"thumbnailUrl":"https:\/\/www.vergnet-hydro.com\/vh\/wp-content\/uploads\/2019\/10\/pictogramme-autres-pompes-1-150x150.png","datePublished":"2019-10-11T05:25:23+00:00","dateModified":"2023-04-03T09:26:11+00:00","description":"VERGNET HYDRO propose des pompes \u00e0 eau \u00e9lectriques pour l\u2019Afrique : pompes solaires, motopompes, \u00e9lectropompes immerg\u00e9es, t\u00eates de forage,\u2026","breadcrumb":{"@id":"https:\/\/www.vergnet-hydro.com\/vh\/pompe-eau-electrique-afrique\/#breadcrumb"},"inLanguage":"fr-FR","potentialAction":[{"@type":"ReadAction","target":["https:\/\/www.vergnet-hydro.com\/vh\/pompe-eau-electrique-afrique\/"]}]},{"@type":"ImageObject","inLanguage":"fr-FR","@id":"https:\/\/www.vergnet-hydro.com\/vh\/pompe-eau-electrique-afrique\/#primaryimage","url":"https:\/\/www.vergnet-hydro.com\/vh\/wp-content\/uploads\/2019\/10\/pictogramme-autres-pompes-1.png","contentUrl":"https:\/\/www.vergnet-hydro.com\/vh\/wp-content\/uploads\/2019\/10\/pictogramme-autres-pompes-1.png","width":250,"height":250},{"@type":"BreadcrumbList","@id":"https:\/\/www.vergnet-hydro.com\/vh\/pompe-eau-electrique-afrique\/#breadcrumb","itemListElement":[{"@type":"ListItem","position":1,"name":"Accueil","item":"https:\/\/www.vergnet-hydro.com\/vh\/"},{"@type":"ListItem","position":2,"name":"Pompes \u00e0 eau \u00e9lectriques pour l\u2019Afrique"}]},{"@type":"WebSite","@id":"https:\/\/www.vergnet-hydro.com\/vh\/#website","url":"https:\/\/www.vergnet-hydro.com\/vh\/","name":"Vergnet Hydro","description":"","potentialAction":[{"@type":"SearchAction","target":{"@type":"EntryPoint","urlTemplate":"https:\/\/www.vergnet-hydro.com\/vh\/?s={search_term_string}"},"query-input":{"@type":"PropertyValueSpecification","valueRequired":true,"valueName":"search_term_string"}}],"inLanguage":"fr-FR"}]}},"_links":{"self":[{"href":"https:\/\/www.vergnet-hydro.com\/vh\/wp-json\/wp\/v2\/pages\/23244","targetHints":{"allow":["GET"]}}],"collection":[{"href":"https:\/\/www.vergnet-hydro.com\/vh\/wp-json\/wp\/v2\/pages"}],"about":[{"href":"https:\/\/www.vergnet-hydro.com\/vh\/wp-json\/wp\/v2\/types\/page"}],"author":[{"embeddable":true,"href":"https:\/\/www.vergnet-hydro.com\/vh\/wp-json\/wp\/v2\/users\/5"}],"replies":[{"embeddable":true,"href":"https:\/\/www.vergnet-hydro.com\/vh\/wp-json\/wp\/v2\/comments?post=23244"}],"version-history":[{"count":50,"href":"https:\/\/www.vergnet-hydro.com\/vh\/wp-json\/wp\/v2\/pages\/23244\/revisions"}],"predecessor-version":[{"id":26714,"href":"https:\/\/www.vergnet-hydro.com\/vh\/wp-json\/wp\/v2\/pages\/23244\/revisions\/26714"}],"wp:attachment":[{"href":"https:\/\/www.vergnet-hydro.com\/vh\/wp-json\/wp\/v2\/media?parent=23244"}],"curies":[{"name":"wp","href":"https:\/\/api.w.org\/{rel}","templated":true}]}}