{"id":22762,"date":"2018-10-24T07:50:50","date_gmt":"2018-10-24T06:50:50","guid":{"rendered":"https:\/\/www.vergnet-hydro.com\/vh\/?page_id=22762"},"modified":"2021-12-29T11:55:08","modified_gmt":"2021-12-29T10:55:08","slug":"politique-de-confidentialite","status":"publish","type":"page","link":"https:\/\/www.vergnet-hydro.com\/vh\/politique-de-confidentialite\/","title":{"rendered":"Politique de confidentialit\u00e9"},"content":{"rendered":"<div class=\"wpb-content-wrapper\"><p>[vc_row bg_type=&#8221;bg_color&#8221; bg_override=&#8221;full&#8221;][vc_column][vc_column_text]<\/p>\n<h1>Politique de confidentialit\u00e9<\/h1>\n<h2>Qui sommes-nous ?<\/h2>\n<p>L\u2019adresse de notre site web est : <a href=\"https:\/\/www.vergnet-hydro.com\">https:\/\/www.vergnet-hydro.com<\/a>.<\/p>\n<h2>Utilisation des donn\u00e9es personnelles collect\u00e9es<\/h2>\n<h3>Quelles sont les donn\u00e9es collect\u00e9es ?<\/h3>\n<p>La soci\u00e9t\u00e9 UDUMA collecte l\u2019ensemble des donn\u00e9es d\u2019utilisation et de navigation sur le site <a href=\"https:\/\/www.vergnet-hydro.com\">www.vergnet-hydro.com<\/a> : adresse IP, navigateur utilis\u00e9, historique des recherches, pages visualis\u00e9es, etc. par l\u2019installation de cookies de services tiers de suivi statistique. Votre consentement pour l\u2019utilisation des cookies vous est demand\u00e9 d\u00e8s votre premi\u00e8re connexion via le pied de page. En poursuivant votre navigation sur le site, et seulement si vous n\u2019avez pas retir\u00e9 votre consentement lors de cette premi\u00e8re consultation, ces cookies seront d\u00e9pos\u00e9s. Vous pouvez \u00e0 tout moment connaitre notre politique en mati\u00e8re des Cookies depuis la <a href=\"https:\/\/www.vergnet-hydro.com\/informations-sur-les-cookies\">page correspondante<\/a>.<\/p>\n<p>La soci\u00e9t\u00e9 UDUMA collecte \u00e9galement des donn\u00e9es personnelles via :<\/p>\n<ul>\n<li>Le formulaire de contact (<a href=\"https:\/\/www.vergnet-hydro.com\/contact\">www.vergnet-hydro.com\/contact<\/a>) : pr\u00e9nom, nom, email, soci\u00e9t\u00e9, t\u00e9l\u00e9phone et message.<\/li>\n<li>Le formulaire d\u2019inscription \u00e0 la newsletter mensuelle ODIAL\u2019INFO (<a href=\"http:\/\/www.vergnet-hydro.com\/abonnement-newsletter\">www.vergnet-hydro.com\/abonnement-newsletter<\/a>) : pr\u00e9nom, nom et courriel.<\/li>\n<li>Le formulaire de candidature spontan\u00e9e (<a href=\"https:\/\/www.vergnet-hydro.com\/vh\/emploi-vergnet-hydro\/\">www.vergnet-hydro.com\/recrutement<\/a>) : pr\u00e9nom, nom, t\u00e9l\u00e9phone, courriel, nature du poste recherch\u00e9, CV, lettre de motivation et commentaires.<\/li>\n<li>Les formulaires de candidatures aux offres d\u2019emplois ou de stage : pr\u00e9nom, nom, t\u00e9l\u00e9phone, courriel, CV, lettre de motivation et commentaires.<\/li>\n<\/ul>\n<h3>Pourquoi collecter ces donn\u00e9es ?<\/h3>\n<p>En tant qu\u2019utilisateur du site, vos donn\u00e9es sont collect\u00e9es (avec votre consentement) :<\/p>\n<ul>\n<li>Pour nous permettre de vous contacter suite \u00e0 votre sollicitation via notre formulaire de contact.<\/li>\n<li>Pour nous permettre de vous abonner suite \u00e0 votre sollicitation via notre formulaire d\u2019abonnement \u00e0 la newsletter ODIAL\u2019INFO.<\/li>\n<li>Pour nous permettre de vous contacter suite \u00e0 votre sollicitation via nos formulaires de candidature.<\/li>\n<\/ul>\n<p>Ces donn\u00e9es ne seront jamais exploit\u00e9es \u00e0 des fins commerciales en dehors de votre sollicitation de contact.<br \/>\nLes cookies\/traceurs collectent des donn\u00e9es pour analyser et suivre le trafic sur notre site afin de recueillir des statistiques pour am\u00e9liorer l\u2019exp\u00e9rience utilisateur.<\/p>\n<p>Le refus de remplir toute ou partie des donn\u00e9es de nos formulaires peut entra\u00eener une impossibilit\u00e9 d\u2019usage.<\/p>\n<h3>Qui traite les donn\u00e9es ?<\/h3>\n<p>Les donn\u00e9es collect\u00e9es :<\/p>\n<ul>\n<li>Via le formulaire de contact, sont trait\u00e9es par l\u2019assistante de direction de la soci\u00e9t\u00e9 VERGNET HYDRO.<\/li>\n<li>Via le formulaire d\u2019inscription \u00e0 la newsletter mensuelle ODIAL\u2019INFO, sont trait\u00e9es par la soci\u00e9t\u00e9 MAILCHIMP qui fournit l\u2019outil de gestion de nos newsletters.<\/li>\n<li>Via les formulaires de candidatures, sont trait\u00e9es par le service des ressources humaines de la soci\u00e9t\u00e9 VERGNET HYDRO.<\/li>\n<\/ul>\n<p>Les donn\u00e9es de connexion sont communiqu\u00e9es automatiquement \u00e0 Google pour le suivi statistique.<\/p>\n<p>L\u2019ensemble des sous-traitants, prestataires de services, partenaires ou autre tierces parties susmentionn\u00e9s sont contraints par des obligations contractuelles de respecter la confidentialit\u00e9 et la protection des donn\u00e9es personnelles et de les traiter uniquement pour les fins auxquelles nous leur transmettons.<\/p>\n<h3>Combien de temps sont conserv\u00e9es vos donn\u00e9es ?<\/h3>\n<p>La soci\u00e9t\u00e9 VERGNET HYDRO conserve vos donn\u00e9es pour la dur\u00e9e n\u00e9cessaire \u00e0 la r\u00e9alisation des objectifs d\u00e9crits ci-dessus.<\/p>\n<p>Vos donn\u00e9es sont conserv\u00e9es jusqu\u2019\u00e0 5 ans lorsque vous nous sollicitez via l\u2019un de nos formulaires.<\/p>\n<p>Conform\u00e9ment aux dispositions de la r\u00e9glementation applicable en mati\u00e8re de protection des donn\u00e9es \u00e0 caract\u00e8re personnel, en particulier le r\u00e8glement europ\u00e9en 2016\/679 sur la protection des Donn\u00e9es (le \u00ab RGPD \u00bb) ainsi que la loi du 6 janvier 1978 n\u00b078-17 dite \u00ab Informatique et Libert\u00e9s \u00bb et ses modifications, vous disposez d\u2019un droit d\u2019acc\u00e8s et d\u2019un droit de rectification sur vos donn\u00e9es.<\/p>\n<p>De plus, sous r\u00e9serve des conditions pr\u00e9vues par ladite r\u00e9glementation pour l\u2019exercice de ces droits, vous b\u00e9n\u00e9ficiez :<\/p>\n<ul>\n<li>D\u2019un droit \u00e0 l\u2019effacement de vos Donn\u00e9es (Hors donn\u00e9es comptables dont la conservation de 10 ans est requise par le droit Fran\u00e7ais \u2013 article L123-22 du code de commerce)<\/li>\n<li>D\u2019un droit \u00e0 la limitation du traitement de vos donn\u00e9es<\/li>\n<li>D\u2019un droit d\u2019opposition au traitement de vos donn\u00e9es pour des motifs l\u00e9gitimes, conform\u00e9ment \u00e0 l\u2019article 21 du R\u00e8glement G\u00e9n\u00e9ral sur la Protection des Donn\u00e9es (RGPD)<\/li>\n<li>Du droit au retrait du consentement, lorsque celui-ci vous avez \u00e9t\u00e9 demand\u00e9. Lorsque le traitement de vos donn\u00e9es est effectu\u00e9 sur la base de votre consentement, vous pouvez retirer celui-ci \u00e0 tout moment.<\/li>\n<\/ul>\n<p>La soci\u00e9t\u00e9 VERGNET HYDRO est susceptible de vous demander une justification de votre identit\u00e9 avant tout modification ou suppression de vos donn\u00e9es personnelles. Vous pouvez exercer ces droits en adressant un courriel en fran\u00e7ais \u00e0 <a href=\"mailto:eau@vergnet-hydro.fr\">eau@vergnet-hydro.fr<\/a> ou par courrier \u00e0 l\u2019adresse suivante : VERGNET HYDRO, 6 rue Lavoisier, 45140 ORLEANS.<\/p>\n<p>La soci\u00e9t\u00e9 VERGNET HYDRO dispose d\u2019un d\u00e9lai d\u2019un mois pour r\u00e9pondre \u00e0 toute demande relative \u00e0 l\u2019exercice de vos droits. Ce d\u00e9lai peut \u00eatre prorog\u00e9 de deux mois, en raison de la complexit\u00e9 ou du trop grand nombre de demandes.<\/p>\n<h3>O\u00f9 sont stock\u00e9es vos donn\u00e9es ?<\/h3>\n<p>Les donn\u00e9es collect\u00e9es sont stock\u00e9es en France uniquement, h\u00e9berg\u00e9es par VERGNET HYDRO, 6 rue Lavoisier, 45140 ORLEANS, au travers du sous-traitant OVH : 2 rue Kellermann, 59100 Roubaix, France \u2013 RCS Lille M\u00e9tropole 424 761 419 00045.<\/p>\n<p>Le sous-traitant s\u2019engage au respect du RGPD et \u00e0 la confidentialit\u00e9 des donn\u00e9es que ses serveurs h\u00e9bergent : <a href=\"https:\/\/www.ovh.com\/fr\/protection-donnees-personnelles\/gdpr.xml\">https:\/\/www.ovh.com\/fr\/protection-donnees-personnelles\/gdpr.xml<\/a>.<\/p>\n<p>Derni\u00e8re mise \u00e0 jour de cette page : le 15 janvier 2020[\/vc_column_text][\/vc_column][\/vc_row]<\/p>\n<\/div>","protected":false},"excerpt":{"rendered":"<p>[vc_row bg_type=&#8221;bg_color&#8221; bg_override=&#8221;full&#8221;][vc_column][vc_column_text] Politique de confidentialit\u00e9 Qui sommes-nous ? L\u2019adresse de notre site web est : https:\/\/www.vergnet-hydro.com. Utilisation des donn\u00e9es personnelles collect\u00e9es Quelles sont les&#8230;<\/p>\n","protected":false},"author":6,"featured_media":0,"parent":0,"menu_order":0,"comment_status":"closed","ping_status":"closed","template":"","meta":{"_vp_format_video_url":"","_vp_image_focal_point":[],"footnotes":""},"class_list":["post-22762","page","type-page","status-publish","hentry"],"yoast_head":"<!-- This site is optimized with the Yoast SEO plugin v25.8 - https:\/\/yoast.com\/wordpress\/plugins\/seo\/ -->\n<title>Politique de confidentialit\u00e9 - Vergnet Hydro<\/title>\n<meta name=\"robots\" content=\"index, follow, max-snippet:-1, max-image-preview:large, max-video-preview:-1\" \/>\n<link rel=\"canonical\" href=\"https:\/\/www.vergnet-hydro.com\/vh\/politique-de-confidentialite\/\" \/>\n<meta property=\"og:locale\" content=\"fr_FR\" \/>\n<meta property=\"og:type\" content=\"article\" \/>\n<meta property=\"og:title\" content=\"Politique de confidentialit\u00e9 - Vergnet Hydro\" \/>\n<meta property=\"og:description\" content=\"[vc_row bg_type=&#8221;bg_color&#8221; bg_override=&#8221;full&#8221;][vc_column][vc_column_text] Politique de confidentialit\u00e9 Qui sommes-nous ? L\u2019adresse de notre site web est : https:\/\/www.vergnet-hydro.com. Utilisation des donn\u00e9es personnelles collect\u00e9es Quelles sont les...\" \/>\n<meta property=\"og:url\" content=\"https:\/\/www.vergnet-hydro.com\/vh\/politique-de-confidentialite\/\" \/>\n<meta property=\"og:site_name\" content=\"Vergnet Hydro\" \/>\n<meta property=\"article:modified_time\" content=\"2021-12-29T10:55:08+00:00\" \/>\n<meta name=\"twitter:card\" content=\"summary_large_image\" \/>\n<meta name=\"twitter:label1\" content=\"Dur\u00e9e de lecture estim\u00e9e\" \/>\n\t<meta name=\"twitter:data1\" content=\"5 minutes\" \/>\n<script type=\"application\/ld+json\" class=\"yoast-schema-graph\">{\"@context\":\"https:\/\/schema.org\",\"@graph\":[{\"@type\":\"WebPage\",\"@id\":\"https:\/\/www.vergnet-hydro.com\/vh\/politique-de-confidentialite\/\",\"url\":\"https:\/\/www.vergnet-hydro.com\/vh\/politique-de-confidentialite\/\",\"name\":\"Politique de confidentialit\u00e9 - Vergnet Hydro\",\"isPartOf\":{\"@id\":\"https:\/\/www.vergnet-hydro.com\/vh\/#website\"},\"datePublished\":\"2018-10-24T06:50:50+00:00\",\"dateModified\":\"2021-12-29T10:55:08+00:00\",\"breadcrumb\":{\"@id\":\"https:\/\/www.vergnet-hydro.com\/vh\/politique-de-confidentialite\/#breadcrumb\"},\"inLanguage\":\"fr-FR\",\"potentialAction\":[{\"@type\":\"ReadAction\",\"target\":[\"https:\/\/www.vergnet-hydro.com\/vh\/politique-de-confidentialite\/\"]}]},{\"@type\":\"BreadcrumbList\",\"@id\":\"https:\/\/www.vergnet-hydro.com\/vh\/politique-de-confidentialite\/#breadcrumb\",\"itemListElement\":[{\"@type\":\"ListItem\",\"position\":1,\"name\":\"Accueil\",\"item\":\"https:\/\/www.vergnet-hydro.com\/vh\/\"},{\"@type\":\"ListItem\",\"position\":2,\"name\":\"Politique de confidentialit\u00e9\"}]},{\"@type\":\"WebSite\",\"@id\":\"https:\/\/www.vergnet-hydro.com\/vh\/#website\",\"url\":\"https:\/\/www.vergnet-hydro.com\/vh\/\",\"name\":\"Vergnet Hydro\",\"description\":\"\",\"potentialAction\":[{\"@type\":\"SearchAction\",\"target\":{\"@type\":\"EntryPoint\",\"urlTemplate\":\"https:\/\/www.vergnet-hydro.com\/vh\/?s={search_term_string}\"},\"query-input\":{\"@type\":\"PropertyValueSpecification\",\"valueRequired\":true,\"valueName\":\"search_term_string\"}}],\"inLanguage\":\"fr-FR\"}]}<\/script>\n<!-- \/ Yoast SEO plugin. -->","yoast_head_json":{"title":"Politique de confidentialit\u00e9 - Vergnet Hydro","robots":{"index":"index","follow":"follow","max-snippet":"max-snippet:-1","max-image-preview":"max-image-preview:large","max-video-preview":"max-video-preview:-1"},"canonical":"https:\/\/www.vergnet-hydro.com\/vh\/politique-de-confidentialite\/","og_locale":"fr_FR","og_type":"article","og_title":"Politique de confidentialit\u00e9 - Vergnet Hydro","og_description":"[vc_row bg_type=&#8221;bg_color&#8221; bg_override=&#8221;full&#8221;][vc_column][vc_column_text] Politique de confidentialit\u00e9 Qui sommes-nous ? L\u2019adresse de notre site web est : https:\/\/www.vergnet-hydro.com. Utilisation des donn\u00e9es personnelles collect\u00e9es Quelles sont les...","og_url":"https:\/\/www.vergnet-hydro.com\/vh\/politique-de-confidentialite\/","og_site_name":"Vergnet Hydro","article_modified_time":"2021-12-29T10:55:08+00:00","twitter_card":"summary_large_image","twitter_misc":{"Dur\u00e9e de lecture estim\u00e9e":"5 minutes"},"schema":{"@context":"https:\/\/schema.org","@graph":[{"@type":"WebPage","@id":"https:\/\/www.vergnet-hydro.com\/vh\/politique-de-confidentialite\/","url":"https:\/\/www.vergnet-hydro.com\/vh\/politique-de-confidentialite\/","name":"Politique de confidentialit\u00e9 - Vergnet Hydro","isPartOf":{"@id":"https:\/\/www.vergnet-hydro.com\/vh\/#website"},"datePublished":"2018-10-24T06:50:50+00:00","dateModified":"2021-12-29T10:55:08+00:00","breadcrumb":{"@id":"https:\/\/www.vergnet-hydro.com\/vh\/politique-de-confidentialite\/#breadcrumb"},"inLanguage":"fr-FR","potentialAction":[{"@type":"ReadAction","target":["https:\/\/www.vergnet-hydro.com\/vh\/politique-de-confidentialite\/"]}]},{"@type":"BreadcrumbList","@id":"https:\/\/www.vergnet-hydro.com\/vh\/politique-de-confidentialite\/#breadcrumb","itemListElement":[{"@type":"ListItem","position":1,"name":"Accueil","item":"https:\/\/www.vergnet-hydro.com\/vh\/"},{"@type":"ListItem","position":2,"name":"Politique de confidentialit\u00e9"}]},{"@type":"WebSite","@id":"https:\/\/www.vergnet-hydro.com\/vh\/#website","url":"https:\/\/www.vergnet-hydro.com\/vh\/","name":"Vergnet Hydro","description":"","potentialAction":[{"@type":"SearchAction","target":{"@type":"EntryPoint","urlTemplate":"https:\/\/www.vergnet-hydro.com\/vh\/?s={search_term_string}"},"query-input":{"@type":"PropertyValueSpecification","valueRequired":true,"valueName":"search_term_string"}}],"inLanguage":"fr-FR"}]}},"_links":{"self":[{"href":"https:\/\/www.vergnet-hydro.com\/vh\/wp-json\/wp\/v2\/pages\/22762","targetHints":{"allow":["GET"]}}],"collection":[{"href":"https:\/\/www.vergnet-hydro.com\/vh\/wp-json\/wp\/v2\/pages"}],"about":[{"href":"https:\/\/www.vergnet-hydro.com\/vh\/wp-json\/wp\/v2\/types\/page"}],"author":[{"embeddable":true,"href":"https:\/\/www.vergnet-hydro.com\/vh\/wp-json\/wp\/v2\/users\/6"}],"replies":[{"embeddable":true,"href":"https:\/\/www.vergnet-hydro.com\/vh\/wp-json\/wp\/v2\/comments?post=22762"}],"version-history":[{"count":8,"href":"https:\/\/www.vergnet-hydro.com\/vh\/wp-json\/wp\/v2\/pages\/22762\/revisions"}],"predecessor-version":[{"id":26262,"href":"https:\/\/www.vergnet-hydro.com\/vh\/wp-json\/wp\/v2\/pages\/22762\/revisions\/26262"}],"wp:attachment":[{"href":"https:\/\/www.vergnet-hydro.com\/vh\/wp-json\/wp\/v2\/media?parent=22762"}],"curies":[{"name":"wp","href":"https:\/\/api.w.org\/{rel}","templated":true}]}}