{"id":20565,"date":"2015-06-17T18:04:03","date_gmt":"2015-06-17T17:04:03","guid":{"rendered":"https:\/\/www.vergnet-hydro.com\/vh\/?page_id=20565"},"modified":"2020-03-12T16:35:49","modified_gmt":"2020-03-12T15:35:49","slug":"mentions-legales-site-vergnet-hydro","status":"publish","type":"page","link":"https:\/\/www.vergnet-hydro.com\/vh\/mentions-legales-site-vergnet-hydro\/","title":{"rendered":"Mentions l\u00e9gales"},"content":{"rendered":"<div class=\"wpb-content-wrapper\"><p>[vc_row bg_type=&#8221;bg_color&#8221; bg_override=&#8221;full&#8221; css=&#8221;.vc_custom_1574247792441{margin-top: 36px !important;}&#8221;][vc_column][vc_custom_heading text=&#8221;Mentions l\u00e9gales&#8221; font_container=&#8221;tag:h1|font_size:30|text_align:left|color:%23d08100&#8243; google_fonts=&#8221;font_family:Roboto%3A100%2C100italic%2C300%2C300italic%2Cregular%2Citalic%2C500%2C500italic%2C700%2C700italic%2C900%2C900italic|font_style:700%20bold%20regular%3A700%3Anormal&#8221;][vc_column_text]<\/p>\n<h3>Propri\u00e9t\u00e9 et publication du site Internet www.vergnet-hydro.com<\/h3>\n<p>Ce site est \u00e9dit\u00e9 par la soci\u00e9t\u00e9 <strong>VERGNET HYDRO<br \/>\n<\/strong>6, rue Lavoisier, 45140 INGRE &#8211; FRANCE<\/p>\n<p>SARL au capital de 1,8 Million \u20ac<br \/>\nRCS\u00a0: Orl\u00e9ans<br \/>\nN\u00b0 SIRET\u00a0: 440\u00a0355\u00a0170 00034<br \/>\nN\u00b0 TVA\u00a0: FR 18440355170<\/p>\n<p>Le responsable de la publication du site est\u00a0: <strong>Thierry Barbotte<\/strong><\/p>\n<h3>Conception du site et h\u00e9bergement du site<\/h3>\n<p>Ce site a \u00e9t\u00e9 con\u00e7u et r\u00e9alis\u00e9 par\u00a0:<\/p>\n<ul>\n<li><a href=\"https:\/\/www.kalankaa.com\" target=\"_blank\" rel=\"noopener noreferrer\">L\u2019Agence Kalankaa &#8211; Orl\u00e9ans<\/a> \u2013 02 38 82 14 16 \u2013\u00a0 Communication globale.<\/li>\n<\/ul>\n<h3>H\u00e9bergement<\/h3>\n<p>Ce site est h\u00e9berg\u00e9 par OVH, SAS au capital de 500 K\u20ac, RCS Roubaix \u2013 Tourcoing 424 761 419 00011<br \/>\nDate de mise en ligne : <strong>20 mai 2016<\/strong><\/p>\n<h3>Utilisation des donn\u00e9es personnelles<\/h3>\n<p>Les donn\u00e9es recueillies ont pour objectif de permettre l\u2019\u00e9change d\u2019informations avec les visiteurs du site. En conformit\u00e9 avec la loi relative \u00e0 l&#8217;informatique et aux libert\u00e9s, le traitement des donn\u00e9es nominatives communiqu\u00e9es par l&#8217;interm\u00e9diaire du site internet a fait l&#8217;objet d&#8217;une d\u00e9claration aupr\u00e8s de la CNIL (Commission Nationale de l&#8217;Informatique et des Libert\u00e9s).<\/p>\n<h3>Droits d\u2019acc\u00e8s<\/h3>\n<p>Conform\u00e9ment \u00e0 la loi \u00abinformatique et libert\u00e9s\u00bb du 6 janvier 1978, vous b\u00e9n\u00e9ficiez d\u2019un droit d\u2019acc\u00e8s et de rectification aux informations qui vous concernent. Si vous souhaitez exercer ce droit et obtenir communication des informations vous concernant, veuillez-vous adresser \u00e0 :<\/p>\n<p><strong>VERGNET HYDRO<\/strong>, 6, rue Lavoisier, 45140 INGRE &#8211; FRANCE<\/p>\n<h3>Cookies<\/h3>\n<p>A des fins d\u2019analyse statistiques, un cookie enregistre des informations relatives \u00e0 la navigation de votre ordinateur sur notre site. La dur\u00e9e de conservation de ces informations dans votre ordinateur est de 3 ans. Vous pouvez vous opposer \u00e0 l\u2019enregistrement de \u00ab cookies \u00bb en configurant votre navigateur via les menus \u00ab outils \u00bb et \u00ab options \u00bb.<\/p>\n<h3>Droits d\u2019auteur \u2013 copyright<\/h3>\n<p>L\u2019ensemble de ce site rel\u00e8ve de la l\u00e9gislation fran\u00e7aise et internationale sur le droit d\u2019auteur et la propri\u00e9t\u00e9 intellectuelle. Tous les droits de reproduction sont r\u00e9serv\u00e9s \u00e0 VERGNET HYDRO, y compris pour les documents t\u00e9l\u00e9chargeables. Les droits d\u2019utilisation des \u00e9l\u00e9ments graphiques et photos pr\u00e9sent\u00e9s sur ce site ont \u00e9t\u00e9 acquis par VERGNET HYDRO.\u00a0Toute r\u00e9utilisation de ces repr\u00e9sentations graphiques et photographiques est strictement interdite. La reproduction de tout ou partie du contenu textuel de ce site, sur quelque support que ce soit, est formellement interdite sauf autorisation expresse du responsable de la publication.<\/p>\n<p>Le nom &#8220;VERGNET HYDRO&#8221; est une marque d\u00e9pos\u00e9e. Toute utilisation frauduleuse constitue une contrefa\u00e7on et est passible des sanctions p\u00e9nales pr\u00e9vues aux articles L.716-1 et suivants du Code de la Propri\u00e9t\u00e9 Intellectuelle.<\/p>\n<h3>Responsabilit\u00e9<\/h3>\n<p>L\u2019\u00e9diteur et les auteurs du site www.vergnet-hydro.com ne sauraient \u00eatre tenus responsables des erreurs ou omissions dans les informations diffus\u00e9es ou des probl\u00e8mes techniques rencontr\u00e9s sur le site et sur tous les autres sites vers lesquels nous \u00e9tablissons des liens, ou de toute interpr\u00e9tation des informations publi\u00e9es sur ces sites, ainsi que des cons\u00e9quences de leur utilisation.[\/vc_column_text][\/vc_column][\/vc_row]<\/p>\n<\/div>","protected":false},"excerpt":{"rendered":"<p>[vc_row bg_type=&#8221;bg_color&#8221; bg_override=&#8221;full&#8221; css=&#8221;.vc_custom_1574247792441{margin-top: 36px !important;}&#8221;][vc_column][vc_custom_heading text=&#8221;Mentions l\u00e9gales&#8221; font_container=&#8221;tag:h1|font_size:30|text_align:left|color:%23d08100&#8243; google_fonts=&#8221;font_family:Roboto%3A100%2C100italic%2C300%2C300italic%2Cregular%2Citalic%2C500%2C500italic%2C700%2C700italic%2C900%2C900italic|font_style:700%20bold%20regular%3A700%3Anormal&#8221;][vc_column_text] Propri\u00e9t\u00e9 et publication du site Internet www.vergnet-hydro.com Ce site est \u00e9dit\u00e9 par la soci\u00e9t\u00e9 VERGNET&#8230;<\/p>\n","protected":false},"author":5,"featured_media":0,"parent":0,"menu_order":0,"comment_status":"closed","ping_status":"closed","template":"","meta":{"_vp_format_video_url":"","_vp_image_focal_point":[],"footnotes":""},"class_list":["post-20565","page","type-page","status-publish","hentry"],"yoast_head":"<!-- This site is optimized with the Yoast SEO plugin v25.8 - https:\/\/yoast.com\/wordpress\/plugins\/seo\/ -->\n<title>Mentions l\u00e9gales - Vergnet Hydro<\/title>\n<meta name=\"description\" content=\"Propri\u00e9t\u00e9 et publication du site Internet www.vergnet-hydro.com, Conception du site et h\u00e9bergement du site, H\u00e9bergement, Utilisation des donn\u00e9es personnelles, Droits d\u2019acc\u00e8s, Cookies, Droits d\u2019auteur \u2013 copyright, Responsabilit\u00e9\" \/>\n<meta name=\"robots\" content=\"index, follow, max-snippet:-1, max-image-preview:large, max-video-preview:-1\" \/>\n<link rel=\"canonical\" href=\"https:\/\/www.vergnet-hydro.com\/vh\/mentions-legales-site-vergnet-hydro\/\" \/>\n<meta property=\"og:locale\" content=\"fr_FR\" \/>\n<meta property=\"og:type\" content=\"article\" \/>\n<meta property=\"og:title\" content=\"Mentions l\u00e9gales - Vergnet Hydro\" \/>\n<meta property=\"og:description\" content=\"Propri\u00e9t\u00e9 et publication du site Internet www.vergnet-hydro.com, Conception du site et h\u00e9bergement du site, H\u00e9bergement, Utilisation des donn\u00e9es personnelles, Droits d\u2019acc\u00e8s, Cookies, Droits d\u2019auteur \u2013 copyright, Responsabilit\u00e9\" \/>\n<meta property=\"og:url\" content=\"https:\/\/www.vergnet-hydro.com\/vh\/mentions-legales-site-vergnet-hydro\/\" \/>\n<meta property=\"og:site_name\" content=\"Vergnet Hydro\" \/>\n<meta property=\"article:modified_time\" content=\"2020-03-12T15:35:49+00:00\" \/>\n<meta name=\"twitter:card\" content=\"summary_large_image\" \/>\n<meta name=\"twitter:label1\" content=\"Dur\u00e9e de lecture estim\u00e9e\" \/>\n\t<meta name=\"twitter:data1\" content=\"3 minutes\" \/>\n<script type=\"application\/ld+json\" class=\"yoast-schema-graph\">{\"@context\":\"https:\/\/schema.org\",\"@graph\":[{\"@type\":\"WebPage\",\"@id\":\"https:\/\/www.vergnet-hydro.com\/vh\/mentions-legales-site-vergnet-hydro\/\",\"url\":\"https:\/\/www.vergnet-hydro.com\/vh\/mentions-legales-site-vergnet-hydro\/\",\"name\":\"Mentions l\u00e9gales - Vergnet Hydro\",\"isPartOf\":{\"@id\":\"https:\/\/www.vergnet-hydro.com\/vh\/#website\"},\"datePublished\":\"2015-06-17T17:04:03+00:00\",\"dateModified\":\"2020-03-12T15:35:49+00:00\",\"description\":\"Propri\u00e9t\u00e9 et publication du site Internet www.vergnet-hydro.com, Conception du site et h\u00e9bergement du site, H\u00e9bergement, Utilisation des donn\u00e9es personnelles, Droits d\u2019acc\u00e8s, Cookies, Droits d\u2019auteur \u2013 copyright, Responsabilit\u00e9\",\"breadcrumb\":{\"@id\":\"https:\/\/www.vergnet-hydro.com\/vh\/mentions-legales-site-vergnet-hydro\/#breadcrumb\"},\"inLanguage\":\"fr-FR\",\"potentialAction\":[{\"@type\":\"ReadAction\",\"target\":[\"https:\/\/www.vergnet-hydro.com\/vh\/mentions-legales-site-vergnet-hydro\/\"]}]},{\"@type\":\"BreadcrumbList\",\"@id\":\"https:\/\/www.vergnet-hydro.com\/vh\/mentions-legales-site-vergnet-hydro\/#breadcrumb\",\"itemListElement\":[{\"@type\":\"ListItem\",\"position\":1,\"name\":\"Accueil\",\"item\":\"https:\/\/www.vergnet-hydro.com\/vh\/\"},{\"@type\":\"ListItem\",\"position\":2,\"name\":\"Mentions l\u00e9gales\"}]},{\"@type\":\"WebSite\",\"@id\":\"https:\/\/www.vergnet-hydro.com\/vh\/#website\",\"url\":\"https:\/\/www.vergnet-hydro.com\/vh\/\",\"name\":\"Vergnet Hydro\",\"description\":\"\",\"potentialAction\":[{\"@type\":\"SearchAction\",\"target\":{\"@type\":\"EntryPoint\",\"urlTemplate\":\"https:\/\/www.vergnet-hydro.com\/vh\/?s={search_term_string}\"},\"query-input\":{\"@type\":\"PropertyValueSpecification\",\"valueRequired\":true,\"valueName\":\"search_term_string\"}}],\"inLanguage\":\"fr-FR\"}]}<\/script>\n<!-- \/ Yoast SEO plugin. -->","yoast_head_json":{"title":"Mentions l\u00e9gales - Vergnet Hydro","description":"Propri\u00e9t\u00e9 et publication du site Internet www.vergnet-hydro.com, Conception du site et h\u00e9bergement du site, H\u00e9bergement, Utilisation des donn\u00e9es personnelles, Droits d\u2019acc\u00e8s, Cookies, Droits d\u2019auteur \u2013 copyright, Responsabilit\u00e9","robots":{"index":"index","follow":"follow","max-snippet":"max-snippet:-1","max-image-preview":"max-image-preview:large","max-video-preview":"max-video-preview:-1"},"canonical":"https:\/\/www.vergnet-hydro.com\/vh\/mentions-legales-site-vergnet-hydro\/","og_locale":"fr_FR","og_type":"article","og_title":"Mentions l\u00e9gales - Vergnet Hydro","og_description":"Propri\u00e9t\u00e9 et publication du site Internet www.vergnet-hydro.com, Conception du site et h\u00e9bergement du site, H\u00e9bergement, Utilisation des donn\u00e9es personnelles, Droits d\u2019acc\u00e8s, Cookies, Droits d\u2019auteur \u2013 copyright, Responsabilit\u00e9","og_url":"https:\/\/www.vergnet-hydro.com\/vh\/mentions-legales-site-vergnet-hydro\/","og_site_name":"Vergnet Hydro","article_modified_time":"2020-03-12T15:35:49+00:00","twitter_card":"summary_large_image","twitter_misc":{"Dur\u00e9e de lecture estim\u00e9e":"3 minutes"},"schema":{"@context":"https:\/\/schema.org","@graph":[{"@type":"WebPage","@id":"https:\/\/www.vergnet-hydro.com\/vh\/mentions-legales-site-vergnet-hydro\/","url":"https:\/\/www.vergnet-hydro.com\/vh\/mentions-legales-site-vergnet-hydro\/","name":"Mentions l\u00e9gales - Vergnet Hydro","isPartOf":{"@id":"https:\/\/www.vergnet-hydro.com\/vh\/#website"},"datePublished":"2015-06-17T17:04:03+00:00","dateModified":"2020-03-12T15:35:49+00:00","description":"Propri\u00e9t\u00e9 et publication du site Internet www.vergnet-hydro.com, Conception du site et h\u00e9bergement du site, H\u00e9bergement, Utilisation des donn\u00e9es personnelles, Droits d\u2019acc\u00e8s, Cookies, Droits d\u2019auteur \u2013 copyright, Responsabilit\u00e9","breadcrumb":{"@id":"https:\/\/www.vergnet-hydro.com\/vh\/mentions-legales-site-vergnet-hydro\/#breadcrumb"},"inLanguage":"fr-FR","potentialAction":[{"@type":"ReadAction","target":["https:\/\/www.vergnet-hydro.com\/vh\/mentions-legales-site-vergnet-hydro\/"]}]},{"@type":"BreadcrumbList","@id":"https:\/\/www.vergnet-hydro.com\/vh\/mentions-legales-site-vergnet-hydro\/#breadcrumb","itemListElement":[{"@type":"ListItem","position":1,"name":"Accueil","item":"https:\/\/www.vergnet-hydro.com\/vh\/"},{"@type":"ListItem","position":2,"name":"Mentions l\u00e9gales"}]},{"@type":"WebSite","@id":"https:\/\/www.vergnet-hydro.com\/vh\/#website","url":"https:\/\/www.vergnet-hydro.com\/vh\/","name":"Vergnet Hydro","description":"","potentialAction":[{"@type":"SearchAction","target":{"@type":"EntryPoint","urlTemplate":"https:\/\/www.vergnet-hydro.com\/vh\/?s={search_term_string}"},"query-input":{"@type":"PropertyValueSpecification","valueRequired":true,"valueName":"search_term_string"}}],"inLanguage":"fr-FR"}]}},"_links":{"self":[{"href":"https:\/\/www.vergnet-hydro.com\/vh\/wp-json\/wp\/v2\/pages\/20565","targetHints":{"allow":["GET"]}}],"collection":[{"href":"https:\/\/www.vergnet-hydro.com\/vh\/wp-json\/wp\/v2\/pages"}],"about":[{"href":"https:\/\/www.vergnet-hydro.com\/vh\/wp-json\/wp\/v2\/types\/page"}],"author":[{"embeddable":true,"href":"https:\/\/www.vergnet-hydro.com\/vh\/wp-json\/wp\/v2\/users\/5"}],"replies":[{"embeddable":true,"href":"https:\/\/www.vergnet-hydro.com\/vh\/wp-json\/wp\/v2\/comments?post=20565"}],"version-history":[{"count":14,"href":"https:\/\/www.vergnet-hydro.com\/vh\/wp-json\/wp\/v2\/pages\/20565\/revisions"}],"predecessor-version":[{"id":23527,"href":"https:\/\/www.vergnet-hydro.com\/vh\/wp-json\/wp\/v2\/pages\/20565\/revisions\/23527"}],"wp:attachment":[{"href":"https:\/\/www.vergnet-hydro.com\/vh\/wp-json\/wp\/v2\/media?parent=20565"}],"curies":[{"name":"wp","href":"https:\/\/api.w.org\/{rel}","templated":true}]}}