{"id":20071,"date":"2015-05-20T17:18:28","date_gmt":"2015-05-20T14:27:25","guid":{"rendered":"https:\/\/www.vergnet-hydro.com\/vh\/vergnet-hydro-est-la-reference-francaise-des-pompes-a-eau-et-de-ladduction-deau-potable-2\/"},"modified":"2023-12-04T14:55:46","modified_gmt":"2023-12-04T13:55:46","slug":"presentation-odial-solutions-eau-afrique","status":"publish","type":"page","link":"https:\/\/www.vergnet-hydro.com\/vh\/presentation-odial-solutions-eau-afrique\/","title":{"rendered":"Pr\u00e9sentation du groupe ODIAL SOLUTIONS"},"content":{"rendered":"<div class=\"wpb-content-wrapper\"><p>[vc_row bg_type=&#8221;bg_color&#8221; bg_override=&#8221;full&#8221; css=&#8221;.vc_custom_1572430459820{margin-top: 36px !important;}&#8221; bg_color_value=&#8221;#ffffff&#8221;][vc_column][vc_row_inner][vc_column_inner width=&#8221;1\/2&#8243;][vc_custom_heading text=&#8221;Le groupe ODIAL SOLUTIONS&#8221; font_container=&#8221;tag:h1|font_size:30|text_align:left|color:%23d08100&#8243; google_fonts=&#8221;font_family:Roboto%3A100%2C100italic%2C300%2C300italic%2Cregular%2Citalic%2C500%2C500italic%2C700%2C700italic%2C900%2C900italic|font_style:700%20bold%20regular%3A700%3Anormal&#8221; css=&#8221;.vc_custom_1572430385821{margin-top: 36px !important;margin-bottom: 30px !important;}&#8221;][\/vc_column_inner][vc_column_inner width=&#8221;1\/2&#8243;][vc_column_text]<\/p>\n<p style=\"text-align: center;\"><a href=\"https:\/\/www.vergnet-hydro.com\/vh\/wp-content\/uploads\/2019\/05\/logo-odial-solutions-SSbaseline.png\"><img decoding=\"async\" class=\"size-full wp-image-23041 alignright\" src=\"https:\/\/www.vergnet-hydro.com\/vh\/wp-content\/uploads\/2019\/05\/logo-odial-solutions-SSbaseline.png\" alt=\"\" width=\"200\" height=\"83\" \/><\/a><\/p>\n<p>[\/vc_column_text][\/vc_column_inner][\/vc_row_inner][vc_column_text]<\/p>\n<h2 style=\"text-align: left;\">De l\u2019invention d\u2019une pompe \u00e0 eau \u00e0 la fourniture d\u2019une gamme \u00ab services essentiels \u00bb pour les zones p\u00e9riurbaines et rurales subsahariennes<\/h2>\n<p>[\/vc_column_text][\/vc_column][\/vc_row][vc_row][vc_column][vc_row_inner][vc_column_inner][vc_column_text]<\/p>\n<h3><\/h3>\n<h3>Des p\u00e9dales et leviers\u2026 aux robinets<\/h3>\n<p>Notre histoire commence en 1974, lorsque Marc VERGNET invente l\u2019hydropompe : une pompe \u00e0 eau (1) que l\u2019on actionne avec son bras ou avec sa jambe et (2) qui est sp\u00e9cialement adapt\u00e9e aux divers contextes ruraux subsahariens. Un \u00e9quipement hydraulique en tout point conforme aux exigences des zones isol\u00e9es africaines car (1) compatible avec les milieux hydrog\u00e9ologiques subsahariens, (2) facile et peu co\u00fbteux \u00e0 entretenir et (3) r\u00e9pondant aux attentes d\u2019une consommation communautaire, c\u2019est-\u00e0-dire intensive.<img decoding=\"async\" class=\"alignright wp-image-23035\" src=\"https:\/\/www.vergnet-hydro.com\/vh\/wp-content\/uploads\/2019\/05\/photo-ancienne1.jpg\" alt=\"photo-ancienne1\" width=\"350\" height=\"501\" srcset=\"https:\/\/www.vergnet-hydro.com\/vh\/wp-content\/uploads\/2019\/05\/photo-ancienne1.jpg 600w, https:\/\/www.vergnet-hydro.com\/vh\/wp-content\/uploads\/2019\/05\/photo-ancienne1-210x300.jpg 210w\" sizes=\"(max-width: 350px) 100vw, 350px\" \/><\/p>\n<p>D\u00e8s le d\u00e9but des ann\u00e9es 2000, la soci\u00e9t\u00e9 VERGNET HYDRO, si\u00e9geant \u00e0 Orl\u00e9ans, s\u2019accorde \u00e0 l\u2019\u00e9volution du secteur de l\u2019hydraulique p\u00e9riurbaine et rurale subsaharienne et \u00e9tend sa gamme de solutions \u00e0 l\u2019adduction d\u2019eau potable : des pompes \u00e9lectriques connect\u00e9es au r\u00e9seau \u00e9lectrique local, aliment\u00e9es par des parcs de panneaux solaires photovolta\u00efques, par des groupes \u00e9lectrog\u00e8nes, ou encore par des solutions mixtes de production d\u2019\u00e9nergie, approvisionnent des ch\u00e2teaux d\u2019eau, lesquels fournissent en eau des bornes fontaines communautaires et des branchements priv\u00e9s. Les usagers n\u2019ont alors plus qu\u2019\u00e0 ouvrir un robinet pour acc\u00e9der \u00e0 l\u2019eau potable.<\/p>\n<h3>Des produits en B2B\u2026 aux services en B2C<\/h3>\n<p>Jusqu\u2019\u00e0 pr\u00e9sent, VERGNET HYDRO con\u00e7oit, fabrique et installe des \u00e9quipements s\u2019adressant \u00e0 des minist\u00e8res africains, \u00e0 des bailleurs de fonds internationaux et \u00e0 des ONG (produits en B2B). Or, en 2009, l\u2019entreprise r\u00e9volutionne son c\u0153ur de m\u00e9tier et signe un premier contrat de D\u00e9l\u00e9gation de Service Public de l\u2019eau potable, au Burkina Faso. En quelques mots, l\u2019op\u00e9rateur priv\u00e9 signe un contrat avec une commune p\u00e9riurbaine ou rurale africaine par lequel il s\u2019engage \u00e0 assurer un service continu de l\u2019eau potable sur 10 ou 15 ans aux habitants de cette commune, en \u00e9change de quoi il est autoris\u00e9 \u00e0 facturer directement ce service aux habitants, \u00e0 un tarif pr\u00e9alablement discut\u00e9 avec l\u2019ensemble des parties prenantes.<\/p>\n<p>La soci\u00e9t\u00e9 propose donc d\u00e9sormais une offre de services en B2C, compl\u00e9mentaire \u00e0 son offre de produits en B2B. Le groupe ODIAL SOLUTIONS (holding de VERGNET HYDRO) cr\u00e9e en 2015 une filiale d\u00e9di\u00e9e \u00e0 cette activit\u00e9 : UDUMA. Ce pionnier du service de l\u2019eau potable \u00e0 grande \u00e9chelle pour les zones rurales subsahariennes se fait vite remarquer par le caract\u00e8re in\u00e9dit, innovant et durable de son mod\u00e8le : label SOLAR IMPULSE en 2021, Prix P4G State of the Art 2020, Troph\u00e9e de l&#8217;Observatoire du D\u00e9veloppement International 2019, Prix ORANGE de l&#8217;Entrepreneur Social 2018, etc. D&#8217;ici 2025, UDUMA devrait compter 3,5 millions d\u2019usagers, 200 salari\u00e9s et 15 000 collaborateurs (fontainiers, gardiens de points d&#8217;eau, m\u00e9caniciens, agents commerciaux) en Afrique.<\/p>\n<h3><img decoding=\"async\" class=\"alignleft wp-image-25761 size-vp_sm\" src=\"https:\/\/www.vergnet-hydro.com\/vh\/wp-content\/uploads\/2021\/05\/Pompes_hybrides_solaires_manuelles_eau_potable_600000_ivoiriens1-mini-500x375.jpg\" alt=\"Pompes hybrides solaires manuelles eau potable 600000 ivoiriens\" width=\"500\" height=\"375\" srcset=\"https:\/\/www.vergnet-hydro.com\/vh\/wp-content\/uploads\/2021\/05\/Pompes_hybrides_solaires_manuelles_eau_potable_600000_ivoiriens1-mini-500x375.jpg 500w, https:\/\/www.vergnet-hydro.com\/vh\/wp-content\/uploads\/2021\/05\/Pompes_hybrides_solaires_manuelles_eau_potable_600000_ivoiriens1-mini-300x225.jpg 300w, https:\/\/www.vergnet-hydro.com\/vh\/wp-content\/uploads\/2021\/05\/Pompes_hybrides_solaires_manuelles_eau_potable_600000_ivoiriens1-mini-768x576.jpg 768w, https:\/\/www.vergnet-hydro.com\/vh\/wp-content\/uploads\/2021\/05\/Pompes_hybrides_solaires_manuelles_eau_potable_600000_ivoiriens1-mini.jpg 800w\" sizes=\"(max-width: 500px) 100vw, 500px\" \/>Des solutions 100% \u00ab eau potable \u00bb\u2026 \u00e0 une gamme \u00ab services essentiels \u00bb<\/h3>\n<p>Aujourd\u2019hui, les solutions du groupe ODIAL SOLUTIONS ouvrent l\u2019acc\u00e8s \u00e0 l\u2019eau potable \u00e0 plus de 60 millions de personnes, dans 35 pays africains. Le groupe s\u2019appuie localement sur les comp\u00e9tences de ses (1) 3 filiales au Burkina Faso (VERGNET BURKINA), en C\u00f4te d\u2019Ivoire (SAHER) et au Mali (UDUMA MALI), (2) 35 distributeurs locaux et (3) 3500 artisans r\u00e9parateurs sp\u00e9cifiquement form\u00e9s \u00e0 l\u2019installation et \u00e0 la maintenance des solutions du groupe. Hormis les activit\u00e9s courantes d\u2019une entreprise (production, logistique, administration, etc.), les salari\u00e9s du groupe sont (1) des ing\u00e9nieurs et techniciens sp\u00e9cialistes de l\u2019hydraulique villageoise africaine, (2) des technico-commerciaux sp\u00e9cialistes de ce secteur d\u2019activit\u00e9, (3) des conducteurs de travaux et (4) des gestionnaires du service de l\u2019eau potable.<\/p>\n<p>L\u2019entreprise cumule les impacts sociaux et environnementaux positifs. Engag\u00e9e d\u00e8s 2010 dans la dynamique de Responsabilit\u00e9 Soci\u00e9tale et Environnementale impuls\u00e9e par le GLOBAL COMPACT (Nations Unies), le groupe adopte une raison d\u2019\u00eatre en 2020 et articule sa strat\u00e9gie 2020-2035 autour de ses priorit\u00e9s RSE. Il multiplie aussi les projets dans le secteur de la production d\u2019\u00e9nergie, toujours au service des populations p\u00e9riurbaines et rurales africaines. L\u2019eau, l\u2019\u00e9nergie\u2026 Et si ODIAL SOLUTIONS tendait \u00e0 devenir, \u00e0 l\u2019horizon 2035, un acteur g\u00e9n\u00e9raliste incontournable des services essentiels pour les habitants des zones p\u00e9riurbaines et rurales subsahariennes ?[\/vc_column_text][\/vc_column_inner][\/vc_row_inner][vc_single_image image=&#8221;26729&#8243; img_size=&#8221;570&#215;300&#8243; alignment=&#8221;center&#8221; css=&#8221;.vc_custom_1681819020939{margin-top: 20px !important;}&#8221;][\/vc_column][\/vc_row][vc_row css=&#8221;.vc_custom_1545290171124{margin-top: 32px !important;margin-bottom: 32px !important;}&#8221;][vc_column][vc_tta_tabs alignment=&#8221;center&#8221; active_section=&#8221;1&#8243;][vc_tta_section title=&#8221;Un peu d&#8217;histoire&#8221; tab_id=&#8221;1545289889013-2d589f73-f345&#8243; el_class=&#8221;titreonglet&#8221;][vc_column_text css=&#8221;.vc_custom_1581607547488{padding-left: 30px !important;}&#8221;]<\/p>\n<ul>\n<li><strong>1974 :<\/strong> Invention de l&#8217;Hydro Pompe VERGNET (HPV) par Marc VERGNET au Burkina Faso<\/li>\n<li><strong>1976-1988 :<\/strong> Distribution de 30 000 pompes en C\u00f4te d\u2019Ivoire, au Mali et au Burkina Faso notamment<\/li>\n<li><strong>1988 :<\/strong> Cr\u00e9ation de VERGNET SA, si\u00e9geant \u00e0 Ingr\u00e9 (Loiret, France) par Marc VERGNET pour l\u2019ensemble des activit\u00e9s de pompes<\/li>\n<li><strong>2000 :<\/strong> Cr\u00e9ation d\u2019une gamme de r\u00e9servoirs pour r\u00e9pondre aux besoins croissants de construction de r\u00e9seaux d\u2019adduction d\u2019eau potable<\/li>\n<li><strong>2004 :<\/strong> Cr\u00e9ation de VERGNET HYDRO, pour s\u00e9parer au sein du Groupe VERGNET, les activit\u00e9s \u00ab eau \u00bb des activit\u00e9s \u00ab \u00e9nergies \u00bb<\/li>\n<li><strong>2007 :\u00a0<\/strong>Pour s&#8217;adapter au d\u00e9veloppement de ses activit\u00e9s, VERGNET HYDRO s&#8217;installe dans de nouveaux locaux \u00e0 Saran (Loiret, France)<\/li>\n<li><strong>2009 :<\/strong> VERGNET HYDRO accompagne ses partenaires \u00e0 devenir exploitants de r\u00e9seaux d\u2019adduction d\u2019eau et de parcs de pompes dans le cadre de contrats de d\u00e9l\u00e9gation de service public<\/li>\n<li><strong>2010 :<\/strong> L\u2019entreprise poursuit sa croissance et s\u2019installe dans de nouveaux b\u00e2timents \u00e0 Ingr\u00e9 (Loiret, France)<\/li>\n<li><strong>2013 :<\/strong> Cr\u00e9ation d\u2019un mod\u00e8le \u00ab urgence \u00bb dans la gamme des r\u00e9servoirs m\u00e9talliques<\/li>\n<li><strong>2014 :<\/strong> Sortie du Groupe VERGNET et cr\u00e9ation du Groupe ODIAL SOLUTIONS auquel VERGNET HYDRO est d\u00e9sormais rattach\u00e9e<\/li>\n<li><strong>2015 :<\/strong> Cr\u00e9ation de la filiale innovante UDUMA proposant un service d\u2019approvisionnement en eau potable aux populations rurales de l\u2019Afrique Subsaharienne. 100 000\u00e8me Pompe \u00e0 Motricit\u00e9 Humaine commercialis\u00e9e par VERGNET HYDRO<\/li>\n<li><strong>2016 :<\/strong> Mise en place d\u2019un d\u00e9monstrateur du concept UDUMA au Burkina Faso (financement UNICEF)<\/li>\n<li><strong>2017 :<\/strong> VERGNET HYDRO lance la pompe manuelle ergonomique \u00ab grande profondeur \u00bb MPV60<\/li>\n<li><strong>2018 :<\/strong> UDUMA remporte son premier march\u00e9, au Mali. 1\u00e8re unit\u00e9 de dessalement solaire, au fil du soleil, mise en place par VERGNET HYDRO (Mozambique)<\/li>\n<li><strong>2019 :<\/strong> 1\u00e8re station de production solaire d&#8217;\u00e9lectricit\u00e9 construite par VERGNET BURKINA.\u00a0 D\u00e9marrage du service de l&#8217;eau potable UDUMA pour 560 000 villageois au Mali.<\/li>\n<\/ul>\n<p>[\/vc_column_text][\/vc_tta_section][vc_tta_section title=&#8221;Quelques chiffres&#8221; tab_id=&#8221;1545289889043-83f7a35a-4170&#8243;][vc_column_text css=&#8221;.vc_custom_1581586065351{padding-left: 30px !important;}&#8221;]<\/p>\n<ul>\n<li>Pr\u00e9sent dans 35 pays en Afrique<\/li>\n<li>Plus de 50 millions de personnes ayant l\u2019acc\u00e8s \u00e0 l\u2019eau gr\u00e2ce aux activit\u00e9s du groupe ODIAL Solutions.<\/li>\n<li>3500 artisans r\u00e9parateurs en Afrique<\/li>\n<li>40 ans d\u2019exp\u00e9rience<\/li>\n<li>10 millions d\u2019euros de Chiffre d\u2019Affaires<\/li>\n<li>59 salari\u00e9s<\/li>\n<\/ul>\n<p>[\/vc_column_text][\/vc_tta_section][\/vc_tta_tabs][\/vc_column][\/vc_row][vc_row][vc_column][vc_column_text]<\/p>\n<p style=\"text-align: center;\"><strong>En savoir plus:<\/strong><\/p>\n<p style=\"text-align: center;\"><a href=\"http:\/\/www.vergnet-hydro.com\/vh\/ra2023\"><img decoding=\"async\" class=\"size-full wp-image-26667 alignleft\" src=\"https:\/\/www.vergnet-hydro.com\/vh\/wp-content\/uploads\/2023\/02\/20230213_rapport_annuel_couverture.jpg\" alt=\"\" width=\"106\" height=\"150\" srcset=\"https:\/\/www.vergnet-hydro.com\/vh\/wp-content\/uploads\/2023\/02\/20230213_rapport_annuel_couverture.jpg 573w, https:\/\/www.vergnet-hydro.com\/vh\/wp-content\/uploads\/2023\/02\/20230213_rapport_annuel_couverture-212x300.jpg 212w, https:\/\/www.vergnet-hydro.com\/vh\/wp-content\/uploads\/2023\/02\/20230213_rapport_annuel_couverture-500x708.jpg 500w\" sizes=\"(max-width: 106px) 100vw, 106px\" \/><\/a><a href=\"http:\/\/www.vergnet-hydro.com\/vh\/RI2022\"><img decoding=\"async\" class=\"size-full wp-image-26449 alignleft\" src=\"https:\/\/www.vergnet-hydro.com\/vh\/wp-content\/uploads\/2022\/06\/miniature-site-web-3.jpg\" alt=\"\" width=\"100\" height=\"150\" \/><\/a><a href=\"http:\/\/www.vergnet-hydro.com\/vh\/RI2021\"><img decoding=\"async\" class=\"size-full wp-image-26451 alignleft\" src=\"https:\/\/www.vergnet-hydro.com\/vh\/wp-content\/uploads\/2022\/06\/miniature-site-web.jpg\" alt=\"\" width=\"100\" height=\"150\" \/><\/a><a href=\"https:\/\/www.vergnet-hydro.com\/vh\/wp-content\/uploads\/2021\/12\/ODIAL-SOLUTIONS-Rapport-Integre-2020-HD.pdf\"><img decoding=\"async\" class=\"alignleft wp-image-26447 size-full\" src=\"https:\/\/www.vergnet-hydro.com\/vh\/wp-content\/uploads\/2022\/06\/miniature-site-web-2.jpg\" alt=\"\" width=\"100\" height=\"150\" \/><\/a><\/p>\n<p style=\"text-align: center;\"><a href=\"https:\/\/www.vergnet-hydro.com\/vh\/wp-content\/uploads\/2019\/05\/ODIALSOLUTIONS_Politique_anti_corruption_010119.pdf\">Politique anti-corruption<\/a><\/p>\n<p style=\"text-align: center;\"><a href=\"https:\/\/www.vergnet-hydro.com\/vh\/20221201_odialsolutions_le_code_de_conduite\">Code de Conduite<\/a><\/p>\n<p style=\"text-align: center;\"><a href=\"https:\/\/www.vergnet-hydro.com\/vh\/politique-promotion-diversite\">Politique de promotion de la diversit\u00e9 et de lutte contre les discriminations<\/a><\/p>\n<p>[\/vc_column_text][\/vc_column][\/vc_row][vc_row][vc_column][vc_empty_space][\/vc_column][\/vc_row]<\/p>\n<\/div>","protected":false},"excerpt":{"rendered":"<p>[vc_row bg_type=&#8221;bg_color&#8221; bg_override=&#8221;full&#8221; css=&#8221;.vc_custom_1572430459820{margin-top: 36px !important;}&#8221; bg_color_value=&#8221;#ffffff&#8221;][vc_column][vc_row_inner][vc_column_inner width=&#8221;1\/2&#8243;][vc_custom_heading text=&#8221;Le groupe ODIAL SOLUTIONS&#8221; font_container=&#8221;tag:h1|font_size:30|text_align:left|color:%23d08100&#8243; google_fonts=&#8221;font_family:Roboto%3A100%2C100italic%2C300%2C300italic%2Cregular%2Citalic%2C500%2C500italic%2C700%2C700italic%2C900%2C900italic|font_style:700%20bold%20regular%3A700%3Anormal&#8221; css=&#8221;.vc_custom_1572430385821{margin-top: 36px !important;margin-bottom: 30px !important;}&#8221;][\/vc_column_inner][vc_column_inner width=&#8221;1\/2&#8243;][vc_column_text] [\/vc_column_text][\/vc_column_inner][\/vc_row_inner][vc_column_text] De l\u2019invention d\u2019une pompe&#8230;<\/p>\n","protected":false},"author":5,"featured_media":0,"parent":0,"menu_order":0,"comment_status":"closed","ping_status":"closed","template":"","meta":{"_vp_format_video_url":"","_vp_image_focal_point":[],"footnotes":""},"class_list":["post-20071","page","type-page","status-publish","hentry"],"yoast_head":"<!-- This site is optimized with the Yoast SEO plugin v25.8 - https:\/\/yoast.com\/wordpress\/plugins\/seo\/ -->\n<title>Pr\u00e9sentation du groupe ODIAL SOLUTIONS<\/title>\n<meta name=\"description\" content=\"Le Groupe ODIAL SOLUTIONS con\u00e7oit, fabrique et installe des produits et d\u00e9livre des services pour l\u2019eau et l\u2019\u00e9nergie et Afrique rurale...\" \/>\n<meta name=\"robots\" content=\"index, follow, max-snippet:-1, max-image-preview:large, max-video-preview:-1\" \/>\n<link rel=\"canonical\" href=\"https:\/\/www.vergnet-hydro.com\/vh\/presentation-odial-solutions-eau-afrique\/\" \/>\n<meta property=\"og:locale\" content=\"fr_FR\" \/>\n<meta property=\"og:type\" content=\"article\" \/>\n<meta property=\"og:title\" content=\"Pr\u00e9sentation du groupe ODIAL SOLUTIONS\" \/>\n<meta property=\"og:description\" content=\"Le Groupe ODIAL SOLUTIONS con\u00e7oit, fabrique et installe des produits et d\u00e9livre des services pour l\u2019eau et l\u2019\u00e9nergie et Afrique rurale...\" \/>\n<meta property=\"og:url\" content=\"https:\/\/www.vergnet-hydro.com\/vh\/presentation-odial-solutions-eau-afrique\/\" \/>\n<meta property=\"og:site_name\" content=\"Vergnet Hydro\" \/>\n<meta property=\"article:modified_time\" content=\"2023-12-04T13:55:46+00:00\" \/>\n<meta property=\"og:image\" content=\"https:\/\/www.vergnet-hydro.com\/vh\/wp-content\/uploads\/2019\/05\/logo-odial-solutions-SSbaseline.png\" \/>\n<meta name=\"twitter:card\" content=\"summary_large_image\" \/>\n<meta name=\"twitter:label1\" content=\"Dur\u00e9e de lecture estim\u00e9e\" \/>\n\t<meta name=\"twitter:data1\" content=\"7 minutes\" \/>\n<script type=\"application\/ld+json\" class=\"yoast-schema-graph\">{\"@context\":\"https:\/\/schema.org\",\"@graph\":[{\"@type\":\"WebPage\",\"@id\":\"https:\/\/www.vergnet-hydro.com\/vh\/presentation-odial-solutions-eau-afrique\/\",\"url\":\"https:\/\/www.vergnet-hydro.com\/vh\/presentation-odial-solutions-eau-afrique\/\",\"name\":\"Pr\u00e9sentation du groupe ODIAL SOLUTIONS\",\"isPartOf\":{\"@id\":\"https:\/\/www.vergnet-hydro.com\/vh\/#website\"},\"primaryImageOfPage\":{\"@id\":\"https:\/\/www.vergnet-hydro.com\/vh\/presentation-odial-solutions-eau-afrique\/#primaryimage\"},\"image\":{\"@id\":\"https:\/\/www.vergnet-hydro.com\/vh\/presentation-odial-solutions-eau-afrique\/#primaryimage\"},\"thumbnailUrl\":\"https:\/\/www.vergnet-hydro.com\/vh\/wp-content\/uploads\/2019\/05\/logo-odial-solutions-SSbaseline.png\",\"datePublished\":\"2015-05-20T14:27:25+00:00\",\"dateModified\":\"2023-12-04T13:55:46+00:00\",\"description\":\"Le Groupe ODIAL SOLUTIONS con\u00e7oit, fabrique et installe des produits et d\u00e9livre des services pour l\u2019eau et l\u2019\u00e9nergie et Afrique rurale...\",\"breadcrumb\":{\"@id\":\"https:\/\/www.vergnet-hydro.com\/vh\/presentation-odial-solutions-eau-afrique\/#breadcrumb\"},\"inLanguage\":\"fr-FR\",\"potentialAction\":[{\"@type\":\"ReadAction\",\"target\":[\"https:\/\/www.vergnet-hydro.com\/vh\/presentation-odial-solutions-eau-afrique\/\"]}]},{\"@type\":\"ImageObject\",\"inLanguage\":\"fr-FR\",\"@id\":\"https:\/\/www.vergnet-hydro.com\/vh\/presentation-odial-solutions-eau-afrique\/#primaryimage\",\"url\":\"https:\/\/www.vergnet-hydro.com\/vh\/wp-content\/uploads\/2019\/05\/logo-odial-solutions-SSbaseline.png\",\"contentUrl\":\"https:\/\/www.vergnet-hydro.com\/vh\/wp-content\/uploads\/2019\/05\/logo-odial-solutions-SSbaseline.png\",\"width\":200,\"height\":83},{\"@type\":\"BreadcrumbList\",\"@id\":\"https:\/\/www.vergnet-hydro.com\/vh\/presentation-odial-solutions-eau-afrique\/#breadcrumb\",\"itemListElement\":[{\"@type\":\"ListItem\",\"position\":1,\"name\":\"Accueil\",\"item\":\"https:\/\/www.vergnet-hydro.com\/vh\/\"},{\"@type\":\"ListItem\",\"position\":2,\"name\":\"Pr\u00e9sentation du groupe ODIAL SOLUTIONS\"}]},{\"@type\":\"WebSite\",\"@id\":\"https:\/\/www.vergnet-hydro.com\/vh\/#website\",\"url\":\"https:\/\/www.vergnet-hydro.com\/vh\/\",\"name\":\"Vergnet Hydro\",\"description\":\"\",\"potentialAction\":[{\"@type\":\"SearchAction\",\"target\":{\"@type\":\"EntryPoint\",\"urlTemplate\":\"https:\/\/www.vergnet-hydro.com\/vh\/?s={search_term_string}\"},\"query-input\":{\"@type\":\"PropertyValueSpecification\",\"valueRequired\":true,\"valueName\":\"search_term_string\"}}],\"inLanguage\":\"fr-FR\"}]}<\/script>\n<!-- \/ Yoast SEO plugin. -->","yoast_head_json":{"title":"Pr\u00e9sentation du groupe ODIAL SOLUTIONS","description":"Le Groupe ODIAL SOLUTIONS con\u00e7oit, fabrique et installe des produits et d\u00e9livre des services pour l\u2019eau et l\u2019\u00e9nergie et Afrique rurale...","robots":{"index":"index","follow":"follow","max-snippet":"max-snippet:-1","max-image-preview":"max-image-preview:large","max-video-preview":"max-video-preview:-1"},"canonical":"https:\/\/www.vergnet-hydro.com\/vh\/presentation-odial-solutions-eau-afrique\/","og_locale":"fr_FR","og_type":"article","og_title":"Pr\u00e9sentation du groupe ODIAL SOLUTIONS","og_description":"Le Groupe ODIAL SOLUTIONS con\u00e7oit, fabrique et installe des produits et d\u00e9livre des services pour l\u2019eau et l\u2019\u00e9nergie et Afrique rurale...","og_url":"https:\/\/www.vergnet-hydro.com\/vh\/presentation-odial-solutions-eau-afrique\/","og_site_name":"Vergnet Hydro","article_modified_time":"2023-12-04T13:55:46+00:00","og_image":[{"url":"https:\/\/www.vergnet-hydro.com\/vh\/wp-content\/uploads\/2019\/05\/logo-odial-solutions-SSbaseline.png","type":"","width":"","height":""}],"twitter_card":"summary_large_image","twitter_misc":{"Dur\u00e9e de lecture estim\u00e9e":"7 minutes"},"schema":{"@context":"https:\/\/schema.org","@graph":[{"@type":"WebPage","@id":"https:\/\/www.vergnet-hydro.com\/vh\/presentation-odial-solutions-eau-afrique\/","url":"https:\/\/www.vergnet-hydro.com\/vh\/presentation-odial-solutions-eau-afrique\/","name":"Pr\u00e9sentation du groupe ODIAL SOLUTIONS","isPartOf":{"@id":"https:\/\/www.vergnet-hydro.com\/vh\/#website"},"primaryImageOfPage":{"@id":"https:\/\/www.vergnet-hydro.com\/vh\/presentation-odial-solutions-eau-afrique\/#primaryimage"},"image":{"@id":"https:\/\/www.vergnet-hydro.com\/vh\/presentation-odial-solutions-eau-afrique\/#primaryimage"},"thumbnailUrl":"https:\/\/www.vergnet-hydro.com\/vh\/wp-content\/uploads\/2019\/05\/logo-odial-solutions-SSbaseline.png","datePublished":"2015-05-20T14:27:25+00:00","dateModified":"2023-12-04T13:55:46+00:00","description":"Le Groupe ODIAL SOLUTIONS con\u00e7oit, fabrique et installe des produits et d\u00e9livre des services pour l\u2019eau et l\u2019\u00e9nergie et Afrique rurale...","breadcrumb":{"@id":"https:\/\/www.vergnet-hydro.com\/vh\/presentation-odial-solutions-eau-afrique\/#breadcrumb"},"inLanguage":"fr-FR","potentialAction":[{"@type":"ReadAction","target":["https:\/\/www.vergnet-hydro.com\/vh\/presentation-odial-solutions-eau-afrique\/"]}]},{"@type":"ImageObject","inLanguage":"fr-FR","@id":"https:\/\/www.vergnet-hydro.com\/vh\/presentation-odial-solutions-eau-afrique\/#primaryimage","url":"https:\/\/www.vergnet-hydro.com\/vh\/wp-content\/uploads\/2019\/05\/logo-odial-solutions-SSbaseline.png","contentUrl":"https:\/\/www.vergnet-hydro.com\/vh\/wp-content\/uploads\/2019\/05\/logo-odial-solutions-SSbaseline.png","width":200,"height":83},{"@type":"BreadcrumbList","@id":"https:\/\/www.vergnet-hydro.com\/vh\/presentation-odial-solutions-eau-afrique\/#breadcrumb","itemListElement":[{"@type":"ListItem","position":1,"name":"Accueil","item":"https:\/\/www.vergnet-hydro.com\/vh\/"},{"@type":"ListItem","position":2,"name":"Pr\u00e9sentation du groupe ODIAL SOLUTIONS"}]},{"@type":"WebSite","@id":"https:\/\/www.vergnet-hydro.com\/vh\/#website","url":"https:\/\/www.vergnet-hydro.com\/vh\/","name":"Vergnet Hydro","description":"","potentialAction":[{"@type":"SearchAction","target":{"@type":"EntryPoint","urlTemplate":"https:\/\/www.vergnet-hydro.com\/vh\/?s={search_term_string}"},"query-input":{"@type":"PropertyValueSpecification","valueRequired":true,"valueName":"search_term_string"}}],"inLanguage":"fr-FR"}]}},"_links":{"self":[{"href":"https:\/\/www.vergnet-hydro.com\/vh\/wp-json\/wp\/v2\/pages\/20071","targetHints":{"allow":["GET"]}}],"collection":[{"href":"https:\/\/www.vergnet-hydro.com\/vh\/wp-json\/wp\/v2\/pages"}],"about":[{"href":"https:\/\/www.vergnet-hydro.com\/vh\/wp-json\/wp\/v2\/types\/page"}],"author":[{"embeddable":true,"href":"https:\/\/www.vergnet-hydro.com\/vh\/wp-json\/wp\/v2\/users\/5"}],"replies":[{"embeddable":true,"href":"https:\/\/www.vergnet-hydro.com\/vh\/wp-json\/wp\/v2\/comments?post=20071"}],"version-history":[{"count":75,"href":"https:\/\/www.vergnet-hydro.com\/vh\/wp-json\/wp\/v2\/pages\/20071\/revisions"}],"predecessor-version":[{"id":26829,"href":"https:\/\/www.vergnet-hydro.com\/vh\/wp-json\/wp\/v2\/pages\/20071\/revisions\/26829"}],"wp:attachment":[{"href":"https:\/\/www.vergnet-hydro.com\/vh\/wp-json\/wp\/v2\/media?parent=20071"}],"curies":[{"name":"wp","href":"https:\/\/api.w.org\/{rel}","templated":true}]}}