{"id":20044,"date":"2015-05-20T15:27:25","date_gmt":"2015-05-20T14:27:25","guid":{"rendered":"https:\/\/www.vergnet-hydro.com\/vh\/?page_id=20044"},"modified":"2024-04-12T13:29:25","modified_gmt":"2024-04-12T12:29:25","slug":"expertise-eau-potable-afrique","status":"publish","type":"page","link":"https:\/\/www.vergnet-hydro.com\/vh\/expertise-eau-potable-afrique\/","title":{"rendered":"Notre expertise au service de l\u2019eau potable en Afrique"},"content":{"rendered":"<div class=\"wpb-content-wrapper\"><p>[vc_row bg_type=&#8221;bg_color&#8221; bg_override=&#8221;full&#8221;][vc_column width=&#8221;3\/4&#8243;][vc_custom_heading text=&#8221;50 ans d\u2019expertise dans l\u2019alimentation en eau potable pour les zones rurales et p\u00e9ri-urbaines africaines&#8221; font_container=&#8221;tag:h1|font_size:30|text_align:left|color:%23d08100&#8243; google_fonts=&#8221;font_family:Roboto%3A100%2C100italic%2C300%2C300italic%2Cregular%2Citalic%2C500%2C500italic%2C700%2C700italic%2C900%2C900italic|font_style:700%20bold%20regular%3A700%3Anormal&#8221; css=&#8221;.vc_custom_1712924961104{margin-top: 36px !important;margin-bottom: 30px !important;}&#8221;][vc_single_image image=&#8221;24944&#8243; img_size=&#8221;full&#8221; alignment=&#8221;center&#8221;][vc_column_text]Concepteurs, fournisseurs et installateurs de solutions d\u2019<strong>alimentation en eau potable pour l\u2019Afrique rurale<\/strong>, nous sommes au service des collectivit\u00e9s et administrations africaines, des bailleurs de fonds internationaux et des Agences des Nations Unies. Nous accompagnons \u00e9galement de nombreuses Organisations Non Gouvernementales (<a href=\"https:\/\/www.vergnet-hydro.com\/vh\/reseaux-professionnels-vergnet-hydro-eau-afrique\/\">ONG<\/a>) dans le cadre de programmes d\u2019urgence, de post-urgence et de d\u00e9veloppement.<\/p>\n<p>Notre large r\u00e9seau de Service Apr\u00e8s-Vente (SAV) d\u00e9centralis\u00e9 garantit aux utilisateurs la disponibilit\u00e9 et la p\u00e9rennit\u00e9 de leurs \u00e9quipements, qu\u2019il s\u2019agisse de pompes \u00e0 eau manuelles ou de Pompes \u00e0 Motricit\u00e9 Humaine (PMH), de r\u00e9seaux d\u2019Adduction d\u2019Eau Potable (AEP), etc.[\/vc_column_text][vc_video popup=&#8221;yes&#8221; link=&#8221;https:\/\/www.youtube.com\/watch?v=Yd0w6_sNeKU&#8221; img=&#8221;20002&#8243; img_size=&#8221;full&#8221;][vc_column_text]<\/p>\n<h2><strong>Pompes \u00e0 eau manuelles ou <\/strong>Pompes \u00e0 Motricit\u00e9 Humaine (PMH)\u00a0: 40 ans d\u2019innovations, \u00e9conomiques, durables, simples d\u2019entretien, SAV de proximit\u00e9<\/h2>\n<ul>\n<li><strong>Dix fois plus l\u00e9g\u00e8res<\/strong> que les pompes \u00e0 eau manuelles conventionnelles, leur montage et leur d\u00e9montage s\u2019effectuent \u00e0 deux personnes, en quelques minutes et sans moyen de levage<\/li>\n<li><strong>Plus faciles \u00e0 entretenir<\/strong> que les pompes \u00e0 eau conventionnelles. Leurs pi\u00e8ces d\u2019usure sont en effet plac\u00e9es en surface et non au fond du forage<\/li>\n<li>Les pompes \u00e0 eau manuelles de VERGNET HYDRO sont<strong>\u00a0garanties \u00ab\u00a0anticorrosion\u00a0\u00bb.\u00a0<\/strong>\u00a0Toutes les pi\u00e8ces sont con\u00e7ues \u00e0 partir de mat\u00e9riaux inoxydables<\/li>\n<li>Leur co\u00fbt est\u00a0<strong>tr\u00e8s \u00e9conomique,<\/strong>\u00a0<strong>\u00e0 terme\u00a0<\/strong>(dur\u00e9e de vie de 15 ans, en moyenne)<\/li>\n<li>Le r\u00e9seau de<strong>\u00a0SAV<\/strong>\u00a0(3500 artisans r\u00e9parateurs) est d\u00e9centralis\u00e9 dans 35 pays, avec des contacts parfaitement identifi\u00e9s<\/li>\n<\/ul>\n<h2>Adduction d\u2019Eau Potable (AEP) : 20 ans d\u2019expertise, une \u00e9quipe d\u00e9di\u00e9e, des r\u00e9alisations sur-mesure et respectueuses de l\u2019environnement<\/h2>\n<p>En phase avec les nouvelles attentes du secteur de l\u2019hydraulique rurale africaine, VERGNET HYDRO d\u00e9veloppe une <strong>solide expertise dans la construction d\u2019Adductions d&#8217;Eau Potable (AEP)<\/strong>, notamment <strong>solaires<\/strong>, <strong>de la station de pompage au robinet<\/strong>. En 20 ans, l\u2019entreprise a install\u00e9 plus de 10 000 km de canalisations. Ce m\u00e9tier repr\u00e9sente aujourd\u2019hui la majeure partie de notre chiffre d\u2019affaires et <strong>dix de nos ing\u00e9nieurs et techniciens sont d\u00e9di\u00e9s \u00e0 cette activit\u00e9<\/strong>. L\u2019expertise solaire de l\u2019entreprise ne se cantonne pas aux syst\u00e8mes de pompage. VERGNET HYDRO met \u00e9galement en place des <strong>solutions solaires pour la potabilisation ou la gestion du service de l\u2019eau<\/strong>.<\/p>\n<p>Les cahiers des charges des appels d\u2019offres du secteur de l\u2019hydraulique rurale, auxquels VERGNET HYDRO r\u00e9pond, exigent r\u00e9guli\u00e8rement des \u00e9quipements de pompage surdimensionn\u00e9s ou des syst\u00e8mes de distribution inefficients, au regard des besoins r\u00e9els des populations. Lorsque l\u2019occasion se pr\u00e9sente, nos \u00e9quipes techniques proposent <strong>des variantes moins \u00e9nergivores et plus respectueuses de l\u2019environnement<\/strong>.<\/p>\n<p>Si elle est \u00e9conomiquement envisageable, nos \u00e9quipes privil\u00e9gient toujours une solution mobilisant l\u2019\u00e9nergie solaire \u00e0 une solution mobilisant des \u00e9nergies fossiles.<\/p>\n<p>Il est aussi \u00e0 noter que notre entreprise mobilise des mat\u00e9riaux (acier inoxydable, acier galvanis\u00e9, etc.) garantissant l\u2019<strong>absence de pollution aux particules m\u00e9talliques<\/strong> sur l\u2019ensemble de ses installations.<\/p>\n<h2>Nos certifications<\/h2>\n<p>VERGNET HYDRO est certifi\u00e9e<strong> ISO 9001 \u2013 version 2015 et ISO 14001 \u2013 version 2015<\/strong>. Cette d\u00e9marche concerne l\u2019ensemble des activit\u00e9s de la soci\u00e9t\u00e9. Notre <strong>syst\u00e8me int\u00e9gr\u00e9 de management de la qualit\u00e9 et de l\u2019environnement (SQE-RSE)<\/strong> permet notamment de :<\/p>\n<ul>\n<li>R\u00e9pondre aux exigences qualit\u00e9 de nos clients et am\u00e9liorer leur niveau de satisfaction<\/li>\n<li>Respecter les exigences r\u00e9glementaires<\/li>\n<li>R\u00e9aliser une am\u00e9lioration continue de nos performances globales<\/li>\n<li>Sensibiliser nos collaborateurs \u00e0 nos impacts sur l&#8217;environnement<\/li>\n<\/ul>\n<p>[\/vc_column_text][vc_gallery type=&#8221;image_grid&#8221; images=&#8221;26748,26752&#8243; onclick=&#8221;link_no&#8221; img_size=&#8221;large&#8221;][\/vc_column][vc_column width=&#8221;1\/4&#8243; css=&#8221;.vc_custom_1612172739471{margin-top: 36px !important;}&#8221;][vc_column_text][vc_row bg_type=\"no_bg\"][vc_column][vc_btn title=\"Nos actualit\u00e9s\" style=\"custom\" custom_background=\"#31689b\" custom_text=\"#ffffff\" size=\"lg\" align=\"right\" i_icon_fontawesome=\"fas fa-newspaper\" css_animation=\"appear\" button_block=\"true\" add_icon=\"true\" link=\"url:https%3A%2F%2Fwww.vergnet-hydro.com%2Fvh%2Factualite-vergnet-hydro%2F|||\"][\/vc_column][\/vc_row][\/vc_column_text][vc_column_text]<p>[vc_row bg_type=\"no_bg\"][vc_column][vc_btn title=\"Nous contacter\" style=\"custom\" custom_background=\"#31689b\" custom_text=\"#ffffff\" size=\"lg\" align=\"right\" i_icon_fontawesome=\"far fa-envelope\" css_animation=\"appear\" button_block=\"true\" add_icon=\"true\" link=\"url:https%3A%2F%2Fwww.vergnet-hydro.com%2Fvh%2Fvergnet-hydro-contact%2F|||\"][\/vc_column][\/vc_row]<\/p>\r\n[\/vc_column_text][\/vc_column][\/vc_row]<\/p>\n<\/div>","protected":false},"excerpt":{"rendered":"<p>[vc_row bg_type=&#8221;bg_color&#8221; bg_override=&#8221;full&#8221;][vc_column width=&#8221;3\/4&#8243;][vc_custom_heading text=&#8221;50 ans d\u2019expertise dans l\u2019alimentation en eau potable pour les zones rurales et p\u00e9ri-urbaines africaines&#8221; font_container=&#8221;tag:h1|font_size:30|text_align:left|color:%23d08100&#8243; google_fonts=&#8221;font_family:Roboto%3A100%2C100italic%2C300%2C300italic%2Cregular%2Citalic%2C500%2C500italic%2C700%2C700italic%2C900%2C900italic|font_style:700%20bold%20regular%3A700%3Anormal&#8221; css=&#8221;.vc_custom_1712924961104{margin-top: 36px !important;margin-bottom: 30px&#8230;<\/p>\n","protected":false},"author":5,"featured_media":0,"parent":0,"menu_order":0,"comment_status":"closed","ping_status":"closed","template":"","meta":{"_vp_format_video_url":"","_vp_image_focal_point":[],"footnotes":""},"class_list":["post-20044","page","type-page","status-publish","hentry"],"yoast_head":"<!-- This site is optimized with the Yoast SEO plugin v25.8 - https:\/\/yoast.com\/wordpress\/plugins\/seo\/ -->\n<title>Notre expertise au service de l\u2019eau potable (VERGNET HYDRO)<\/title>\n<meta name=\"description\" content=\"VERGNET HYDRO propose des solutions d\u2019acc\u00e8s \u00e0 l\u2019eau potable pour les zones rurales et p\u00e9ri-urbaines africaines depuis plus de 40 ans.\" \/>\n<meta name=\"robots\" content=\"index, follow, max-snippet:-1, max-image-preview:large, max-video-preview:-1\" \/>\n<link rel=\"canonical\" href=\"https:\/\/www.vergnet-hydro.com\/vh\/expertise-eau-potable-afrique\/\" \/>\n<meta property=\"og:locale\" content=\"fr_FR\" \/>\n<meta property=\"og:type\" content=\"article\" \/>\n<meta property=\"og:title\" content=\"Notre expertise au service de l\u2019eau potable (VERGNET HYDRO)\" \/>\n<meta property=\"og:description\" content=\"VERGNET HYDRO propose des solutions d\u2019acc\u00e8s \u00e0 l\u2019eau potable pour les zones rurales et p\u00e9ri-urbaines africaines depuis plus de 40 ans.\" \/>\n<meta property=\"og:url\" content=\"https:\/\/www.vergnet-hydro.com\/vh\/expertise-eau-potable-afrique\/\" \/>\n<meta property=\"og:site_name\" content=\"Vergnet Hydro\" \/>\n<meta property=\"article:modified_time\" content=\"2024-04-12T12:29:25+00:00\" \/>\n<meta name=\"twitter:card\" content=\"summary_large_image\" \/>\n<meta name=\"twitter:label1\" content=\"Dur\u00e9e de lecture estim\u00e9e\" \/>\n\t<meta name=\"twitter:data1\" content=\"3 minutes\" \/>\n<script type=\"application\/ld+json\" class=\"yoast-schema-graph\">{\"@context\":\"https:\/\/schema.org\",\"@graph\":[{\"@type\":\"WebPage\",\"@id\":\"https:\/\/www.vergnet-hydro.com\/vh\/expertise-eau-potable-afrique\/\",\"url\":\"https:\/\/www.vergnet-hydro.com\/vh\/expertise-eau-potable-afrique\/\",\"name\":\"Notre expertise au service de l\u2019eau potable (VERGNET HYDRO)\",\"isPartOf\":{\"@id\":\"https:\/\/www.vergnet-hydro.com\/vh\/#website\"},\"datePublished\":\"2015-05-20T14:27:25+00:00\",\"dateModified\":\"2024-04-12T12:29:25+00:00\",\"description\":\"VERGNET HYDRO propose des solutions d\u2019acc\u00e8s \u00e0 l\u2019eau potable pour les zones rurales et p\u00e9ri-urbaines africaines depuis plus de 40 ans.\",\"breadcrumb\":{\"@id\":\"https:\/\/www.vergnet-hydro.com\/vh\/expertise-eau-potable-afrique\/#breadcrumb\"},\"inLanguage\":\"fr-FR\",\"potentialAction\":[{\"@type\":\"ReadAction\",\"target\":[\"https:\/\/www.vergnet-hydro.com\/vh\/expertise-eau-potable-afrique\/\"]}]},{\"@type\":\"BreadcrumbList\",\"@id\":\"https:\/\/www.vergnet-hydro.com\/vh\/expertise-eau-potable-afrique\/#breadcrumb\",\"itemListElement\":[{\"@type\":\"ListItem\",\"position\":1,\"name\":\"Accueil\",\"item\":\"https:\/\/www.vergnet-hydro.com\/vh\/\"},{\"@type\":\"ListItem\",\"position\":2,\"name\":\"Notre expertise au service de l\u2019eau potable en Afrique\"}]},{\"@type\":\"WebSite\",\"@id\":\"https:\/\/www.vergnet-hydro.com\/vh\/#website\",\"url\":\"https:\/\/www.vergnet-hydro.com\/vh\/\",\"name\":\"Vergnet Hydro\",\"description\":\"\",\"potentialAction\":[{\"@type\":\"SearchAction\",\"target\":{\"@type\":\"EntryPoint\",\"urlTemplate\":\"https:\/\/www.vergnet-hydro.com\/vh\/?s={search_term_string}\"},\"query-input\":{\"@type\":\"PropertyValueSpecification\",\"valueRequired\":true,\"valueName\":\"search_term_string\"}}],\"inLanguage\":\"fr-FR\"}]}<\/script>\n<!-- \/ Yoast SEO plugin. -->","yoast_head_json":{"title":"Notre expertise au service de l\u2019eau potable (VERGNET HYDRO)","description":"VERGNET HYDRO propose des solutions d\u2019acc\u00e8s \u00e0 l\u2019eau potable pour les zones rurales et p\u00e9ri-urbaines africaines depuis plus de 40 ans.","robots":{"index":"index","follow":"follow","max-snippet":"max-snippet:-1","max-image-preview":"max-image-preview:large","max-video-preview":"max-video-preview:-1"},"canonical":"https:\/\/www.vergnet-hydro.com\/vh\/expertise-eau-potable-afrique\/","og_locale":"fr_FR","og_type":"article","og_title":"Notre expertise au service de l\u2019eau potable (VERGNET HYDRO)","og_description":"VERGNET HYDRO propose des solutions d\u2019acc\u00e8s \u00e0 l\u2019eau potable pour les zones rurales et p\u00e9ri-urbaines africaines depuis plus de 40 ans.","og_url":"https:\/\/www.vergnet-hydro.com\/vh\/expertise-eau-potable-afrique\/","og_site_name":"Vergnet Hydro","article_modified_time":"2024-04-12T12:29:25+00:00","twitter_card":"summary_large_image","twitter_misc":{"Dur\u00e9e de lecture estim\u00e9e":"3 minutes"},"schema":{"@context":"https:\/\/schema.org","@graph":[{"@type":"WebPage","@id":"https:\/\/www.vergnet-hydro.com\/vh\/expertise-eau-potable-afrique\/","url":"https:\/\/www.vergnet-hydro.com\/vh\/expertise-eau-potable-afrique\/","name":"Notre expertise au service de l\u2019eau potable (VERGNET HYDRO)","isPartOf":{"@id":"https:\/\/www.vergnet-hydro.com\/vh\/#website"},"datePublished":"2015-05-20T14:27:25+00:00","dateModified":"2024-04-12T12:29:25+00:00","description":"VERGNET HYDRO propose des solutions d\u2019acc\u00e8s \u00e0 l\u2019eau potable pour les zones rurales et p\u00e9ri-urbaines africaines depuis plus de 40 ans.","breadcrumb":{"@id":"https:\/\/www.vergnet-hydro.com\/vh\/expertise-eau-potable-afrique\/#breadcrumb"},"inLanguage":"fr-FR","potentialAction":[{"@type":"ReadAction","target":["https:\/\/www.vergnet-hydro.com\/vh\/expertise-eau-potable-afrique\/"]}]},{"@type":"BreadcrumbList","@id":"https:\/\/www.vergnet-hydro.com\/vh\/expertise-eau-potable-afrique\/#breadcrumb","itemListElement":[{"@type":"ListItem","position":1,"name":"Accueil","item":"https:\/\/www.vergnet-hydro.com\/vh\/"},{"@type":"ListItem","position":2,"name":"Notre expertise au service de l\u2019eau potable en Afrique"}]},{"@type":"WebSite","@id":"https:\/\/www.vergnet-hydro.com\/vh\/#website","url":"https:\/\/www.vergnet-hydro.com\/vh\/","name":"Vergnet Hydro","description":"","potentialAction":[{"@type":"SearchAction","target":{"@type":"EntryPoint","urlTemplate":"https:\/\/www.vergnet-hydro.com\/vh\/?s={search_term_string}"},"query-input":{"@type":"PropertyValueSpecification","valueRequired":true,"valueName":"search_term_string"}}],"inLanguage":"fr-FR"}]}},"_links":{"self":[{"href":"https:\/\/www.vergnet-hydro.com\/vh\/wp-json\/wp\/v2\/pages\/20044","targetHints":{"allow":["GET"]}}],"collection":[{"href":"https:\/\/www.vergnet-hydro.com\/vh\/wp-json\/wp\/v2\/pages"}],"about":[{"href":"https:\/\/www.vergnet-hydro.com\/vh\/wp-json\/wp\/v2\/types\/page"}],"author":[{"embeddable":true,"href":"https:\/\/www.vergnet-hydro.com\/vh\/wp-json\/wp\/v2\/users\/5"}],"replies":[{"embeddable":true,"href":"https:\/\/www.vergnet-hydro.com\/vh\/wp-json\/wp\/v2\/comments?post=20044"}],"version-history":[{"count":103,"href":"https:\/\/www.vergnet-hydro.com\/vh\/wp-json\/wp\/v2\/pages\/20044\/revisions"}],"predecessor-version":[{"id":26888,"href":"https:\/\/www.vergnet-hydro.com\/vh\/wp-json\/wp\/v2\/pages\/20044\/revisions\/26888"}],"wp:attachment":[{"href":"https:\/\/www.vergnet-hydro.com\/vh\/wp-json\/wp\/v2\/media?parent=20044"}],"curies":[{"name":"wp","href":"https:\/\/api.w.org\/{rel}","templated":true}]}}