{"id":24133,"date":"2020-02-04T14:52:04","date_gmt":"2020-02-04T13:52:04","guid":{"rendered":"https:\/\/www.vergnet-hydro.com\/vh\/actualite-vergnet-hydro-2\/"},"modified":"2020-02-04T15:14:34","modified_gmt":"2020-02-04T14:14:34","slug":"vergnet-hydro-news","status":"publish","type":"page","link":"https:\/\/www.vergnet-hydro.com\/vh\/en\/vergnet-hydro-news\/","title":{"rendered":"Vergnet Hydro news"},"content":{"rendered":"<div class=\"wpb-content-wrapper\"><p>[vc_row bg_type=&#8221;bg_color&#8221; bg_override=&#8221;full&#8221; bg_color_value=&#8221;#ffffff&#8221; css=&#8221;.vc_custom_1571144946327{margin-top: 36px !important;}&#8221;][vc_column width=&#8221;3\/4&#8243;][vc_custom_heading text=&#8221;Vergnet Hydro news&#8221; font_container=&#8221;tag:h1|font_size:30|text_align:left|color:%23d08100&#8243; google_fonts=&#8221;font_family:Roboto%3A100%2C100italic%2C300%2C300italic%2Cregular%2Citalic%2C500%2C500italic%2C700%2C700italic%2C900%2C900italic|font_style:700%20bold%20regular%3A700%3Anormal&#8221; css=&#8221;.vc_custom_1580825040110{margin-bottom: 30px !important;}&#8221;][vc_masonry_grid post_type=&#8221;post&#8221; max_items=&#8221;-1&#8243; show_filter=&#8221;yes&#8221; element_width=&#8221;6&#8243; grid_id=&#8221;vc_gid:1580825023966-bd2c5594-1aab-2&#8243; filter_source=&#8221;category&#8221;][vc_separator][\/vc_column][vc_column width=&#8221;1\/4&#8243; css=&#8221;.vc_custom_1571146520150{margin-top: 120px !important;}&#8221;][vc_widget_sidebar sidebar_id=&#8221;SIDEBAR FORM-BUTLOCAL-BUTACTU&#8221;][\/vc_column][\/vc_row]<\/p>\n<\/div>","protected":false},"excerpt":{"rendered":"<p>[vc_row bg_type=&#8221;bg_color&#8221; bg_override=&#8221;full&#8221; bg_color_value=&#8221;#ffffff&#8221; css=&#8221;.vc_custom_1571144946327{margin-top: 36px !important;}&#8221;][vc_column width=&#8221;3\/4&#8243;][vc_custom_heading text=&#8221;Vergnet Hydro news&#8221; font_container=&#8221;tag:h1|font_size:30|text_align:left|color:%23d08100&#8243; google_fonts=&#8221;font_family:Roboto%3A100%2C100italic%2C300%2C300italic%2Cregular%2Citalic%2C500%2C500italic%2C700%2C700italic%2C900%2C900italic|font_style:700%20bold%20regular%3A700%3Anormal&#8221; css=&#8221;.vc_custom_1580825040110{margin-bottom: 30px !important;}&#8221;][vc_masonry_grid post_type=&#8221;post&#8221; max_items=&#8221;-1&#8243; show_filter=&#8221;yes&#8221; element_width=&#8221;6&#8243; grid_id=&#8221;vc_gid:1580825023966-bd2c5594-1aab-2&#8243; filter_source=&#8221;category&#8221;][vc_separator][\/vc_column][vc_column width=&#8221;1\/4&#8243; css=&#8221;.vc_custom_1571146520150{margin-top: 120px&#8230;<\/p>\n","protected":false},"author":5,"featured_media":0,"parent":0,"menu_order":0,"comment_status":"closed","ping_status":"closed","template":"","meta":{"_vp_format_video_url":"","_vp_image_focal_point":[],"footnotes":""},"class_list":["post-24133","page","type-page","status-publish","hentry"],"yoast_head":"<!-- This site is optimized with the Yoast SEO plugin v25.8 - https:\/\/yoast.com\/wordpress\/plugins\/seo\/ -->\n<title>Vergnet Hydro, pompes \u00e0 eau manuelles<\/title>\n<meta name=\"description\" content=\"Nous sommes depuis 40 ans, fabricant de pompes \u00e0 eau manuelles (pompes \u00e0 motricit\u00e9 humaine) : Conception \u2013 Assemblage \u2013 Installation \u2013 Maintenance\" \/>\n<meta name=\"robots\" content=\"index, follow, max-snippet:-1, max-image-preview:large, max-video-preview:-1\" \/>\n<link rel=\"canonical\" href=\"https:\/\/www.vergnet-hydro.com\/vh\/en\/vergnet-hydro-news\/\" \/>\n<meta property=\"og:locale\" content=\"en_US\" \/>\n<meta property=\"og:type\" content=\"article\" \/>\n<meta property=\"og:title\" content=\"Vergnet Hydro, pompes \u00e0 eau manuelles\" \/>\n<meta property=\"og:description\" content=\"Nous sommes depuis 40 ans, fabricant de pompes \u00e0 eau manuelles (pompes \u00e0 motricit\u00e9 humaine) : Conception \u2013 Assemblage \u2013 Installation \u2013 Maintenance\" \/>\n<meta property=\"og:url\" content=\"https:\/\/www.vergnet-hydro.com\/vh\/en\/vergnet-hydro-news\/\" \/>\n<meta property=\"og:site_name\" content=\"Vergnet Hydro\" \/>\n<meta property=\"article:modified_time\" content=\"2020-02-04T14:14:34+00:00\" \/>\n<meta name=\"twitter:card\" content=\"summary_large_image\" \/>\n<meta name=\"twitter:label1\" content=\"Est. reading time\" \/>\n\t<meta name=\"twitter:data1\" content=\"1 minute\" \/>\n<script type=\"application\/ld+json\" class=\"yoast-schema-graph\">{\"@context\":\"https:\/\/schema.org\",\"@graph\":[{\"@type\":\"WebPage\",\"@id\":\"https:\/\/www.vergnet-hydro.com\/vh\/en\/vergnet-hydro-news\/\",\"url\":\"https:\/\/www.vergnet-hydro.com\/vh\/en\/vergnet-hydro-news\/\",\"name\":\"Vergnet Hydro, pompes \u00e0 eau manuelles\",\"isPartOf\":{\"@id\":\"https:\/\/www.vergnet-hydro.com\/vh\/#website\"},\"datePublished\":\"2020-02-04T13:52:04+00:00\",\"dateModified\":\"2020-02-04T14:14:34+00:00\",\"description\":\"Nous sommes depuis 40 ans, fabricant de pompes \u00e0 eau manuelles (pompes \u00e0 motricit\u00e9 humaine) : Conception \u2013 Assemblage \u2013 Installation \u2013 Maintenance\",\"breadcrumb\":{\"@id\":\"https:\/\/www.vergnet-hydro.com\/vh\/en\/vergnet-hydro-news\/#breadcrumb\"},\"inLanguage\":\"en-US\",\"potentialAction\":[{\"@type\":\"ReadAction\",\"target\":[\"https:\/\/www.vergnet-hydro.com\/vh\/en\/vergnet-hydro-news\/\"]}]},{\"@type\":\"BreadcrumbList\",\"@id\":\"https:\/\/www.vergnet-hydro.com\/vh\/en\/vergnet-hydro-news\/#breadcrumb\",\"itemListElement\":[{\"@type\":\"ListItem\",\"position\":1,\"name\":\"Accueil\",\"item\":\"https:\/\/www.vergnet-hydro.com\/vh\/en\/\"},{\"@type\":\"ListItem\",\"position\":2,\"name\":\"Vergnet Hydro news\"}]},{\"@type\":\"WebSite\",\"@id\":\"https:\/\/www.vergnet-hydro.com\/vh\/#website\",\"url\":\"https:\/\/www.vergnet-hydro.com\/vh\/\",\"name\":\"Vergnet Hydro\",\"description\":\"\",\"potentialAction\":[{\"@type\":\"SearchAction\",\"target\":{\"@type\":\"EntryPoint\",\"urlTemplate\":\"https:\/\/www.vergnet-hydro.com\/vh\/?s={search_term_string}\"},\"query-input\":{\"@type\":\"PropertyValueSpecification\",\"valueRequired\":true,\"valueName\":\"search_term_string\"}}],\"inLanguage\":\"en-US\"}]}<\/script>\n<!-- \/ Yoast SEO plugin. -->","yoast_head_json":{"title":"Vergnet Hydro, pompes \u00e0 eau manuelles","description":"Nous sommes depuis 40 ans, fabricant de pompes \u00e0 eau manuelles (pompes \u00e0 motricit\u00e9 humaine) : Conception \u2013 Assemblage \u2013 Installation \u2013 Maintenance","robots":{"index":"index","follow":"follow","max-snippet":"max-snippet:-1","max-image-preview":"max-image-preview:large","max-video-preview":"max-video-preview:-1"},"canonical":"https:\/\/www.vergnet-hydro.com\/vh\/en\/vergnet-hydro-news\/","og_locale":"en_US","og_type":"article","og_title":"Vergnet Hydro, pompes \u00e0 eau manuelles","og_description":"Nous sommes depuis 40 ans, fabricant de pompes \u00e0 eau manuelles (pompes \u00e0 motricit\u00e9 humaine) : Conception \u2013 Assemblage \u2013 Installation \u2013 Maintenance","og_url":"https:\/\/www.vergnet-hydro.com\/vh\/en\/vergnet-hydro-news\/","og_site_name":"Vergnet Hydro","article_modified_time":"2020-02-04T14:14:34+00:00","twitter_card":"summary_large_image","twitter_misc":{"Est. reading time":"1 minute"},"schema":{"@context":"https:\/\/schema.org","@graph":[{"@type":"WebPage","@id":"https:\/\/www.vergnet-hydro.com\/vh\/en\/vergnet-hydro-news\/","url":"https:\/\/www.vergnet-hydro.com\/vh\/en\/vergnet-hydro-news\/","name":"Vergnet Hydro, pompes \u00e0 eau manuelles","isPartOf":{"@id":"https:\/\/www.vergnet-hydro.com\/vh\/#website"},"datePublished":"2020-02-04T13:52:04+00:00","dateModified":"2020-02-04T14:14:34+00:00","description":"Nous sommes depuis 40 ans, fabricant de pompes \u00e0 eau manuelles (pompes \u00e0 motricit\u00e9 humaine) : Conception \u2013 Assemblage \u2013 Installation \u2013 Maintenance","breadcrumb":{"@id":"https:\/\/www.vergnet-hydro.com\/vh\/en\/vergnet-hydro-news\/#breadcrumb"},"inLanguage":"en-US","potentialAction":[{"@type":"ReadAction","target":["https:\/\/www.vergnet-hydro.com\/vh\/en\/vergnet-hydro-news\/"]}]},{"@type":"BreadcrumbList","@id":"https:\/\/www.vergnet-hydro.com\/vh\/en\/vergnet-hydro-news\/#breadcrumb","itemListElement":[{"@type":"ListItem","position":1,"name":"Accueil","item":"https:\/\/www.vergnet-hydro.com\/vh\/en\/"},{"@type":"ListItem","position":2,"name":"Vergnet Hydro news"}]},{"@type":"WebSite","@id":"https:\/\/www.vergnet-hydro.com\/vh\/#website","url":"https:\/\/www.vergnet-hydro.com\/vh\/","name":"Vergnet Hydro","description":"","potentialAction":[{"@type":"SearchAction","target":{"@type":"EntryPoint","urlTemplate":"https:\/\/www.vergnet-hydro.com\/vh\/?s={search_term_string}"},"query-input":{"@type":"PropertyValueSpecification","valueRequired":true,"valueName":"search_term_string"}}],"inLanguage":"en-US"}]}},"_links":{"self":[{"href":"https:\/\/www.vergnet-hydro.com\/vh\/en\/wp-json\/wp\/v2\/pages\/24133","targetHints":{"allow":["GET"]}}],"collection":[{"href":"https:\/\/www.vergnet-hydro.com\/vh\/en\/wp-json\/wp\/v2\/pages"}],"about":[{"href":"https:\/\/www.vergnet-hydro.com\/vh\/en\/wp-json\/wp\/v2\/types\/page"}],"author":[{"embeddable":true,"href":"https:\/\/www.vergnet-hydro.com\/vh\/en\/wp-json\/wp\/v2\/users\/5"}],"replies":[{"embeddable":true,"href":"https:\/\/www.vergnet-hydro.com\/vh\/en\/wp-json\/wp\/v2\/comments?post=24133"}],"version-history":[{"count":3,"href":"https:\/\/www.vergnet-hydro.com\/vh\/en\/wp-json\/wp\/v2\/pages\/24133\/revisions"}],"predecessor-version":[{"id":24136,"href":"https:\/\/www.vergnet-hydro.com\/vh\/en\/wp-json\/wp\/v2\/pages\/24133\/revisions\/24136"}],"wp:attachment":[{"href":"https:\/\/www.vergnet-hydro.com\/vh\/en\/wp-json\/wp\/v2\/media?parent=24133"}],"curies":[{"name":"wp","href":"https:\/\/api.w.org\/{rel}","templated":true}]}}