{"id":21099,"date":"2015-06-17T18:04:03","date_gmt":"2015-06-17T17:04:03","guid":{"rendered":"https:\/\/www.vergnet-hydro.com\/vh\/en\/mentions-legales-site-vergnet-hydro\/"},"modified":"2020-03-13T09:57:31","modified_gmt":"2020-03-13T08:57:31","slug":"legal-notices-vergnet-hydro","status":"publish","type":"page","link":"https:\/\/www.vergnet-hydro.com\/vh\/en\/legal-notices-vergnet-hydro\/","title":{"rendered":"Legal notices, Vergnet Hydro"},"content":{"rendered":"<div class=\"wpb-content-wrapper\"><p>[vc_row bg_type=&#8221;bg_color&#8221; bg_override=&#8221;full&#8221; css=&#8221;.vc_custom_1574247922595{margin-top: 36px !important;}&#8221;][vc_column][vc_custom_heading text=&#8221;Legal notices, Vergnet Hydro&#8221; font_container=&#8221;tag:h1|font_size:30|text_align:left|color:%23d08100&#8243; google_fonts=&#8221;font_family:Roboto%3A100%2C100italic%2C300%2C300italic%2Cregular%2Citalic%2C500%2C500italic%2C700%2C700italic%2C900%2C900italic|font_style:700%20bold%20regular%3A700%3Anormal&#8221;][vc_column_text]<\/p>\n<h3>Owner and publisher of the website www.vergnet-hydro.com<\/h3>\n<p>This site is published by the company <strong>VERGNET HYDRO<\/strong><br \/>\n6, rue Lavoisier, 45140 INGRE \u2013 FRANCE<\/p>\n<p>A French soci\u00e9t\u00e9 par actions simplifi\u00e9e with share capital of \u20ac1,8 Million<br \/>\nOrleans Trade and Companies Register<br \/>\nN\u00b0 SIRET\u00a0: 440\u00a0355\u00a0170 00034<br \/>\nN\u00b0 TVA\u00a0: FR 18440355170<\/p>\n<p>Publication Manager: <strong>Thierry Barbotte<\/strong><\/p>\n<h3>Site design<\/h3>\n<p>This site was designed and developed by:<\/p>\n<ul>\n<li><a href=\"https:\/\/www.kalankaa.com\" target=\"_blank\" rel=\"noopener noreferrer\">L\u2019Agence Kalankaa &#8211; Orl\u00e9ans<\/a> \u2013 02 38 82 14 16 \u2013\u00a0 Global Communication.<\/li>\n<\/ul>\n<h3>Hosting<\/h3>\n<p>This site is hosted by OVH, a French soci\u00e9t\u00e9 par actions simplifi\u00e9e with share capital of \u20ac500,000, located in Roubaix \u2013 Tourcoing Trade and Companies Register 424 761 419 00011<br \/>\nOnline publication date: <strong>20 May 2016<\/strong><\/p>\n<h3>Use of personal data<\/h3>\n<p>The purpose of the data collected is to enable information to be exchanged with visitors to the site. In accordance with the French data protection act [Loi relative \u00e0 l\u2019informatique et aux libert\u00e9s], the processing of personal data communicated via the site has been registered with the French information commissioner, the CNIL (Commission Nationale de l\u2019Informatique et des Libert\u00e9s).<\/p>\n<h3>Right of access<\/h3>\n<p>In accordance with the French data protection act of 6 January 1978 [Loi Informatique et Libert\u00e9s], you have the right to access and correct information held about you. If you wish to exercise this right and see what information we hold about you, please write to:<br \/>\n<strong>VERGNET HYDRO<\/strong>, 6, rue Lavoisier, 45140 INGRE \u2013 FRANCE<\/p>\n<h3>Cookies<\/h3>\n<p>A cookie records information about your computer\u2019s navigation on this site for the purpose of statistical analysis. This information is retained in your computer for three years. You can prevent cookies from being stored on your computer by configuring your browser using the \u201ctools\u201d and \u201coptions\u201d menus.<\/p>\n<h3>Copyright<\/h3>\n<p>The whole of this site is covered by French and international legislation on copyright and intellectual property. All rights of reproduction are reserved for VERGNET HYDRO, including for downloadable documents. VERGNET HYDRO has acquired the rights to use the graphic elements and photos presented on this site.\u00a0Any reuse of these graphic and photographic elements is strictly prohibited. The reproduction of any or all of the texts on this site on any medium whatsoever is strictly prohibited, unless expressly authorised by the publication manager.<\/p>\n<p>The name \u201cVERGNET HYDRO\u201d is a registered trademark. Any fraudulent use will be treated as counterfeiting and is punishable as a criminal act as provided for in articles L.716-1 et seq. of the French Intellectual Property Code.<\/p>\n<h3>Liability<\/h3>\n<p>The publisher and authors of the website www.uduma.fr cannot be held liable for any errors or omissions in the information published or technical problems encountered on the site or on any other sites to which we provide links, or any interpretation of the information published on said sites, or the consequences of their use.[\/vc_column_text][\/vc_column][\/vc_row]<\/p>\n<\/div>","protected":false},"excerpt":{"rendered":"<p>[vc_row bg_type=&#8221;bg_color&#8221; bg_override=&#8221;full&#8221; css=&#8221;.vc_custom_1574247922595{margin-top: 36px !important;}&#8221;][vc_column][vc_custom_heading text=&#8221;Legal notices, Vergnet Hydro&#8221; font_container=&#8221;tag:h1|font_size:30|text_align:left|color:%23d08100&#8243; google_fonts=&#8221;font_family:Roboto%3A100%2C100italic%2C300%2C300italic%2Cregular%2Citalic%2C500%2C500italic%2C700%2C700italic%2C900%2C900italic|font_style:700%20bold%20regular%3A700%3Anormal&#8221;][vc_column_text] Owner and publisher of the website www.vergnet-hydro.com This site is published by the&#8230;<\/p>\n","protected":false},"author":5,"featured_media":0,"parent":0,"menu_order":0,"comment_status":"closed","ping_status":"closed","template":"","meta":{"_vp_format_video_url":"","_vp_image_focal_point":[],"footnotes":""},"class_list":["post-21099","page","type-page","status-publish","hentry"],"yoast_head":"<!-- This site is optimized with the Yoast SEO plugin v25.8 - https:\/\/yoast.com\/wordpress\/plugins\/seo\/ -->\n<title>Legal notices, Vergnet Hydro - Vergnet Hydro<\/title>\n<meta name=\"description\" content=\"Vergnet Hydro, manual pompsOwner and publisher of the website www.vergnet-hydro.com, Site design, Hosting, Use of personal data, Right of access ...\" \/>\n<meta name=\"robots\" content=\"index, follow, max-snippet:-1, max-image-preview:large, max-video-preview:-1\" \/>\n<link rel=\"canonical\" href=\"https:\/\/www.vergnet-hydro.com\/vh\/en\/legal-notices-vergnet-hydro\/\" \/>\n<meta property=\"og:locale\" content=\"en_US\" \/>\n<meta property=\"og:type\" content=\"article\" \/>\n<meta property=\"og:title\" content=\"Legal notices, Vergnet Hydro - Vergnet Hydro\" \/>\n<meta property=\"og:description\" content=\"Vergnet Hydro, manual pompsOwner and publisher of the website www.vergnet-hydro.com, Site design, Hosting, Use of personal data, Right of access ...\" \/>\n<meta property=\"og:url\" content=\"https:\/\/www.vergnet-hydro.com\/vh\/en\/legal-notices-vergnet-hydro\/\" \/>\n<meta property=\"og:site_name\" content=\"Vergnet Hydro\" \/>\n<meta property=\"article:modified_time\" content=\"2020-03-13T08:57:31+00:00\" \/>\n<meta name=\"twitter:card\" content=\"summary_large_image\" \/>\n<meta name=\"twitter:label1\" content=\"Est. reading time\" \/>\n\t<meta name=\"twitter:data1\" content=\"3 minutes\" \/>\n<script type=\"application\/ld+json\" class=\"yoast-schema-graph\">{\"@context\":\"https:\/\/schema.org\",\"@graph\":[{\"@type\":\"WebPage\",\"@id\":\"https:\/\/www.vergnet-hydro.com\/vh\/en\/legal-notices-vergnet-hydro\/\",\"url\":\"https:\/\/www.vergnet-hydro.com\/vh\/en\/legal-notices-vergnet-hydro\/\",\"name\":\"Legal notices, Vergnet Hydro - Vergnet Hydro\",\"isPartOf\":{\"@id\":\"https:\/\/www.vergnet-hydro.com\/vh\/#website\"},\"datePublished\":\"2015-06-17T17:04:03+00:00\",\"dateModified\":\"2020-03-13T08:57:31+00:00\",\"description\":\"Vergnet Hydro, manual pompsOwner and publisher of the website www.vergnet-hydro.com, Site design, Hosting, Use of personal data, Right of access ...\",\"breadcrumb\":{\"@id\":\"https:\/\/www.vergnet-hydro.com\/vh\/en\/legal-notices-vergnet-hydro\/#breadcrumb\"},\"inLanguage\":\"en-US\",\"potentialAction\":[{\"@type\":\"ReadAction\",\"target\":[\"https:\/\/www.vergnet-hydro.com\/vh\/en\/legal-notices-vergnet-hydro\/\"]}]},{\"@type\":\"BreadcrumbList\",\"@id\":\"https:\/\/www.vergnet-hydro.com\/vh\/en\/legal-notices-vergnet-hydro\/#breadcrumb\",\"itemListElement\":[{\"@type\":\"ListItem\",\"position\":1,\"name\":\"Accueil\",\"item\":\"https:\/\/www.vergnet-hydro.com\/vh\/en\/\"},{\"@type\":\"ListItem\",\"position\":2,\"name\":\"Legal notices, Vergnet Hydro\"}]},{\"@type\":\"WebSite\",\"@id\":\"https:\/\/www.vergnet-hydro.com\/vh\/#website\",\"url\":\"https:\/\/www.vergnet-hydro.com\/vh\/\",\"name\":\"Vergnet Hydro\",\"description\":\"\",\"potentialAction\":[{\"@type\":\"SearchAction\",\"target\":{\"@type\":\"EntryPoint\",\"urlTemplate\":\"https:\/\/www.vergnet-hydro.com\/vh\/?s={search_term_string}\"},\"query-input\":{\"@type\":\"PropertyValueSpecification\",\"valueRequired\":true,\"valueName\":\"search_term_string\"}}],\"inLanguage\":\"en-US\"}]}<\/script>\n<!-- \/ Yoast SEO plugin. -->","yoast_head_json":{"title":"Legal notices, Vergnet Hydro - Vergnet Hydro","description":"Vergnet Hydro, manual pompsOwner and publisher of the website www.vergnet-hydro.com, Site design, Hosting, Use of personal data, Right of access ...","robots":{"index":"index","follow":"follow","max-snippet":"max-snippet:-1","max-image-preview":"max-image-preview:large","max-video-preview":"max-video-preview:-1"},"canonical":"https:\/\/www.vergnet-hydro.com\/vh\/en\/legal-notices-vergnet-hydro\/","og_locale":"en_US","og_type":"article","og_title":"Legal notices, Vergnet Hydro - Vergnet Hydro","og_description":"Vergnet Hydro, manual pompsOwner and publisher of the website www.vergnet-hydro.com, Site design, Hosting, Use of personal data, Right of access ...","og_url":"https:\/\/www.vergnet-hydro.com\/vh\/en\/legal-notices-vergnet-hydro\/","og_site_name":"Vergnet Hydro","article_modified_time":"2020-03-13T08:57:31+00:00","twitter_card":"summary_large_image","twitter_misc":{"Est. reading time":"3 minutes"},"schema":{"@context":"https:\/\/schema.org","@graph":[{"@type":"WebPage","@id":"https:\/\/www.vergnet-hydro.com\/vh\/en\/legal-notices-vergnet-hydro\/","url":"https:\/\/www.vergnet-hydro.com\/vh\/en\/legal-notices-vergnet-hydro\/","name":"Legal notices, Vergnet Hydro - Vergnet Hydro","isPartOf":{"@id":"https:\/\/www.vergnet-hydro.com\/vh\/#website"},"datePublished":"2015-06-17T17:04:03+00:00","dateModified":"2020-03-13T08:57:31+00:00","description":"Vergnet Hydro, manual pompsOwner and publisher of the website www.vergnet-hydro.com, Site design, Hosting, Use of personal data, Right of access ...","breadcrumb":{"@id":"https:\/\/www.vergnet-hydro.com\/vh\/en\/legal-notices-vergnet-hydro\/#breadcrumb"},"inLanguage":"en-US","potentialAction":[{"@type":"ReadAction","target":["https:\/\/www.vergnet-hydro.com\/vh\/en\/legal-notices-vergnet-hydro\/"]}]},{"@type":"BreadcrumbList","@id":"https:\/\/www.vergnet-hydro.com\/vh\/en\/legal-notices-vergnet-hydro\/#breadcrumb","itemListElement":[{"@type":"ListItem","position":1,"name":"Accueil","item":"https:\/\/www.vergnet-hydro.com\/vh\/en\/"},{"@type":"ListItem","position":2,"name":"Legal notices, Vergnet Hydro"}]},{"@type":"WebSite","@id":"https:\/\/www.vergnet-hydro.com\/vh\/#website","url":"https:\/\/www.vergnet-hydro.com\/vh\/","name":"Vergnet Hydro","description":"","potentialAction":[{"@type":"SearchAction","target":{"@type":"EntryPoint","urlTemplate":"https:\/\/www.vergnet-hydro.com\/vh\/?s={search_term_string}"},"query-input":{"@type":"PropertyValueSpecification","valueRequired":true,"valueName":"search_term_string"}}],"inLanguage":"en-US"}]}},"_links":{"self":[{"href":"https:\/\/www.vergnet-hydro.com\/vh\/en\/wp-json\/wp\/v2\/pages\/21099","targetHints":{"allow":["GET"]}}],"collection":[{"href":"https:\/\/www.vergnet-hydro.com\/vh\/en\/wp-json\/wp\/v2\/pages"}],"about":[{"href":"https:\/\/www.vergnet-hydro.com\/vh\/en\/wp-json\/wp\/v2\/types\/page"}],"author":[{"embeddable":true,"href":"https:\/\/www.vergnet-hydro.com\/vh\/en\/wp-json\/wp\/v2\/users\/5"}],"replies":[{"embeddable":true,"href":"https:\/\/www.vergnet-hydro.com\/vh\/en\/wp-json\/wp\/v2\/comments?post=21099"}],"version-history":[{"count":5,"href":"https:\/\/www.vergnet-hydro.com\/vh\/en\/wp-json\/wp\/v2\/pages\/21099\/revisions"}],"predecessor-version":[{"id":24740,"href":"https:\/\/www.vergnet-hydro.com\/vh\/en\/wp-json\/wp\/v2\/pages\/21099\/revisions\/24740"}],"wp:attachment":[{"href":"https:\/\/www.vergnet-hydro.com\/vh\/en\/wp-json\/wp\/v2\/media?parent=21099"}],"curies":[{"name":"wp","href":"https:\/\/api.w.org\/{rel}","templated":true}]}}